{"id":3894,"date":"2025-11-26T06:51:26","date_gmt":"2025-11-26T06:51:26","guid":{"rendered":"https:\/\/www.stanleypackage.com\/?post_type=product&#038;p=3894"},"modified":"2025-11-26T06:51:32","modified_gmt":"2025-11-26T06:51:32","slug":"custom-gummy-packaging","status":"publish","type":"product","link":"https:\/\/www.stanleypackage.com\/es\/product\/custom-gummy-packaging\/","title":{"rendered":"Envasado personalizado de gominolas, bolsas OEM Stand Up Sachet"},"content":{"rendered":"<div class=\"wp-block-columns is-layout-flex wp-container-core-columns-is-layout-9d6595d7 wp-block-columns-is-layout-flex\">\n<div class=\"wp-block-column is-layout-flow wp-block-column-is-layout-flow\">\n<h2 class=\"wp-block-heading\">Caracter\u00edsticas de los envases personalizados para gominolas<\/h2>\n\n\n\n<ul class=\"wp-block-list\">\n<li><strong>Pantalla llamativa: <\/strong>Esta bolsa personalizada para envasar gominolas tiene un dise\u00f1o \u00fanico de fondo plano que permite que la bolsa permanezca estable en las estanter\u00edas al tiempo que utiliza la m\u00e1xima altura de exposici\u00f3n; por lo tanto, crea un atractivo aspecto de producto completo que mejora eficazmente la imagen de su producto y la atracci\u00f3n del punto de venta.<\/li>\n\n\n\n<li><strong>Material de alta barrera: <\/strong>La capa intermedia de VMPET de esta bolsa OEM bloquea eficazmente la luz y el ox\u00edgeno, combinada con la capa interior de PE herm\u00e9tica, lo que impide que la gominola se humedezca y endurezca, conservando su sabor fresco.<\/li>\n\n\n\n<li><strong>Corte preciso para facilitar la apertura y el cierre:<\/strong> El corte de f\u00e1cil rasgado cuidadosamente dise\u00f1ado de esta bolsa personalizada para gominolas permite a los consumidores rasgarla f\u00e1cilmente sin esfuerzo, evitando que la gominola se desparrame debido a una fuerza excesiva.<\/li>\n\n\n\n<li><strong>Excelente resistencia del compuesto:<\/strong> Estas bolsas OEM est\u00e1n hechas de un material robusto con una excelente resistencia a la perforaci\u00f3n y a la abrasi\u00f3n, lo que garantiza que el envase no se da\u00f1e ni se filtre f\u00e1cilmente a lo largo de todo el proceso, desde la producci\u00f3n hasta el transporte y la exposici\u00f3n en los estantes.<\/li>\n\n\n\n<li><strong>Impresi\u00f3n personalizada flexible:<\/strong> Nuestras bolsas personalizadas para gominolas admiten la impresi\u00f3n personalizada de diversos dise\u00f1os y logotipos, con una fuerte expresi\u00f3n del color, lo que le permite crear un aspecto de marca \u00fanico y ayudar a que su producto destaque entre la competencia.<\/li>\n<\/ul>\n\n\n\n<div class=\"wp-block-columns is-layout-flex wp-container-core-columns-is-layout-9d6595d7 wp-block-columns-is-layout-flex\">\n<div class=\"wp-block-column is-layout-flow wp-block-column-is-layout-flow\">\n<figure class=\"wp-block-image size-full\"><img decoding=\"async\" width=\"4032\" height=\"3024\" src=\"https:\/\/www.stanleypackage.com\/wp-content\/uploads\/2025\/11\/Custom-Standing-Pouch-Wholesale-Candy-Packaging-Pouch-2.webp\" alt=\"\" class=\"wp-image-3900\" srcset=\"https:\/\/www.stanleypackage.com\/wp-content\/uploads\/2025\/11\/Custom-Standing-Pouch-Wholesale-Candy-Packaging-Pouch-2.webp 4032w, https:\/\/www.stanleypackage.com\/wp-content\/uploads\/2025\/11\/Custom-Standing-Pouch-Wholesale-Candy-Packaging-Pouch-2-300x225.webp 300w, https:\/\/www.stanleypackage.com\/wp-content\/uploads\/2025\/11\/Custom-Standing-Pouch-Wholesale-Candy-Packaging-Pouch-2-768x576.webp 768w, https:\/\/www.stanleypackage.com\/wp-content\/uploads\/2025\/11\/Custom-Standing-Pouch-Wholesale-Candy-Packaging-Pouch-2-16x12.webp 16w, https:\/\/www.stanleypackage.com\/wp-content\/uploads\/2025\/11\/Custom-Standing-Pouch-Wholesale-Candy-Packaging-Pouch-2-1200x900.webp 1200w, https:\/\/www.stanleypackage.com\/wp-content\/uploads\/2025\/11\/Custom-Standing-Pouch-Wholesale-Candy-Packaging-Pouch-2-600x450.webp 600w\" sizes=\"(max-width: 4032px) 100vw, 4032px\" \/><\/figure>\n<\/div>\n\n\n\n<div class=\"wp-block-column is-layout-flow wp-block-column-is-layout-flow\">\n<figure class=\"wp-block-image size-full\"><img decoding=\"async\" width=\"4032\" height=\"3024\" src=\"https:\/\/www.stanleypackage.com\/wp-content\/uploads\/2025\/11\/Custom-Standing-Pouch-Wholesale-Candy-Packaging-Pouch-3.jpg\" alt=\"\" class=\"wp-image-3898\" srcset=\"https:\/\/www.stanleypackage.com\/wp-content\/uploads\/2025\/11\/Custom-Standing-Pouch-Wholesale-Candy-Packaging-Pouch-3.jpg 4032w, https:\/\/www.stanleypackage.com\/wp-content\/uploads\/2025\/11\/Custom-Standing-Pouch-Wholesale-Candy-Packaging-Pouch-3-300x225.jpg 300w, https:\/\/www.stanleypackage.com\/wp-content\/uploads\/2025\/11\/Custom-Standing-Pouch-Wholesale-Candy-Packaging-Pouch-3-768x576.jpg 768w, https:\/\/www.stanleypackage.com\/wp-content\/uploads\/2025\/11\/Custom-Standing-Pouch-Wholesale-Candy-Packaging-Pouch-3-16x12.jpg 16w, https:\/\/www.stanleypackage.com\/wp-content\/uploads\/2025\/11\/Custom-Standing-Pouch-Wholesale-Candy-Packaging-Pouch-3-1200x900.jpg 1200w, https:\/\/www.stanleypackage.com\/wp-content\/uploads\/2025\/11\/Custom-Standing-Pouch-Wholesale-Candy-Packaging-Pouch-3-600x450.jpg 600w\" sizes=\"(max-width: 4032px) 100vw, 4032px\" \/><\/figure>\n<\/div>\n<\/div>\n<\/div>\n<\/div>","protected":false},"excerpt":{"rendered":"<p>Le damos la bienvenida a los pedidos de bolsas personalizadas para envasar gominolas. Nuestras bolsas OEM bloquean eficazmente la luz y el ox\u00edgeno, cumpliendo a la perfecci\u00f3n los elevados est\u00e1ndares de frescura, est\u00e9tica y comodidad que requieren los productos de gominola. El exclusivo dise\u00f1o de fondo plano garantiza que la bolsa se mantenga firmemente erguida para una exposici\u00f3n \u00f3ptima.<\/p>\n<table style=\"border-collapse: collapse; width: 327.77pt;\" border=\"0\" width=\"437\" cellspacing=\"0\" cellpadding=\"0\">\n<tbody>\n<tr style=\"height: 12.75pt;\">\n<td class=\"et2\" style=\"height: 12.75pt; width: 91.40pt;\" width=\"121\" height=\"17\">Fabricante<\/td>\n<td class=\"et2\" style=\"width: 237.00pt;\" width=\"316\">Stanley<\/td>\n<\/tr>\n<tr style=\"height: 12.75pt;\">\n<td class=\"et2\" style=\"height: 12.75pt; width: 91.40pt;\" width=\"121\" height=\"17\">Tipos de bolsas<\/td>\n<td class=\"et3\">Funda de pie<\/td>\n<\/tr>\n<tr style=\"height: 12.75pt;\">\n<td class=\"et2\" style=\"height: 12.75pt; width: 91.40pt;\" width=\"121\" height=\"17\">Material<\/td>\n<td class=\"et2\" style=\"width: 237.00pt;\" width=\"316\">PET12\/VMPET12\/PE80<\/td>\n<\/tr>\n<tr style=\"height: 12.75pt;\">\n<td class=\"et2\" style=\"height: 12.75pt; width: 91.40pt;\" width=\"121\" height=\"17\">Reportaje especial<\/td>\n<td class=\"et2\" style=\"width: 237.00pt;\" width=\"316\">Fondo autoportante, muesca de f\u00e1cil rasgado<\/td>\n<\/tr>\n<tr style=\"height: 12.75pt;\">\n<td class=\"et2\" style=\"height: 12.75pt; width: 91.40pt;\" width=\"121\" height=\"17\">Manipulaci\u00f3n de superficies<\/td>\n<td class=\"et2\" style=\"width: 237.00pt;\" width=\"316\">Impresi\u00f3n en huecograbado<\/td>\n<\/tr>\n<tr style=\"height: 12.75pt;\">\n<td class=\"et2\" style=\"height: 12.75pt; width: 91.40pt;\" width=\"121\" height=\"17\">Color<\/td>\n<td class=\"et2\" style=\"width: 237.00pt;\" width=\"316\">Hasta 10 colores<\/td>\n<\/tr>\n<tr style=\"height: 12.75pt;\">\n<td class=\"et2\" style=\"height: 12.75pt; width: 91.40pt;\" width=\"121\" height=\"17\">Utilizaci\u00f3n<\/td>\n<td class=\"et3\">Gominolas, Caramelos, Frutos de c\u00e1scara, Aperitivos, Productos salados<\/td>\n<\/tr>\n<tr style=\"height: 12.75pt;\">\n<td class=\"et2\" style=\"height: 12.75pt; width: 91.40pt;\" width=\"121\" height=\"17\">MOQ<\/td>\n<td class=\"et2\" style=\"width: 237.00pt;\" width=\"316\">50.000 unidades<\/td>\n<\/tr>\n<tr style=\"height: 12.75pt;\">\n<td class=\"et2\" style=\"height: 12.75pt; width: 91.40pt;\" width=\"121\" height=\"17\">Pedido a medida<\/td>\n<td class=\"et2\" style=\"width: 237.00pt;\" width=\"316\">Aceptamos OEM, Soporte Muestra gratis<\/td>\n<\/tr>\n<\/tbody>\n<\/table>","protected":false},"featured_media":3899,"comment_status":"closed","ping_status":"closed","template":"","meta":{"_acf_changed":false},"product_brand":[],"product_cat":[30],"product_tag":[],"class_list":{"0":"post-3894","1":"product","2":"type-product","3":"status-publish","4":"has-post-thumbnail","6":"product_cat-stand-up-pouch-manufacturer","7":"pa_food-packaging-snack-food-pouch","9":"first","10":"instock","11":"shipping-taxable","12":"product-type-simple"},"acf":[],"_links":{"self":[{"href":"https:\/\/www.stanleypackage.com\/es\/wp-json\/wp\/v2\/product\/3894","targetHints":{"allow":["GET"]}}],"collection":[{"href":"https:\/\/www.stanleypackage.com\/es\/wp-json\/wp\/v2\/product"}],"about":[{"href":"https:\/\/www.stanleypackage.com\/es\/wp-json\/wp\/v2\/types\/product"}],"replies":[{"embeddable":true,"href":"https:\/\/www.stanleypackage.com\/es\/wp-json\/wp\/v2\/comments?post=3894"}],"wp:featuredmedia":[{"embeddable":true,"href":"https:\/\/www.stanleypackage.com\/es\/wp-json\/wp\/v2\/media\/3899"}],"wp:attachment":[{"href":"https:\/\/www.stanleypackage.com\/es\/wp-json\/wp\/v2\/media?parent=3894"}],"wp:term":[{"taxonomy":"product_brand","embeddable":true,"href":"https:\/\/www.stanleypackage.com\/es\/wp-json\/wp\/v2\/product_brand?post=3894"},{"taxonomy":"product_cat","embeddable":true,"href":"https:\/\/www.stanleypackage.com\/es\/wp-json\/wp\/v2\/product_cat?post=3894"},{"taxonomy":"product_tag","embeddable":true,"href":"https:\/\/www.stanleypackage.com\/es\/wp-json\/wp\/v2\/product_tag?post=3894"}],"curies":[{"name":"wp","href":"https:\/\/api.w.org\/{rel}","templated":true}]}}