{"id":3909,"date":"2025-11-28T08:04:56","date_gmt":"2025-11-28T08:04:56","guid":{"rendered":"https:\/\/www.stanleypackage.com\/?post_type=product&#038;p=3909"},"modified":"2025-11-28T08:05:09","modified_gmt":"2025-11-28T08:05:09","slug":"custom-flat-pouch-packaging","status":"publish","type":"product","link":"https:\/\/www.stanleypackage.com\/es\/product\/custom-flat-pouch-packaging\/","title":{"rendered":"Envasado en bolsa plana a medida, bolsa para mascarilla con sellado lateral en 3 lados"},"content":{"rendered":"<div class=\"wp-block-columns is-layout-flex wp-container-core-columns-is-layout-9d6595d7 wp-block-columns-is-layout-flex\">\n<div class=\"wp-block-column is-layout-flow wp-block-column-is-layout-flow\">\n<h2 class=\"wp-block-heading\">Caracter\u00edsticas de los envases planos personalizados<\/h2>\n\n\n\n<ul class=\"wp-block-list\">\n<li><strong>Aluminio Material de la pel\u00edcula: <\/strong>Nuestros envases personalizados en bolsa plana est\u00e1n hechos de material de pel\u00edcula de aluminio, que puede evitar mejor la infiltraci\u00f3n de aire y humedad.<\/li>\n\n\n\n<li><strong>Dise\u00f1o redondeado de cuatro esquinas: <\/strong>Nuestras bolsas de cierre lateral al por mayor para m\u00e1scaras de l\u00e1minas presentan esquinas redondeadas en los cuatro lados, por lo que es menos probable que causen lesiones en las manos.<\/li>\n\n\n\n<li><strong>Dise\u00f1o f\u00e1cil de rasgar: <\/strong>Nuestros envases personalizados de bolsa plana adoptan un rasgado f\u00e1cil, que es sencillo y no p\u00fablico, por lo que resulta c\u00f3modo de abrir para los clientes.<\/li>\n\n\n\n<li><strong>Dise\u00f1o con orificio de supermercado, c\u00f3modo de exponer: <\/strong>Nuestras bolsas al por mayor de 3 sellos laterales para mascarilla de l\u00e1minas est\u00e1n dise\u00f1adas con agujeros de supermercado, que pueden colgarse en los estantes. Esto no s\u00f3lo facilita la exposici\u00f3n, sino que tambi\u00e9n ahorra espacio.<\/li>\n\n\n\n<li><strong>Apoyar la personalizaci\u00f3n de la marca para satisfacer diversas necesidades de envasado: <\/strong>Nuestros envases planos personalizados al por mayor admiten impresi\u00f3n, patrones y capacidad para satisfacer las necesidades de envasado exclusivas de los clientes.<\/li>\n<\/ul>\n\n\n\n<div class=\"wp-block-columns is-layout-flex wp-container-core-columns-is-layout-9d6595d7 wp-block-columns-is-layout-flex\">\n<div class=\"wp-block-column is-layout-flow wp-block-column-is-layout-flow\">\n<figure class=\"wp-block-image size-full\"><img decoding=\"async\" width=\"4032\" height=\"3024\" src=\"https:\/\/www.stanleypackage.com\/wp-content\/uploads\/2025\/11\/OEM-Hand-Mask-Pouch-Packaging-Wholesale-3-Side-Seal-Pouch-5.webp\" alt=\"\" class=\"wp-image-3910\" srcset=\"https:\/\/www.stanleypackage.com\/wp-content\/uploads\/2025\/11\/OEM-Hand-Mask-Pouch-Packaging-Wholesale-3-Side-Seal-Pouch-5.webp 4032w, https:\/\/www.stanleypackage.com\/wp-content\/uploads\/2025\/11\/OEM-Hand-Mask-Pouch-Packaging-Wholesale-3-Side-Seal-Pouch-5-300x225.webp 300w, https:\/\/www.stanleypackage.com\/wp-content\/uploads\/2025\/11\/OEM-Hand-Mask-Pouch-Packaging-Wholesale-3-Side-Seal-Pouch-5-768x576.webp 768w, https:\/\/www.stanleypackage.com\/wp-content\/uploads\/2025\/11\/OEM-Hand-Mask-Pouch-Packaging-Wholesale-3-Side-Seal-Pouch-5-16x12.webp 16w, https:\/\/www.stanleypackage.com\/wp-content\/uploads\/2025\/11\/OEM-Hand-Mask-Pouch-Packaging-Wholesale-3-Side-Seal-Pouch-5-1200x900.webp 1200w, https:\/\/www.stanleypackage.com\/wp-content\/uploads\/2025\/11\/OEM-Hand-Mask-Pouch-Packaging-Wholesale-3-Side-Seal-Pouch-5-600x450.webp 600w\" sizes=\"(max-width: 4032px) 100vw, 4032px\" \/><\/figure>\n<\/div>\n\n\n\n<div class=\"wp-block-column is-layout-flow wp-block-column-is-layout-flow\">\n<figure class=\"wp-block-image size-full\"><img decoding=\"async\" width=\"4032\" height=\"3024\" src=\"https:\/\/www.stanleypackage.com\/wp-content\/uploads\/2025\/11\/OEM-Hand-Mask-Pouch-Packaging-Wholesale-3-Side-Seal-Pouch-2.webp\" alt=\"\" class=\"wp-image-3911\" srcset=\"https:\/\/www.stanleypackage.com\/wp-content\/uploads\/2025\/11\/OEM-Hand-Mask-Pouch-Packaging-Wholesale-3-Side-Seal-Pouch-2.webp 4032w, https:\/\/www.stanleypackage.com\/wp-content\/uploads\/2025\/11\/OEM-Hand-Mask-Pouch-Packaging-Wholesale-3-Side-Seal-Pouch-2-300x225.webp 300w, https:\/\/www.stanleypackage.com\/wp-content\/uploads\/2025\/11\/OEM-Hand-Mask-Pouch-Packaging-Wholesale-3-Side-Seal-Pouch-2-768x576.webp 768w, https:\/\/www.stanleypackage.com\/wp-content\/uploads\/2025\/11\/OEM-Hand-Mask-Pouch-Packaging-Wholesale-3-Side-Seal-Pouch-2-16x12.webp 16w, https:\/\/www.stanleypackage.com\/wp-content\/uploads\/2025\/11\/OEM-Hand-Mask-Pouch-Packaging-Wholesale-3-Side-Seal-Pouch-2-1200x900.webp 1200w, https:\/\/www.stanleypackage.com\/wp-content\/uploads\/2025\/11\/OEM-Hand-Mask-Pouch-Packaging-Wholesale-3-Side-Seal-Pouch-2-600x450.webp 600w\" sizes=\"(max-width: 4032px) 100vw, 4032px\" \/><\/figure>\n<\/div>\n<\/div>\n<\/div>\n<\/div>","protected":false},"excerpt":{"rendered":"<p>Bienvenido a comprar envases de bolsa plana personalizados. Nuestras bolsas de m\u00e1scara de hoja de sellado lateral al por mayor 3 vienen con un dise\u00f1o f\u00e1cil de rasgar, cuatro-coner redondeado y agujeros de supermercado, que apoyan la impresi\u00f3n personalizada.<\/p>\n<table style=\"border-collapse: collapse; width: 327.77pt;\" border=\"0\" width=\"437\" cellspacing=\"0\" cellpadding=\"0\">\n<tbody>\n<tr style=\"height: 12.75pt;\">\n<td class=\"et2\" style=\"height: 12.75pt; width: 91.40pt;\" width=\"121\" height=\"17\">Fabricante<\/td>\n<td class=\"et2\" style=\"width: 237.00pt;\" width=\"316\">Stanley<\/td>\n<\/tr>\n<tr style=\"height: 12.75pt;\">\n<td class=\"et2\" style=\"height: 12.75pt; width: 91.40pt;\" width=\"121\" height=\"17\">Tipos de bolsas<\/td>\n<td class=\"et3\">Bolsa de 3 soldaduras laterales<\/td>\n<\/tr>\n<tr style=\"height: 12.75pt;\">\n<td class=\"et2\" style=\"height: 12.75pt; width: 91.40pt;\" width=\"121\" height=\"17\">Material<\/td>\n<td class=\"et2\" style=\"width: 237.00pt;\" width=\"316\">PET12\/AL7\/PE95<\/td>\n<\/tr>\n<tr style=\"height: 12.75pt;\">\n<td class=\"et2\" style=\"height: 12.75pt; width: 91.40pt;\" width=\"121\" height=\"17\">Reportaje especial<\/td>\n<td class=\"et2\" style=\"width: 237.00pt;\" width=\"316\">Muesca de rasgado f\u00e1cil, agujero de supermercado<\/td>\n<\/tr>\n<tr style=\"height: 12.75pt;\">\n<td class=\"et2\" style=\"height: 12.75pt; width: 91.40pt;\" width=\"121\" height=\"17\">Manipulaci\u00f3n de superficies<\/td>\n<td class=\"et2\" style=\"width: 237.00pt;\" width=\"316\">Impresi\u00f3n en huecograbado<\/td>\n<\/tr>\n<tr style=\"height: 12.75pt;\">\n<td class=\"et2\" style=\"height: 12.75pt; width: 91.40pt;\" width=\"121\" height=\"17\">Color<\/td>\n<td class=\"et2\" style=\"width: 237.00pt;\" width=\"316\">Hasta 10 colores<\/td>\n<\/tr>\n<tr style=\"height: 12.75pt;\">\n<td class=\"et2\" style=\"height: 12.75pt; width: 91.40pt;\" width=\"121\" height=\"17\">Utilizaci\u00f3n<\/td>\n<td class=\"et3\">Mascarilla facial, Mascarilla de manos, Crema<\/td>\n<\/tr>\n<tr style=\"height: 12.75pt;\">\n<td class=\"et2\" style=\"height: 12.75pt; width: 91.40pt;\" width=\"121\" height=\"17\">MOQ<\/td>\n<td class=\"et2\" style=\"width: 237.00pt;\" width=\"316\">50.000 unidades<\/td>\n<\/tr>\n<tr style=\"height: 12.75pt;\">\n<td class=\"et2\" style=\"height: 12.75pt; width: 91.40pt;\" width=\"121\" height=\"17\">Pedido a medida<\/td>\n<td class=\"et2\" style=\"width: 237.00pt;\" width=\"316\">Aceptamos OEM, Soporte Muestra gratis<\/td>\n<\/tr>\n<\/tbody>\n<\/table>","protected":false},"featured_media":3912,"comment_status":"closed","ping_status":"closed","template":"","meta":{"_acf_changed":false},"product_brand":[],"product_cat":[28,31],"product_tag":[],"class_list":{"0":"post-3909","1":"product","2":"type-product","3":"status-publish","4":"has-post-thumbnail","6":"product_cat-three-side-seal-pouch-manufacturer","7":"product_cat-lay-flat-pouch-manufacturer","8":"pa_non-food-packaging-cosmetic-packaging-pouches","10":"first","11":"instock","12":"shipping-taxable","13":"product-type-simple"},"acf":[],"_links":{"self":[{"href":"https:\/\/www.stanleypackage.com\/es\/wp-json\/wp\/v2\/product\/3909","targetHints":{"allow":["GET"]}}],"collection":[{"href":"https:\/\/www.stanleypackage.com\/es\/wp-json\/wp\/v2\/product"}],"about":[{"href":"https:\/\/www.stanleypackage.com\/es\/wp-json\/wp\/v2\/types\/product"}],"replies":[{"embeddable":true,"href":"https:\/\/www.stanleypackage.com\/es\/wp-json\/wp\/v2\/comments?post=3909"}],"wp:featuredmedia":[{"embeddable":true,"href":"https:\/\/www.stanleypackage.com\/es\/wp-json\/wp\/v2\/media\/3912"}],"wp:attachment":[{"href":"https:\/\/www.stanleypackage.com\/es\/wp-json\/wp\/v2\/media?parent=3909"}],"wp:term":[{"taxonomy":"product_brand","embeddable":true,"href":"https:\/\/www.stanleypackage.com\/es\/wp-json\/wp\/v2\/product_brand?post=3909"},{"taxonomy":"product_cat","embeddable":true,"href":"https:\/\/www.stanleypackage.com\/es\/wp-json\/wp\/v2\/product_cat?post=3909"},{"taxonomy":"product_tag","embeddable":true,"href":"https:\/\/www.stanleypackage.com\/es\/wp-json\/wp\/v2\/product_tag?post=3909"}],"curies":[{"name":"wp","href":"https:\/\/api.w.org\/{rel}","templated":true}]}}