{"id":3937,"date":"2025-11-28T09:27:03","date_gmt":"2025-11-28T09:27:03","guid":{"rendered":"https:\/\/www.stanleypackage.com\/?post_type=product&#038;p=3937"},"modified":"2025-11-28T09:27:09","modified_gmt":"2025-11-28T09:27:09","slug":"custom-printed-shrink-wrap-film","status":"publish","type":"product","link":"https:\/\/www.stanleypackage.com\/es\/product\/custom-printed-shrink-wrap-film\/","title":{"rendered":"Film Retr\u00e1ctil Impreso Personalizado, Film Retr\u00e1ctil PET Para Botellas"},"content":{"rendered":"<div class=\"wp-block-columns is-layout-flex wp-container-core-columns-is-layout-9d6595d7 wp-block-columns-is-layout-flex\">\n<div class=\"wp-block-column is-layout-flow wp-block-column-is-layout-flow\">\n<h2 class=\"wp-block-heading\">Caracter\u00edsticas del film retr\u00e1ctil impreso personalizado<\/h2>\n\n\n\n<ul class=\"wp-block-list\">\n<li><strong>Envoltura herm\u00e9tica en 360\u00b0: <\/strong>Una vez termorretr\u00e1ctil, nuestro film retr\u00e1ctil impreso personalizado se adapta a la forma \u00fanica de su botella una vez termorretr\u00e1ctil; por lo tanto, cubrir\u00e1 100% de las curvas de la botella y proteger\u00e1 contra el polvo y la humedad, manteniendo el producto limpio y nuevo en todo momento.<\/li>\n\n\n\n<li><strong>Alto rendimiento de contracci\u00f3n y fiabilidad estable:<\/strong> El material PET de estos films retr\u00e1ctiles personalizados para botellas de PET se contrae uniformemente cuando se calienta, mostrando una gran resistencia a la tracci\u00f3n y evitando roturas, lo que garantiza la integridad del envase durante el transporte y el almacenamiento.<\/li>\n\n\n\n<li><strong>Impresi\u00f3n de alta definici\u00f3n para un mayor impacto visual:<\/strong> Nuestra pel\u00edcula retr\u00e1ctil impresa personalizada tiene una superficie lisa adecuada para la impresi\u00f3n multicolor, produciendo patrones delicados y vibrantes que muestran eficazmente la identidad de la marca y atraen la atenci\u00f3n del consumidor.<\/li>\n\n\n\n<li><strong>Seguro y duradero:<\/strong> Nuestra pel\u00edcula retr\u00e1ctil personalizada para botellas de PET utiliza materias primas de PET respetuosas con el medio ambiente, que ofrecen una gran transparencia y una buena resistencia, equilibrando la seguridad y la exposici\u00f3n del producto.<\/li>\n\n\n\n<li><strong>Personalizaci\u00f3n flexible para responder a necesidades diversas:<\/strong> Nuestras pel\u00edculas retr\u00e1ctiles impresas a medida pueden adaptarse al tama\u00f1o, grosor y requisitos de impresi\u00f3n de una amplia variedad de industrias y tipos de botellas, proporcionando as\u00ed a su marca una imagen profesional.<\/li>\n<\/ul>\n\n\n\n<div class=\"wp-block-columns is-layout-flex wp-container-core-columns-is-layout-9d6595d7 wp-block-columns-is-layout-flex\">\n<div class=\"wp-block-column is-layout-flow wp-block-column-is-layout-flow\">\n<figure class=\"wp-block-image size-full\"><img decoding=\"async\" width=\"750\" height=\"750\" src=\"https:\/\/www.stanleypackage.com\/wp-content\/uploads\/2025\/11\/Custom-Shrink-Sleeves-For-Personal-Care-Product-PET-Shrink-Film-Wholesale-2.jpg\" alt=\"\" class=\"wp-image-3938\" srcset=\"https:\/\/www.stanleypackage.com\/wp-content\/uploads\/2025\/11\/Custom-Shrink-Sleeves-For-Personal-Care-Product-PET-Shrink-Film-Wholesale-2.jpg 750w, https:\/\/www.stanleypackage.com\/wp-content\/uploads\/2025\/11\/Custom-Shrink-Sleeves-For-Personal-Care-Product-PET-Shrink-Film-Wholesale-2-300x300.jpg 300w, https:\/\/www.stanleypackage.com\/wp-content\/uploads\/2025\/11\/Custom-Shrink-Sleeves-For-Personal-Care-Product-PET-Shrink-Film-Wholesale-2-150x150.jpg 150w, https:\/\/www.stanleypackage.com\/wp-content\/uploads\/2025\/11\/Custom-Shrink-Sleeves-For-Personal-Care-Product-PET-Shrink-Film-Wholesale-2-12x12.jpg 12w, https:\/\/www.stanleypackage.com\/wp-content\/uploads\/2025\/11\/Custom-Shrink-Sleeves-For-Personal-Care-Product-PET-Shrink-Film-Wholesale-2-600x600.jpg 600w, https:\/\/www.stanleypackage.com\/wp-content\/uploads\/2025\/11\/Custom-Shrink-Sleeves-For-Personal-Care-Product-PET-Shrink-Film-Wholesale-2-100x100.jpg 100w\" sizes=\"(max-width: 750px) 100vw, 750px\" \/><\/figure>\n<\/div>\n\n\n\n<div class=\"wp-block-column is-layout-flow wp-block-column-is-layout-flow\">\n<figure class=\"wp-block-image size-full\"><img decoding=\"async\" width=\"750\" height=\"750\" src=\"https:\/\/www.stanleypackage.com\/wp-content\/uploads\/2025\/11\/Custom-Shrink-Sleeves-For-Personal-Care-Product-PET-Shrink-Film-Wholesale-3.jpg\" alt=\"\" class=\"wp-image-3939\" srcset=\"https:\/\/www.stanleypackage.com\/wp-content\/uploads\/2025\/11\/Custom-Shrink-Sleeves-For-Personal-Care-Product-PET-Shrink-Film-Wholesale-3.jpg 750w, https:\/\/www.stanleypackage.com\/wp-content\/uploads\/2025\/11\/Custom-Shrink-Sleeves-For-Personal-Care-Product-PET-Shrink-Film-Wholesale-3-300x300.jpg 300w, https:\/\/www.stanleypackage.com\/wp-content\/uploads\/2025\/11\/Custom-Shrink-Sleeves-For-Personal-Care-Product-PET-Shrink-Film-Wholesale-3-150x150.jpg 150w, https:\/\/www.stanleypackage.com\/wp-content\/uploads\/2025\/11\/Custom-Shrink-Sleeves-For-Personal-Care-Product-PET-Shrink-Film-Wholesale-3-12x12.jpg 12w, https:\/\/www.stanleypackage.com\/wp-content\/uploads\/2025\/11\/Custom-Shrink-Sleeves-For-Personal-Care-Product-PET-Shrink-Film-Wholesale-3-600x600.jpg 600w, https:\/\/www.stanleypackage.com\/wp-content\/uploads\/2025\/11\/Custom-Shrink-Sleeves-For-Personal-Care-Product-PET-Shrink-Film-Wholesale-3-100x100.jpg 100w\" sizes=\"(max-width: 750px) 100vw, 750px\" \/><\/figure>\n<\/div>\n<\/div>\n<\/div>\n<\/div>","protected":false},"excerpt":{"rendered":"<p>Bienvenido al pedido de film retr\u00e1ctil impreso personalizado. Nuestro film retr\u00e1ctil personalizado para botellas de PET ofrece una capacidad de envoltura envolvente de 360\u00b0 y un gran rendimiento de retracci\u00f3n, lo que garantiza un ajuste perfecto a la botella y evita que se suelte.<\/p>\n<table style=\"border-collapse: collapse; width: 365.02pt;\" border=\"0\" width=\"365\" cellspacing=\"0\" cellpadding=\"0\">\n<tbody>\n<tr style=\"height: 16.00pt;\">\n<td class=\"et2\" style=\"height: 16.00pt; width: 97.50pt;\" width=\"97\" height=\"16\">Fabricante<\/td>\n<td class=\"et2\" style=\"width: 267.50pt;\" width=\"267\">Stanley<\/td>\n<\/tr>\n<tr style=\"height: 16.00pt;\">\n<td class=\"et2\" style=\"height: 16.00pt; width: 97.50pt;\" width=\"97\" height=\"16\">Tipos de bolsas<\/td>\n<td class=\"et3\">Film retr\u00e1ctil<\/td>\n<\/tr>\n<tr style=\"height: 16.00pt;\">\n<td class=\"et2\" style=\"height: 16.00pt; width: 97.50pt;\" width=\"97\" height=\"16\">Material<\/td>\n<td class=\"et2\" style=\"width: 267.50pt;\" width=\"267\">Film retr\u00e1ctil PET<\/td>\n<\/tr>\n<tr style=\"height: 31.00pt;\">\n<td class=\"et2\" style=\"height: 31.00pt; width: 97.50pt;\" width=\"97\" height=\"31\">Reportaje especial<\/td>\n<td class=\"et2\" style=\"width: 267.50pt;\" width=\"267\">Cobertura de 360\u00b0, gran capacidad de contracci\u00f3n\u00a0<\/td>\n<\/tr>\n<tr style=\"height: 16.00pt;\">\n<td class=\"et2\" style=\"height: 16.00pt; width: 97.50pt;\" width=\"97\" height=\"16\">Manipulaci\u00f3n de superficies<\/td>\n<td class=\"et2\" style=\"width: 267.50pt;\" width=\"267\">Impresi\u00f3n en huecograbado<\/td>\n<\/tr>\n<tr style=\"height: 16.00pt;\">\n<td class=\"et2\" style=\"height: 16.00pt; width: 97.50pt;\" width=\"97\" height=\"16\">Color<\/td>\n<td class=\"et2\" style=\"width: 267.50pt;\" width=\"267\">Hasta 10 colores<\/td>\n<\/tr>\n<tr style=\"height: 16.00pt;\">\n<td class=\"et2\" style=\"height: 16.00pt; width: 97.50pt;\" width=\"97\" height=\"16\">Utilizaci\u00f3n<\/td>\n<td class=\"et2\" style=\"width: 267.50pt;\" width=\"267\">Loci\u00f3n corporal, Limpiador facial, Crema exfoliante<\/td>\n<\/tr>\n<tr style=\"height: 16.00pt;\">\n<td class=\"et2\" style=\"height: 16.00pt; width: 97.50pt;\" width=\"97\" height=\"16\">MOQ<\/td>\n<td class=\"et2\" style=\"width: 267.50pt;\" width=\"267\">50.000 unidades<\/td>\n<\/tr>\n<tr style=\"height: 16.00pt;\">\n<td class=\"et2\" style=\"height: 16.00pt; width: 97.50pt;\" width=\"97\" height=\"16\">Pedido a medida<\/td>\n<td class=\"et2\" style=\"width: 267.50pt;\" width=\"267\">Aceptamos OEM y ODM, Muestras gratuitas<\/td>\n<\/tr>\n<\/tbody>\n<\/table>","protected":false},"featured_media":3939,"comment_status":"closed","ping_status":"closed","template":"","meta":{"_acf_changed":false},"product_brand":[],"product_cat":[72],"product_tag":[],"class_list":{"0":"post-3937","1":"product","2":"type-product","3":"status-publish","4":"has-post-thumbnail","6":"product_cat-shrink-film-manufacturer","7":"pa_non-food-packaging-soap-detergent-pouches","9":"first","10":"instock","11":"shipping-taxable","12":"product-type-simple"},"acf":[],"_links":{"self":[{"href":"https:\/\/www.stanleypackage.com\/es\/wp-json\/wp\/v2\/product\/3937","targetHints":{"allow":["GET"]}}],"collection":[{"href":"https:\/\/www.stanleypackage.com\/es\/wp-json\/wp\/v2\/product"}],"about":[{"href":"https:\/\/www.stanleypackage.com\/es\/wp-json\/wp\/v2\/types\/product"}],"replies":[{"embeddable":true,"href":"https:\/\/www.stanleypackage.com\/es\/wp-json\/wp\/v2\/comments?post=3937"}],"wp:featuredmedia":[{"embeddable":true,"href":"https:\/\/www.stanleypackage.com\/es\/wp-json\/wp\/v2\/media\/3939"}],"wp:attachment":[{"href":"https:\/\/www.stanleypackage.com\/es\/wp-json\/wp\/v2\/media?parent=3937"}],"wp:term":[{"taxonomy":"product_brand","embeddable":true,"href":"https:\/\/www.stanleypackage.com\/es\/wp-json\/wp\/v2\/product_brand?post=3937"},{"taxonomy":"product_cat","embeddable":true,"href":"https:\/\/www.stanleypackage.com\/es\/wp-json\/wp\/v2\/product_cat?post=3937"},{"taxonomy":"product_tag","embeddable":true,"href":"https:\/\/www.stanleypackage.com\/es\/wp-json\/wp\/v2\/product_tag?post=3937"}],"curies":[{"name":"wp","href":"https:\/\/api.w.org\/{rel}","templated":true}]}}