{"id":3946,"date":"2025-11-28T09:43:05","date_gmt":"2025-11-28T09:43:05","guid":{"rendered":"https:\/\/www.stanleypackage.com\/?post_type=product&#038;p=3946"},"modified":"2025-11-28T09:43:27","modified_gmt":"2025-11-28T09:43:27","slug":"custom-printed-heat-shrink-sleeves","status":"publish","type":"product","link":"https:\/\/www.stanleypackage.com\/es\/product\/custom-printed-heat-shrink-sleeves\/","title":{"rendered":"Fundas termorretr\u00e1ctiles impresas a medida, films retr\u00e1ctiles para botellas PET"},"content":{"rendered":"<div class=\"wp-block-columns is-layout-flex wp-container-core-columns-is-layout-9d6595d7 wp-block-columns-is-layout-flex\">\n<div class=\"wp-block-column is-layout-flow wp-block-column-is-layout-flow\">\n<h2 class=\"wp-block-heading\">Caracter\u00edsticas de los manguitos termorretr\u00e1ctiles con impresi\u00f3n personalizada<\/h2>\n\n\n\n<ul class=\"wp-block-list\">\n<li><strong>Alto encogimiento para un ajuste ce\u00f1ido:<\/strong> El material PET de estas fundas termorretr\u00e1ctiles impresas a medida tiene una fuerte contracci\u00f3n, lo que permite un ajuste ce\u00f1ido a botellas de curvaturas variables sin arrugas ni aflojamientos, mejorando la integridad general y la resistencia a la abrasi\u00f3n del envase.<\/li>\n\n\n\n<li><strong>Impresi\u00f3n de alta definici\u00f3n para colores vivos: <\/strong>Nuestros films retr\u00e1ctiles personalizados para botellas de PET utilizan una avanzada tecnolog\u00eda de impresi\u00f3n, que da como resultado delicados patrones y una alta saturaci\u00f3n del color, resaltando eficazmente los logotipos de la marca y los detalles del dise\u00f1o, mejorando el atractivo del producto.<\/li>\n\n\n\n<li><strong>Expositor de envases de 360\u00b0: <\/strong>Estas fundas termorretr\u00e1ctiles con impresi\u00f3n personalizada cubren por completo la botella, proporcionando una mayor superficie para su dise\u00f1o y un equilibrio uniforme entre la marca y las funciones \u00fatiles.<\/li>\n\n\n\n<li><strong>Respetuoso con el medio ambiente y seguro: <\/strong>Nuestros films retr\u00e1ctiles personalizados para botellas de PET son at\u00f3xicos e inodoros, adecuados para envasar productos sensibles que entran en contacto directo con alimentos, cosm\u00e9ticos, etc.<\/li>\n\n\n\n<li><strong>Personalizaci\u00f3n flexible:<\/strong> Nuestras fundas termorretr\u00e1ctiles impresas a medida admiten la personalizaci\u00f3n a granel OEM\/ODM de tama\u00f1o, grosor y patrones, adapt\u00e1ndose a diversos tipos de botellas industriales y ayudando a las marcas a conseguir soluciones de envasado diferenciadas.<\/li>\n<\/ul>\n\n\n\n<div class=\"wp-block-columns is-layout-flex wp-container-core-columns-is-layout-9d6595d7 wp-block-columns-is-layout-flex\">\n<div class=\"wp-block-column is-layout-flow wp-block-column-is-layout-flow\">\n<figure class=\"wp-block-image size-full\"><img decoding=\"async\" width=\"750\" height=\"750\" src=\"https:\/\/www.stanleypackage.com\/wp-content\/uploads\/2025\/11\/Custom-Shrink-Sleeves-PET-Shrink-Sleeves-Wholesale-2.webp\" alt=\"\" class=\"wp-image-3947\" srcset=\"https:\/\/www.stanleypackage.com\/wp-content\/uploads\/2025\/11\/Custom-Shrink-Sleeves-PET-Shrink-Sleeves-Wholesale-2.webp 750w, https:\/\/www.stanleypackage.com\/wp-content\/uploads\/2025\/11\/Custom-Shrink-Sleeves-PET-Shrink-Sleeves-Wholesale-2-300x300.webp 300w, https:\/\/www.stanleypackage.com\/wp-content\/uploads\/2025\/11\/Custom-Shrink-Sleeves-PET-Shrink-Sleeves-Wholesale-2-150x150.webp 150w, https:\/\/www.stanleypackage.com\/wp-content\/uploads\/2025\/11\/Custom-Shrink-Sleeves-PET-Shrink-Sleeves-Wholesale-2-12x12.webp 12w, https:\/\/www.stanleypackage.com\/wp-content\/uploads\/2025\/11\/Custom-Shrink-Sleeves-PET-Shrink-Sleeves-Wholesale-2-600x600.webp 600w, https:\/\/www.stanleypackage.com\/wp-content\/uploads\/2025\/11\/Custom-Shrink-Sleeves-PET-Shrink-Sleeves-Wholesale-2-100x100.webp 100w\" sizes=\"(max-width: 750px) 100vw, 750px\" \/><\/figure>\n<\/div>\n\n\n\n<div class=\"wp-block-column is-layout-flow wp-block-column-is-layout-flow\">\n<figure class=\"wp-block-image size-full\"><img decoding=\"async\" width=\"750\" height=\"750\" src=\"https:\/\/www.stanleypackage.com\/wp-content\/uploads\/2025\/11\/Custom-Shrink-Sleeves-PET-Shrink-Sleeves-Wholesale-6.webp\" alt=\"\" class=\"wp-image-3948\" srcset=\"https:\/\/www.stanleypackage.com\/wp-content\/uploads\/2025\/11\/Custom-Shrink-Sleeves-PET-Shrink-Sleeves-Wholesale-6.webp 750w, https:\/\/www.stanleypackage.com\/wp-content\/uploads\/2025\/11\/Custom-Shrink-Sleeves-PET-Shrink-Sleeves-Wholesale-6-300x300.webp 300w, https:\/\/www.stanleypackage.com\/wp-content\/uploads\/2025\/11\/Custom-Shrink-Sleeves-PET-Shrink-Sleeves-Wholesale-6-150x150.webp 150w, https:\/\/www.stanleypackage.com\/wp-content\/uploads\/2025\/11\/Custom-Shrink-Sleeves-PET-Shrink-Sleeves-Wholesale-6-12x12.webp 12w, https:\/\/www.stanleypackage.com\/wp-content\/uploads\/2025\/11\/Custom-Shrink-Sleeves-PET-Shrink-Sleeves-Wholesale-6-600x600.webp 600w, https:\/\/www.stanleypackage.com\/wp-content\/uploads\/2025\/11\/Custom-Shrink-Sleeves-PET-Shrink-Sleeves-Wholesale-6-100x100.webp 100w\" sizes=\"(max-width: 750px) 100vw, 750px\" \/><\/figure>\n<\/div>\n<\/div>\n<\/div>\n<\/div>","protected":false},"excerpt":{"rendered":"<p>Bienvenido al pedido de fundas termorretr\u00e1ctiles impresas personalizadas. Nuestras pel\u00edculas termorretr\u00e1ctiles personalizadas para botellas de PET proporcionan una envoltura sin costuras de 360\u00b0 alrededor de diversas formas de botellas. Admitimos la personalizaci\u00f3n completa de patrones y elementos de marca, ofreciendo colores vibrantes y un ajuste seguro.<\/p>\n<table style=\"border-collapse: collapse; width: 365.02pt;\" border=\"0\" width=\"365\" cellspacing=\"0\" cellpadding=\"0\">\n<tbody>\n<tr style=\"height: 16.00pt;\">\n<td class=\"et2\" style=\"height: 16.00pt; width: 97.50pt;\" width=\"97\" height=\"16\">Fabricante<\/td>\n<td class=\"et2\" style=\"width: 267.50pt;\" width=\"267\">Stanley<\/td>\n<\/tr>\n<tr style=\"height: 16.00pt;\">\n<td class=\"et2\" style=\"height: 16.00pt; width: 97.50pt;\" width=\"97\" height=\"16\">Tipos de bolsas<\/td>\n<td class=\"et3\">Film retr\u00e1ctil<\/td>\n<\/tr>\n<tr style=\"height: 16.00pt;\">\n<td class=\"et2\" style=\"height: 16.00pt; width: 97.50pt;\" width=\"97\" height=\"16\">Material<\/td>\n<td class=\"et2\" style=\"width: 267.50pt;\" width=\"267\">PET<\/td>\n<\/tr>\n<tr style=\"height: 31.00pt;\">\n<td class=\"et2\" style=\"height: 31.00pt; width: 97.50pt;\" width=\"97\" height=\"31\">Reportaje especial<\/td>\n<td class=\"et2\" style=\"width: 267.50pt;\" width=\"267\">Alto \u00edndice de contracci\u00f3n, impresi\u00f3n de alta definici\u00f3n<\/td>\n<\/tr>\n<tr style=\"height: 16.00pt;\">\n<td class=\"et2\" style=\"height: 16.00pt; width: 97.50pt;\" width=\"97\" height=\"16\">Manipulaci\u00f3n de superficies<\/td>\n<td class=\"et2\" style=\"width: 267.50pt;\" width=\"267\">Impresi\u00f3n en huecograbado<\/td>\n<\/tr>\n<tr style=\"height: 16.00pt;\">\n<td class=\"et2\" style=\"height: 16.00pt; width: 97.50pt;\" width=\"97\" height=\"16\">Color<\/td>\n<td class=\"et2\" style=\"width: 267.50pt;\" width=\"267\">Hasta 10 colores<\/td>\n<\/tr>\n<tr style=\"height: 16.00pt;\">\n<td class=\"et2\" style=\"height: 16.00pt; width: 97.50pt;\" width=\"97\" height=\"16\">Utilizaci\u00f3n<\/td>\n<td class=\"et2\" style=\"width: 267.50pt;\" width=\"267\">Loci\u00f3n corporal, Limpiador facial, Crema exfoliante<\/td>\n<\/tr>\n<tr style=\"height: 16.00pt;\">\n<td class=\"et2\" style=\"height: 16.00pt; width: 97.50pt;\" width=\"97\" height=\"16\">MOQ<\/td>\n<td class=\"et2\" style=\"width: 267.50pt;\" width=\"267\">50.000 unidades<\/td>\n<\/tr>\n<tr style=\"height: 16.00pt;\">\n<td class=\"et2\" style=\"height: 16.00pt; width: 97.50pt;\" width=\"97\" height=\"16\">Pedido a medida<\/td>\n<td class=\"et2\" style=\"width: 267.50pt;\" width=\"267\">Aceptamos OEM y ODM, Muestras gratuitas<\/td>\n<\/tr>\n<\/tbody>\n<\/table>","protected":false},"featured_media":3949,"comment_status":"closed","ping_status":"closed","template":"","meta":{"_acf_changed":false},"product_brand":[],"product_cat":[72],"product_tag":[],"class_list":{"0":"post-3946","1":"product","2":"type-product","3":"status-publish","4":"has-post-thumbnail","6":"product_cat-shrink-film-manufacturer","7":"pa_non-food-packaging-soap-detergent-pouches","9":"first","10":"instock","11":"shipping-taxable","12":"product-type-simple"},"acf":[],"_links":{"self":[{"href":"https:\/\/www.stanleypackage.com\/es\/wp-json\/wp\/v2\/product\/3946","targetHints":{"allow":["GET"]}}],"collection":[{"href":"https:\/\/www.stanleypackage.com\/es\/wp-json\/wp\/v2\/product"}],"about":[{"href":"https:\/\/www.stanleypackage.com\/es\/wp-json\/wp\/v2\/types\/product"}],"replies":[{"embeddable":true,"href":"https:\/\/www.stanleypackage.com\/es\/wp-json\/wp\/v2\/comments?post=3946"}],"wp:featuredmedia":[{"embeddable":true,"href":"https:\/\/www.stanleypackage.com\/es\/wp-json\/wp\/v2\/media\/3949"}],"wp:attachment":[{"href":"https:\/\/www.stanleypackage.com\/es\/wp-json\/wp\/v2\/media?parent=3946"}],"wp:term":[{"taxonomy":"product_brand","embeddable":true,"href":"https:\/\/www.stanleypackage.com\/es\/wp-json\/wp\/v2\/product_brand?post=3946"},{"taxonomy":"product_cat","embeddable":true,"href":"https:\/\/www.stanleypackage.com\/es\/wp-json\/wp\/v2\/product_cat?post=3946"},{"taxonomy":"product_tag","embeddable":true,"href":"https:\/\/www.stanleypackage.com\/es\/wp-json\/wp\/v2\/product_tag?post=3946"}],"curies":[{"name":"wp","href":"https:\/\/api.w.org\/{rel}","templated":true}]}}