{"id":3953,"date":"2025-11-28T09:52:39","date_gmt":"2025-11-28T09:52:39","guid":{"rendered":"https:\/\/www.stanleypackage.com\/?post_type=product&#038;p=3953"},"modified":"2025-11-28T09:52:49","modified_gmt":"2025-11-28T09:52:49","slug":"custom-liquid-packaging","status":"publish","type":"product","link":"https:\/\/www.stanleypackage.com\/es\/product\/custom-liquid-packaging\/","title":{"rendered":"Bolsas personalizadas para l\u00edquidos, envases de detergente stand up"},"content":{"rendered":"<div class=\"wp-block-columns is-layout-flex wp-container-core-columns-is-layout-9d6595d7 wp-block-columns-is-layout-flex\">\n<div class=\"wp-block-column is-layout-flow wp-block-column-is-layout-flow\">\n<h2 class=\"wp-block-heading\">Caracter\u00edsticas de la bolsa personalizada para l\u00edquidos<\/h2>\n\n\n\n<ul class=\"wp-block-list\">\n<li><strong>Fondo autoportante, exposici\u00f3n estable: <\/strong>El dise\u00f1o de pie de estas bolsas personalizadas para l\u00edquidos no es f\u00e1cil de volcar, lo que resulta pr\u00e1ctico para el almacenamiento dom\u00e9stico.<\/li>\n\n\n\n<li><strong>Impresi\u00f3n a doble cara, visualmente excepcional:<\/strong> Nuestros envases personalizados de detergente stand up admiten tecnolog\u00eda de impresi\u00f3n en huecograbado de hasta 10 colores, lo que muestra la imagen de gama alta de la marca y atrae la atenci\u00f3n de los consumidores.<\/li>\n\n\n\n<li><strong>Estructura de material multicapa, fuerte barrera:<\/strong> Nuestros envases personalizados para l\u00edquidos detergentes utilizan materiales compuestos PET12\/VMPET12\/BOPA15\/PE165, con buenas propiedades de resistencia a la humedad, al ox\u00edgeno y a la perforaci\u00f3n.<\/li>\n\n\n\n<li><strong>Ampliamente utilizado, adecuado para una variedad de productos de limpieza:<\/strong> Estos envases personalizados para detergente al por mayor son adecuados para una gran variedad de productos qu\u00edmicos de uso diario, como detergente para la ropa, detergente en polvo, jab\u00f3n l\u00edquido, suavizante, etc.<\/li>\n\n\n\n<li><strong>Adaptarse al llenado autom\u00e1tico: <\/strong>Estas bolsas personalizadas para envasado de l\u00edquidos son adecuadas para las l\u00edneas de producci\u00f3n de llenado autom\u00e1tico, ya que mejoran la eficacia del envasado y la consistencia del producto.<\/li>\n\n\n\n<li><strong>Equipado con rasgado f\u00e1cil <\/strong>Nuestras bolsas personalizadas para detergente est\u00e1n equipadas con un sistema de apertura f\u00e1cil, que facilita su apertura. .<\/li>\n<\/ul>\n\n\n\n<div class=\"wp-block-columns is-layout-flex wp-container-core-columns-is-layout-9d6595d7 wp-block-columns-is-layout-flex\">\n<div class=\"wp-block-column is-layout-flow wp-block-column-is-layout-flow\">\n<figure class=\"wp-block-image size-full\"><img decoding=\"async\" width=\"750\" height=\"750\" src=\"https:\/\/www.stanleypackage.com\/wp-content\/uploads\/2025\/11\/Custom-Liquid-Detergent-Packaging-Wholesale-Stand-Up-Pouch-4.webp\" alt=\"\" class=\"wp-image-3954\" srcset=\"https:\/\/www.stanleypackage.com\/wp-content\/uploads\/2025\/11\/Custom-Liquid-Detergent-Packaging-Wholesale-Stand-Up-Pouch-4.webp 750w, https:\/\/www.stanleypackage.com\/wp-content\/uploads\/2025\/11\/Custom-Liquid-Detergent-Packaging-Wholesale-Stand-Up-Pouch-4-300x300.webp 300w, https:\/\/www.stanleypackage.com\/wp-content\/uploads\/2025\/11\/Custom-Liquid-Detergent-Packaging-Wholesale-Stand-Up-Pouch-4-150x150.webp 150w, https:\/\/www.stanleypackage.com\/wp-content\/uploads\/2025\/11\/Custom-Liquid-Detergent-Packaging-Wholesale-Stand-Up-Pouch-4-12x12.webp 12w, https:\/\/www.stanleypackage.com\/wp-content\/uploads\/2025\/11\/Custom-Liquid-Detergent-Packaging-Wholesale-Stand-Up-Pouch-4-600x600.webp 600w, https:\/\/www.stanleypackage.com\/wp-content\/uploads\/2025\/11\/Custom-Liquid-Detergent-Packaging-Wholesale-Stand-Up-Pouch-4-100x100.webp 100w\" sizes=\"(max-width: 750px) 100vw, 750px\" \/><\/figure>\n<\/div>\n\n\n\n<div class=\"wp-block-column is-layout-flow wp-block-column-is-layout-flow\">\n<figure class=\"wp-block-image size-full\"><img decoding=\"async\" width=\"750\" height=\"750\" src=\"https:\/\/www.stanleypackage.com\/wp-content\/uploads\/2025\/11\/Custom-Liquid-Detergent-Packaging-Wholesale-Stand-Up-Pouch-3.webp\" alt=\"\" class=\"wp-image-3955\" srcset=\"https:\/\/www.stanleypackage.com\/wp-content\/uploads\/2025\/11\/Custom-Liquid-Detergent-Packaging-Wholesale-Stand-Up-Pouch-3.webp 750w, https:\/\/www.stanleypackage.com\/wp-content\/uploads\/2025\/11\/Custom-Liquid-Detergent-Packaging-Wholesale-Stand-Up-Pouch-3-300x300.webp 300w, https:\/\/www.stanleypackage.com\/wp-content\/uploads\/2025\/11\/Custom-Liquid-Detergent-Packaging-Wholesale-Stand-Up-Pouch-3-150x150.webp 150w, https:\/\/www.stanleypackage.com\/wp-content\/uploads\/2025\/11\/Custom-Liquid-Detergent-Packaging-Wholesale-Stand-Up-Pouch-3-12x12.webp 12w, https:\/\/www.stanleypackage.com\/wp-content\/uploads\/2025\/11\/Custom-Liquid-Detergent-Packaging-Wholesale-Stand-Up-Pouch-3-600x600.webp 600w, https:\/\/www.stanleypackage.com\/wp-content\/uploads\/2025\/11\/Custom-Liquid-Detergent-Packaging-Wholesale-Stand-Up-Pouch-3-100x100.webp 100w\" sizes=\"(max-width: 750px) 100vw, 750px\" \/><\/figure>\n<\/div>\n<\/div>\n<\/div>\n<\/div>","protected":false},"excerpt":{"rendered":"<p>Bienvenido a solicitar bolsas personalizadas para envasado de l\u00edquidos. Estos envases de detergente de pie personalizados al por mayor tienen un excelente sellado y durabilidad, est\u00e1n equipados con un desgarro f\u00e1cil y un dise\u00f1o de fondo de pie estable, ampliamente utilizado para productos de limpieza.<\/p>\n<table style=\"border-collapse: collapse; width: 365.02pt;\" border=\"0\" width=\"365\" cellspacing=\"0\" cellpadding=\"0\">\n<tbody>\n<tr style=\"height: 16.00pt;\">\n<td class=\"et2\" style=\"height: 16.00pt; width: 97.50pt;\" width=\"97\" height=\"16\">Fabricante<\/td>\n<td class=\"et2\" style=\"width: 267.50pt;\" width=\"267\">Stanley<\/td>\n<\/tr>\n<tr style=\"height: 16.00pt;\">\n<td class=\"et2\" style=\"height: 16.00pt; width: 97.50pt;\" width=\"97\" height=\"16\">Tipos de bolsas<\/td>\n<td class=\"et2\" style=\"width: 267.50pt;\" width=\"267\">Bolsa Stand Up<\/td>\n<\/tr>\n<tr style=\"height: 16.00pt;\">\n<td class=\"et2\" style=\"height: 16.00pt; width: 97.50pt;\" width=\"97\" height=\"16\">Material<\/td>\n<td class=\"et2\" style=\"width: 267.50pt;\" width=\"267\">PET12\/VMPET12\/BOPA15\/PE165<\/td>\n<\/tr>\n<tr style=\"height: 16.00pt;\">\n<td class=\"et2\" style=\"height: 16.00pt; width: 97.50pt;\" width=\"97\" height=\"16\">Reportaje especial<\/td>\n<td class=\"et2\" style=\"width: 267.50pt;\" width=\"267\">Pico vertedor, fondo autoportante, f\u00e1cil de rasgar<\/td>\n<\/tr>\n<tr style=\"height: 16.00pt;\">\n<td class=\"et2\" style=\"height: 16.00pt; width: 97.50pt;\" width=\"97\" height=\"16\">Manipulaci\u00f3n de superficies<\/td>\n<td class=\"et2\" style=\"width: 267.50pt;\" width=\"267\">Impresi\u00f3n en huecograbado<\/td>\n<\/tr>\n<tr style=\"height: 16.00pt;\">\n<td class=\"et2\" style=\"height: 16.00pt; width: 97.50pt;\" width=\"97\" height=\"16\">Color<\/td>\n<td class=\"et2\" style=\"width: 267.50pt;\" width=\"267\">Impresi\u00f3n a doble cara, hasta 10 colores<\/td>\n<\/tr>\n<tr style=\"height: 16.00pt;\">\n<td class=\"et2\" style=\"height: 16.00pt; width: 97.50pt;\" width=\"97\" height=\"16\">Utilizaci\u00f3n<\/td>\n<td class=\"et2\" style=\"width: 267.50pt;\" width=\"267\">Detergente, detergente en polvo, jab\u00f3n l\u00edquido<\/td>\n<\/tr>\n<tr style=\"height: 16.00pt;\">\n<td class=\"et2\" style=\"height: 16.00pt; width: 97.50pt;\" width=\"97\" height=\"16\">MOQ<\/td>\n<td class=\"et2\" style=\"width: 267.50pt;\" width=\"267\">50.000 unidades<\/td>\n<\/tr>\n<tr style=\"height: 16.00pt;\">\n<td class=\"et2\" style=\"height: 16.00pt; width: 97.50pt;\" width=\"97\" height=\"16\">Pedido a medida<\/td>\n<td class=\"et2\" style=\"width: 267.50pt;\" width=\"267\">Acepta OEM , Soporte Muestra gratis<\/td>\n<\/tr>\n<\/tbody>\n<\/table>","protected":false},"featured_media":3956,"comment_status":"closed","ping_status":"closed","template":"","meta":{"_acf_changed":false},"product_brand":[],"product_cat":[30],"product_tag":[],"class_list":{"0":"post-3953","1":"product","2":"type-product","3":"status-publish","4":"has-post-thumbnail","6":"product_cat-stand-up-pouch-manufacturer","7":"pa_non-food-packaging-soap-detergent-pouches","9":"first","10":"instock","11":"shipping-taxable","12":"product-type-simple"},"acf":[],"_links":{"self":[{"href":"https:\/\/www.stanleypackage.com\/es\/wp-json\/wp\/v2\/product\/3953","targetHints":{"allow":["GET"]}}],"collection":[{"href":"https:\/\/www.stanleypackage.com\/es\/wp-json\/wp\/v2\/product"}],"about":[{"href":"https:\/\/www.stanleypackage.com\/es\/wp-json\/wp\/v2\/types\/product"}],"replies":[{"embeddable":true,"href":"https:\/\/www.stanleypackage.com\/es\/wp-json\/wp\/v2\/comments?post=3953"}],"wp:featuredmedia":[{"embeddable":true,"href":"https:\/\/www.stanleypackage.com\/es\/wp-json\/wp\/v2\/media\/3956"}],"wp:attachment":[{"href":"https:\/\/www.stanleypackage.com\/es\/wp-json\/wp\/v2\/media?parent=3953"}],"wp:term":[{"taxonomy":"product_brand","embeddable":true,"href":"https:\/\/www.stanleypackage.com\/es\/wp-json\/wp\/v2\/product_brand?post=3953"},{"taxonomy":"product_cat","embeddable":true,"href":"https:\/\/www.stanleypackage.com\/es\/wp-json\/wp\/v2\/product_cat?post=3953"},{"taxonomy":"product_tag","embeddable":true,"href":"https:\/\/www.stanleypackage.com\/es\/wp-json\/wp\/v2\/product_tag?post=3953"}],"curies":[{"name":"wp","href":"https:\/\/api.w.org\/{rel}","templated":true}]}}