{"id":3997,"date":"2025-12-03T03:45:54","date_gmt":"2025-12-03T03:45:54","guid":{"rendered":"https:\/\/www.stanleypackage.com\/?post_type=product&#038;p=3997"},"modified":"2025-12-03T03:46:00","modified_gmt":"2025-12-03T03:46:00","slug":"custom-print-pouch","status":"publish","type":"product","link":"https:\/\/www.stanleypackage.com\/es\/product\/custom-print-pouch\/","title":{"rendered":"Bolsa con impresi\u00f3n personalizada para mascarilla facial, bolsas planas con 3 soldaduras laterales"},"content":{"rendered":"<div class=\"wp-block-columns is-layout-flex wp-container-core-columns-is-layout-9d6595d7 wp-block-columns-is-layout-flex\">\n<div class=\"wp-block-column is-layout-flow wp-block-column-is-layout-flow\">\n<h2 class=\"wp-block-heading\">Caracter\u00edsticas de la funda con impresi\u00f3n personalizada para mascarilla facial<\/h2>\n\n\n\n<ul class=\"wp-block-list\">\n<li><strong>Estructura de sellado de tres lados:<\/strong> Esta bolsa con impresi\u00f3n personalizada tiene una estructura de sellado herm\u00e9tico de tres lados que mantiene la mascarilla limpia y fresca al evitar cualquier fuga de suero.<\/li>\n\n\n\n<li><strong>Material compuesto de alto rendimiento: <\/strong>Esta bolsa con impresi\u00f3n personalizada est\u00e1 fabricada con un material compuesto de alta calidad, que combina las ventajas de bloquear la luz, resistir la humedad y proporcionar protecci\u00f3n antioxidante al contenido de la bolsa para maximizar la vida \u00fatil de los principios activos de la mascarilla.<\/li>\n\n\n\n<li><strong>Duradero y f\u00e1cil de guardar: <\/strong>Nuestras bolsas de impresi\u00f3n personalizadas est\u00e1n fabricadas con un material duro y resistente a la presi\u00f3n, con un dise\u00f1o de fondo plano para una buena estabilidad en posici\u00f3n vertical, facilitando el almacenamiento y la exposici\u00f3n, y optimizando la experiencia del usuario.<\/li>\n\n\n\n<li><strong>Servicio de impresi\u00f3n personalizada: <\/strong>Nuestras bolsas personalizadas con precinto por tres lados admiten la personalizaci\u00f3n OEM, lo que le permite personalizar los dise\u00f1os y el texto seg\u00fan las necesidades de su marca, mejorando el reconocimiento del producto y su atractivo en el mercado.<\/li>\n\n\n\n<li><strong>Colaboraci\u00f3n flexible y creaci\u00f3n de prototipos: <\/strong>Ofrecemos muestras gratuitas de bolsas personalizadas con cierre trilateral, lo que permite a los clientes comprobar la compatibilidad del envase sobre el terreno. Tambi\u00e9n ofrecemos asistencia flexible para la personalizaci\u00f3n de lotes peque\u00f1os.<\/li>\n<\/ul>\n\n\n\n<div class=\"wp-block-columns is-layout-flex wp-container-core-columns-is-layout-9d6595d7 wp-block-columns-is-layout-flex\">\n<div class=\"wp-block-column is-layout-flow wp-block-column-is-layout-flow\">\n<figure class=\"wp-block-image size-full\"><img decoding=\"async\" width=\"750\" height=\"750\" src=\"https:\/\/www.stanleypackage.com\/wp-content\/uploads\/2025\/12\/Custom-Print-Pouch-for-Facial-Mask-3-Side-Seal-Flat-Pouches.webp\" alt=\"Bolsa con impresi\u00f3n personalizada para mascarilla facial, bolsas planas con 3 soldaduras laterales\" class=\"wp-image-4036\" srcset=\"https:\/\/www.stanleypackage.com\/wp-content\/uploads\/2025\/12\/Custom-Print-Pouch-for-Facial-Mask-3-Side-Seal-Flat-Pouches.webp 750w, https:\/\/www.stanleypackage.com\/wp-content\/uploads\/2025\/12\/Custom-Print-Pouch-for-Facial-Mask-3-Side-Seal-Flat-Pouches-300x300.webp 300w, https:\/\/www.stanleypackage.com\/wp-content\/uploads\/2025\/12\/Custom-Print-Pouch-for-Facial-Mask-3-Side-Seal-Flat-Pouches-150x150.webp 150w, https:\/\/www.stanleypackage.com\/wp-content\/uploads\/2025\/12\/Custom-Print-Pouch-for-Facial-Mask-3-Side-Seal-Flat-Pouches-12x12.webp 12w, https:\/\/www.stanleypackage.com\/wp-content\/uploads\/2025\/12\/Custom-Print-Pouch-for-Facial-Mask-3-Side-Seal-Flat-Pouches-600x600.webp 600w, https:\/\/www.stanleypackage.com\/wp-content\/uploads\/2025\/12\/Custom-Print-Pouch-for-Facial-Mask-3-Side-Seal-Flat-Pouches-100x100.webp 100w\" sizes=\"(max-width: 750px) 100vw, 750px\" \/><\/figure>\n<\/div>\n\n\n\n<div class=\"wp-block-column is-layout-flow wp-block-column-is-layout-flow\">\n<figure class=\"wp-block-image size-full\"><img decoding=\"async\" width=\"750\" height=\"750\" src=\"https:\/\/www.stanleypackage.com\/wp-content\/uploads\/2025\/12\/Custom-3-Side-Seal-Pouches-Wholesale-For-Facial-Mask-Cosmetic-3.webp\" alt=\"\" class=\"wp-image-3999\" srcset=\"https:\/\/www.stanleypackage.com\/wp-content\/uploads\/2025\/12\/Custom-3-Side-Seal-Pouches-Wholesale-For-Facial-Mask-Cosmetic-3.webp 750w, https:\/\/www.stanleypackage.com\/wp-content\/uploads\/2025\/12\/Custom-3-Side-Seal-Pouches-Wholesale-For-Facial-Mask-Cosmetic-3-300x300.webp 300w, https:\/\/www.stanleypackage.com\/wp-content\/uploads\/2025\/12\/Custom-3-Side-Seal-Pouches-Wholesale-For-Facial-Mask-Cosmetic-3-150x150.webp 150w, https:\/\/www.stanleypackage.com\/wp-content\/uploads\/2025\/12\/Custom-3-Side-Seal-Pouches-Wholesale-For-Facial-Mask-Cosmetic-3-12x12.webp 12w, https:\/\/www.stanleypackage.com\/wp-content\/uploads\/2025\/12\/Custom-3-Side-Seal-Pouches-Wholesale-For-Facial-Mask-Cosmetic-3-600x600.webp 600w, https:\/\/www.stanleypackage.com\/wp-content\/uploads\/2025\/12\/Custom-3-Side-Seal-Pouches-Wholesale-For-Facial-Mask-Cosmetic-3-100x100.webp 100w\" sizes=\"(max-width: 750px) 100vw, 750px\" \/><\/figure>\n<\/div>\n<\/div>\n<\/div>\n<\/div>","protected":false},"excerpt":{"rendered":"<p>Le invitamos a solicitar bolsas con impresi\u00f3n personalizada para mascarillas faciales. Estas bolsas OEM con sellado en tres lados proporcionan una protecci\u00f3n de alta barrera para sus productos de mascarilla, ayudando eficazmente a mantener la calidad. Admiten la impresi\u00f3n personalizada OEM, lo que permite una presentaci\u00f3n flexible del logotipo y el dise\u00f1o de su marca.<\/p>\n<table style=\"border-collapse: collapse; width: 365.02pt;\" border=\"0\" width=\"365\" cellspacing=\"0\" cellpadding=\"0\">\n<tbody>\n<tr style=\"height: 16.00pt;\">\n<td class=\"et2\" style=\"height: 16.00pt; width: 97.50pt;\" width=\"97\" height=\"16\">Fabricante<\/td>\n<td class=\"et2\" style=\"width: 267.50pt;\" width=\"267\">Stanley<\/td>\n<\/tr>\n<tr style=\"height: 16.00pt;\">\n<td class=\"et2\" style=\"height: 16.00pt; width: 97.50pt;\" width=\"97\" height=\"16\">Tipos de bolsas<\/td>\n<td class=\"et3\">Bolsa con 3 soldaduras laterales<\/td>\n<\/tr>\n<tr style=\"height: 16.00pt;\">\n<td class=\"et2\" style=\"height: 16.00pt; width: 97.50pt;\" width=\"97\" height=\"16\">Material<\/td>\n<td class=\"et2\" style=\"width: 267.50pt;\" width=\"267\">PET12\/AL7\/PET12\/PE115<\/td>\n<\/tr>\n<tr style=\"height: 31.00pt;\">\n<td class=\"et2\" style=\"height: 31.00pt; width: 97.50pt;\" width=\"97\" height=\"31\">Reportaje especial<\/td>\n<td class=\"et2\" style=\"width: 267.50pt;\" width=\"267\">Muesca Easy Tear<\/td>\n<\/tr>\n<tr style=\"height: 16.00pt;\">\n<td class=\"et2\" style=\"height: 16.00pt; width: 97.50pt;\" width=\"97\" height=\"16\">Manipulaci\u00f3n de superficies<\/td>\n<td class=\"et2\" style=\"width: 267.50pt;\" width=\"267\">Impresi\u00f3n en huecograbado<\/td>\n<\/tr>\n<tr style=\"height: 16.00pt;\">\n<td class=\"et2\" style=\"height: 16.00pt; width: 97.50pt;\" width=\"97\" height=\"16\">Color<\/td>\n<td class=\"et2\" style=\"width: 267.50pt;\" width=\"267\">Hasta 10 colores<\/td>\n<\/tr>\n<tr style=\"height: 16.00pt;\">\n<td class=\"et2\" style=\"height: 16.00pt; width: 97.50pt;\" width=\"97\" height=\"16\">Utilizaci\u00f3n<\/td>\n<td class=\"et2\" style=\"width: 267.50pt;\" width=\"267\">mascarilla facial, crema para los ojos, champ\u00fa, productos para el cuidado de la piel<\/td>\n<\/tr>\n<tr style=\"height: 16.00pt;\">\n<td class=\"et2\" style=\"height: 16.00pt; width: 97.50pt;\" width=\"97\" height=\"16\">MOQ<\/td>\n<td class=\"et2\" style=\"width: 267.50pt;\" width=\"267\">50.000 unidades<\/td>\n<\/tr>\n<tr style=\"height: 16.00pt;\">\n<td class=\"et2\" style=\"height: 16.00pt; width: 97.50pt;\" width=\"97\" height=\"16\">Pedido a medida<\/td>\n<td class=\"et2\" style=\"width: 267.50pt;\" width=\"267\">Aceptamos OEM, Soporte Muestra gratis<\/td>\n<\/tr>\n<\/tbody>\n<\/table>","protected":false},"featured_media":4000,"comment_status":"closed","ping_status":"closed","template":"","meta":{"_acf_changed":false},"product_brand":[],"product_cat":[31,28],"product_tag":[],"class_list":{"0":"post-3997","1":"product","2":"type-product","3":"status-publish","4":"has-post-thumbnail","6":"product_cat-lay-flat-pouch-manufacturer","7":"product_cat-three-side-seal-pouch-manufacturer","8":"pa_non-food-packaging-cosmetic-packaging-pouches","10":"first","11":"instock","12":"shipping-taxable","13":"product-type-simple"},"acf":[],"_links":{"self":[{"href":"https:\/\/www.stanleypackage.com\/es\/wp-json\/wp\/v2\/product\/3997","targetHints":{"allow":["GET"]}}],"collection":[{"href":"https:\/\/www.stanleypackage.com\/es\/wp-json\/wp\/v2\/product"}],"about":[{"href":"https:\/\/www.stanleypackage.com\/es\/wp-json\/wp\/v2\/types\/product"}],"replies":[{"embeddable":true,"href":"https:\/\/www.stanleypackage.com\/es\/wp-json\/wp\/v2\/comments?post=3997"}],"wp:featuredmedia":[{"embeddable":true,"href":"https:\/\/www.stanleypackage.com\/es\/wp-json\/wp\/v2\/media\/4000"}],"wp:attachment":[{"href":"https:\/\/www.stanleypackage.com\/es\/wp-json\/wp\/v2\/media?parent=3997"}],"wp:term":[{"taxonomy":"product_brand","embeddable":true,"href":"https:\/\/www.stanleypackage.com\/es\/wp-json\/wp\/v2\/product_brand?post=3997"},{"taxonomy":"product_cat","embeddable":true,"href":"https:\/\/www.stanleypackage.com\/es\/wp-json\/wp\/v2\/product_cat?post=3997"},{"taxonomy":"product_tag","embeddable":true,"href":"https:\/\/www.stanleypackage.com\/es\/wp-json\/wp\/v2\/product_tag?post=3997"}],"curies":[{"name":"wp","href":"https:\/\/api.w.org\/{rel}","templated":true}]}}