{"id":4001,"date":"2025-12-03T04:05:48","date_gmt":"2025-12-03T04:05:48","guid":{"rendered":"https:\/\/www.stanleypackage.com\/?post_type=product&#038;p=4001"},"modified":"2025-12-03T04:05:54","modified_gmt":"2025-12-03T04:05:54","slug":"printed-spout-pouches","status":"publish","type":"product","link":"https:\/\/www.stanleypackage.com\/es\/product\/printed-spout-pouches\/","title":{"rendered":"Bolsas con boquilla impresas para sueros faciales, bolsitas cosm\u00e9ticas"},"content":{"rendered":"<div class=\"wp-block-columns is-layout-flex wp-container-core-columns-is-layout-9d6595d7 wp-block-columns-is-layout-flex\">\n<div class=\"wp-block-column is-layout-flow wp-block-column-is-layout-flow\">\n<h2 class=\"wp-block-heading\">Caracter\u00edsticas de las bolsas con boquilla impresas a medida<\/h2>\n\n\n\n<ul class=\"wp-block-list\">\n<li><strong>Dise\u00f1o de ca\u00f1o, uso preciso: <\/strong>Este envase personalizado para cosm\u00e9ticos cuenta con una boquilla que permite a los clientes controlar con precisi\u00f3n la cantidad de aplicaci\u00f3n, lo que minimiza el desperdicio y mejora la experiencia de los clientes.<\/li>\n\n\n\n<li><strong>Tipo bolsa plana, f\u00e1cil de transportar y guardar: <\/strong>Su dise\u00f1o plano hace que estas bolsas con boquilla impresas a medida ahorren espacio, por lo que son adecuadas para paquetes de viaje, muestras peque\u00f1as y otras situaciones port\u00e1tiles.<\/li>\n\n\n\n<li><strong>Sellado fuerte, fiable a prueba de fugas: <\/strong>La estructura de barrera multicapa de nuestras bolsas con boquilla impresas a medida se combina con una tecnolog\u00eda profesional de sellado de bordes para evitar eficazmente las fugas y proteger la estabilidad del contenido.<\/li>\n\n\n\n<li><strong>Ca\u00f1o con tapa, higi\u00e9nico y anticontaminaci\u00f3n: <\/strong>Las boquillas de estos envases de sobres cosm\u00e9ticos personalizados est\u00e1n equipadas con tapones, que pueden volver a cerrarse tras su uso para garantizar que los productos est\u00e9n limpios y no se contaminen f\u00e1cilmente.<\/li>\n\n\n\n<li><strong>Impresi\u00f3n a doble cara, que transmite plenamente la imagen de marca: <\/strong>La impresi\u00f3n a doble cara de alta calidad har\u00e1 que el producto sea m\u00e1s llamativo, y nuestras bolsas con boquilla impresas a medida pueden ayudarle a mejorar el reconocimiento de su marca.<\/li>\n\n\n\n<li><strong>Aplicable a productos polivalentes para el cuidado de la piel: <\/strong>Nuestras bolsas con boquilla impresas a medida para sobres de cosm\u00e9ticos son adecuadas para todo tipo de envases de l\u00edquidos para el cuidado de la piel, como protectores solares, lociones corporales, cremas de manos, cremas faciales, etc., para satisfacer las necesidades del mercado de diferentes productos.<\/li>\n<\/ul>\n\n\n\n<div class=\"wp-block-columns is-layout-flex wp-container-core-columns-is-layout-9d6595d7 wp-block-columns-is-layout-flex\">\n<div class=\"wp-block-column is-layout-flow wp-block-column-is-layout-flow\">\n<figure class=\"wp-block-image size-full\"><img decoding=\"async\" width=\"750\" height=\"750\" src=\"https:\/\/www.stanleypackage.com\/wp-content\/uploads\/2025\/12\/Liquid-Spout-Bags-Wholesale-Custom-Comestic-Sachet-2.webp\" alt=\"\" class=\"wp-image-4002\" srcset=\"https:\/\/www.stanleypackage.com\/wp-content\/uploads\/2025\/12\/Liquid-Spout-Bags-Wholesale-Custom-Comestic-Sachet-2.webp 750w, https:\/\/www.stanleypackage.com\/wp-content\/uploads\/2025\/12\/Liquid-Spout-Bags-Wholesale-Custom-Comestic-Sachet-2-300x300.webp 300w, https:\/\/www.stanleypackage.com\/wp-content\/uploads\/2025\/12\/Liquid-Spout-Bags-Wholesale-Custom-Comestic-Sachet-2-150x150.webp 150w, https:\/\/www.stanleypackage.com\/wp-content\/uploads\/2025\/12\/Liquid-Spout-Bags-Wholesale-Custom-Comestic-Sachet-2-12x12.webp 12w, https:\/\/www.stanleypackage.com\/wp-content\/uploads\/2025\/12\/Liquid-Spout-Bags-Wholesale-Custom-Comestic-Sachet-2-600x600.webp 600w, https:\/\/www.stanleypackage.com\/wp-content\/uploads\/2025\/12\/Liquid-Spout-Bags-Wholesale-Custom-Comestic-Sachet-2-100x100.webp 100w\" sizes=\"(max-width: 750px) 100vw, 750px\" \/><\/figure>\n<\/div>\n\n\n\n<div class=\"wp-block-column is-layout-flow wp-block-column-is-layout-flow\">\n<figure class=\"wp-block-image size-full\"><img decoding=\"async\" width=\"750\" height=\"750\" src=\"https:\/\/www.stanleypackage.com\/wp-content\/uploads\/2025\/12\/Liquid-Spout-Bags-Wholesale-Custom-Comestic-Sachet-3.webp\" alt=\"\" class=\"wp-image-4003\" srcset=\"https:\/\/www.stanleypackage.com\/wp-content\/uploads\/2025\/12\/Liquid-Spout-Bags-Wholesale-Custom-Comestic-Sachet-3.webp 750w, https:\/\/www.stanleypackage.com\/wp-content\/uploads\/2025\/12\/Liquid-Spout-Bags-Wholesale-Custom-Comestic-Sachet-3-300x300.webp 300w, https:\/\/www.stanleypackage.com\/wp-content\/uploads\/2025\/12\/Liquid-Spout-Bags-Wholesale-Custom-Comestic-Sachet-3-150x150.webp 150w, https:\/\/www.stanleypackage.com\/wp-content\/uploads\/2025\/12\/Liquid-Spout-Bags-Wholesale-Custom-Comestic-Sachet-3-12x12.webp 12w, https:\/\/www.stanleypackage.com\/wp-content\/uploads\/2025\/12\/Liquid-Spout-Bags-Wholesale-Custom-Comestic-Sachet-3-600x600.webp 600w, https:\/\/www.stanleypackage.com\/wp-content\/uploads\/2025\/12\/Liquid-Spout-Bags-Wholesale-Custom-Comestic-Sachet-3-100x100.webp 100w\" sizes=\"(max-width: 750px) 100vw, 750px\" \/><\/figure>\n<\/div>\n<\/div>\n<\/div>\n<\/div>","protected":false},"excerpt":{"rendered":"<p>Le damos la bienvenida a los pedidos de bolsas con boquilla impresas a medida. Nuestros envases personalizados para cosm\u00e9ticos presentan un dise\u00f1o plano con un excelente sellado. Es adecuado para todo tipo de productos l\u00edquidos para el cuidado de la piel, como protectores solares, lociones, cremas de manos, cremas faciales, etc. Es un excelente envase port\u00e1til para productos para el cuidado de la piel.<\/p>\n<table style=\"border-collapse: collapse; width: 365.02pt;\" border=\"0\" width=\"365\" cellspacing=\"0\" cellpadding=\"0\">\n<tbody>\n<tr style=\"height: 16.00pt;\">\n<td class=\"et2\" style=\"height: 16.00pt; width: 97.50pt;\" width=\"97\" height=\"16\">Fabricante<\/td>\n<td class=\"et2\" style=\"width: 267.50pt;\" width=\"267\">Stanley<\/td>\n<\/tr>\n<tr style=\"height: 16.00pt;\">\n<td class=\"et2\" style=\"height: 16.00pt; width: 97.50pt;\" width=\"97\" height=\"16\">Tipos de bolsas<\/td>\n<td class=\"et2\" style=\"width: 267.50pt;\" width=\"267\">Bolsa de ca\u00f1o<\/td>\n<\/tr>\n<tr style=\"height: 16.00pt;\">\n<td class=\"et2\" style=\"height: 16.00pt; width: 97.50pt;\" width=\"97\" height=\"16\">Material<\/td>\n<td class=\"et2\" style=\"width: 267.50pt;\" width=\"267\">PET12\/AL7\/PE80<\/td>\n<\/tr>\n<tr style=\"height: 16.00pt;\">\n<td class=\"et2\" style=\"height: 16.00pt; width: 97.50pt;\" width=\"97\" height=\"16\">Reportaje especial<\/td>\n<td class=\"et2\" style=\"width: 267.50pt;\" width=\"267\">Ca\u00f1o, cierre herm\u00e9tico<\/td>\n<\/tr>\n<tr style=\"height: 16.00pt;\">\n<td class=\"et2\" style=\"height: 16.00pt; width: 97.50pt;\" width=\"97\" height=\"16\">Manipulaci\u00f3n de superficies<\/td>\n<td class=\"et2\" style=\"width: 267.50pt;\" width=\"267\">Impresi\u00f3n en huecograbado<\/td>\n<\/tr>\n<tr style=\"height: 16.00pt;\">\n<td class=\"et2\" style=\"height: 16.00pt; width: 97.50pt;\" width=\"97\" height=\"16\">Color<\/td>\n<td class=\"et2\" style=\"width: 267.50pt;\" width=\"267\">Impresi\u00f3n a doble cara, hasta 10 colores<\/td>\n<\/tr>\n<tr style=\"height: 16.00pt;\">\n<td class=\"et2\" style=\"height: 16.00pt; width: 97.50pt;\" width=\"97\" height=\"16\">Utilizaci\u00f3n<\/td>\n<td class=\"et2\" style=\"width: 267.50pt;\" width=\"267\">Protector solar, loci\u00f3n, crema de manos, crema facial<\/td>\n<\/tr>\n<tr style=\"height: 16.00pt;\">\n<td class=\"et2\" style=\"height: 16.00pt; width: 97.50pt;\" width=\"97\" height=\"16\">MOQ<\/td>\n<td class=\"et2\" style=\"width: 267.50pt;\" width=\"267\">50.000 unidades<\/td>\n<\/tr>\n<tr style=\"height: 16.00pt;\">\n<td class=\"et2\" style=\"height: 16.00pt; width: 97.50pt;\" width=\"97\" height=\"16\">Pedido a medida<\/td>\n<td class=\"et2\" style=\"width: 267.50pt;\" width=\"267\">Acepta OEM , Soporte Muestra gratis<\/td>\n<\/tr>\n<\/tbody>\n<\/table>","protected":false},"featured_media":4004,"comment_status":"closed","ping_status":"closed","template":"","meta":{"_acf_changed":false},"product_brand":[],"product_cat":[32],"product_tag":[],"class_list":{"0":"post-4001","1":"product","2":"type-product","3":"status-publish","4":"has-post-thumbnail","6":"product_cat-spout-pouch-manufacturer","7":"pa_non-food-packaging-cosmetic-packaging-pouches","9":"first","10":"instock","11":"shipping-taxable","12":"product-type-simple"},"acf":[],"_links":{"self":[{"href":"https:\/\/www.stanleypackage.com\/es\/wp-json\/wp\/v2\/product\/4001","targetHints":{"allow":["GET"]}}],"collection":[{"href":"https:\/\/www.stanleypackage.com\/es\/wp-json\/wp\/v2\/product"}],"about":[{"href":"https:\/\/www.stanleypackage.com\/es\/wp-json\/wp\/v2\/types\/product"}],"replies":[{"embeddable":true,"href":"https:\/\/www.stanleypackage.com\/es\/wp-json\/wp\/v2\/comments?post=4001"}],"wp:featuredmedia":[{"embeddable":true,"href":"https:\/\/www.stanleypackage.com\/es\/wp-json\/wp\/v2\/media\/4004"}],"wp:attachment":[{"href":"https:\/\/www.stanleypackage.com\/es\/wp-json\/wp\/v2\/media?parent=4001"}],"wp:term":[{"taxonomy":"product_brand","embeddable":true,"href":"https:\/\/www.stanleypackage.com\/es\/wp-json\/wp\/v2\/product_brand?post=4001"},{"taxonomy":"product_cat","embeddable":true,"href":"https:\/\/www.stanleypackage.com\/es\/wp-json\/wp\/v2\/product_cat?post=4001"},{"taxonomy":"product_tag","embeddable":true,"href":"https:\/\/www.stanleypackage.com\/es\/wp-json\/wp\/v2\/product_tag?post=4001"}],"curies":[{"name":"wp","href":"https:\/\/api.w.org\/{rel}","templated":true}]}}