{"id":4006,"date":"2025-12-03T06:47:37","date_gmt":"2025-12-03T06:47:37","guid":{"rendered":"https:\/\/www.stanleypackage.com\/?post_type=product&#038;p=4006"},"modified":"2025-12-03T06:47:43","modified_gmt":"2025-12-03T06:47:43","slug":"cosmetic-spout-pouch","status":"publish","type":"product","link":"https:\/\/www.stanleypackage.com\/es\/product\/cosmetic-spout-pouch\/","title":{"rendered":"Cosm\u00e9ticos Personalizados Pico Bolsas Con Cepillos Labios al por mayor"},"content":{"rendered":"<div class=\"wp-block-columns is-layout-flex wp-container-core-columns-is-layout-9d6595d7 wp-block-columns-is-layout-flex\">\n<div class=\"wp-block-column is-layout-flow wp-block-column-is-layout-flow\">\n<h2 class=\"wp-block-heading\">Caracter\u00edsticas de las bolsas de cosm\u00e9ticos a medida<\/h2>\n\n\n\n<ul class=\"wp-block-list\">\n<li><strong>Boquilla exprimidora + cepillo profesional:<\/strong> Nuestra bolsa con boquilla cosm\u00e9tica personalizada lleva incorporada una boquilla de succi\u00f3n sellada para dispensar con precisi\u00f3n y un cepillo labial para una aplicaci\u00f3n higi\u00e9nica, lo que garantiza que su producto se entrega de forma profesional y mejora la experiencia del usuario.<\/li>\n\n\n\n<li><strong>Personalizaci\u00f3n integral de la marca:<\/strong> Nuestra bolsa con boquilla personalizada y cepillo para labios admite una profunda personalizaci\u00f3n OEM de los dise\u00f1os del envase y de los colores\/formas del cabezal del cepillo, presentando v\u00edvidamente la imagen de dibujos animados de su marca (como se muestra en la imagen de la ni\u00f1a juguetona), reforzando el reconocimiento de la marca.<\/li>\n\n\n\n<li><strong>Material compuesto de alta resistencia:<\/strong> La bolsa con boquilla para cosm\u00e9ticos a medida est\u00e1 fabricada con una estructura compuesta de tres capas de PET\/VMPET\/PE. Las tres capas trabajan juntas para bloquear la luz, el ox\u00edgeno y la humedad, evitando el deterioro del producto y\/o la evaporaci\u00f3n de los ingredientes activos y manteniendo la estabilidad del producto.<\/li>\n\n\n\n<li><strong>Embalaje port\u00e1til y duradero:<\/strong> Esta bolsa con boquilla a medida y cepillo labial ahorra espacio y no se estropea f\u00e1cilmente. La boquilla de succi\u00f3n con tap\u00f3n de rosca ofrece un cierre seguro, lo que permite transportarlo con seguridad y usarlo varias veces, optimizando as\u00ed la forma en que los consumidores utilizar\u00e1n este envase.<\/li>\n\n\n\n<li><strong>Embalaje c\u00f3modo y duradero:<\/strong> Esta bolsa con boquilla cosm\u00e9tica personalizada y boquilla de succi\u00f3n con tap\u00f3n de rosca tambi\u00e9n proporciona un cierre seguro, por lo que es seguro utilizarla varias veces, al tiempo que maximiza las oportunidades de ahorro de espacio para los consumidores.<\/li>\n<\/ul>\n\n\n\n<div class=\"wp-block-columns is-layout-flex wp-container-core-columns-is-layout-9d6595d7 wp-block-columns-is-layout-flex\">\n<div class=\"wp-block-column is-layout-flow wp-block-column-is-layout-flow\">\n<figure class=\"wp-block-image size-full\"><img decoding=\"async\" width=\"640\" height=\"640\" src=\"https:\/\/www.stanleypackage.com\/wp-content\/uploads\/2025\/12\/Custom-Shaped-Pouches-Wholesale-With-Lipstick-Brushes-2.webp\" alt=\"\" class=\"wp-image-4007\" srcset=\"https:\/\/www.stanleypackage.com\/wp-content\/uploads\/2025\/12\/Custom-Shaped-Pouches-Wholesale-With-Lipstick-Brushes-2.webp 640w, https:\/\/www.stanleypackage.com\/wp-content\/uploads\/2025\/12\/Custom-Shaped-Pouches-Wholesale-With-Lipstick-Brushes-2-300x300.webp 300w, https:\/\/www.stanleypackage.com\/wp-content\/uploads\/2025\/12\/Custom-Shaped-Pouches-Wholesale-With-Lipstick-Brushes-2-150x150.webp 150w, https:\/\/www.stanleypackage.com\/wp-content\/uploads\/2025\/12\/Custom-Shaped-Pouches-Wholesale-With-Lipstick-Brushes-2-12x12.webp 12w, https:\/\/www.stanleypackage.com\/wp-content\/uploads\/2025\/12\/Custom-Shaped-Pouches-Wholesale-With-Lipstick-Brushes-2-600x600.webp 600w, https:\/\/www.stanleypackage.com\/wp-content\/uploads\/2025\/12\/Custom-Shaped-Pouches-Wholesale-With-Lipstick-Brushes-2-100x100.webp 100w\" sizes=\"(max-width: 640px) 100vw, 640px\" \/><\/figure>\n<\/div>\n\n\n\n<div class=\"wp-block-column is-layout-flow wp-block-column-is-layout-flow\">\n<figure class=\"wp-block-image size-full\"><img decoding=\"async\" width=\"640\" height=\"640\" src=\"https:\/\/www.stanleypackage.com\/wp-content\/uploads\/2025\/12\/Custom-Shaped-Pouches-Wholesale-With-Lipstick-Brushes-4.webp\" alt=\"\" class=\"wp-image-4008\" srcset=\"https:\/\/www.stanleypackage.com\/wp-content\/uploads\/2025\/12\/Custom-Shaped-Pouches-Wholesale-With-Lipstick-Brushes-4.webp 640w, https:\/\/www.stanleypackage.com\/wp-content\/uploads\/2025\/12\/Custom-Shaped-Pouches-Wholesale-With-Lipstick-Brushes-4-300x300.webp 300w, https:\/\/www.stanleypackage.com\/wp-content\/uploads\/2025\/12\/Custom-Shaped-Pouches-Wholesale-With-Lipstick-Brushes-4-150x150.webp 150w, https:\/\/www.stanleypackage.com\/wp-content\/uploads\/2025\/12\/Custom-Shaped-Pouches-Wholesale-With-Lipstick-Brushes-4-12x12.webp 12w, https:\/\/www.stanleypackage.com\/wp-content\/uploads\/2025\/12\/Custom-Shaped-Pouches-Wholesale-With-Lipstick-Brushes-4-600x600.webp 600w, https:\/\/www.stanleypackage.com\/wp-content\/uploads\/2025\/12\/Custom-Shaped-Pouches-Wholesale-With-Lipstick-Brushes-4-100x100.webp 100w\" sizes=\"(max-width: 640px) 100vw, 640px\" \/><\/figure>\n<\/div>\n<\/div>\n<\/div>\n<\/div>","protected":false},"excerpt":{"rendered":"<p>Bienvenido a pedir una bolsa con boquilla para brillo de labios personalizada. Nuestra bolsa con pico para cosm\u00e9ticos a medida est\u00e1 dise\u00f1ada espec\u00edficamente para cremas de tipo l\u00edquido. La bolsa con boquilla a medida est\u00e1 equipada con un cepillo para labios y fabricada con materiales compuestos de alta barrera para mantener la frescura de sus productos.<\/p>\n<table style=\"border-collapse: collapse; width: 365.02pt;\" border=\"0\" width=\"365\" cellspacing=\"0\" cellpadding=\"0\">\n<tbody>\n<tr style=\"height: 16.00pt;\">\n<td class=\"et2\" style=\"height: 16.00pt; width: 97.50pt;\" width=\"97\" height=\"16\">Fabricante<\/td>\n<td class=\"et2\" style=\"width: 267.50pt;\" width=\"267\">Stanley<\/td>\n<\/tr>\n<tr style=\"height: 16.00pt;\">\n<td class=\"et2\" style=\"height: 16.00pt; width: 97.50pt;\" width=\"97\" height=\"16\">Tipos de bolsas<\/td>\n<td class=\"et3\">Bolsa de ca\u00f1o con cepillo<\/td>\n<\/tr>\n<tr style=\"height: 16.00pt;\">\n<td class=\"et2\" style=\"height: 16.00pt; width: 97.50pt;\" width=\"97\" height=\"16\">Material<\/td>\n<td class=\"et2\" style=\"width: 267.50pt;\" width=\"267\">PET12\/VMPET12\/PE115<\/td>\n<\/tr>\n<tr style=\"height: 16.00pt;\">\n<td class=\"et2\" style=\"height: 16.00pt; width: 97.50pt;\" width=\"97\" height=\"16\">Reportaje especial<\/td>\n<td class=\"et2\" style=\"width: 267.50pt;\" width=\"267\">Boquilla, Cepillo<\/td>\n<\/tr>\n<tr style=\"height: 16.00pt;\">\n<td class=\"et2\" style=\"height: 16.00pt; width: 97.50pt;\" width=\"97\" height=\"16\">Manipulaci\u00f3n de superficies<\/td>\n<td class=\"et2\" style=\"width: 267.50pt;\" width=\"267\">Impresi\u00f3n en huecograbado<\/td>\n<\/tr>\n<tr style=\"height: 16.00pt;\">\n<td class=\"et2\" style=\"height: 16.00pt; width: 97.50pt;\" width=\"97\" height=\"16\">Color<\/td>\n<td class=\"et2\" style=\"width: 267.50pt;\" width=\"267\">Impresi\u00f3n a doble cara, hasta 10 colores<\/td>\n<\/tr>\n<tr style=\"height: 16.00pt;\">\n<td class=\"et2\" style=\"height: 16.00pt; width: 97.50pt;\" width=\"97\" height=\"16\">Utilizaci\u00f3n<\/td>\n<td class=\"et2\" style=\"width: 267.50pt;\" width=\"267\">Barra de labios, b\u00e1lsamo labial, colorete l\u00edquido<\/td>\n<\/tr>\n<tr style=\"height: 16.00pt;\">\n<td class=\"et2\" style=\"height: 16.00pt; width: 97.50pt;\" width=\"97\" height=\"16\">MOQ<\/td>\n<td class=\"et2\" style=\"width: 267.50pt;\" width=\"267\">50.000 unidades<\/td>\n<\/tr>\n<tr style=\"height: 16.00pt;\">\n<td class=\"et2\" style=\"height: 16.00pt; width: 97.50pt;\" width=\"97\" height=\"16\">Pedido a medida<\/td>\n<td class=\"et2\" style=\"width: 267.50pt;\" width=\"267\">Aceptamos OEM, Soporte Muestra gratis<\/td>\n<\/tr>\n<\/tbody>\n<\/table>\n<p>&nbsp;<\/p>","protected":false},"featured_media":4009,"comment_status":"closed","ping_status":"closed","template":"","meta":{"_acf_changed":false},"product_brand":[],"product_cat":[32],"product_tag":[],"class_list":{"0":"post-4006","1":"product","2":"type-product","3":"status-publish","4":"has-post-thumbnail","6":"product_cat-spout-pouch-manufacturer","7":"pa_non-food-packaging-cosmetic-packaging-pouches","9":"first","10":"instock","11":"shipping-taxable","12":"product-type-simple"},"acf":[],"_links":{"self":[{"href":"https:\/\/www.stanleypackage.com\/es\/wp-json\/wp\/v2\/product\/4006","targetHints":{"allow":["GET"]}}],"collection":[{"href":"https:\/\/www.stanleypackage.com\/es\/wp-json\/wp\/v2\/product"}],"about":[{"href":"https:\/\/www.stanleypackage.com\/es\/wp-json\/wp\/v2\/types\/product"}],"replies":[{"embeddable":true,"href":"https:\/\/www.stanleypackage.com\/es\/wp-json\/wp\/v2\/comments?post=4006"}],"wp:featuredmedia":[{"embeddable":true,"href":"https:\/\/www.stanleypackage.com\/es\/wp-json\/wp\/v2\/media\/4009"}],"wp:attachment":[{"href":"https:\/\/www.stanleypackage.com\/es\/wp-json\/wp\/v2\/media?parent=4006"}],"wp:term":[{"taxonomy":"product_brand","embeddable":true,"href":"https:\/\/www.stanleypackage.com\/es\/wp-json\/wp\/v2\/product_brand?post=4006"},{"taxonomy":"product_cat","embeddable":true,"href":"https:\/\/www.stanleypackage.com\/es\/wp-json\/wp\/v2\/product_cat?post=4006"},{"taxonomy":"product_tag","embeddable":true,"href":"https:\/\/www.stanleypackage.com\/es\/wp-json\/wp\/v2\/product_tag?post=4006"}],"curies":[{"name":"wp","href":"https:\/\/api.w.org\/{rel}","templated":true}]}}