{"id":4012,"date":"2025-12-03T07:12:59","date_gmt":"2025-12-03T07:12:59","guid":{"rendered":"https:\/\/www.stanleypackage.com\/?post_type=product&#038;p=4012"},"modified":"2025-12-03T07:13:05","modified_gmt":"2025-12-03T07:13:05","slug":"wholesale-peelable-lidding-film","status":"publish","type":"product","link":"https:\/\/www.stanleypackage.com\/es\/product\/wholesale-peelable-lidding-film\/","title":{"rendered":"F\u00e1brica al por mayor pelable pel\u00edcula de tapa con impresi\u00f3n personalizada"},"content":{"rendered":"<div class=\"wp-block-columns is-layout-flex wp-container-core-columns-is-layout-9d6595d7 wp-block-columns-is-layout-flex\">\n<div class=\"wp-block-column is-layout-flow wp-block-column-is-layout-flow\">\n<h2 class=\"wp-block-heading\">Caracter\u00edsticas del film de tapa pelable al por mayor<\/h2>\n\n\n\n<ul class=\"wp-block-list\">\n<li><strong>F\u00e1cil de pelar, experiencia mejorada: <\/strong>Este film de tapa pelable al por mayor est\u00e1 especialmente dise\u00f1ado con una capa \u00fanica de PE f\u00e1cil de pelar que facilita su apertura sin herramientas y su retirada instant\u00e1nea con un movimiento suave. No hay necesidad de materiales adicionales; simplemente tire y ya est\u00e1 listo para disfrutar de su compra.<\/li>\n\n\n\n<li><strong>Personalizaci\u00f3n de alta definici\u00f3n, realce de la marca:<\/strong> Nuestro film de tapa impreso a medida permite una impresi\u00f3n de alta definici\u00f3n a todo color (como se ve en el logotipo y el texto en naranja) para que pueda crear una representaci\u00f3n v\u00edvida de su marca que mejore el impacto visual de sus productos en el espacio de venta.<\/li>\n\n\n\n<li><strong>Frescura sellada, segura e higi\u00e9nica: <\/strong>El material compuesto utilizado en nuestro film de tapa pelable al por mayor est\u00e1 termosellado y tambi\u00e9n es una barrera superior para sus productos alimenticios; mantiene los alimentos frescos sellando la humedad, el sabor, evitando cualquier fuga y manteniendo fuera cualquier contaminante.<\/li>\n\n\n\n<li><strong>Suministro directo de f\u00e1brica, alta rentabilidad:<\/strong> Nuestro film de tapa impreso personalizado se vende directamente de f\u00e1brica, lo que garantiza una alta calidad a la vez que ofrece precios muy competitivos, adecuados para compras al por mayor.<\/li>\n\n\n\n<li><strong>Material resistente y duradero:<\/strong> La superficie de PET de este film de tapa pelable al por mayor confiere al film de sellado una buena resistencia mec\u00e1nica, haci\u00e9ndolo resistente a ara\u00f1azos y pinchazos, protegiendo eficazmente la integridad del sellado durante el transporte y la manipulaci\u00f3n.<\/li>\n<\/ul>\n\n\n\n<div class=\"wp-block-columns is-layout-flex wp-container-core-columns-is-layout-9d6595d7 wp-block-columns-is-layout-flex\">\n<div class=\"wp-block-column is-layout-flow wp-block-column-is-layout-flow\">\n<figure class=\"wp-block-image size-full\"><img decoding=\"async\" width=\"750\" height=\"750\" src=\"https:\/\/www.stanleypackage.com\/wp-content\/uploads\/2025\/12\/Custom-Cup-Sealing-Film-Wholesale-Cup-Lidding-Films-For-Food-5.jpg\" alt=\"\" class=\"wp-image-4013\" srcset=\"https:\/\/www.stanleypackage.com\/wp-content\/uploads\/2025\/12\/Custom-Cup-Sealing-Film-Wholesale-Cup-Lidding-Films-For-Food-5.jpg 750w, https:\/\/www.stanleypackage.com\/wp-content\/uploads\/2025\/12\/Custom-Cup-Sealing-Film-Wholesale-Cup-Lidding-Films-For-Food-5-300x300.jpg 300w, https:\/\/www.stanleypackage.com\/wp-content\/uploads\/2025\/12\/Custom-Cup-Sealing-Film-Wholesale-Cup-Lidding-Films-For-Food-5-150x150.jpg 150w, https:\/\/www.stanleypackage.com\/wp-content\/uploads\/2025\/12\/Custom-Cup-Sealing-Film-Wholesale-Cup-Lidding-Films-For-Food-5-12x12.jpg 12w, https:\/\/www.stanleypackage.com\/wp-content\/uploads\/2025\/12\/Custom-Cup-Sealing-Film-Wholesale-Cup-Lidding-Films-For-Food-5-600x600.jpg 600w, https:\/\/www.stanleypackage.com\/wp-content\/uploads\/2025\/12\/Custom-Cup-Sealing-Film-Wholesale-Cup-Lidding-Films-For-Food-5-100x100.jpg 100w\" sizes=\"(max-width: 750px) 100vw, 750px\" \/><\/figure>\n<\/div>\n\n\n\n<div class=\"wp-block-column is-layout-flow wp-block-column-is-layout-flow\">\n<figure class=\"wp-block-image size-full\"><img decoding=\"async\" width=\"750\" height=\"750\" src=\"https:\/\/www.stanleypackage.com\/wp-content\/uploads\/2025\/12\/Custom-Cup-Sealing-Film-Wholesale-Cup-Lidding-Films-For-Food-4.webp\" alt=\"F\u00e1brica al por mayor pelable pel\u00edcula de tapa con impresi\u00f3n personalizada\" class=\"wp-image-4015\" srcset=\"https:\/\/www.stanleypackage.com\/wp-content\/uploads\/2025\/12\/Custom-Cup-Sealing-Film-Wholesale-Cup-Lidding-Films-For-Food-4.webp 750w, https:\/\/www.stanleypackage.com\/wp-content\/uploads\/2025\/12\/Custom-Cup-Sealing-Film-Wholesale-Cup-Lidding-Films-For-Food-4-300x300.webp 300w, https:\/\/www.stanleypackage.com\/wp-content\/uploads\/2025\/12\/Custom-Cup-Sealing-Film-Wholesale-Cup-Lidding-Films-For-Food-4-150x150.webp 150w, https:\/\/www.stanleypackage.com\/wp-content\/uploads\/2025\/12\/Custom-Cup-Sealing-Film-Wholesale-Cup-Lidding-Films-For-Food-4-12x12.webp 12w, https:\/\/www.stanleypackage.com\/wp-content\/uploads\/2025\/12\/Custom-Cup-Sealing-Film-Wholesale-Cup-Lidding-Films-For-Food-4-600x600.webp 600w, https:\/\/www.stanleypackage.com\/wp-content\/uploads\/2025\/12\/Custom-Cup-Sealing-Film-Wholesale-Cup-Lidding-Films-For-Food-4-100x100.webp 100w\" sizes=\"(max-width: 750px) 100vw, 750px\" \/><\/figure>\n<\/div>\n<\/div>\n<\/div>\n<\/div>","protected":false},"excerpt":{"rendered":"<p>Nuestro film de tapa pelable al por mayor directo de f\u00e1brica est\u00e1 especialmente dise\u00f1ado para envases de alimentos. Fabricado a partir de un material compuesto especial PET15\/PE65 de f\u00e1cil pelado, proporciona un fuerte sellado t\u00e9rmico a la vez que permite una f\u00e1cil apertura con un solo rasgado. Tambi\u00e9n admite impresi\u00f3n personalizada.<\/p>\n<table style=\"border-collapse: collapse; width: 327.77pt;\" border=\"0\" width=\"437\" cellspacing=\"0\" cellpadding=\"0\">\n<tbody>\n<tr style=\"height: 12.75pt;\">\n<td class=\"et2\" style=\"height: 12.75pt; width: 91.40pt;\" width=\"121\" height=\"17\">Fabricante<\/td>\n<td class=\"et2\" style=\"width: 237.00pt;\" width=\"316\">Stanley<\/td>\n<\/tr>\n<tr style=\"height: 12.75pt;\">\n<td class=\"et2\" style=\"height: 12.75pt; width: 91.40pt;\" width=\"121\" height=\"17\">Tipos de bolsas<\/td>\n<td class=\"et3\">pel\u00edcula para envasado en bolsas<\/td>\n<\/tr>\n<tr style=\"height: 12.75pt;\">\n<td class=\"et2\" style=\"height: 12.75pt; width: 91.40pt;\" width=\"121\" height=\"17\">Material<\/td>\n<td class=\"et2\" style=\"width: 237.00pt;\" width=\"316\">PET15\/pelado f\u00e1cil PE65<\/td>\n<\/tr>\n<tr style=\"height: 12.75pt;\">\n<td class=\"et2\" style=\"height: 12.75pt; width: 91.40pt;\" width=\"121\" height=\"17\">Reportaje especial<\/td>\n<td class=\"et2\" style=\"width: 237.00pt;\" width=\"316\">Envasado autom\u00e1tico<\/td>\n<\/tr>\n<tr style=\"height: 12.75pt;\">\n<td class=\"et2\" style=\"height: 12.75pt; width: 91.40pt;\" width=\"121\" height=\"17\">Manipulaci\u00f3n de superficies<\/td>\n<td class=\"et2\" style=\"width: 237.00pt;\" width=\"316\">Impresi\u00f3n en huecograbado<\/td>\n<\/tr>\n<tr style=\"height: 12.75pt;\">\n<td class=\"et2\" style=\"height: 12.75pt; width: 91.40pt;\" width=\"121\" height=\"17\">Color<\/td>\n<td class=\"et2\" style=\"width: 237.00pt;\" width=\"316\">Hasta 10 colores<\/td>\n<\/tr>\n<tr style=\"height: 12.75pt;\">\n<td class=\"et2\" style=\"height: 12.75pt; width: 91.40pt;\" width=\"121\" height=\"17\">Utilizaci\u00f3n<\/td>\n<td class=\"et3\">Fruta, cerdo, pollo<\/td>\n<\/tr>\n<tr style=\"height: 12.75pt;\">\n<td class=\"et2\" style=\"height: 12.75pt; width: 91.40pt;\" width=\"121\" height=\"17\">MOQ<\/td>\n<td class=\"et2\" style=\"width: 237.00pt;\" width=\"316\">50.000 unidades<\/td>\n<\/tr>\n<tr style=\"height: 12.75pt;\">\n<td class=\"et2\" style=\"height: 12.75pt; width: 91.40pt;\" width=\"121\" height=\"17\">Pedido a medida<\/td>\n<td class=\"et2\" style=\"width: 237.00pt;\" width=\"316\">Acepta OEM , Soporte Muestra gratis<\/td>\n<\/tr>\n<\/tbody>\n<\/table>","protected":false},"featured_media":4014,"comment_status":"closed","ping_status":"closed","template":"","meta":{"_acf_changed":false},"product_brand":[],"product_cat":[26,25],"product_tag":[],"class_list":{"0":"post-4012","1":"product","2":"type-product","3":"status-publish","4":"has-post-thumbnail","6":"product_cat-packaging-film-manufacturer","7":"product_cat-lidding-film-manufacturer","8":"pa_food-packaging-ready-meal-pouch","10":"first","11":"instock","12":"shipping-taxable","13":"product-type-simple"},"acf":[],"_links":{"self":[{"href":"https:\/\/www.stanleypackage.com\/es\/wp-json\/wp\/v2\/product\/4012","targetHints":{"allow":["GET"]}}],"collection":[{"href":"https:\/\/www.stanleypackage.com\/es\/wp-json\/wp\/v2\/product"}],"about":[{"href":"https:\/\/www.stanleypackage.com\/es\/wp-json\/wp\/v2\/types\/product"}],"replies":[{"embeddable":true,"href":"https:\/\/www.stanleypackage.com\/es\/wp-json\/wp\/v2\/comments?post=4012"}],"wp:featuredmedia":[{"embeddable":true,"href":"https:\/\/www.stanleypackage.com\/es\/wp-json\/wp\/v2\/media\/4014"}],"wp:attachment":[{"href":"https:\/\/www.stanleypackage.com\/es\/wp-json\/wp\/v2\/media?parent=4012"}],"wp:term":[{"taxonomy":"product_brand","embeddable":true,"href":"https:\/\/www.stanleypackage.com\/es\/wp-json\/wp\/v2\/product_brand?post=4012"},{"taxonomy":"product_cat","embeddable":true,"href":"https:\/\/www.stanleypackage.com\/es\/wp-json\/wp\/v2\/product_cat?post=4012"},{"taxonomy":"product_tag","embeddable":true,"href":"https:\/\/www.stanleypackage.com\/es\/wp-json\/wp\/v2\/product_tag?post=4012"}],"curies":[{"name":"wp","href":"https:\/\/api.w.org\/{rel}","templated":true}]}}