{"id":4018,"date":"2025-12-03T07:34:59","date_gmt":"2025-12-03T07:34:59","guid":{"rendered":"https:\/\/www.stanleypackage.com\/?post_type=product&#038;p=4018"},"modified":"2025-12-03T07:35:12","modified_gmt":"2025-12-03T07:35:12","slug":"custom-gusseted-pouch","status":"publish","type":"product","link":"https:\/\/www.stanleypackage.com\/es\/product\/custom-gusseted-pouch\/","title":{"rendered":"Bolsa personalizada con fuelle y asa para caf\u00e9 instant\u00e1neo"},"content":{"rendered":"<div class=\"wp-block-columns is-layout-flex wp-container-core-columns-is-layout-9d6595d7 wp-block-columns-is-layout-flex\">\n<div class=\"wp-block-column is-layout-flow wp-block-column-is-layout-flow\">\n<h2 class=\"wp-block-heading\">Caracter\u00edsticas de la bolsa personalizada con fuelle y orificio para el asa<\/h2>\n\n\n\n<ul class=\"wp-block-list\">\n<li><strong>Asa port\u00e1til y soporte estable: <\/strong>El orificio para el asa de esta bolsa personalizada con fuelle facilita su manipulaci\u00f3n por parte del consumidor, mientras que los pliegues en acorde\u00f3n de la parte inferior permiten colocarla en posici\u00f3n vertical, vac\u00eda o llena, para aprovechar al m\u00e1ximo el espacio de exposici\u00f3n en las estanter\u00edas de las tiendas.<\/li>\n\n\n\n<li><strong>Protecci\u00f3n de barrera superior y conservaci\u00f3n de la frescura: <\/strong>Nuestras bolsas con asa al por mayor est\u00e1n fabricadas con una combinaci\u00f3n de films laminados de PET\/POPP\/PE (multicapa) que proporcionan una protecci\u00f3n de barrera superior contra la humedad, el ox\u00edgeno y la luz.<\/li>\n\n\n\n<li><strong>La impresi\u00f3n en huecograbado de alta definici\u00f3n resalta su marca:<\/strong> Nuestras bolsas con fuelle personalizadas utilizan la tecnolog\u00eda de impresi\u00f3n en huecograbado para reproducir con precisi\u00f3n logotipos de marca y motivos complejos, con gran saturaci\u00f3n de color y gran detalle.<\/li>\n\n\n\n<li><strong>Envase f\u00e1cil de usar y porci\u00f3n preenvasada:<\/strong> Estas bolsas con asa al por mayor pueden cerrarse varias veces con una cremallera para mantener la frescura. Contienen bolsas individuales para un c\u00f3modo servicio preenvasado.<\/li>\n\n\n\n<li><strong>Material duradero y robusto: <\/strong>Esta bolsa a medida est\u00e1 fabricada con un material robusto, resistente a la abrasi\u00f3n y a la perforaci\u00f3n, que protege eficazmente el contenido de posibles da\u00f1os durante la log\u00edstica y el transporte, garantizando que el producto llegue intacto a manos del consumidor.<\/li>\n<\/ul>\n\n\n\n<div class=\"wp-block-columns is-layout-flex wp-container-core-columns-is-layout-9d6595d7 wp-block-columns-is-layout-flex\">\n<div class=\"wp-block-column is-layout-flow wp-block-column-is-layout-flow\">\n<figure class=\"wp-block-image size-full\"><img decoding=\"async\" width=\"750\" height=\"750\" src=\"https:\/\/www.stanleypackage.com\/wp-content\/uploads\/2025\/12\/Custom-Print-Coffee-Bags-Wholesale-Instant-Coffee-Flat-Bottom-Pouches-7.webp\" alt=\"\" class=\"wp-image-4019\" srcset=\"https:\/\/www.stanleypackage.com\/wp-content\/uploads\/2025\/12\/Custom-Print-Coffee-Bags-Wholesale-Instant-Coffee-Flat-Bottom-Pouches-7.webp 750w, https:\/\/www.stanleypackage.com\/wp-content\/uploads\/2025\/12\/Custom-Print-Coffee-Bags-Wholesale-Instant-Coffee-Flat-Bottom-Pouches-7-300x300.webp 300w, https:\/\/www.stanleypackage.com\/wp-content\/uploads\/2025\/12\/Custom-Print-Coffee-Bags-Wholesale-Instant-Coffee-Flat-Bottom-Pouches-7-150x150.webp 150w, https:\/\/www.stanleypackage.com\/wp-content\/uploads\/2025\/12\/Custom-Print-Coffee-Bags-Wholesale-Instant-Coffee-Flat-Bottom-Pouches-7-12x12.webp 12w, https:\/\/www.stanleypackage.com\/wp-content\/uploads\/2025\/12\/Custom-Print-Coffee-Bags-Wholesale-Instant-Coffee-Flat-Bottom-Pouches-7-600x600.webp 600w, https:\/\/www.stanleypackage.com\/wp-content\/uploads\/2025\/12\/Custom-Print-Coffee-Bags-Wholesale-Instant-Coffee-Flat-Bottom-Pouches-7-100x100.webp 100w\" sizes=\"(max-width: 750px) 100vw, 750px\" \/><\/figure>\n<\/div>\n\n\n\n<div class=\"wp-block-column is-layout-flow wp-block-column-is-layout-flow\">\n<figure class=\"wp-block-image size-full\"><img decoding=\"async\" width=\"750\" height=\"750\" src=\"https:\/\/www.stanleypackage.com\/wp-content\/uploads\/2025\/12\/Custom-Print-Coffee-Bags-Wholesale-Instant-Coffee-Flat-Bottom-Pouches-2.webp\" alt=\"\" class=\"wp-image-4020\" srcset=\"https:\/\/www.stanleypackage.com\/wp-content\/uploads\/2025\/12\/Custom-Print-Coffee-Bags-Wholesale-Instant-Coffee-Flat-Bottom-Pouches-2.webp 750w, https:\/\/www.stanleypackage.com\/wp-content\/uploads\/2025\/12\/Custom-Print-Coffee-Bags-Wholesale-Instant-Coffee-Flat-Bottom-Pouches-2-300x300.webp 300w, https:\/\/www.stanleypackage.com\/wp-content\/uploads\/2025\/12\/Custom-Print-Coffee-Bags-Wholesale-Instant-Coffee-Flat-Bottom-Pouches-2-150x150.webp 150w, https:\/\/www.stanleypackage.com\/wp-content\/uploads\/2025\/12\/Custom-Print-Coffee-Bags-Wholesale-Instant-Coffee-Flat-Bottom-Pouches-2-12x12.webp 12w, https:\/\/www.stanleypackage.com\/wp-content\/uploads\/2025\/12\/Custom-Print-Coffee-Bags-Wholesale-Instant-Coffee-Flat-Bottom-Pouches-2-600x600.webp 600w, https:\/\/www.stanleypackage.com\/wp-content\/uploads\/2025\/12\/Custom-Print-Coffee-Bags-Wholesale-Instant-Coffee-Flat-Bottom-Pouches-2-100x100.webp 100w\" sizes=\"(max-width: 750px) 100vw, 750px\" \/><\/figure>\n<\/div>\n<\/div>\n<\/div>\n<\/div>","protected":false},"excerpt":{"rendered":"<p>Bienvenido a las bolsas con fuelle personalizadas para pedidos al por mayor. Nuestras bolsas con asa al por mayor est\u00e1n dise\u00f1adas espec\u00edficamente para el envasado exterior de caf\u00e9 instant\u00e1neo. Los dise\u00f1os impresos en huecograbado son brillantes, coloridos y vibrantes. Las bolsas de pie combinan la promoci\u00f3n de la marca, la comodidad y la frescura duradera en un solo envase.<\/p>\n<table style=\"border-collapse: collapse; width: 365.02pt;\" border=\"0\" width=\"365\" cellspacing=\"0\" cellpadding=\"0\">\n<tbody>\n<tr style=\"height: 16.00pt;\">\n<td class=\"et2\" style=\"height: 16.00pt; width: 97.50pt;\" width=\"97\" height=\"16\">Fabricante<\/td>\n<td class=\"et2\" style=\"width: 267.50pt;\" width=\"267\">Stanley<\/td>\n<\/tr>\n<tr style=\"height: 16.00pt;\">\n<td class=\"et2\" style=\"height: 16.00pt; width: 97.50pt;\" width=\"97\" height=\"16\">Tipos de bolsas<\/td>\n<td class=\"et2\" style=\"width: 267.50pt;\" width=\"267\">Bolsa de fuelle<\/td>\n<\/tr>\n<tr style=\"height: 31.00pt;\">\n<td class=\"et2\" style=\"height: 31.00pt; width: 97.50pt;\" width=\"97\" height=\"31\">Matterial<\/td>\n<td class=\"et2\" style=\"width: 267.50pt;\" width=\"267\">Anverso:PET12\/POPP25\/PE80<br \/>Cara:PET12\/POPP25\/PE60<\/td>\n<\/tr>\n<tr style=\"height: 16.00pt;\">\n<td class=\"et2\" style=\"height: 16.00pt; width: 97.50pt;\" width=\"97\" height=\"16\">Reportaje especial<\/td>\n<td class=\"et2\" style=\"width: 267.50pt;\" width=\"267\">Muesca de desgarro, orificio del asa<\/td>\n<\/tr>\n<tr style=\"height: 16.00pt;\">\n<td class=\"et2\" style=\"height: 16.00pt; width: 97.50pt;\" width=\"97\" height=\"16\">Manipulaci\u00f3n de superficies<\/td>\n<td class=\"et2\" style=\"width: 267.50pt;\" width=\"267\">Impresi\u00f3n en huecograbado<\/td>\n<\/tr>\n<tr style=\"height: 16.00pt;\">\n<td class=\"et2\" style=\"height: 16.00pt; width: 97.50pt;\" width=\"97\" height=\"16\">Color<\/td>\n<td class=\"et2\" style=\"width: 267.50pt;\" width=\"267\">Hasta 10 colores<\/td>\n<\/tr>\n<tr style=\"height: 16.00pt;\">\n<td class=\"et2\" style=\"height: 16.00pt; width: 97.50pt;\" width=\"97\" height=\"16\">Utilizaci\u00f3n<\/td>\n<td class=\"et2\" style=\"width: 267.50pt;\" width=\"267\">Caf\u00e9 instant\u00e1neo, snack, pan<\/td>\n<\/tr>\n<tr style=\"height: 16.00pt;\">\n<td class=\"et2\" style=\"height: 16.00pt; width: 97.50pt;\" width=\"97\" height=\"16\">MOQ<\/td>\n<td class=\"et2\" style=\"width: 267.50pt;\" width=\"267\">50.000 unidades<\/td>\n<\/tr>\n<tr style=\"height: 16.00pt;\">\n<td class=\"et2\" style=\"height: 16.00pt; width: 97.50pt;\" width=\"97\" height=\"16\">Pedido a medida<\/td>\n<td class=\"et2\" style=\"width: 267.50pt;\" width=\"267\">Aceptamos OEM, Soporte Muestra gratis<\/td>\n<\/tr>\n<\/tbody>\n<\/table>","protected":false},"featured_media":4023,"comment_status":"closed","ping_status":"closed","template":"","meta":{"_acf_changed":false},"product_brand":[],"product_cat":[17],"product_tag":[],"class_list":{"0":"post-4018","1":"product","2":"type-product","3":"status-publish","4":"has-post-thumbnail","6":"product_cat-gusset-bag-manufacturer","7":"pa_food-packaging-coffee-packaging-pouch","9":"first","10":"instock","11":"shipping-taxable","12":"product-type-simple"},"acf":[],"_links":{"self":[{"href":"https:\/\/www.stanleypackage.com\/es\/wp-json\/wp\/v2\/product\/4018","targetHints":{"allow":["GET"]}}],"collection":[{"href":"https:\/\/www.stanleypackage.com\/es\/wp-json\/wp\/v2\/product"}],"about":[{"href":"https:\/\/www.stanleypackage.com\/es\/wp-json\/wp\/v2\/types\/product"}],"replies":[{"embeddable":true,"href":"https:\/\/www.stanleypackage.com\/es\/wp-json\/wp\/v2\/comments?post=4018"}],"wp:featuredmedia":[{"embeddable":true,"href":"https:\/\/www.stanleypackage.com\/es\/wp-json\/wp\/v2\/media\/4023"}],"wp:attachment":[{"href":"https:\/\/www.stanleypackage.com\/es\/wp-json\/wp\/v2\/media?parent=4018"}],"wp:term":[{"taxonomy":"product_brand","embeddable":true,"href":"https:\/\/www.stanleypackage.com\/es\/wp-json\/wp\/v2\/product_brand?post=4018"},{"taxonomy":"product_cat","embeddable":true,"href":"https:\/\/www.stanleypackage.com\/es\/wp-json\/wp\/v2\/product_cat?post=4018"},{"taxonomy":"product_tag","embeddable":true,"href":"https:\/\/www.stanleypackage.com\/es\/wp-json\/wp\/v2\/product_tag?post=4018"}],"curies":[{"name":"wp","href":"https:\/\/api.w.org\/{rel}","templated":true}]}}