{"id":4043,"date":"2025-12-05T02:32:15","date_gmt":"2025-12-05T02:32:15","guid":{"rendered":"https:\/\/www.stanleypackage.com\/?post_type=product&#038;p=4043"},"modified":"2025-12-05T02:32:21","modified_gmt":"2025-12-05T02:32:21","slug":"factory-oem-liquid-pouches","status":"publish","type":"product","link":"https:\/\/www.stanleypackage.com\/es\/product\/factory-oem-liquid-pouches\/","title":{"rendered":"F\u00e1brica OEM l\u00edquido bolsas con pico para detergente limpiador"},"content":{"rendered":"<div class=\"wp-block-columns is-layout-flex wp-container-core-columns-is-layout-9d6595d7 wp-block-columns-is-layout-flex\">\n<div class=\"wp-block-column is-layout-flow wp-block-column-is-layout-flow\">\n<h2 class=\"wp-block-heading\">Caracter\u00edsticas de las bolsas para l\u00edquidos OEM de f\u00e1brica<\/h2>\n\n\n\n<ul class=\"wp-block-list\">\n<li><strong>Material compuesto profesional: <\/strong>Nuestras bolsas para l\u00edquidos OEM de f\u00e1brica est\u00e1n hechas de material compuesto multicapa de PET12\/BOPA15\/MBPE100, que tiene una buena propiedad de barrera, resistencia a la perforaci\u00f3n y puede mejorar la vida \u00fatil.<\/li>\n\n\n\n<li><strong>C\u00f3modo dise\u00f1o de pico vertedor:<\/strong> Esta bolsa con boquilla de pie personalizada cuenta con una boquilla vertedora en la parte superior, que permite un manejo sencillo con una sola mano, un flujo de l\u00edquido controlado y un uso higi\u00e9nico y sin goteos.<\/li>\n\n\n\n<li><strong>Base estable autoportante:<\/strong> La parte inferior de nuestras bolsas para l\u00edquidos OEM de f\u00e1brica presenta un dise\u00f1o autoportante que garantiza la estabilidad, ahorra espacio y elimina la necesidad de un soporte adicional para el envase, lo que las hace extremadamente c\u00f3modas para la dispensaci\u00f3n y el almacenamiento.<\/li>\n\n\n\n<li><strong>Impresi\u00f3n a doble cara de alta definici\u00f3n:<\/strong> Impresi\u00f3n de alta calidad de hasta 10 colores posible en ambos lados la impresi\u00f3n a doble cara est\u00e1 disponible nuestras bolsas de ca\u00f1o de pie personalizados le permiten presentar de manera eficiente la marca, informaci\u00f3n del producto y las instrucciones de uso con un mont\u00f3n de espacio que forma un fuerte impacto visual.<\/li>\n\n\n\n<li><strong>Adoptar conceptos seguros y naturales: <\/strong>Estas bolsas para l\u00edquidos OEM de f\u00e1brica est\u00e1n dise\u00f1adas espec\u00edficamente para productos de cuidado hipoalerg\u00e9nicos y naturales, sin aditivos nocivos, que transmiten pureza y cuidado de dentro hacia fuera.<\/li>\n<\/ul>\n\n\n\n<div class=\"wp-block-columns is-layout-flex wp-container-core-columns-is-layout-9d6595d7 wp-block-columns-is-layout-flex\">\n<div class=\"wp-block-column is-layout-flow wp-block-column-is-layout-flow\">\n<figure class=\"wp-block-image size-full\"><img decoding=\"async\" width=\"750\" height=\"750\" src=\"https:\/\/www.stanleypackage.com\/wp-content\/uploads\/2025\/12\/Custom-Print-Liquid-Pouch-Bag-\uff0cWholesale-Spout-Pouch-For-Detergent-2.webp\" alt=\"\" class=\"wp-image-4045\" srcset=\"https:\/\/www.stanleypackage.com\/wp-content\/uploads\/2025\/12\/Custom-Print-Liquid-Pouch-Bag-\uff0cWholesale-Spout-Pouch-For-Detergent-2.webp 750w, https:\/\/www.stanleypackage.com\/wp-content\/uploads\/2025\/12\/Custom-Print-Liquid-Pouch-Bag-\uff0cWholesale-Spout-Pouch-For-Detergent-2-300x300.webp 300w, https:\/\/www.stanleypackage.com\/wp-content\/uploads\/2025\/12\/Custom-Print-Liquid-Pouch-Bag-\uff0cWholesale-Spout-Pouch-For-Detergent-2-150x150.webp 150w, https:\/\/www.stanleypackage.com\/wp-content\/uploads\/2025\/12\/Custom-Print-Liquid-Pouch-Bag-\uff0cWholesale-Spout-Pouch-For-Detergent-2-12x12.webp 12w, https:\/\/www.stanleypackage.com\/wp-content\/uploads\/2025\/12\/Custom-Print-Liquid-Pouch-Bag-\uff0cWholesale-Spout-Pouch-For-Detergent-2-600x600.webp 600w, https:\/\/www.stanleypackage.com\/wp-content\/uploads\/2025\/12\/Custom-Print-Liquid-Pouch-Bag-\uff0cWholesale-Spout-Pouch-For-Detergent-2-100x100.webp 100w\" sizes=\"(max-width: 750px) 100vw, 750px\" \/><\/figure>\n<\/div>\n\n\n\n<div class=\"wp-block-column is-layout-flow wp-block-column-is-layout-flow\">\n<figure class=\"wp-block-image size-full\"><img decoding=\"async\" width=\"750\" height=\"750\" src=\"https:\/\/www.stanleypackage.com\/wp-content\/uploads\/2025\/12\/Custom-Print-Liquid-Pouch-Bag-\uff0cWholesale-Spout-Pouch-For-Detergent-6.webp\" alt=\"\" class=\"wp-image-4046\" srcset=\"https:\/\/www.stanleypackage.com\/wp-content\/uploads\/2025\/12\/Custom-Print-Liquid-Pouch-Bag-\uff0cWholesale-Spout-Pouch-For-Detergent-6.webp 750w, https:\/\/www.stanleypackage.com\/wp-content\/uploads\/2025\/12\/Custom-Print-Liquid-Pouch-Bag-\uff0cWholesale-Spout-Pouch-For-Detergent-6-300x300.webp 300w, https:\/\/www.stanleypackage.com\/wp-content\/uploads\/2025\/12\/Custom-Print-Liquid-Pouch-Bag-\uff0cWholesale-Spout-Pouch-For-Detergent-6-150x150.webp 150w, https:\/\/www.stanleypackage.com\/wp-content\/uploads\/2025\/12\/Custom-Print-Liquid-Pouch-Bag-\uff0cWholesale-Spout-Pouch-For-Detergent-6-12x12.webp 12w, https:\/\/www.stanleypackage.com\/wp-content\/uploads\/2025\/12\/Custom-Print-Liquid-Pouch-Bag-\uff0cWholesale-Spout-Pouch-For-Detergent-6-600x600.webp 600w, https:\/\/www.stanleypackage.com\/wp-content\/uploads\/2025\/12\/Custom-Print-Liquid-Pouch-Bag-\uff0cWholesale-Spout-Pouch-For-Detergent-6-100x100.webp 100w\" sizes=\"(max-width: 750px) 100vw, 750px\" \/><\/figure>\n<\/div>\n<\/div>\n<\/div>\n<\/div>","protected":false},"excerpt":{"rendered":"<p>Bienvenido a las bolsas con boquilla de pie personalizadas. Nuestras bolsas para l\u00edquidos OEM de f\u00e1brica cuentan con un c\u00f3modo pico vertedor y una base autoportante, admiten una impresi\u00f3n exquisita de hasta 10 colores en ambas caras y est\u00e1n dise\u00f1adas espec\u00edficamente para productos de limpieza seguros y naturales.<\/p>\n<table style=\"border-collapse: collapse; width: 365.02pt;\" border=\"0\" width=\"365\" cellspacing=\"0\" cellpadding=\"0\">\n<tbody>\n<tr style=\"height: 16.00pt;\">\n<td class=\"et2\" style=\"height: 16.00pt; width: 97.50pt;\" width=\"97\" height=\"16\">Fabricante<\/td>\n<td class=\"et2\" style=\"width: 267.50pt;\" width=\"267\">Stanley<\/td>\n<\/tr>\n<tr style=\"height: 16.00pt;\">\n<td class=\"et2\" style=\"height: 16.00pt; width: 97.50pt;\" width=\"97\" height=\"16\">Tipos de bolsas<\/td>\n<td class=\"et2\" style=\"width: 267.50pt;\" width=\"267\">Bolsa de ca\u00f1o, Bolsa de pie<\/td>\n<\/tr>\n<tr style=\"height: 16.00pt;\">\n<td class=\"et2\" style=\"height: 16.00pt; width: 97.50pt;\" width=\"97\" height=\"16\">Material<\/td>\n<td class=\"et2\" style=\"width: 267.50pt;\" width=\"267\">PET12\/BOPA15\/MBPE100<\/td>\n<\/tr>\n<tr style=\"height: 16.00pt;\">\n<td class=\"et2\" style=\"height: 16.00pt; width: 97.50pt;\" width=\"97\" height=\"16\">Reportaje especial<\/td>\n<td class=\"et2\" style=\"width: 267.50pt;\" width=\"267\">Vertedor, fondo autoportante<\/td>\n<\/tr>\n<tr style=\"height: 16.00pt;\">\n<td class=\"et2\" style=\"height: 16.00pt; width: 97.50pt;\" width=\"97\" height=\"16\">Manipulaci\u00f3n de superficies<\/td>\n<td class=\"et2\" style=\"width: 267.50pt;\" width=\"267\">Impresi\u00f3n en huecograbado<\/td>\n<\/tr>\n<tr style=\"height: 16.00pt;\">\n<td class=\"et2\" style=\"height: 16.00pt; width: 97.50pt;\" width=\"97\" height=\"16\">Color<\/td>\n<td class=\"et2\" style=\"width: 267.50pt;\" width=\"267\">Impresi\u00f3n a doble cara, hasta 10 colores<\/td>\n<\/tr>\n<tr style=\"height: 16.00pt;\">\n<td class=\"et2\" style=\"height: 16.00pt; width: 97.50pt;\" width=\"97\" height=\"16\">Material<\/td>\n<td class=\"et2\" style=\"width: 267.50pt;\" width=\"267\">Detergente, detergente en polvo, suavizante<\/td>\n<\/tr>\n<tr style=\"height: 16.00pt;\">\n<td class=\"et2\" style=\"height: 16.00pt; width: 97.50pt;\" width=\"97\" height=\"16\">MOQ<\/td>\n<td class=\"et2\" style=\"width: 267.50pt;\" width=\"267\">50.000 unidades<\/td>\n<\/tr>\n<tr style=\"height: 16.00pt;\">\n<td class=\"et2\" style=\"height: 16.00pt; width: 97.50pt;\" width=\"97\" height=\"16\">Pedido a medida<\/td>\n<td class=\"et2\" style=\"width: 267.50pt;\" width=\"267\">Acepta OEM , Soporte Muestra gratis<\/td>\n<\/tr>\n<\/tbody>\n<\/table>","protected":false},"featured_media":4047,"comment_status":"closed","ping_status":"closed","template":"","meta":{"_acf_changed":false},"product_brand":[],"product_cat":[32],"product_tag":[],"class_list":{"0":"post-4043","1":"product","2":"type-product","3":"status-publish","4":"has-post-thumbnail","6":"product_cat-spout-pouch-manufacturer","7":"pa_non-food-packaging-soap-detergent-pouches","9":"first","10":"instock","11":"shipping-taxable","12":"product-type-simple"},"acf":[],"_links":{"self":[{"href":"https:\/\/www.stanleypackage.com\/es\/wp-json\/wp\/v2\/product\/4043","targetHints":{"allow":["GET"]}}],"collection":[{"href":"https:\/\/www.stanleypackage.com\/es\/wp-json\/wp\/v2\/product"}],"about":[{"href":"https:\/\/www.stanleypackage.com\/es\/wp-json\/wp\/v2\/types\/product"}],"replies":[{"embeddable":true,"href":"https:\/\/www.stanleypackage.com\/es\/wp-json\/wp\/v2\/comments?post=4043"}],"wp:featuredmedia":[{"embeddable":true,"href":"https:\/\/www.stanleypackage.com\/es\/wp-json\/wp\/v2\/media\/4047"}],"wp:attachment":[{"href":"https:\/\/www.stanleypackage.com\/es\/wp-json\/wp\/v2\/media?parent=4043"}],"wp:term":[{"taxonomy":"product_brand","embeddable":true,"href":"https:\/\/www.stanleypackage.com\/es\/wp-json\/wp\/v2\/product_brand?post=4043"},{"taxonomy":"product_cat","embeddable":true,"href":"https:\/\/www.stanleypackage.com\/es\/wp-json\/wp\/v2\/product_cat?post=4043"},{"taxonomy":"product_tag","embeddable":true,"href":"https:\/\/www.stanleypackage.com\/es\/wp-json\/wp\/v2\/product_tag?post=4043"}],"curies":[{"name":"wp","href":"https:\/\/api.w.org\/{rel}","templated":true}]}}