{"id":4051,"date":"2025-12-05T03:53:01","date_gmt":"2025-12-05T03:53:01","guid":{"rendered":"https:\/\/www.stanleypackage.com\/?post_type=product&#038;p=4051"},"modified":"2025-12-05T03:53:08","modified_gmt":"2025-12-05T03:53:08","slug":"kraft-stand-up-pouches-wholesale","status":"publish","type":"product","link":"https:\/\/www.stanleypackage.com\/es\/product\/kraft-stand-up-pouches-wholesale\/","title":{"rendered":"Bolsas Kraft al por mayor con ventana para alimentos"},"content":{"rendered":"<div class=\"wp-block-columns is-layout-flex wp-container-core-columns-is-layout-9d6595d7 wp-block-columns-is-layout-flex\">\n<div class=\"wp-block-column is-layout-flow wp-block-column-is-layout-flow\">\n<h2 class=\"wp-block-heading\">Caracter\u00edsticas de las Bolsas Kraft Stand Up al por mayor<\/h2>\n\n\n\n<ul class=\"wp-block-list\">\n<li><strong>Natural y ecol\u00f3gico con textura de alta calidad: <\/strong>Nuestras bolsas kraft stand up al por mayor utilizan papel kraft resistente para la capa exterior, mientras que la capa de BOPP mate confiere a la bolsa una textura elegante y resistencia al desgaste, mejorando eficazmente la imagen de marca.<\/li>\n\n\n\n<li><strong>Ventana de alta definici\u00f3n para una visualizaci\u00f3n n\u00edtida: <\/strong>El dise\u00f1o de gran ventana transparente en la parte frontal de nuestras bolsas kraft personalizadas permite ver claramente el contenido, lo que permite a los consumidores evaluar intuitivamente la calidad sin abrir la bolsa, estimulando eficazmente el deseo de compra y la confianza.<\/li>\n\n\n\n<li><strong>Sellado seguro y uso c\u00f3modo: <\/strong>La pel\u00edcula CPP interior de nuestras bolsas kraft stand up al por mayor proporciona un excelente rendimiento de termosellado, garantizando un envasado seguro. La cremallera resellable de la parte superior permite m\u00faltiples usos, evitando eficazmente la humedad, conservando el aroma y manteniendo la frescura de los alimentos.<\/li>\n\n\n\n<li><strong>Excelente aplicabilidad en estanter\u00edas: <\/strong>Nuestras bolsas kraft stand up al por mayor se mantienen en pie de forma estable, ahorrando espacio de exposici\u00f3n y encajando perfectamente en las estanter\u00edas de los supermercados.<\/li>\n\n\n\n<li><strong>Amplia gama de aplicaciones alimentarias y personalizaci\u00f3n eficaz: <\/strong>Estas bolsas kraft personalizadas est\u00e1n dise\u00f1adas espec\u00edficamente para alimentos secos, perfectamente adecuadas para diversas categor\u00edas como cereales, caramelos, aperitivos, t\u00e9 y especias, como se muestra en las im\u00e1genes. Como producto OEM\/mayorista, se admite la personalizaci\u00f3n flexible.<\/li>\n<\/ul>\n\n\n\n<div class=\"wp-block-columns is-layout-flex wp-container-core-columns-is-layout-9d6595d7 wp-block-columns-is-layout-flex\">\n<div class=\"wp-block-column is-layout-flow wp-block-column-is-layout-flow\">\n<figure class=\"wp-block-image size-full\"><img decoding=\"async\" width=\"694\" height=\"669\" src=\"https:\/\/www.stanleypackage.com\/wp-content\/uploads\/2025\/12\/Wholesale-Kraft-Pouches-With-Zipper-Custom-Stand-Up-Pouch-4.webp\" alt=\"Bolsas Kraft al por mayor con ventana para alimentos\" class=\"wp-image-4056\" srcset=\"https:\/\/www.stanleypackage.com\/wp-content\/uploads\/2025\/12\/Wholesale-Kraft-Pouches-With-Zipper-Custom-Stand-Up-Pouch-4.webp 694w, https:\/\/www.stanleypackage.com\/wp-content\/uploads\/2025\/12\/Wholesale-Kraft-Pouches-With-Zipper-Custom-Stand-Up-Pouch-4-300x289.webp 300w, https:\/\/www.stanleypackage.com\/wp-content\/uploads\/2025\/12\/Wholesale-Kraft-Pouches-With-Zipper-Custom-Stand-Up-Pouch-4-12x12.webp 12w, https:\/\/www.stanleypackage.com\/wp-content\/uploads\/2025\/12\/Wholesale-Kraft-Pouches-With-Zipper-Custom-Stand-Up-Pouch-4-600x578.webp 600w\" sizes=\"(max-width: 694px) 100vw, 694px\" \/><\/figure>\n<\/div>\n\n\n\n<div class=\"wp-block-column is-layout-flow wp-block-column-is-layout-flow\">\n<figure class=\"wp-block-image size-full\"><img decoding=\"async\" width=\"694\" height=\"669\" src=\"https:\/\/www.stanleypackage.com\/wp-content\/uploads\/2025\/12\/Wholesale-Kraft-Pouches-With-Zipper-Custom-Stand-Up-Pouch-5.webp\" alt=\"\" class=\"wp-image-4053\" srcset=\"https:\/\/www.stanleypackage.com\/wp-content\/uploads\/2025\/12\/Wholesale-Kraft-Pouches-With-Zipper-Custom-Stand-Up-Pouch-5.webp 694w, https:\/\/www.stanleypackage.com\/wp-content\/uploads\/2025\/12\/Wholesale-Kraft-Pouches-With-Zipper-Custom-Stand-Up-Pouch-5-300x289.webp 300w, https:\/\/www.stanleypackage.com\/wp-content\/uploads\/2025\/12\/Wholesale-Kraft-Pouches-With-Zipper-Custom-Stand-Up-Pouch-5-12x12.webp 12w, https:\/\/www.stanleypackage.com\/wp-content\/uploads\/2025\/12\/Wholesale-Kraft-Pouches-With-Zipper-Custom-Stand-Up-Pouch-5-600x578.webp 600w\" sizes=\"(max-width: 694px) 100vw, 694px\" \/><\/figure>\n<\/div>\n<\/div>\n<\/div>\n<\/div>","protected":false},"excerpt":{"rendered":"<p>Bienvenido a pedir bolsas kraft personalizadas. Nuestro kraft de pie bolsas por mayor con ventana transparente puede utilizarse para empacar todo tipo de alimentos secos como granos, nueces, aperitivos, t\u00e9, dulces y condimentos, hace que nuestra textura natural combinada con la protecci\u00f3n.<\/p>\n<table style=\"border-collapse: collapse; width: 365.02pt;\" border=\"0\" width=\"365\" cellspacing=\"0\" cellpadding=\"0\">\n<tbody>\n<tr style=\"height: 16.00pt;\">\n<td class=\"et2\" style=\"height: 16.00pt; width: 97.50pt;\" width=\"97\" height=\"16\">Fabricante<\/td>\n<td class=\"et2\" style=\"width: 267.50pt;\" width=\"267\">Stanley<\/td>\n<\/tr>\n<tr style=\"height: 16.00pt;\">\n<td class=\"et2\" style=\"height: 16.00pt; width: 97.50pt;\" width=\"97\" height=\"16\">Tipos de bolsas<\/td>\n<td class=\"et3\">Bolsa de pie, Bolsa con cremallera<\/td>\n<\/tr>\n<tr style=\"height: 16.00pt;\">\n<td class=\"et2\" style=\"height: 16.00pt; width: 97.50pt;\" width=\"97\" height=\"16\">Material<\/td>\n<td class=\"et2\" style=\"width: 267.50pt;\" width=\"267\">Papel Kraft, Bopp, CPP<\/td>\n<\/tr>\n<tr style=\"height: 16.00pt;\">\n<td class=\"et2\" style=\"height: 16.00pt; width: 97.50pt;\" width=\"97\" height=\"16\">Reportaje especial<\/td>\n<td class=\"et2\" style=\"width: 267.50pt;\" width=\"267\">De pie, cremallera, ventanas practicables<\/td>\n<\/tr>\n<tr style=\"height: 16.00pt;\">\n<td class=\"et2\" style=\"height: 16.00pt; width: 97.50pt;\" width=\"97\" height=\"16\">Manipulaci\u00f3n de superficies<\/td>\n<td class=\"et2\" style=\"width: 267.50pt;\" width=\"267\">Impresi\u00f3n en huecograbado<\/td>\n<\/tr>\n<tr style=\"height: 16.00pt;\">\n<td class=\"et2\" style=\"height: 16.00pt; width: 97.50pt;\" width=\"97\" height=\"16\">Color<\/td>\n<td class=\"et2\" style=\"width: 267.50pt;\" width=\"267\">Impresi\u00f3n a doble cara, hasta 10 colores<\/td>\n<\/tr>\n<tr style=\"height: 16.00pt;\">\n<td class=\"et2\" style=\"height: 16.00pt; width: 97.50pt;\" width=\"97\" height=\"16\">Utilizaci\u00f3n<\/td>\n<td class=\"et2\" style=\"width: 267.50pt;\" width=\"267\">Caramelos, Aperitivos, Frutos Secos, Gelatina<\/td>\n<\/tr>\n<tr style=\"height: 16.00pt;\">\n<td class=\"et2\" style=\"height: 16.00pt; width: 97.50pt;\" width=\"97\" height=\"16\">MOQ<\/td>\n<td class=\"et2\" style=\"width: 267.50pt;\" width=\"267\">50.000 unidades<\/td>\n<\/tr>\n<tr style=\"height: 16.00pt;\">\n<td class=\"et2\" style=\"height: 16.00pt; width: 97.50pt;\" width=\"97\" height=\"16\">Pedido a medida<\/td>\n<td class=\"et2\" style=\"width: 267.50pt;\" width=\"267\">Aceptamos OEM, Soporte Muestra gratis<\/td>\n<\/tr>\n<\/tbody>\n<\/table>\n<p>&nbsp;<\/p>","protected":false},"featured_media":4054,"comment_status":"closed","ping_status":"closed","template":"","meta":{"_acf_changed":false},"product_brand":[],"product_cat":[30,18],"product_tag":[],"class_list":{"0":"post-4051","1":"product","2":"type-product","3":"status-publish","4":"has-post-thumbnail","6":"product_cat-stand-up-pouch-manufacturer","7":"product_cat-zipper-pouch-manufacturer","8":"pa_food-packaging-tea-pouch-packaging","9":"pa_food-packaging-snack-food-pouch","10":"pa_material-kraft-paper","12":"first","13":"instock","14":"shipping-taxable","15":"product-type-simple"},"acf":[],"_links":{"self":[{"href":"https:\/\/www.stanleypackage.com\/es\/wp-json\/wp\/v2\/product\/4051","targetHints":{"allow":["GET"]}}],"collection":[{"href":"https:\/\/www.stanleypackage.com\/es\/wp-json\/wp\/v2\/product"}],"about":[{"href":"https:\/\/www.stanleypackage.com\/es\/wp-json\/wp\/v2\/types\/product"}],"replies":[{"embeddable":true,"href":"https:\/\/www.stanleypackage.com\/es\/wp-json\/wp\/v2\/comments?post=4051"}],"wp:featuredmedia":[{"embeddable":true,"href":"https:\/\/www.stanleypackage.com\/es\/wp-json\/wp\/v2\/media\/4054"}],"wp:attachment":[{"href":"https:\/\/www.stanleypackage.com\/es\/wp-json\/wp\/v2\/media?parent=4051"}],"wp:term":[{"taxonomy":"product_brand","embeddable":true,"href":"https:\/\/www.stanleypackage.com\/es\/wp-json\/wp\/v2\/product_brand?post=4051"},{"taxonomy":"product_cat","embeddable":true,"href":"https:\/\/www.stanleypackage.com\/es\/wp-json\/wp\/v2\/product_cat?post=4051"},{"taxonomy":"product_tag","embeddable":true,"href":"https:\/\/www.stanleypackage.com\/es\/wp-json\/wp\/v2\/product_tag?post=4051"}],"curies":[{"name":"wp","href":"https:\/\/api.w.org\/{rel}","templated":true}]}}