{"id":4060,"date":"2025-12-05T03:40:57","date_gmt":"2025-12-05T03:40:57","guid":{"rendered":"https:\/\/www.stanleypackage.com\/?post_type=product&#038;p=4060"},"modified":"2025-12-05T03:41:04","modified_gmt":"2025-12-05T03:41:04","slug":"custom-cup-sealer-film","status":"publish","type":"product","link":"https:\/\/www.stanleypackage.com\/es\/product\/custom-cup-sealer-film\/","title":{"rendered":"Pel\u00edcula de sellado de vasos a medida, Pel\u00edcula en rollo para sellar vasos de gelatina de pl\u00e1stico"},"content":{"rendered":"<div class=\"wp-block-columns is-layout-flex wp-container-core-columns-is-layout-9d6595d7 wp-block-columns-is-layout-flex\">\n<div class=\"wp-block-column is-layout-flow wp-block-column-is-layout-flow\">\n<h2 class=\"wp-block-heading\">Caracter\u00edsticas del film sellador de vasos a medida<\/h2>\n\n\n\n<ul class=\"wp-block-list\">\n<li><strong>Excelentes propiedades de barrera y conservaci\u00f3n de la frescura: <\/strong>Esta pel\u00edcula selladora de vasos a la medida esta hecha de material laminado BOPA15\/MBPE105 con alta resistencia a la tensi\u00f3n y alta barrera al ox\u00edgeno. Puede bloquear la penetraci\u00f3n de ox\u00edgeno y vapor de agua, y evitar que el aroma de los productos se disperse, por lo que la frescura y la calidad de la gelatina, crema y alimentos en gr\u00e1nulos se pueden mantener durante un largo per\u00edodo de tiempo.<\/li>\n\n\n\n<li><strong>Personalizaci\u00f3n de patrones de alta definici\u00f3n y colorido:<\/strong> Nuestra pel\u00edcula termosellable OEM permite la impresi\u00f3n de alta definici\u00f3n con colores brillantes y saturados, que pueden mostrar perfectamente dise\u00f1os complicados incluyendo LOGO, patr\u00f3n de producto y texto funcional, aumentando el impacto directo en el atractivo visual y el reconocimiento de marca de los productos envasados en los estantes.<\/li>\n\n\n\n<li><strong>Sellado seguro y c\u00f3moda experiencia de apertura: <\/strong>Nuestra pel\u00edcula selladora de vasos a medida tiene un excelente rendimiento de sellado t\u00e9rmico, formando un sello fuerte y suave con materiales de vasos comunes como PP\/PE, previniendo eficazmente las fugas. Al mismo tiempo, el dise\u00f1o f\u00e1cil de rasgar permite a los consumidores abrir el envase de forma f\u00e1cil y ordenada, proporcionando una experiencia de uso c\u00f3moda e higi\u00e9nica.<\/li>\n\n\n\n<li><strong>Adaptaci\u00f3n eficaz a la producci\u00f3n automatizada: <\/strong>Nuestra pel\u00edcula termosellable OEM se suministra en forma de rollo, adapt\u00e1ndose perfectamente a las l\u00edneas de producci\u00f3n autom\u00e1ticas de llenado y sellado de alta velocidad, logrando un funcionamiento integrado y eficiente desde el llenado y la aplicaci\u00f3n de la pel\u00edcula hasta el corte, mejorando significativamente la eficiencia de la producci\u00f3n y satisfaciendo las necesidades de producci\u00f3n a gran escala y en masa.<\/li>\n\n\n\n<li><strong>Amplia gama de adaptabilidad de aplicaciones:<\/strong> Nuestro material de pel\u00edcula para sellado de vasos a medida es seguro y fiable, adecuado para el envasado y sellado de diversos contenidos, como alimentos (por ejemplo, gelatina, postres, envasado de condimentos) y productos qu\u00edmicos de uso diario (por ejemplo, protector solar, loci\u00f3n, envasado de champ\u00fa).<\/li>\n<\/ul>\n\n\n\n<div class=\"wp-block-columns is-layout-flex wp-container-core-columns-is-layout-9d6595d7 wp-block-columns-is-layout-flex\">\n<div class=\"wp-block-column is-layout-flow wp-block-column-is-layout-flow\">\n<figure class=\"wp-block-image size-full\"><img decoding=\"async\" width=\"750\" height=\"750\" src=\"https:\/\/www.stanleypackage.com\/wp-content\/uploads\/2025\/12\/Custom-Cup-Sealing-Film-Wholesale-Jelly-Cup-Lidding-Films-5.webp\" alt=\"\" class=\"wp-image-4061\" srcset=\"https:\/\/www.stanleypackage.com\/wp-content\/uploads\/2025\/12\/Custom-Cup-Sealing-Film-Wholesale-Jelly-Cup-Lidding-Films-5.webp 750w, https:\/\/www.stanleypackage.com\/wp-content\/uploads\/2025\/12\/Custom-Cup-Sealing-Film-Wholesale-Jelly-Cup-Lidding-Films-5-300x300.webp 300w, https:\/\/www.stanleypackage.com\/wp-content\/uploads\/2025\/12\/Custom-Cup-Sealing-Film-Wholesale-Jelly-Cup-Lidding-Films-5-150x150.webp 150w, https:\/\/www.stanleypackage.com\/wp-content\/uploads\/2025\/12\/Custom-Cup-Sealing-Film-Wholesale-Jelly-Cup-Lidding-Films-5-12x12.webp 12w, https:\/\/www.stanleypackage.com\/wp-content\/uploads\/2025\/12\/Custom-Cup-Sealing-Film-Wholesale-Jelly-Cup-Lidding-Films-5-600x600.webp 600w, https:\/\/www.stanleypackage.com\/wp-content\/uploads\/2025\/12\/Custom-Cup-Sealing-Film-Wholesale-Jelly-Cup-Lidding-Films-5-100x100.webp 100w\" sizes=\"(max-width: 750px) 100vw, 750px\" \/><\/figure>\n<\/div>\n\n\n\n<div class=\"wp-block-column is-layout-flow wp-block-column-is-layout-flow\">\n<figure class=\"wp-block-image size-full\"><img decoding=\"async\" width=\"750\" height=\"750\" src=\"https:\/\/www.stanleypackage.com\/wp-content\/uploads\/2025\/12\/Custom-Cup-Sealing-Film-Wholesale-Jelly-Cup-Lidding-Films.webp\" alt=\"\" class=\"wp-image-4062\" srcset=\"https:\/\/www.stanleypackage.com\/wp-content\/uploads\/2025\/12\/Custom-Cup-Sealing-Film-Wholesale-Jelly-Cup-Lidding-Films.webp 750w, https:\/\/www.stanleypackage.com\/wp-content\/uploads\/2025\/12\/Custom-Cup-Sealing-Film-Wholesale-Jelly-Cup-Lidding-Films-300x300.webp 300w, https:\/\/www.stanleypackage.com\/wp-content\/uploads\/2025\/12\/Custom-Cup-Sealing-Film-Wholesale-Jelly-Cup-Lidding-Films-150x150.webp 150w, https:\/\/www.stanleypackage.com\/wp-content\/uploads\/2025\/12\/Custom-Cup-Sealing-Film-Wholesale-Jelly-Cup-Lidding-Films-12x12.webp 12w, https:\/\/www.stanleypackage.com\/wp-content\/uploads\/2025\/12\/Custom-Cup-Sealing-Film-Wholesale-Jelly-Cup-Lidding-Films-600x600.webp 600w, https:\/\/www.stanleypackage.com\/wp-content\/uploads\/2025\/12\/Custom-Cup-Sealing-Film-Wholesale-Jelly-Cup-Lidding-Films-100x100.webp 100w\" sizes=\"(max-width: 750px) 100vw, 750px\" \/><\/figure>\n<\/div>\n<\/div>\n<\/div>\n<\/div>","protected":false},"excerpt":{"rendered":"<p>Le damos la bienvenida al pedido de pel\u00edcula termosellable para vasos personalizada. Nuestra pel\u00edcula termosellable OEM es adecuada para el cierre de envases de pl\u00e1stico para vasos de gelatina, vasos de postre, vaso dispensador de crema. Junto con la t\u00e9cnica de impresi\u00f3n de alta precisi\u00f3n, podemos ofrecer diversos patrones personalizados.<\/p>\n<table style=\"border-collapse: collapse; width: 327.77pt;\" border=\"0\" width=\"437\" cellspacing=\"0\" cellpadding=\"0\">\n<tbody>\n<tr style=\"height: 12.75pt;\">\n<td class=\"et2\" style=\"height: 12.75pt; width: 91.40pt;\" width=\"121\" height=\"17\">Fabricante<\/td>\n<td class=\"et2\" style=\"width: 237.00pt;\" width=\"316\">Stanley<\/td>\n<\/tr>\n<tr style=\"height: 12.75pt;\">\n<td class=\"et2\" style=\"height: 12.75pt; width: 91.40pt;\" width=\"121\" height=\"17\">Tipos de bolsas<\/td>\n<td class=\"et3\">Film de sellado para vasos<\/td>\n<\/tr>\n<tr style=\"height: 12.75pt;\">\n<td class=\"et2\" style=\"height: 12.75pt; width: 91.40pt;\" width=\"121\" height=\"17\">Material<\/td>\n<td class=\"et2\" style=\"width: 237.00pt;\" width=\"316\">BOPA15\/MBPE105<\/td>\n<\/tr>\n<tr style=\"height: 12.75pt;\">\n<td class=\"et2\" style=\"height: 12.75pt; width: 91.40pt;\" width=\"121\" height=\"17\">Reportaje especial<\/td>\n<td class=\"et2\" style=\"width: 237.00pt;\" width=\"316\">Envasado autom\u00e1tico<\/td>\n<\/tr>\n<tr style=\"height: 12.75pt;\">\n<td class=\"et2\" style=\"height: 12.75pt; width: 91.40pt;\" width=\"121\" height=\"17\">Manipulaci\u00f3n de superficies<\/td>\n<td class=\"et2\" style=\"width: 237.00pt;\" width=\"316\">Impresi\u00f3n en huecograbado<\/td>\n<\/tr>\n<tr style=\"height: 12.75pt;\">\n<td class=\"et2\" style=\"height: 12.75pt; width: 91.40pt;\" width=\"121\" height=\"17\">Color<\/td>\n<td class=\"et2\" style=\"width: 237.00pt;\" width=\"316\">Hasta 10 colores<\/td>\n<\/tr>\n<tr style=\"height: 12.75pt;\">\n<td class=\"et2\" style=\"height: 12.75pt; width: 91.40pt;\" width=\"121\" height=\"17\">Utilizaci\u00f3n<\/td>\n<td class=\"et3\">Taza de gelatina, Taza de t\u00e9 de burbujas<\/td>\n<\/tr>\n<tr style=\"height: 12.75pt;\">\n<td class=\"et2\" style=\"height: 12.75pt; width: 91.40pt;\" width=\"121\" height=\"17\">MOQ<\/td>\n<td class=\"et2\" style=\"width: 237.00pt;\" width=\"316\">50.000 unidades<\/td>\n<\/tr>\n<tr style=\"height: 12.75pt;\">\n<td class=\"et2\" style=\"height: 12.75pt; width: 91.40pt;\" width=\"121\" height=\"17\">Pedido a medida<\/td>\n<td class=\"et2\" style=\"width: 237.00pt;\" width=\"316\">Aceptamos OEM, Soporte Muestra gratis<\/td>\n<\/tr>\n<\/tbody>\n<\/table>","protected":false},"featured_media":4063,"comment_status":"closed","ping_status":"closed","template":"","meta":{"_acf_changed":false},"product_brand":[],"product_cat":[26,25],"product_tag":[],"class_list":{"0":"post-4060","1":"product","2":"type-product","3":"status-publish","4":"has-post-thumbnail","6":"product_cat-packaging-film-manufacturer","7":"product_cat-lidding-film-manufacturer","8":"pa_food-packaging-snack-food-pouch","10":"first","11":"instock","12":"shipping-taxable","13":"product-type-simple"},"acf":[],"_links":{"self":[{"href":"https:\/\/www.stanleypackage.com\/es\/wp-json\/wp\/v2\/product\/4060","targetHints":{"allow":["GET"]}}],"collection":[{"href":"https:\/\/www.stanleypackage.com\/es\/wp-json\/wp\/v2\/product"}],"about":[{"href":"https:\/\/www.stanleypackage.com\/es\/wp-json\/wp\/v2\/types\/product"}],"replies":[{"embeddable":true,"href":"https:\/\/www.stanleypackage.com\/es\/wp-json\/wp\/v2\/comments?post=4060"}],"wp:featuredmedia":[{"embeddable":true,"href":"https:\/\/www.stanleypackage.com\/es\/wp-json\/wp\/v2\/media\/4063"}],"wp:attachment":[{"href":"https:\/\/www.stanleypackage.com\/es\/wp-json\/wp\/v2\/media?parent=4060"}],"wp:term":[{"taxonomy":"product_brand","embeddable":true,"href":"https:\/\/www.stanleypackage.com\/es\/wp-json\/wp\/v2\/product_brand?post=4060"},{"taxonomy":"product_cat","embeddable":true,"href":"https:\/\/www.stanleypackage.com\/es\/wp-json\/wp\/v2\/product_cat?post=4060"},{"taxonomy":"product_tag","embeddable":true,"href":"https:\/\/www.stanleypackage.com\/es\/wp-json\/wp\/v2\/product_tag?post=4060"}],"curies":[{"name":"wp","href":"https:\/\/api.w.org\/{rel}","templated":true}]}}