{"id":4067,"date":"2025-12-05T03:09:11","date_gmt":"2025-12-05T03:09:11","guid":{"rendered":"https:\/\/www.stanleypackage.com\/?post_type=product&#038;p=4067"},"modified":"2025-12-05T03:09:17","modified_gmt":"2025-12-05T03:09:17","slug":"custom-heat-shrink-sleeves","status":"publish","type":"product","link":"https:\/\/www.stanleypackage.com\/es\/product\/custom-heat-shrink-sleeves\/","title":{"rendered":"Mayorista Fundas Termorretr\u00e1ctiles Personalizadas Para Frascos De Champ\u00fa"},"content":{"rendered":"<div class=\"wp-block-columns is-layout-flex wp-container-core-columns-is-layout-9d6595d7 wp-block-columns-is-layout-flex\">\n<div class=\"wp-block-column is-layout-flow wp-block-column-is-layout-flow\">\n<h2 class=\"wp-block-heading\">Caracter\u00edsticas de los manguitos termorretr\u00e1ctiles personalizados<\/h2>\n\n\n\n<ul class=\"wp-block-list\">\n<li><strong>Excelente efecto decorativo y presentaci\u00f3n de marca: <\/strong>La tecnolog\u00eda de impresi\u00f3n de alta definici\u00f3n de nuestras fundas termorretr\u00e1ctiles personalizadas reproduce con precisi\u00f3n patrones complejos, degradados y textos peque\u00f1os, lo que confiere a la botella un aspecto visual vibrante y de alta calidad y mejora enormemente el atractivo del producto en el estante.<\/li>\n\n\n\n<li><strong>Adaptabilidad superior de la botella: <\/strong>Este film retr\u00e1ctil OEM al por mayor utiliza material PET con un alto \u00edndice de retracci\u00f3n, lo que le permite encogerse de forma ajustada y suave alrededor de botellas de diferentes formas tras el calentamiento, mejorando la calidad general del envasado.<\/li>\n\n\n\n<li><strong>Potente comunicaci\u00f3n de informaci\u00f3n sobre productos y puntos de venta: <\/strong>Nuestras fundas termorretr\u00e1ctiles personalizadas proporcionan una superficie de impresi\u00f3n continua de 360 grados, lo que permite una visualizaci\u00f3n completa de la historia de la marca, informaci\u00f3n sobre ingredientes, ventajas de uso e informaci\u00f3n multiling\u00fce, convirti\u00e9ndose en un medio clave para comunicarse con los consumidores.<\/li>\n\n\n\n<li><strong>Funci\u00f3n antifalsificaci\u00f3n y antimanipulaci\u00f3n:<\/strong> Como etiqueta de envasado de un solo uso, nuestras fundas termorretr\u00e1ctiles personalizadas, una vez da\u00f1adas, no pueden restaurarse, impidiendo eficazmente que los productos se abran o manipulen, protegiendo tanto los intereses de la marca como los del consumidor. A menudo se combinan con tapones de botella para conseguir funciones antirrobo y de inviolabilidad.<\/li>\n\n\n\n<li><strong>Producci\u00f3n eficiente y potencial medioambiental: <\/strong>Nuestras mangas termorretr\u00e1ctiles personalizadas son adecuadas para l\u00edneas de producci\u00f3n de etiquetado automatizadas de alta velocidad, lo que mejora la eficacia del envasado. El material PET es reciclable, lo que se ajusta a las tendencias de envasado respetuoso con el medio ambiente y ayuda a las marcas a construir una imagen social ecol\u00f3gica y responsable.<\/li>\n<\/ul>\n\n\n\n<div class=\"wp-block-columns is-layout-flex wp-container-core-columns-is-layout-9d6595d7 wp-block-columns-is-layout-flex\">\n<div class=\"wp-block-column is-layout-flow wp-block-column-is-layout-flow\">\n<figure class=\"wp-block-image size-full\"><img decoding=\"async\" width=\"2079\" height=\"2035\" src=\"https:\/\/www.stanleypackage.com\/wp-content\/uploads\/2025\/12\/Custom-Printed-Heat-Shrink-Sleeves-PET-Shrink-Film-For-Bottles-3.webp\" alt=\"\" class=\"wp-image-4068\" srcset=\"https:\/\/www.stanleypackage.com\/wp-content\/uploads\/2025\/12\/Custom-Printed-Heat-Shrink-Sleeves-PET-Shrink-Film-For-Bottles-3.webp 2079w, https:\/\/www.stanleypackage.com\/wp-content\/uploads\/2025\/12\/Custom-Printed-Heat-Shrink-Sleeves-PET-Shrink-Film-For-Bottles-3-300x294.webp 300w, https:\/\/www.stanleypackage.com\/wp-content\/uploads\/2025\/12\/Custom-Printed-Heat-Shrink-Sleeves-PET-Shrink-Film-For-Bottles-3-768x752.webp 768w, https:\/\/www.stanleypackage.com\/wp-content\/uploads\/2025\/12\/Custom-Printed-Heat-Shrink-Sleeves-PET-Shrink-Film-For-Bottles-3-12x12.webp 12w, https:\/\/www.stanleypackage.com\/wp-content\/uploads\/2025\/12\/Custom-Printed-Heat-Shrink-Sleeves-PET-Shrink-Film-For-Bottles-3-1200x1175.webp 1200w, https:\/\/www.stanleypackage.com\/wp-content\/uploads\/2025\/12\/Custom-Printed-Heat-Shrink-Sleeves-PET-Shrink-Film-For-Bottles-3-600x587.webp 600w\" sizes=\"(max-width: 2079px) 100vw, 2079px\" \/><\/figure>\n<\/div>\n\n\n\n<div class=\"wp-block-column is-layout-flow wp-block-column-is-layout-flow\">\n<figure class=\"wp-block-image size-full\"><img decoding=\"async\" width=\"2079\" height=\"2035\" src=\"https:\/\/www.stanleypackage.com\/wp-content\/uploads\/2025\/12\/Custom-Printed-Heat-Shrink-Sleeves-PET-Shrink-Film-For-Bottles.webp\" alt=\"\" class=\"wp-image-4069\" srcset=\"https:\/\/www.stanleypackage.com\/wp-content\/uploads\/2025\/12\/Custom-Printed-Heat-Shrink-Sleeves-PET-Shrink-Film-For-Bottles.webp 2079w, https:\/\/www.stanleypackage.com\/wp-content\/uploads\/2025\/12\/Custom-Printed-Heat-Shrink-Sleeves-PET-Shrink-Film-For-Bottles-300x294.webp 300w, https:\/\/www.stanleypackage.com\/wp-content\/uploads\/2025\/12\/Custom-Printed-Heat-Shrink-Sleeves-PET-Shrink-Film-For-Bottles-768x752.webp 768w, https:\/\/www.stanleypackage.com\/wp-content\/uploads\/2025\/12\/Custom-Printed-Heat-Shrink-Sleeves-PET-Shrink-Film-For-Bottles-12x12.webp 12w, https:\/\/www.stanleypackage.com\/wp-content\/uploads\/2025\/12\/Custom-Printed-Heat-Shrink-Sleeves-PET-Shrink-Film-For-Bottles-1200x1175.webp 1200w, https:\/\/www.stanleypackage.com\/wp-content\/uploads\/2025\/12\/Custom-Printed-Heat-Shrink-Sleeves-PET-Shrink-Film-For-Bottles-600x587.webp 600w\" sizes=\"(max-width: 2079px) 100vw, 2079px\" \/><\/figure>\n<\/div>\n<\/div>\n<\/div>\n<\/div>","protected":false},"excerpt":{"rendered":"<p>Bienvenido al pedido de fundas termorretr\u00e1ctiles personalizadas. Estas pel\u00edculas retr\u00e1ctiles de PET est\u00e1n dise\u00f1adas espec\u00edficamente para envasar botellas de productos qu\u00edmicos de uso diario, como champ\u00fas, acondicionadores y geles de ducha. Fabricadas con film PET de alta retracci\u00f3n y utilizando tecnolog\u00eda de impresi\u00f3n de alta definici\u00f3n, se ajustan perfectamente a diversas botellas de forma irregular.<\/p>\n<table style=\"border-collapse: collapse; width: 365.02pt;\" border=\"0\" width=\"365\" cellspacing=\"0\" cellpadding=\"0\">\n<tbody>\n<tr style=\"height: 16.00pt;\">\n<td class=\"et2\" style=\"height: 16.00pt; width: 97.50pt;\" width=\"97\" height=\"16\">Fabricante<\/td>\n<td class=\"et2\" style=\"width: 267.50pt;\" width=\"267\">Stanley<\/td>\n<\/tr>\n<tr style=\"height: 16.00pt;\">\n<td class=\"et2\" style=\"height: 16.00pt; width: 97.50pt;\" width=\"97\" height=\"16\">Tipos de bolsas<\/td>\n<td class=\"et3\">Film retr\u00e1ctil<\/td>\n<\/tr>\n<tr style=\"height: 16.00pt;\">\n<td class=\"et2\" style=\"height: 16.00pt; width: 97.50pt;\" width=\"97\" height=\"16\">Material<\/td>\n<td class=\"et2\" style=\"width: 267.50pt;\" width=\"267\">PET<\/td>\n<\/tr>\n<tr style=\"height: 31.00pt;\">\n<td class=\"et2\" style=\"height: 31.00pt; width: 97.50pt;\" width=\"97\" height=\"31\">Reportaje especial<\/td>\n<td class=\"et2\" style=\"width: 267.50pt;\" width=\"267\">Alto \u00edndice de contracci\u00f3n, impresi\u00f3n de alta definici\u00f3n<\/td>\n<\/tr>\n<tr style=\"height: 16.00pt;\">\n<td class=\"et2\" style=\"height: 16.00pt; width: 97.50pt;\" width=\"97\" height=\"16\">Manipulaci\u00f3n de superficies<\/td>\n<td class=\"et2\" style=\"width: 267.50pt;\" width=\"267\">Impresi\u00f3n en huecograbado<\/td>\n<\/tr>\n<tr style=\"height: 16.00pt;\">\n<td class=\"et2\" style=\"height: 16.00pt; width: 97.50pt;\" width=\"97\" height=\"16\">Color<\/td>\n<td class=\"et2\" style=\"width: 267.50pt;\" width=\"267\">Hasta 10 colores<\/td>\n<\/tr>\n<tr style=\"height: 16.00pt;\">\n<td class=\"et2\" style=\"height: 16.00pt; width: 97.50pt;\" width=\"97\" height=\"16\">Utilizaci\u00f3n<\/td>\n<td class=\"et2\" style=\"width: 267.50pt;\" width=\"267\">Champ\u00fa, Loci\u00f3n corporal, Limpiador facial, Crema exfoliante, Detergente<\/td>\n<\/tr>\n<tr style=\"height: 16.00pt;\">\n<td class=\"et2\" style=\"height: 16.00pt; width: 97.50pt;\" width=\"97\" height=\"16\">MOQ<\/td>\n<td class=\"et2\" style=\"width: 267.50pt;\" width=\"267\">50.000 unidades<\/td>\n<\/tr>\n<tr style=\"height: 16.00pt;\">\n<td class=\"et2\" style=\"height: 16.00pt; width: 97.50pt;\" width=\"97\" height=\"16\">Pedido a medida<\/td>\n<td class=\"et2\" style=\"width: 267.50pt;\" width=\"267\">Aceptamos OEM y ODM, Muestras gratuitas<\/td>\n<\/tr>\n<\/tbody>\n<\/table>","protected":false},"featured_media":4070,"comment_status":"closed","ping_status":"closed","template":"","meta":{"_acf_changed":false},"product_brand":[],"product_cat":[72],"product_tag":[],"class_list":{"0":"post-4067","1":"product","2":"type-product","3":"status-publish","4":"has-post-thumbnail","6":"product_cat-shrink-film-manufacturer","7":"pa_non-food-packaging-soap-detergent-pouches","9":"first","10":"instock","11":"shipping-taxable","12":"product-type-simple"},"acf":[],"_links":{"self":[{"href":"https:\/\/www.stanleypackage.com\/es\/wp-json\/wp\/v2\/product\/4067","targetHints":{"allow":["GET"]}}],"collection":[{"href":"https:\/\/www.stanleypackage.com\/es\/wp-json\/wp\/v2\/product"}],"about":[{"href":"https:\/\/www.stanleypackage.com\/es\/wp-json\/wp\/v2\/types\/product"}],"replies":[{"embeddable":true,"href":"https:\/\/www.stanleypackage.com\/es\/wp-json\/wp\/v2\/comments?post=4067"}],"wp:featuredmedia":[{"embeddable":true,"href":"https:\/\/www.stanleypackage.com\/es\/wp-json\/wp\/v2\/media\/4070"}],"wp:attachment":[{"href":"https:\/\/www.stanleypackage.com\/es\/wp-json\/wp\/v2\/media?parent=4067"}],"wp:term":[{"taxonomy":"product_brand","embeddable":true,"href":"https:\/\/www.stanleypackage.com\/es\/wp-json\/wp\/v2\/product_brand?post=4067"},{"taxonomy":"product_cat","embeddable":true,"href":"https:\/\/www.stanleypackage.com\/es\/wp-json\/wp\/v2\/product_cat?post=4067"},{"taxonomy":"product_tag","embeddable":true,"href":"https:\/\/www.stanleypackage.com\/es\/wp-json\/wp\/v2\/product_tag?post=4067"}],"curies":[{"name":"wp","href":"https:\/\/api.w.org\/{rel}","templated":true}]}}