{"id":4073,"date":"2025-12-05T02:59:08","date_gmt":"2025-12-05T02:59:08","guid":{"rendered":"https:\/\/www.stanleypackage.com\/?post_type=product&#038;p=4073"},"modified":"2025-12-05T02:59:15","modified_gmt":"2025-12-05T02:59:15","slug":"custom-drink-pouches-wholesale","status":"publish","type":"product","link":"https:\/\/www.stanleypackage.com\/es\/product\/custom-drink-pouches-wholesale\/","title":{"rendered":"Bolsas de Bebidas al por mayor, Bolsas de Bebidas con boquilla transparente"},"content":{"rendered":"<div class=\"wp-block-columns is-layout-flex wp-container-core-columns-is-layout-9d6595d7 wp-block-columns-is-layout-flex\">\n<div class=\"wp-block-column is-layout-flow wp-block-column-is-layout-flow\">\n<h2 class=\"wp-block-heading\">Caracter\u00edsticas de las bolsas para bebidas personalizadas al por mayor<\/h2>\n\n\n\n<ul class=\"wp-block-list\">\n<li><strong>Cristalina, estimula el deseo de compra: <\/strong>Tanto el cuerpo de la bolsa como la boquilla de nuestras bolsas personalizadas para bebidas al por mayor tienen una excelente transparencia, mostrando clara y v\u00edvidamente el atractivo color de la bebida en s\u00ed, atrayendo inmediatamente la atenci\u00f3n del consumidor.<\/li>\n\n\n\n<li><strong>Material alimentario seguro y fiable:<\/strong> Nuestras bolsas transparentes para bebidas al por mayor utilizan una estructura compuesta de PET12\/PE88, que cumple las normas de seguridad para el contacto con alimentos. El material combina buenas propiedades de barrera y resistencia, preservando eficazmente la frescura y garantizando un transporte seguro.<\/li>\n\n\n\n<li><strong>Experiencia de consumo c\u00f3moda e higi\u00e9nica: <\/strong>Nuestras bolsas personalizadas para bebidas al por mayor est\u00e1n equipadas con una boquilla, f\u00e1cil de abrir y cerrar con un buen sellado, que garantiza la higiene de la bebida, controla el flujo y permite transportar f\u00e1cilmente y volver a sellar varias veces los productos inacabados.<\/li>\n\n\n\n<li><strong>Potente portador de imagen de marca: <\/strong>Ofrecemos capacidades de impresi\u00f3n a doble cara multicolor de alta precisi\u00f3n para nuestras bolsas transparentes al por mayor para bebidas, lo que permite una personalizaci\u00f3n completa de los dise\u00f1os, logotipos e informaci\u00f3n del producto seg\u00fan los requisitos de la marca.<\/li>\n\n\n\n<li><strong>Soluci\u00f3n de personalizaci\u00f3n masiva madura: <\/strong>Proporcionamos una soluci\u00f3n de personalizaci\u00f3n integral para la venta al por mayor de bolsas personalizadas para bebidas, con un proceso de producci\u00f3n maduro y estable que puede satisfacer las necesidades de compra al por mayor de grandes vol\u00famenes y m\u00faltiples variedades.<\/li>\n<\/ul>\n\n\n\n<div class=\"wp-block-columns is-layout-flex wp-container-core-columns-is-layout-9d6595d7 wp-block-columns-is-layout-flex\">\n<div class=\"wp-block-column is-layout-flow wp-block-column-is-layout-flow\">\n<figure class=\"wp-block-image size-full\"><img decoding=\"async\" width=\"679\" height=\"680\" src=\"https:\/\/www.stanleypackage.com\/wp-content\/uploads\/2025\/12\/OEM-Stand-Up-Pouch-with-Spout-for-Drinks-2.jpg\" alt=\"\" class=\"wp-image-4074\" srcset=\"https:\/\/www.stanleypackage.com\/wp-content\/uploads\/2025\/12\/OEM-Stand-Up-Pouch-with-Spout-for-Drinks-2.jpg 679w, https:\/\/www.stanleypackage.com\/wp-content\/uploads\/2025\/12\/OEM-Stand-Up-Pouch-with-Spout-for-Drinks-2-300x300.jpg 300w, https:\/\/www.stanleypackage.com\/wp-content\/uploads\/2025\/12\/OEM-Stand-Up-Pouch-with-Spout-for-Drinks-2-150x150.jpg 150w, https:\/\/www.stanleypackage.com\/wp-content\/uploads\/2025\/12\/OEM-Stand-Up-Pouch-with-Spout-for-Drinks-2-12x12.jpg 12w, https:\/\/www.stanleypackage.com\/wp-content\/uploads\/2025\/12\/OEM-Stand-Up-Pouch-with-Spout-for-Drinks-2-600x601.jpg 600w, https:\/\/www.stanleypackage.com\/wp-content\/uploads\/2025\/12\/OEM-Stand-Up-Pouch-with-Spout-for-Drinks-2-100x100.jpg 100w\" sizes=\"(max-width: 679px) 100vw, 679px\" \/><\/figure>\n<\/div>\n\n\n\n<div class=\"wp-block-column is-layout-flow wp-block-column-is-layout-flow\">\n<figure class=\"wp-block-image size-full\"><img decoding=\"async\" width=\"679\" height=\"680\" src=\"https:\/\/www.stanleypackage.com\/wp-content\/uploads\/2025\/12\/OEM-Stand-Up-Pouch-with-Spout-for-Drinks-3.jpg\" alt=\"\" class=\"wp-image-4075\" srcset=\"https:\/\/www.stanleypackage.com\/wp-content\/uploads\/2025\/12\/OEM-Stand-Up-Pouch-with-Spout-for-Drinks-3.jpg 679w, https:\/\/www.stanleypackage.com\/wp-content\/uploads\/2025\/12\/OEM-Stand-Up-Pouch-with-Spout-for-Drinks-3-300x300.jpg 300w, https:\/\/www.stanleypackage.com\/wp-content\/uploads\/2025\/12\/OEM-Stand-Up-Pouch-with-Spout-for-Drinks-3-150x150.jpg 150w, https:\/\/www.stanleypackage.com\/wp-content\/uploads\/2025\/12\/OEM-Stand-Up-Pouch-with-Spout-for-Drinks-3-12x12.jpg 12w, https:\/\/www.stanleypackage.com\/wp-content\/uploads\/2025\/12\/OEM-Stand-Up-Pouch-with-Spout-for-Drinks-3-600x601.jpg 600w, https:\/\/www.stanleypackage.com\/wp-content\/uploads\/2025\/12\/OEM-Stand-Up-Pouch-with-Spout-for-Drinks-3-100x100.jpg 100w\" sizes=\"(max-width: 679px) 100vw, 679px\" \/><\/figure>\n<\/div>\n<\/div>\n<\/div>\n<\/div>","protected":false},"excerpt":{"rendered":"<p>Bienvenido a nuestras bolsas transparentes para bebidas al por mayor. Nuestras bolsas personalizadas para bebidas al por mayor est\u00e1n fabricadas con materiales compuestos de calidad alimentaria, que garantizan la seguridad y una gran transparencia. El envase cuenta con un tap\u00f3n de rosca y una boquilla transparente para beber f\u00e1cilmente y volver a cerrar varias veces.<\/p>\n<table style=\"border-collapse: collapse; width: 312.77pt;\" border=\"0\" width=\"417\" cellspacing=\"0\" cellpadding=\"0\">\n<tbody>\n<tr style=\"height: 12.75pt;\">\n<td class=\"et2\" style=\"height: 12.75pt; width: 91.40pt;\" width=\"121\" height=\"17\">Fabricante<\/td>\n<td class=\"et2\" style=\"width: 222.00pt;\" width=\"296\">Stanley<\/td>\n<\/tr>\n<tr style=\"height: 12.75pt;\">\n<td class=\"et2\" style=\"height: 12.75pt; width: 91.40pt;\" width=\"121\" height=\"17\">Tipos de bolsas<\/td>\n<td class=\"et3\">Bolsa de pie con boquilla<\/td>\n<\/tr>\n<tr style=\"height: 12.75pt;\">\n<td class=\"et2\" style=\"height: 12.75pt; width: 91.40pt;\" width=\"121\" height=\"17\">Material<\/td>\n<td class=\"et2\" style=\"width: 222.00pt;\" width=\"296\">PET12\/PE88<\/td>\n<\/tr>\n<tr style=\"height: 12.75pt;\">\n<td class=\"et2\" style=\"height: 12.75pt; width: 91.40pt;\" width=\"121\" height=\"17\">Reportaje especial<\/td>\n<td class=\"et2\" style=\"width: 222.00pt;\" width=\"296\">Ca\u00f1o, fondo autoportante<\/td>\n<\/tr>\n<tr style=\"height: 12.75pt;\">\n<td class=\"et2\" style=\"height: 12.75pt; width: 91.40pt;\" width=\"121\" height=\"17\">Manipulaci\u00f3n de superficies<\/td>\n<td class=\"et2\" style=\"width: 222.00pt;\" width=\"296\">Impresi\u00f3n en huecograbado<\/td>\n<\/tr>\n<tr style=\"height: 12.75pt;\">\n<td class=\"et2\" style=\"height: 12.75pt; width: 91.40pt;\" width=\"121\" height=\"17\">Color<\/td>\n<td class=\"et2\" style=\"width: 222.00pt;\" width=\"296\">Hasta 10 colores<\/td>\n<\/tr>\n<tr style=\"height: 12.75pt;\">\n<td class=\"et2\" style=\"height: 12.75pt; width: 91.40pt;\" width=\"121\" height=\"17\">Utilizaci\u00f3n<\/td>\n<td class=\"et3\">Zumo, caf\u00e9, gelatina<\/td>\n<\/tr>\n<tr style=\"height: 12.75pt;\">\n<td class=\"et2\" style=\"height: 12.75pt; width: 91.40pt;\" width=\"121\" height=\"17\">MOQ<\/td>\n<td class=\"et2\" style=\"width: 222.00pt;\" width=\"296\">50.000 unidades<\/td>\n<\/tr>\n<tr style=\"height: 12.75pt;\">\n<td class=\"et2\" style=\"height: 12.75pt; width: 91.40pt;\" width=\"121\" height=\"17\">Pedido a medida<\/td>\n<td class=\"et2\" style=\"width: 222.00pt;\" width=\"296\">Aceptamos OEM, Soporte Muestra gratis<\/td>\n<\/tr>\n<\/tbody>\n<\/table>\n<p>&nbsp;<\/p>","protected":false},"featured_media":4076,"comment_status":"closed","ping_status":"closed","template":"","meta":{"_acf_changed":false},"product_brand":[],"product_cat":[32],"product_tag":[],"class_list":{"0":"post-4073","1":"product","2":"type-product","3":"status-publish","4":"has-post-thumbnail","6":"product_cat-spout-pouch-manufacturer","7":"pa_food-packaging-drink-beverage-pouch","9":"first","10":"instock","11":"shipping-taxable","12":"product-type-simple"},"acf":[],"_links":{"self":[{"href":"https:\/\/www.stanleypackage.com\/es\/wp-json\/wp\/v2\/product\/4073","targetHints":{"allow":["GET"]}}],"collection":[{"href":"https:\/\/www.stanleypackage.com\/es\/wp-json\/wp\/v2\/product"}],"about":[{"href":"https:\/\/www.stanleypackage.com\/es\/wp-json\/wp\/v2\/types\/product"}],"replies":[{"embeddable":true,"href":"https:\/\/www.stanleypackage.com\/es\/wp-json\/wp\/v2\/comments?post=4073"}],"wp:featuredmedia":[{"embeddable":true,"href":"https:\/\/www.stanleypackage.com\/es\/wp-json\/wp\/v2\/media\/4076"}],"wp:attachment":[{"href":"https:\/\/www.stanleypackage.com\/es\/wp-json\/wp\/v2\/media?parent=4073"}],"wp:term":[{"taxonomy":"product_brand","embeddable":true,"href":"https:\/\/www.stanleypackage.com\/es\/wp-json\/wp\/v2\/product_brand?post=4073"},{"taxonomy":"product_cat","embeddable":true,"href":"https:\/\/www.stanleypackage.com\/es\/wp-json\/wp\/v2\/product_cat?post=4073"},{"taxonomy":"product_tag","embeddable":true,"href":"https:\/\/www.stanleypackage.com\/es\/wp-json\/wp\/v2\/product_tag?post=4073"}],"curies":[{"name":"wp","href":"https:\/\/api.w.org\/{rel}","templated":true}]}}