{"id":4079,"date":"2025-12-05T02:48:32","date_gmt":"2025-12-05T02:48:32","guid":{"rendered":"https:\/\/www.stanleypackage.com\/?post_type=product&#038;p=4079"},"modified":"2025-12-05T02:48:37","modified_gmt":"2025-12-05T02:48:37","slug":"resealable-stand-up-pouch-wholesale","status":"publish","type":"product","link":"https:\/\/www.stanleypackage.com\/es\/product\/resealable-stand-up-pouch-wholesale\/","title":{"rendered":"OEM Bolsa de pie resellable al por mayor para vainas de lavander\u00eda"},"content":{"rendered":"<div class=\"wp-block-columns is-layout-flex wp-container-core-columns-is-layout-9d6595d7 wp-block-columns-is-layout-flex\">\n<div class=\"wp-block-column is-layout-flow wp-block-column-is-layout-flow\">\n<h2 class=\"wp-block-heading\">Caracter\u00edsticas de la bolsa de pie resellable al por mayor<\/h2>\n\n\n\n<ul class=\"wp-block-list\">\n<li><strong>Material compuesto de alta barrera: <\/strong>Esta bolsa resellable al por mayor cuenta con una estructura compuesta de tres capas de BOPP28\/VMPET12\/PE55. La capa de VMPET proporciona un brillo met\u00e1lico y un efecto de barrera contra los rayos UV, protegiendo eficazmente la actividad y la fragancia del contenido.<\/li>\n\n\n\n<li><strong>Compatibilidad con la producci\u00f3n automatizada eficiente: <\/strong>Nuestras bolsas con cremallera personalizadas est\u00e1n equipadas con una abertura superior, optimizada para l\u00edneas de producci\u00f3n de llenado autom\u00e1tico de alta velocidad, que mejora significativamente la eficacia del llenado y la precisi\u00f3n del sellado.<\/li>\n\n\n\n<li><strong>Dise\u00f1o c\u00f3modo y f\u00e1cil de usar:<\/strong> Esta bolsa resellable al por mayor cuenta con una muesca de f\u00e1cil apertura y una cremallera resellable. La muesca de f\u00e1cil apertura garantiza una apertura f\u00e1cil y c\u00f3moda. El cierre de cremallera garantiza un sellado herm\u00e9tico despu\u00e9s del uso, evitando que las c\u00e1psulas se humedezcan y deterioren, mejorando en gran medida la experiencia del usuario y la frescura del producto.<\/li>\n\n\n\n<li><strong>Excelente efecto de exposici\u00f3n en estanter\u00edas:<\/strong> El dise\u00f1o del orificio para colgar en la parte superior de nuestras bolsas con cremallera de pie personalizadas permite adaptarlas con flexibilidad a los estantes colgantes de diversos establecimientos minoristas, como supermercados y tiendas de conveniencia.<\/li>\n\n\n\n<li><strong>Gran capacidad de personalizaci\u00f3n de la marca: <\/strong>Como producto OEM\/ODM, esta bolsa resellable de pie al por mayor admite impresi\u00f3n a doble cara multicolor de alta precisi\u00f3n, y puede personalizarse completamente con patrones, texto y marcas funcionales seg\u00fan las necesidades del cliente.<\/li>\n<\/ul>\n\n\n\n<div class=\"wp-block-columns is-layout-flex wp-container-core-columns-is-layout-9d6595d7 wp-block-columns-is-layout-flex\">\n<div class=\"wp-block-column is-layout-flow wp-block-column-is-layout-flow\">\n<figure class=\"wp-block-image size-full\"><img decoding=\"async\" width=\"750\" height=\"750\" src=\"https:\/\/www.stanleypackage.com\/wp-content\/uploads\/2025\/12\/Custom-Resealable-Stand-Up-Pouches-Wholesale-Laundry-Pods-Packaging-Bag-2.webp\" alt=\"OEM Bolsa de pie resellable al por mayor para vainas de lavander\u00eda\" class=\"wp-image-4080\" srcset=\"https:\/\/www.stanleypackage.com\/wp-content\/uploads\/2025\/12\/Custom-Resealable-Stand-Up-Pouches-Wholesale-Laundry-Pods-Packaging-Bag-2.webp 750w, https:\/\/www.stanleypackage.com\/wp-content\/uploads\/2025\/12\/Custom-Resealable-Stand-Up-Pouches-Wholesale-Laundry-Pods-Packaging-Bag-2-300x300.webp 300w, https:\/\/www.stanleypackage.com\/wp-content\/uploads\/2025\/12\/Custom-Resealable-Stand-Up-Pouches-Wholesale-Laundry-Pods-Packaging-Bag-2-150x150.webp 150w, https:\/\/www.stanleypackage.com\/wp-content\/uploads\/2025\/12\/Custom-Resealable-Stand-Up-Pouches-Wholesale-Laundry-Pods-Packaging-Bag-2-12x12.webp 12w, https:\/\/www.stanleypackage.com\/wp-content\/uploads\/2025\/12\/Custom-Resealable-Stand-Up-Pouches-Wholesale-Laundry-Pods-Packaging-Bag-2-600x600.webp 600w, https:\/\/www.stanleypackage.com\/wp-content\/uploads\/2025\/12\/Custom-Resealable-Stand-Up-Pouches-Wholesale-Laundry-Pods-Packaging-Bag-2-100x100.webp 100w\" sizes=\"(max-width: 750px) 100vw, 750px\" \/><\/figure>\n<\/div>\n\n\n\n<div class=\"wp-block-column is-layout-flow wp-block-column-is-layout-flow\">\n<figure class=\"wp-block-image size-full\"><img decoding=\"async\" width=\"750\" height=\"750\" src=\"https:\/\/www.stanleypackage.com\/wp-content\/uploads\/2025\/12\/Custom-Resealable-Stand-Up-Pouches-Wholesale-Laundry-Pods-Packaging-Bag-4-1.webp\" alt=\"\" class=\"wp-image-4083\" srcset=\"https:\/\/www.stanleypackage.com\/wp-content\/uploads\/2025\/12\/Custom-Resealable-Stand-Up-Pouches-Wholesale-Laundry-Pods-Packaging-Bag-4-1.webp 750w, https:\/\/www.stanleypackage.com\/wp-content\/uploads\/2025\/12\/Custom-Resealable-Stand-Up-Pouches-Wholesale-Laundry-Pods-Packaging-Bag-4-1-300x300.webp 300w, https:\/\/www.stanleypackage.com\/wp-content\/uploads\/2025\/12\/Custom-Resealable-Stand-Up-Pouches-Wholesale-Laundry-Pods-Packaging-Bag-4-1-150x150.webp 150w, https:\/\/www.stanleypackage.com\/wp-content\/uploads\/2025\/12\/Custom-Resealable-Stand-Up-Pouches-Wholesale-Laundry-Pods-Packaging-Bag-4-1-12x12.webp 12w, https:\/\/www.stanleypackage.com\/wp-content\/uploads\/2025\/12\/Custom-Resealable-Stand-Up-Pouches-Wholesale-Laundry-Pods-Packaging-Bag-4-1-600x600.webp 600w, https:\/\/www.stanleypackage.com\/wp-content\/uploads\/2025\/12\/Custom-Resealable-Stand-Up-Pouches-Wholesale-Laundry-Pods-Packaging-Bag-4-1-100x100.webp 100w\" sizes=\"(max-width: 750px) 100vw, 750px\" \/><\/figure>\n<\/div>\n<\/div>\n<\/div>\n<\/div>\n\n\n\n<p><\/p>","protected":false},"excerpt":{"rendered":"<p>Bienvenido a las bolsas con cremallera personalizadas. Nuestra bolsa de pie resellable al por mayor est\u00e1 dise\u00f1ada espec\u00edficamente para las vainas de detergente para la ropa con una abertura de llenado en la parte superior, muesca f\u00e1cil de rasgar, cierre de cremallera resellable y orificio para colgar para una c\u00f3moda visualizaci\u00f3n y uso.<\/p>\n<table style=\"border-collapse: collapse; width: 365.02pt;\" border=\"0\" width=\"365\" cellspacing=\"0\" cellpadding=\"0\">\n<tbody>\n<tr style=\"height: 16.00pt;\">\n<td class=\"et2\" style=\"height: 16.00pt; width: 97.50pt;\" width=\"97\" height=\"16\">Fabricante<\/td>\n<td class=\"et2\" style=\"width: 267.50pt;\" width=\"267\">Stanley<\/td>\n<\/tr>\n<tr style=\"height: 16.00pt;\">\n<td class=\"et2\" style=\"height: 16.00pt; width: 97.50pt;\" width=\"97\" height=\"16\">Tipos de bolsas<\/td>\n<td class=\"et2\" style=\"width: 267.50pt;\" width=\"267\">Stand Up Pouch, Bolsa con cremallera<\/td>\n<\/tr>\n<tr style=\"height: 16.00pt;\">\n<td class=\"et2\" style=\"height: 16.00pt; width: 97.50pt;\" width=\"97\" height=\"16\">Material<\/td>\n<td class=\"et2\" style=\"width: 267.50pt;\" width=\"267\">BOPP28\/VMPET12\/PE55<\/td>\n<\/tr>\n<tr style=\"height: 16.00pt;\">\n<td class=\"et2\" style=\"height: 16.00pt; width: 97.50pt;\" width=\"97\" height=\"16\">Reportaje especial<\/td>\n<td class=\"et2\" style=\"width: 267.50pt;\" width=\"267\">Relleno superior, muesca para rasgar, dise\u00f1o de cremallera, agujero para colgar<\/td>\n<\/tr>\n<tr style=\"height: 16.00pt;\">\n<td class=\"et2\" style=\"height: 16.00pt; width: 97.50pt;\" width=\"97\" height=\"16\">Manipulaci\u00f3n de superficies<\/td>\n<td class=\"et2\" style=\"width: 267.50pt;\" width=\"267\">Impresi\u00f3n en huecograbado<\/td>\n<\/tr>\n<tr style=\"height: 16.00pt;\">\n<td class=\"et2\" style=\"height: 16.00pt; width: 97.50pt;\" width=\"97\" height=\"16\">Color<\/td>\n<td class=\"et2\" style=\"width: 267.50pt;\" width=\"267\">Impresi\u00f3n a doble cara, hasta 10 colores<\/td>\n<\/tr>\n<tr style=\"height: 16.00pt;\">\n<td class=\"et2\" style=\"height: 16.00pt; width: 97.50pt;\" width=\"97\" height=\"16\">Utilizaci\u00f3n<\/td>\n<td class=\"et2\" style=\"width: 267.50pt;\" width=\"267\">Landry Detergente en pastillas, detergente en polvo, jab\u00f3n\u00a0<\/td>\n<\/tr>\n<tr style=\"height: 16.00pt;\">\n<td class=\"et2\" style=\"height: 16.00pt; width: 97.50pt;\" width=\"97\" height=\"16\">MOQ<\/td>\n<td class=\"et2\" style=\"width: 267.50pt;\" width=\"267\">50.000 unidades<\/td>\n<\/tr>\n<tr style=\"height: 16.00pt;\">\n<td class=\"et2\" style=\"height: 16.00pt; width: 97.50pt;\" width=\"97\" height=\"16\">Pedido a medida<\/td>\n<td class=\"et2\" style=\"width: 267.50pt;\" width=\"267\">Aceptamos OEM, Soporte Muestra gratis<\/td>\n<\/tr>\n<\/tbody>\n<\/table>","protected":false},"featured_media":4085,"comment_status":"closed","ping_status":"closed","template":"","meta":{"_acf_changed":false},"product_brand":[],"product_cat":[30,18],"product_tag":[],"class_list":{"0":"post-4079","1":"product","2":"type-product","3":"status-publish","4":"has-post-thumbnail","6":"product_cat-stand-up-pouch-manufacturer","7":"product_cat-zipper-pouch-manufacturer","8":"pa_non-food-packaging-soap-detergent-pouches","10":"first","11":"instock","12":"shipping-taxable","13":"product-type-simple"},"acf":[],"_links":{"self":[{"href":"https:\/\/www.stanleypackage.com\/es\/wp-json\/wp\/v2\/product\/4079","targetHints":{"allow":["GET"]}}],"collection":[{"href":"https:\/\/www.stanleypackage.com\/es\/wp-json\/wp\/v2\/product"}],"about":[{"href":"https:\/\/www.stanleypackage.com\/es\/wp-json\/wp\/v2\/types\/product"}],"replies":[{"embeddable":true,"href":"https:\/\/www.stanleypackage.com\/es\/wp-json\/wp\/v2\/comments?post=4079"}],"wp:featuredmedia":[{"embeddable":true,"href":"https:\/\/www.stanleypackage.com\/es\/wp-json\/wp\/v2\/media\/4085"}],"wp:attachment":[{"href":"https:\/\/www.stanleypackage.com\/es\/wp-json\/wp\/v2\/media?parent=4079"}],"wp:term":[{"taxonomy":"product_brand","embeddable":true,"href":"https:\/\/www.stanleypackage.com\/es\/wp-json\/wp\/v2\/product_brand?post=4079"},{"taxonomy":"product_cat","embeddable":true,"href":"https:\/\/www.stanleypackage.com\/es\/wp-json\/wp\/v2\/product_cat?post=4079"},{"taxonomy":"product_tag","embeddable":true,"href":"https:\/\/www.stanleypackage.com\/es\/wp-json\/wp\/v2\/product_tag?post=4079"}],"curies":[{"name":"wp","href":"https:\/\/api.w.org\/{rel}","templated":true}]}}