{"id":4088,"date":"2025-12-11T03:48:34","date_gmt":"2025-12-11T03:48:34","guid":{"rendered":"https:\/\/www.stanleypackage.com\/?post_type=product&#038;p=4088"},"modified":"2025-12-11T03:48:45","modified_gmt":"2025-12-11T03:48:45","slug":"shrink-sleeves-for-bottles","status":"publish","type":"product","link":"https:\/\/www.stanleypackage.com\/es\/product\/shrink-sleeves-for-bottles\/","title":{"rendered":"Fundas retr\u00e1ctiles personalizadas para botellas, impresi\u00f3n de alta definici\u00f3n"},"content":{"rendered":"<div class=\"wp-block-columns is-layout-flex wp-container-core-columns-is-layout-9d6595d7 wp-block-columns-is-layout-flex\">\n<div class=\"wp-block-column is-layout-flow wp-block-column-is-layout-flow\">\n<h2 class=\"wp-block-heading\">Caracter\u00edsticas de las fundas retr\u00e1ctiles personalizadas para botellas<\/h2>\n\n\n\n<ul class=\"wp-block-list\">\n<li><strong>Excelente efecto decorativo y presentaci\u00f3n de marca: <\/strong>Utilizamos un proceso de impresi\u00f3n de alta definici\u00f3n para crear impresiones personalizadas para nuestras fundas retr\u00e1ctiles para botellas, que producen patrones muy detallados, degradados o peque\u00f1os textos en su botella. Esto produce una imagen vibrante y de alta calidad que realza el atractivo del producto en el estante.<\/li>\n\n\n\n<li><strong>Adaptabilidad superior de la botella: <\/strong>Esta pel\u00edcula termorretr\u00e1ctil impresa a medida utiliza material PET con un alto \u00edndice de retracci\u00f3n, lo que le permite encogerse con firmeza y suavidad alrededor de botellas de diferentes formas tras el calentamiento, mejorando la calidad general del envasado.<\/li>\n\n\n\n<li><strong>Potente comunicaci\u00f3n de informaci\u00f3n sobre productos y puntos de venta: <\/strong>Nuestras fundas retr\u00e1ctiles personalizadas para botellas ofrecen una superficie de impresi\u00f3n continua de 360 grados, lo que permite una visualizaci\u00f3n completa de la historia de la marca, informaci\u00f3n sobre ingredientes, ventajas de uso e informaci\u00f3n multiling\u00fce, convirti\u00e9ndose en un medio clave para comunicarse con los consumidores.<\/li>\n\n\n\n<li><strong>Funci\u00f3n antifalsificaci\u00f3n y antimanipulaci\u00f3n: <\/strong>Como etiqueta de envasado de un solo uso, nuestra pel\u00edcula termorretr\u00e1ctil impresa personalizada, una vez da\u00f1ada, no se puede restaurar, impidiendo eficazmente que los productos se abran o manipulen, protegiendo tanto los intereses de la marca como los del consumidor. A menudo se combinan con tapones de botella para conseguir funciones antirrobo y de inviolabilidad.<\/li>\n\n\n\n<li><strong>Producci\u00f3n eficiente y potencial medioambiental: <\/strong>Nuestras fundas retr\u00e1ctiles a medida para botellas son adecuadas para l\u00edneas de producci\u00f3n de etiquetado automatizado de alta velocidad, lo que mejora la eficacia del envasado. El material PET es reciclable, se ajusta a las tendencias de envasado respetuoso con el medio ambiente y ayuda a las marcas a construir una imagen social ecol\u00f3gica y responsable.<\/li>\n\n\n\n<li><strong>Embalaje compacto, f\u00e1cil de transportar: <\/strong>Nuestra pel\u00edcula termorretr\u00e1ctil impresa personalizada para botellas de desinfectante de manos es compacta y c\u00f3moda de llevar cuando se sale, lo que la convierte en la mejor opci\u00f3n para conjuntos de viaje.<\/li>\n<\/ul>\n\n\n\n<div class=\"wp-block-columns is-layout-flex wp-container-core-columns-is-layout-9d6595d7 wp-block-columns-is-layout-flex\">\n<div class=\"wp-block-column is-layout-flow wp-block-column-is-layout-flow\">\n<figure class=\"wp-block-image size-full\"><img decoding=\"async\" width=\"2079\" height=\"2035\" src=\"https:\/\/www.stanleypackage.com\/wp-content\/uploads\/2025\/12\/Wholesale-Custom-Shrink-Film-Travel-Heat-Shrink-Sleeves-For-Hand-Sanitizer-Bottles.webp\" alt=\"\" class=\"wp-image-4089\" srcset=\"https:\/\/www.stanleypackage.com\/wp-content\/uploads\/2025\/12\/Wholesale-Custom-Shrink-Film-Travel-Heat-Shrink-Sleeves-For-Hand-Sanitizer-Bottles.webp 2079w, https:\/\/www.stanleypackage.com\/wp-content\/uploads\/2025\/12\/Wholesale-Custom-Shrink-Film-Travel-Heat-Shrink-Sleeves-For-Hand-Sanitizer-Bottles-300x294.webp 300w, https:\/\/www.stanleypackage.com\/wp-content\/uploads\/2025\/12\/Wholesale-Custom-Shrink-Film-Travel-Heat-Shrink-Sleeves-For-Hand-Sanitizer-Bottles-768x752.webp 768w, https:\/\/www.stanleypackage.com\/wp-content\/uploads\/2025\/12\/Wholesale-Custom-Shrink-Film-Travel-Heat-Shrink-Sleeves-For-Hand-Sanitizer-Bottles-12x12.webp 12w, https:\/\/www.stanleypackage.com\/wp-content\/uploads\/2025\/12\/Wholesale-Custom-Shrink-Film-Travel-Heat-Shrink-Sleeves-For-Hand-Sanitizer-Bottles-1200x1175.webp 1200w, https:\/\/www.stanleypackage.com\/wp-content\/uploads\/2025\/12\/Wholesale-Custom-Shrink-Film-Travel-Heat-Shrink-Sleeves-For-Hand-Sanitizer-Bottles-600x587.webp 600w\" sizes=\"(max-width: 2079px) 100vw, 2079px\" \/><\/figure>\n<\/div>\n\n\n\n<div class=\"wp-block-column is-layout-flow wp-block-column-is-layout-flow\">\n<figure class=\"wp-block-image size-full\"><img decoding=\"async\" width=\"2079\" height=\"2035\" src=\"https:\/\/www.stanleypackage.com\/wp-content\/uploads\/2025\/12\/Wholesale-Custom-Shrink-Film-Travel-Heat-Shrink-Sleeves-For-Hand-Sanitizer-Bottles-3.webp\" alt=\"\" class=\"wp-image-4090\" srcset=\"https:\/\/www.stanleypackage.com\/wp-content\/uploads\/2025\/12\/Wholesale-Custom-Shrink-Film-Travel-Heat-Shrink-Sleeves-For-Hand-Sanitizer-Bottles-3.webp 2079w, https:\/\/www.stanleypackage.com\/wp-content\/uploads\/2025\/12\/Wholesale-Custom-Shrink-Film-Travel-Heat-Shrink-Sleeves-For-Hand-Sanitizer-Bottles-3-300x294.webp 300w, https:\/\/www.stanleypackage.com\/wp-content\/uploads\/2025\/12\/Wholesale-Custom-Shrink-Film-Travel-Heat-Shrink-Sleeves-For-Hand-Sanitizer-Bottles-3-768x752.webp 768w, https:\/\/www.stanleypackage.com\/wp-content\/uploads\/2025\/12\/Wholesale-Custom-Shrink-Film-Travel-Heat-Shrink-Sleeves-For-Hand-Sanitizer-Bottles-3-12x12.webp 12w, https:\/\/www.stanleypackage.com\/wp-content\/uploads\/2025\/12\/Wholesale-Custom-Shrink-Film-Travel-Heat-Shrink-Sleeves-For-Hand-Sanitizer-Bottles-3-1200x1175.webp 1200w, https:\/\/www.stanleypackage.com\/wp-content\/uploads\/2025\/12\/Wholesale-Custom-Shrink-Film-Travel-Heat-Shrink-Sleeves-For-Hand-Sanitizer-Bottles-3-600x587.webp 600w\" sizes=\"(max-width: 2079px) 100vw, 2079px\" \/><\/figure>\n<\/div>\n<\/div>\n<\/div>\n<\/div>","protected":false},"excerpt":{"rendered":"<p>Bienvenido al pedido de fundas termorretr\u00e1ctiles personalizadas para botellas. Nuestros films termorretr\u00e1ctiles impresos personalizados est\u00e1n fabricados con film PET de alta retracci\u00f3n y utilizan tecnolog\u00eda de impresi\u00f3n de alta definici\u00f3n, por lo que se ajustan perfectamente a diversas botellas de forma irregular.<\/p>\n<table style=\"border-collapse: collapse; width: 365.02pt;\" border=\"0\" width=\"365\" cellspacing=\"0\" cellpadding=\"0\">\n<tbody>\n<tr style=\"height: 16.00pt;\">\n<td class=\"et2\" style=\"height: 16.00pt; width: 97.50pt;\" width=\"97\" height=\"16\">Fabricante<\/td>\n<td class=\"et2\" style=\"width: 267.50pt;\" width=\"267\">Stanley<\/td>\n<\/tr>\n<tr style=\"height: 16.00pt;\">\n<td class=\"et2\" style=\"height: 16.00pt; width: 97.50pt;\" width=\"97\" height=\"16\">Tipos de bolsas<\/td>\n<td class=\"et3\">Film retr\u00e1ctil<\/td>\n<\/tr>\n<tr style=\"height: 16.00pt;\">\n<td class=\"et2\" style=\"height: 16.00pt; width: 97.50pt;\" width=\"97\" height=\"16\">Material<\/td>\n<td class=\"et2\" style=\"width: 267.50pt;\" width=\"267\">PET<\/td>\n<\/tr>\n<tr style=\"height: 31.00pt;\">\n<td class=\"et2\" style=\"height: 31.00pt; width: 97.50pt;\" width=\"97\" height=\"31\">Reportaje especial<\/td>\n<td class=\"et2\" style=\"width: 267.50pt;\" width=\"267\">Alto \u00edndice de contracci\u00f3n, impresi\u00f3n de alta definici\u00f3n<\/td>\n<\/tr>\n<tr style=\"height: 16.00pt;\">\n<td class=\"et2\" style=\"height: 16.00pt; width: 97.50pt;\" width=\"97\" height=\"16\">Manipulaci\u00f3n de superficies<\/td>\n<td class=\"et2\" style=\"width: 267.50pt;\" width=\"267\">Impresi\u00f3n en huecograbado<\/td>\n<\/tr>\n<tr style=\"height: 16.00pt;\">\n<td class=\"et2\" style=\"height: 16.00pt; width: 97.50pt;\" width=\"97\" height=\"16\">Color<\/td>\n<td class=\"et2\" style=\"width: 267.50pt;\" width=\"267\">Hasta 10 colores<\/td>\n<\/tr>\n<tr style=\"height: 16.00pt;\">\n<td class=\"et2\" style=\"height: 16.00pt; width: 97.50pt;\" width=\"97\" height=\"16\">Utilizaci\u00f3n<\/td>\n<td class=\"et2\" style=\"width: 267.50pt;\" width=\"267\">Desinfectante de manos, Champ\u00fa, Loci\u00f3n corporal, Limpiador facial, Crema exfoliante, Detergente<\/td>\n<\/tr>\n<tr style=\"height: 16.00pt;\">\n<td class=\"et2\" style=\"height: 16.00pt; width: 97.50pt;\" width=\"97\" height=\"16\">MOQ<\/td>\n<td class=\"et2\" style=\"width: 267.50pt;\" width=\"267\">50.000 unidades<\/td>\n<\/tr>\n<tr style=\"height: 16.00pt;\">\n<td class=\"et2\" style=\"height: 16.00pt; width: 97.50pt;\" width=\"97\" height=\"16\">Pedido a medida<\/td>\n<td class=\"et2\" style=\"width: 267.50pt;\" width=\"267\">Acepta OEM , Soporte Muestra gratis<\/td>\n<\/tr>\n<\/tbody>\n<\/table>","protected":false},"featured_media":4091,"comment_status":"closed","ping_status":"closed","template":"","meta":{"_acf_changed":false},"product_brand":[],"product_cat":[72],"product_tag":[],"class_list":{"0":"post-4088","1":"product","2":"type-product","3":"status-publish","4":"has-post-thumbnail","6":"product_cat-shrink-film-manufacturer","7":"pa_non-food-packaging-soap-detergent-pouches","9":"first","10":"instock","11":"shipping-taxable","12":"product-type-simple"},"acf":[],"_links":{"self":[{"href":"https:\/\/www.stanleypackage.com\/es\/wp-json\/wp\/v2\/product\/4088","targetHints":{"allow":["GET"]}}],"collection":[{"href":"https:\/\/www.stanleypackage.com\/es\/wp-json\/wp\/v2\/product"}],"about":[{"href":"https:\/\/www.stanleypackage.com\/es\/wp-json\/wp\/v2\/types\/product"}],"replies":[{"embeddable":true,"href":"https:\/\/www.stanleypackage.com\/es\/wp-json\/wp\/v2\/comments?post=4088"}],"wp:featuredmedia":[{"embeddable":true,"href":"https:\/\/www.stanleypackage.com\/es\/wp-json\/wp\/v2\/media\/4091"}],"wp:attachment":[{"href":"https:\/\/www.stanleypackage.com\/es\/wp-json\/wp\/v2\/media?parent=4088"}],"wp:term":[{"taxonomy":"product_brand","embeddable":true,"href":"https:\/\/www.stanleypackage.com\/es\/wp-json\/wp\/v2\/product_brand?post=4088"},{"taxonomy":"product_cat","embeddable":true,"href":"https:\/\/www.stanleypackage.com\/es\/wp-json\/wp\/v2\/product_cat?post=4088"},{"taxonomy":"product_tag","embeddable":true,"href":"https:\/\/www.stanleypackage.com\/es\/wp-json\/wp\/v2\/product_tag?post=4088"}],"curies":[{"name":"wp","href":"https:\/\/api.w.org\/{rel}","templated":true}]}}