{"id":4099,"date":"2025-12-11T03:56:54","date_gmt":"2025-12-11T03:56:54","guid":{"rendered":"https:\/\/www.stanleypackage.com\/?post_type=product&#038;p=4099"},"modified":"2025-12-11T03:57:24","modified_gmt":"2025-12-11T03:57:24","slug":"custom-stand-up-pouches-with-window","status":"publish","type":"product","link":"https:\/\/www.stanleypackage.com\/es\/product\/custom-stand-up-pouches-with-window\/","title":{"rendered":"Bolsas personalizadas con ventana para el envasado de alimentos secos"},"content":{"rendered":"<div class=\"wp-block-columns is-layout-flex wp-container-core-columns-is-layout-9d6595d7 wp-block-columns-is-layout-flex\">\n<div class=\"wp-block-column is-layout-flow wp-block-column-is-layout-flow\">\n<h2 class=\"wp-block-heading\">Caracter\u00edsticas de las fundas de pie personalizadas con ventana<\/h2>\n\n\n\n<ul class=\"wp-block-list\">\n<li><strong>Ventana transparente de alta definici\u00f3n: <\/strong>Estas bolsas stand up personalizadas con ventana permiten a los clientes ver la forma y el color de los aperitivos del interior. Esto da confianza a los consumidores a la hora de comprar el producto y aumenta su atractivo.<\/li>\n\n\n\n<li><strong>Material compuesto de alta calidad: <\/strong>Nuestras bolsas para alimentos deshidratados al por mayor utilizan una estructura compuesta de tres capas de MOPP\/PET\/PE, que ofrece una excelente resistencia a la humedad, propiedades de barrera y resistencia a la abrasi\u00f3n, garantizando la frescura y el almacenamiento seguro de los aperitivos.<\/li>\n\n\n\n<li><strong>Dise\u00f1o de bolsa port\u00e1til de pie: <\/strong>El robusto dise\u00f1o de la parte inferior de nuestras bolsas con ventana facilita su exposici\u00f3n en estanter\u00edas; la parte superior cuenta con orificios para colgarlas, por lo que resultan adecuadas para su uso tanto en posici\u00f3n vertical como colgada, ofreciendo una gran practicidad.<\/li>\n\n\n\n<li><strong>Servicio completo de personalizaci\u00f3n:<\/strong> Nuestras bolsas para alimentos deshidratados al por mayor pueden personalizarse para satisfacer sus necesidades espec\u00edficas especificando el tama\u00f1o y el material, as\u00ed como proporcionando gr\u00e1ficos.<\/li>\n\n\n\n<li><strong>Excelentes resultados de impresi\u00f3n: <\/strong>La superficie del material de nuestras bolsas stand up personalizadas con ventana se adapta muy bien a la impresi\u00f3n, lo que permite dise\u00f1os y textos de gran precisi\u00f3n y riqueza de colores, mejorando eficazmente la imagen de marca y el reconocimiento del producto.<\/li>\n\n\n\n<li><strong>Detalles de dise\u00f1o humanizados: <\/strong>Estas bolsas para alimentos deshidratados al por mayor est\u00e1n equipadas con un dise\u00f1o rasgable que facilita su apertura a los consumidores y mejora la experiencia de uso. Y, nuestra costumbre de pie bolsa tambi\u00e9n cuenta con una cremallera de sellado reutilizable para m\u00faltiples aperturas y cierres.<\/li>\n<\/ul>\n\n\n\n<div class=\"wp-block-columns is-layout-flex wp-container-core-columns-is-layout-9d6595d7 wp-block-columns-is-layout-flex\">\n<div class=\"wp-block-column is-layout-flow wp-block-column-is-layout-flow\">\n<figure class=\"wp-block-image size-full\"><img decoding=\"async\" width=\"750\" height=\"750\" src=\"https:\/\/www.stanleypackage.com\/wp-content\/uploads\/2025\/12\/Custom-Stand-Up-Pouch-With-Window-Design-Wholesale-Zipper-Pouch-For-Snack-Packaging-2.webp\" alt=\"\" class=\"wp-image-4100\" srcset=\"https:\/\/www.stanleypackage.com\/wp-content\/uploads\/2025\/12\/Custom-Stand-Up-Pouch-With-Window-Design-Wholesale-Zipper-Pouch-For-Snack-Packaging-2.webp 750w, https:\/\/www.stanleypackage.com\/wp-content\/uploads\/2025\/12\/Custom-Stand-Up-Pouch-With-Window-Design-Wholesale-Zipper-Pouch-For-Snack-Packaging-2-300x300.webp 300w, https:\/\/www.stanleypackage.com\/wp-content\/uploads\/2025\/12\/Custom-Stand-Up-Pouch-With-Window-Design-Wholesale-Zipper-Pouch-For-Snack-Packaging-2-150x150.webp 150w, https:\/\/www.stanleypackage.com\/wp-content\/uploads\/2025\/12\/Custom-Stand-Up-Pouch-With-Window-Design-Wholesale-Zipper-Pouch-For-Snack-Packaging-2-12x12.webp 12w, https:\/\/www.stanleypackage.com\/wp-content\/uploads\/2025\/12\/Custom-Stand-Up-Pouch-With-Window-Design-Wholesale-Zipper-Pouch-For-Snack-Packaging-2-600x600.webp 600w, https:\/\/www.stanleypackage.com\/wp-content\/uploads\/2025\/12\/Custom-Stand-Up-Pouch-With-Window-Design-Wholesale-Zipper-Pouch-For-Snack-Packaging-2-100x100.webp 100w\" sizes=\"(max-width: 750px) 100vw, 750px\" \/><\/figure>\n<\/div>\n\n\n\n<div class=\"wp-block-column is-layout-flow wp-block-column-is-layout-flow\">\n<figure class=\"wp-block-image size-full\"><img decoding=\"async\" width=\"750\" height=\"750\" src=\"https:\/\/www.stanleypackage.com\/wp-content\/uploads\/2025\/12\/Custom-Stand-Up-Pouch-With-Window-Design-Wholesale-Zipper-Pouch-For-Snack-Packaging-3.webp\" alt=\"\" class=\"wp-image-4101\" srcset=\"https:\/\/www.stanleypackage.com\/wp-content\/uploads\/2025\/12\/Custom-Stand-Up-Pouch-With-Window-Design-Wholesale-Zipper-Pouch-For-Snack-Packaging-3.webp 750w, https:\/\/www.stanleypackage.com\/wp-content\/uploads\/2025\/12\/Custom-Stand-Up-Pouch-With-Window-Design-Wholesale-Zipper-Pouch-For-Snack-Packaging-3-300x300.webp 300w, https:\/\/www.stanleypackage.com\/wp-content\/uploads\/2025\/12\/Custom-Stand-Up-Pouch-With-Window-Design-Wholesale-Zipper-Pouch-For-Snack-Packaging-3-150x150.webp 150w, https:\/\/www.stanleypackage.com\/wp-content\/uploads\/2025\/12\/Custom-Stand-Up-Pouch-With-Window-Design-Wholesale-Zipper-Pouch-For-Snack-Packaging-3-12x12.webp 12w, https:\/\/www.stanleypackage.com\/wp-content\/uploads\/2025\/12\/Custom-Stand-Up-Pouch-With-Window-Design-Wholesale-Zipper-Pouch-For-Snack-Packaging-3-600x600.webp 600w, https:\/\/www.stanleypackage.com\/wp-content\/uploads\/2025\/12\/Custom-Stand-Up-Pouch-With-Window-Design-Wholesale-Zipper-Pouch-For-Snack-Packaging-3-100x100.webp 100w\" sizes=\"(max-width: 750px) 100vw, 750px\" \/><\/figure>\n<\/div>\n<\/div>\n<\/div>\n<\/div>","protected":false},"excerpt":{"rendered":"<p>Bienvenido a pedir bolsas con ventana personalizadas. Nuestras bolsas para alimentos secos al por mayor est\u00e1n fabricadas con materiales compuestos de alta calidad, presentan colores vivos y un sellado excelente. Combinando llamativos dise\u00f1os de dibujos animados con un pr\u00e1ctico dise\u00f1o de ventana, exhiben perfectamente sus productos.<\/p>\n<table style=\"border-collapse: collapse; width: 327.77pt;\" border=\"0\" width=\"437\" cellspacing=\"0\" cellpadding=\"0\">\n<tbody>\n<tr style=\"height: 12.75pt;\">\n<td class=\"et2\" style=\"height: 12.75pt; width: 91.40pt;\" width=\"121\" height=\"17\">Fabricante<\/td>\n<td class=\"et2\" style=\"width: 237.00pt;\" width=\"316\">Stanley<\/td>\n<\/tr>\n<tr style=\"height: 12.75pt;\">\n<td class=\"et2\" style=\"height: 12.75pt; width: 91.40pt;\" width=\"121\" height=\"17\">Tipos de bolsas<\/td>\n<td class=\"et3\">Funda de pie<\/td>\n<\/tr>\n<tr style=\"height: 12.75pt;\">\n<td class=\"et2\" style=\"height: 12.75pt; width: 91.40pt;\" width=\"121\" height=\"17\">Material<\/td>\n<td class=\"et2\" style=\"width: 237.00pt;\" width=\"316\">MOPP20\/PET12\/PE65<\/td>\n<\/tr>\n<tr style=\"height: 12.75pt;\">\n<td class=\"et2\" style=\"height: 12.75pt; width: 91.40pt;\" width=\"121\" height=\"17\">Reportaje especial<\/td>\n<td class=\"et2\" style=\"width: 237.00pt;\" width=\"316\">Parte inferior abatible, muesca f\u00e1cil de rasgar, ventana transparente, bolsa con cremallera, agujero para colgar<\/td>\n<\/tr>\n<tr style=\"height: 12.75pt;\">\n<td class=\"et2\" style=\"height: 12.75pt; width: 91.40pt;\" width=\"121\" height=\"17\">Manipulaci\u00f3n de superficies<\/td>\n<td class=\"et2\" style=\"width: 237.00pt;\" width=\"316\">Impresi\u00f3n en huecograbado<\/td>\n<\/tr>\n<tr style=\"height: 12.75pt;\">\n<td class=\"et2\" style=\"height: 12.75pt; width: 91.40pt;\" width=\"121\" height=\"17\">Color<\/td>\n<td class=\"et2\" style=\"width: 237.00pt;\" width=\"316\">Hasta 10 colores<\/td>\n<\/tr>\n<tr style=\"height: 12.75pt;\">\n<td class=\"et2\" style=\"height: 12.75pt; width: 91.40pt;\" width=\"121\" height=\"17\">Utilizaci\u00f3n<\/td>\n<td class=\"et3\">Caramelos, Frutos secos, Aperitivos<\/td>\n<\/tr>\n<tr style=\"height: 12.75pt;\">\n<td class=\"et2\" style=\"height: 12.75pt; width: 91.40pt;\" width=\"121\" height=\"17\">MOQ<\/td>\n<td class=\"et2\" style=\"width: 237.00pt;\" width=\"316\">50.000 unidades<\/td>\n<\/tr>\n<tr style=\"height: 12.75pt;\">\n<td class=\"et2\" style=\"height: 12.75pt; width: 91.40pt;\" width=\"121\" height=\"17\">Pedido a medida<\/td>\n<td class=\"et2\" style=\"width: 237.00pt;\" width=\"316\">Aceptamos OEM, Soporte Muestra gratis<\/td>\n<\/tr>\n<\/tbody>\n<\/table>","protected":false},"featured_media":4102,"comment_status":"closed","ping_status":"closed","template":"","meta":{"_acf_changed":false},"product_brand":[],"product_cat":[30,18],"product_tag":[],"class_list":{"0":"post-4099","1":"product","2":"type-product","3":"status-publish","4":"has-post-thumbnail","6":"product_cat-stand-up-pouch-manufacturer","7":"product_cat-zipper-pouch-manufacturer","8":"pa_food-packaging-dry-food-packaging","9":"pa_food-packaging-snack-food-pouch","11":"first","12":"instock","13":"shipping-taxable","14":"product-type-simple"},"acf":[],"_links":{"self":[{"href":"https:\/\/www.stanleypackage.com\/es\/wp-json\/wp\/v2\/product\/4099","targetHints":{"allow":["GET"]}}],"collection":[{"href":"https:\/\/www.stanleypackage.com\/es\/wp-json\/wp\/v2\/product"}],"about":[{"href":"https:\/\/www.stanleypackage.com\/es\/wp-json\/wp\/v2\/types\/product"}],"replies":[{"embeddable":true,"href":"https:\/\/www.stanleypackage.com\/es\/wp-json\/wp\/v2\/comments?post=4099"}],"wp:featuredmedia":[{"embeddable":true,"href":"https:\/\/www.stanleypackage.com\/es\/wp-json\/wp\/v2\/media\/4102"}],"wp:attachment":[{"href":"https:\/\/www.stanleypackage.com\/es\/wp-json\/wp\/v2\/media?parent=4099"}],"wp:term":[{"taxonomy":"product_brand","embeddable":true,"href":"https:\/\/www.stanleypackage.com\/es\/wp-json\/wp\/v2\/product_brand?post=4099"},{"taxonomy":"product_cat","embeddable":true,"href":"https:\/\/www.stanleypackage.com\/es\/wp-json\/wp\/v2\/product_cat?post=4099"},{"taxonomy":"product_tag","embeddable":true,"href":"https:\/\/www.stanleypackage.com\/es\/wp-json\/wp\/v2\/product_tag?post=4099"}],"curies":[{"name":"wp","href":"https:\/\/api.w.org\/{rel}","templated":true}]}}