{"id":4105,"date":"2025-12-11T06:02:24","date_gmt":"2025-12-11T06:02:24","guid":{"rendered":"https:\/\/www.stanleypackage.com\/?post_type=product&#038;p=4105"},"modified":"2025-12-18T01:11:41","modified_gmt":"2025-12-18T01:11:41","slug":"flat-bottom-pouches-wholesale","status":"publish","type":"product","link":"https:\/\/www.stanleypackage.com\/es\/product\/flat-bottom-pouches-wholesale\/","title":{"rendered":"Bolsas de fondo plano al por mayor para alimentos deshidratados"},"content":{"rendered":"<div class=\"wp-block-columns is-layout-flex wp-container-core-columns-is-layout-9d6595d7 wp-block-columns-is-layout-flex\">\n<div class=\"wp-block-column is-layout-flow wp-block-column-is-layout-flow\">\n<h2 class=\"wp-block-heading\">Caracter\u00edsticas de las bolsas de fondo plano personalizadas al por mayor<\/h2>\n\n\n\n<ul class=\"wp-block-list\">\n<li><strong>Protecci\u00f3n de alta barrera: <\/strong>Nuestras bolsas de fondo plano personalizadas al por mayor utilizan una estructura compuesta de PET\/AL\/PE, que bloquea eficazmente la humedad, el ox\u00edgeno y la luz, prolongando la vida \u00fatil de los alimentos deshidratados y manteniendo su textura crujiente.<\/li>\n\n\n\n<li><strong>Dise\u00f1o estable autoportante: <\/strong>El fondo plano de esta bolsa OEM de fondo plano con cremallera permite que la bolsa de envasado se mantenga en posici\u00f3n vertical sin necesidad de soporte adicional, lo que facilita la exposici\u00f3n y el almacenamiento en los estantes de los comercios y mejora la visibilidad del producto.<\/li>\n\n\n\n<li><strong>Totalmente personalizable: <\/strong>Nuestras bolsas de fondo plano personalizadas al por mayor admiten la personalizaci\u00f3n de colores, dise\u00f1os y texto (como \u201cEspecialidad Guangxi\u201d, \u201cDeshidratado al vac\u00edo a baja temperatura\u201d, etc.) seg\u00fan las necesidades de la marca, lo que mejora el reconocimiento de la marca y su atractivo en el mercado.<\/li>\n\n\n\n<li><strong>Optimizado para alimentos deshidratados: <\/strong>La estructura del material de esta bolsa OEM de fondo plano con cremallera est\u00e1 optimizada para alimentos deshidratados al vac\u00edo a baja temperatura, lo que evita que se da\u00f1e la humedad y garantiza la frescura y el sabor de los alimentos.<\/li>\n\n\n\n<li><strong>Dise\u00f1o duradero y pr\u00e1ctico: <\/strong>El material compuesto multicapa de nuestras bolsas de fondo plano personalizadas al por mayor aumenta la resistencia y durabilidad de las bolsas. Se incluyen orificios preperforados para colgarlas, lo que facilita su exposici\u00f3n, y las bolsas son adecuadas para el transporte a granel y el uso al por mayor.<\/li>\n<\/ul>\n\n\n\n<div class=\"wp-block-columns is-layout-flex wp-container-core-columns-is-layout-9d6595d7 wp-block-columns-is-layout-flex\">\n<div class=\"wp-block-column is-layout-flow wp-block-column-is-layout-flow\">\n<figure class=\"wp-block-image size-full\"><img decoding=\"async\" width=\"750\" height=\"750\" src=\"https:\/\/www.stanleypackage.com\/wp-content\/uploads\/2025\/12\/Custom-Print-Snack-Bags-With-Zipper-Wholesale-8-Side-Seal-Pouches-3.webp\" alt=\"\" class=\"wp-image-4106\" srcset=\"https:\/\/www.stanleypackage.com\/wp-content\/uploads\/2025\/12\/Custom-Print-Snack-Bags-With-Zipper-Wholesale-8-Side-Seal-Pouches-3.webp 750w, https:\/\/www.stanleypackage.com\/wp-content\/uploads\/2025\/12\/Custom-Print-Snack-Bags-With-Zipper-Wholesale-8-Side-Seal-Pouches-3-300x300.webp 300w, https:\/\/www.stanleypackage.com\/wp-content\/uploads\/2025\/12\/Custom-Print-Snack-Bags-With-Zipper-Wholesale-8-Side-Seal-Pouches-3-150x150.webp 150w, https:\/\/www.stanleypackage.com\/wp-content\/uploads\/2025\/12\/Custom-Print-Snack-Bags-With-Zipper-Wholesale-8-Side-Seal-Pouches-3-12x12.webp 12w, https:\/\/www.stanleypackage.com\/wp-content\/uploads\/2025\/12\/Custom-Print-Snack-Bags-With-Zipper-Wholesale-8-Side-Seal-Pouches-3-600x600.webp 600w, https:\/\/www.stanleypackage.com\/wp-content\/uploads\/2025\/12\/Custom-Print-Snack-Bags-With-Zipper-Wholesale-8-Side-Seal-Pouches-3-100x100.webp 100w\" sizes=\"(max-width: 750px) 100vw, 750px\" \/><\/figure>\n<\/div>\n\n\n\n<div class=\"wp-block-column is-layout-flow wp-block-column-is-layout-flow\">\n<figure class=\"wp-block-image size-full\"><img decoding=\"async\" width=\"750\" height=\"750\" src=\"https:\/\/www.stanleypackage.com\/wp-content\/uploads\/2025\/12\/Custom-Print-Snack-Bags-With-Zipper-Wholesale-8-Side-Seal-Pouches-5.webp\" alt=\"\" class=\"wp-image-4107\" srcset=\"https:\/\/www.stanleypackage.com\/wp-content\/uploads\/2025\/12\/Custom-Print-Snack-Bags-With-Zipper-Wholesale-8-Side-Seal-Pouches-5.webp 750w, https:\/\/www.stanleypackage.com\/wp-content\/uploads\/2025\/12\/Custom-Print-Snack-Bags-With-Zipper-Wholesale-8-Side-Seal-Pouches-5-300x300.webp 300w, https:\/\/www.stanleypackage.com\/wp-content\/uploads\/2025\/12\/Custom-Print-Snack-Bags-With-Zipper-Wholesale-8-Side-Seal-Pouches-5-150x150.webp 150w, https:\/\/www.stanleypackage.com\/wp-content\/uploads\/2025\/12\/Custom-Print-Snack-Bags-With-Zipper-Wholesale-8-Side-Seal-Pouches-5-12x12.webp 12w, https:\/\/www.stanleypackage.com\/wp-content\/uploads\/2025\/12\/Custom-Print-Snack-Bags-With-Zipper-Wholesale-8-Side-Seal-Pouches-5-600x600.webp 600w, https:\/\/www.stanleypackage.com\/wp-content\/uploads\/2025\/12\/Custom-Print-Snack-Bags-With-Zipper-Wholesale-8-Side-Seal-Pouches-5-100x100.webp 100w\" sizes=\"(max-width: 750px) 100vw, 750px\" \/><\/figure>\n<\/div>\n<\/div>\n<\/div>\n<\/div>","protected":false},"excerpt":{"rendered":"<p>Nuestras bolsas personalizadas de fondo plano al por mayor est\u00e1n dise\u00f1adas para envasar alimentos deshidratados, especialmente indicadas para aperitivos como palitos de taro. Las bolsas est\u00e1n hechas de materiales compuestos de m\u00faltiples capas, proporcionando un alto rendimiento de barrera para garantizar la protecci\u00f3n contra la humedad y la conservaci\u00f3n de los alimentos.<\/p>\n<table style=\"border-collapse: collapse; width: 365.02pt;\" border=\"0\" width=\"365\" cellspacing=\"0\" cellpadding=\"0\">\n<tbody>\n<tr style=\"height: 16.00pt;\">\n<td class=\"et2\" style=\"height: 16.00pt; width: 97.50pt;\" width=\"97\" height=\"16\">Fabricante<\/td>\n<td class=\"et2\" style=\"width: 267.50pt;\" width=\"267\">Stanley<\/td>\n<\/tr>\n<tr style=\"height: 16.00pt;\">\n<td class=\"et2\" style=\"height: 16.00pt; width: 97.50pt;\" width=\"97\" height=\"16\">Tipos de bolsas<\/td>\n<td class=\"et2\" style=\"width: 267.50pt;\" width=\"267\">8 Bolsa de fondo plano con cierre lateral<\/td>\n<\/tr>\n<tr style=\"height: 31.00pt;\">\n<td class=\"et2\" style=\"height: 31.00pt; width: 97.50pt;\" width=\"97\" height=\"31\">Material<\/td>\n<td class=\"et2\" style=\"width: 267.50pt;\" width=\"267\">Frontal:PET12\/AL7\/PE105<br \/>Adem\u00e1s: PET12\/AL7\/PE90<\/td>\n<\/tr>\n<tr style=\"height: 16.00pt;\">\n<td class=\"et2\" style=\"height: 16.00pt; width: 97.50pt;\" width=\"97\" height=\"16\">Reportaje especial<\/td>\n<td class=\"et2\" style=\"width: 267.50pt;\" width=\"267\">8 Sello lateral, muesca para rasgar, bolsa con cremallera, apertura con ventana, agujero para colgar<\/td>\n<\/tr>\n<tr style=\"height: 16.00pt;\">\n<td class=\"et2\" style=\"height: 16.00pt; width: 97.50pt;\" width=\"97\" height=\"16\">Manipulaci\u00f3n de superficies<\/td>\n<td class=\"et2\" style=\"width: 267.50pt;\" width=\"267\">Impresi\u00f3n en huecograbado<\/td>\n<\/tr>\n<tr style=\"height: 16.00pt;\">\n<td class=\"et2\" style=\"height: 16.00pt; width: 97.50pt;\" width=\"97\" height=\"16\">Color<\/td>\n<td class=\"et2\" style=\"width: 267.50pt;\" width=\"267\">Hasta 10 colores<\/td>\n<\/tr>\n<tr style=\"height: 16.00pt;\">\n<td class=\"et2\" style=\"height: 16.00pt; width: 97.50pt;\" width=\"97\" height=\"16\">Utilizaci\u00f3n<\/td>\n<td class=\"et2\" style=\"width: 267.50pt;\" width=\"267\">Caf\u00e9, merienda, pan<\/td>\n<\/tr>\n<tr style=\"height: 16.00pt;\">\n<td class=\"et2\" style=\"height: 16.00pt; width: 97.50pt;\" width=\"97\" height=\"16\">MOQ<\/td>\n<td class=\"et2\" style=\"width: 267.50pt;\" width=\"267\">50.000 unidades<\/td>\n<\/tr>\n<tr style=\"height: 16.00pt;\">\n<td class=\"et2\" style=\"height: 16.00pt; width: 97.50pt;\" width=\"97\" height=\"16\">Pedido a medida<\/td>\n<td class=\"et2\" style=\"width: 267.50pt;\" width=\"267\">Aceptar soporte OEM Muestra gratuita<\/td>\n<\/tr>\n<\/tbody>\n<\/table>\n<p>&nbsp;<\/p>","protected":false},"featured_media":4108,"comment_status":"closed","ping_status":"closed","template":"","meta":{"_acf_changed":false},"product_brand":[],"product_cat":[24],"product_tag":[],"class_list":{"0":"post-4105","1":"product","2":"type-product","3":"status-publish","4":"has-post-thumbnail","6":"product_cat-flat-bottom-pouch-manufacturer","7":"pa_food-packaging-snack-food-pouch","9":"first","10":"instock","11":"shipping-taxable","12":"product-type-simple"},"acf":[],"_links":{"self":[{"href":"https:\/\/www.stanleypackage.com\/es\/wp-json\/wp\/v2\/product\/4105","targetHints":{"allow":["GET"]}}],"collection":[{"href":"https:\/\/www.stanleypackage.com\/es\/wp-json\/wp\/v2\/product"}],"about":[{"href":"https:\/\/www.stanleypackage.com\/es\/wp-json\/wp\/v2\/types\/product"}],"replies":[{"embeddable":true,"href":"https:\/\/www.stanleypackage.com\/es\/wp-json\/wp\/v2\/comments?post=4105"}],"wp:featuredmedia":[{"embeddable":true,"href":"https:\/\/www.stanleypackage.com\/es\/wp-json\/wp\/v2\/media\/4108"}],"wp:attachment":[{"href":"https:\/\/www.stanleypackage.com\/es\/wp-json\/wp\/v2\/media?parent=4105"}],"wp:term":[{"taxonomy":"product_brand","embeddable":true,"href":"https:\/\/www.stanleypackage.com\/es\/wp-json\/wp\/v2\/product_brand?post=4105"},{"taxonomy":"product_cat","embeddable":true,"href":"https:\/\/www.stanleypackage.com\/es\/wp-json\/wp\/v2\/product_cat?post=4105"},{"taxonomy":"product_tag","embeddable":true,"href":"https:\/\/www.stanleypackage.com\/es\/wp-json\/wp\/v2\/product_tag?post=4105"}],"curies":[{"name":"wp","href":"https:\/\/api.w.org\/{rel}","templated":true}]}}