{"id":4118,"date":"2025-12-11T03:16:25","date_gmt":"2025-12-11T03:16:25","guid":{"rendered":"https:\/\/www.stanleypackage.com\/?post_type=product&#038;p=4118"},"modified":"2025-12-11T03:16:32","modified_gmt":"2025-12-11T03:16:32","slug":"custom-foil-pouch","status":"publish","type":"product","link":"https:\/\/www.stanleypackage.com\/es\/product\/custom-foil-pouch\/","title":{"rendered":"Bolsa de aluminio de alta barrera personalizada, envasado de mascarilla facial"},"content":{"rendered":"<div class=\"wp-block-columns is-layout-flex wp-container-core-columns-is-layout-9d6595d7 wp-block-columns-is-layout-flex\">\n<div class=\"wp-block-column is-layout-flow wp-block-column-is-layout-flow\">\n<h2 class=\"wp-block-heading\">Caracter\u00edsticas de Custom Foil Pouch<\/h2>\n\n\n\n<ul class=\"wp-block-list\">\n<li><strong>Estructura de sellado de tres lados:\u00a0<\/strong>Nuestras bolsas de l\u00e1mina personalizadas para mascarillas en l\u00e1minas tienen una estructura de sellado herm\u00e9tico por tres lados que mantiene la mascarilla limpia y fresca al evitar cualquier fuga de suero.<\/li>\n\n\n\n<li><strong>Estructura de material de alto rendimiento: <\/strong>Nuestro empaque personalizado para mascarillas faciales utiliza material compuesto de cuatro capas MOPP25\/PET6\/PET Oxide Aluminum 12\/PE95, que tiene buenas propiedades de barrera y previene efectivamente la p\u00e9rdida de agua.<\/li>\n\n\n\n<li><strong>Dise\u00f1o f\u00e1cil de rasgar, f\u00e1cil de abrir: <\/strong>Esta bolsa de l\u00e1mina personalizada para mascarilla de l\u00e1minas est\u00e1 equipada con un dise\u00f1o de muesca de f\u00e1cil rasgado, que es conveniente para que los consumidores abran f\u00e1cilmente sin herramientas auxiliares, mejorando la experiencia del usuario.<\/li>\n\n\n\n<li><strong>El servicio personalizado satisface las necesidades:<\/strong>\u00a0Ofrecemos una variedad de opciones de personalizaci\u00f3n para el envasado de mascarillas faciales, y podemos dise\u00f1ar diferentes formas, tama\u00f1os y patrones de impresi\u00f3n de acuerdo con las necesidades del cliente para mejorar la personalizaci\u00f3n de la marca y la competitividad en el mercado.<\/li>\n\n\n\n<li><strong>Ampliamente aplicado a diversos productos:<\/strong> Nuestra bolsa de aluminio personalizada para m\u00e1scara de l\u00e1minas tambi\u00e9n se puede aplicar ampliamente a diversos productos, tales como m\u00e1scara de labios, m\u00e1scara de ojos y m\u00e1scara de manos.<\/li>\n<\/ul>\n\n\n\n<div class=\"wp-block-columns is-layout-flex wp-container-core-columns-is-layout-9d6595d7 wp-block-columns-is-layout-flex\">\n<div class=\"wp-block-column is-layout-flow wp-block-column-is-layout-flow\">\n<figure class=\"wp-block-image size-full\"><img decoding=\"async\" width=\"750\" height=\"750\" src=\"https:\/\/www.stanleypackage.com\/wp-content\/uploads\/2025\/12\/Custom-Printed-3-Side-Seal-Pouches-Wholesale-Packaging-Bag-For-Facial-Mask-3.jpg\" alt=\"\" class=\"wp-image-4120\" srcset=\"https:\/\/www.stanleypackage.com\/wp-content\/uploads\/2025\/12\/Custom-Printed-3-Side-Seal-Pouches-Wholesale-Packaging-Bag-For-Facial-Mask-3.jpg 750w, https:\/\/www.stanleypackage.com\/wp-content\/uploads\/2025\/12\/Custom-Printed-3-Side-Seal-Pouches-Wholesale-Packaging-Bag-For-Facial-Mask-3-300x300.jpg 300w, https:\/\/www.stanleypackage.com\/wp-content\/uploads\/2025\/12\/Custom-Printed-3-Side-Seal-Pouches-Wholesale-Packaging-Bag-For-Facial-Mask-3-150x150.jpg 150w, https:\/\/www.stanleypackage.com\/wp-content\/uploads\/2025\/12\/Custom-Printed-3-Side-Seal-Pouches-Wholesale-Packaging-Bag-For-Facial-Mask-3-12x12.jpg 12w, https:\/\/www.stanleypackage.com\/wp-content\/uploads\/2025\/12\/Custom-Printed-3-Side-Seal-Pouches-Wholesale-Packaging-Bag-For-Facial-Mask-3-600x600.jpg 600w, https:\/\/www.stanleypackage.com\/wp-content\/uploads\/2025\/12\/Custom-Printed-3-Side-Seal-Pouches-Wholesale-Packaging-Bag-For-Facial-Mask-3-100x100.jpg 100w\" sizes=\"(max-width: 750px) 100vw, 750px\" \/><\/figure>\n<\/div>\n\n\n\n<div class=\"wp-block-column is-layout-flow wp-block-column-is-layout-flow\">\n<figure class=\"wp-block-image size-full\"><img decoding=\"async\" width=\"750\" height=\"750\" src=\"https:\/\/www.stanleypackage.com\/wp-content\/uploads\/2025\/12\/Custom-Printed-3-Side-Seal-Pouches-Wholesale-Packaging-Bag-For-Facial-Mask.jpg\" alt=\"\" class=\"wp-image-4121\" srcset=\"https:\/\/www.stanleypackage.com\/wp-content\/uploads\/2025\/12\/Custom-Printed-3-Side-Seal-Pouches-Wholesale-Packaging-Bag-For-Facial-Mask.jpg 750w, https:\/\/www.stanleypackage.com\/wp-content\/uploads\/2025\/12\/Custom-Printed-3-Side-Seal-Pouches-Wholesale-Packaging-Bag-For-Facial-Mask-300x300.jpg 300w, https:\/\/www.stanleypackage.com\/wp-content\/uploads\/2025\/12\/Custom-Printed-3-Side-Seal-Pouches-Wholesale-Packaging-Bag-For-Facial-Mask-150x150.jpg 150w, https:\/\/www.stanleypackage.com\/wp-content\/uploads\/2025\/12\/Custom-Printed-3-Side-Seal-Pouches-Wholesale-Packaging-Bag-For-Facial-Mask-12x12.jpg 12w, https:\/\/www.stanleypackage.com\/wp-content\/uploads\/2025\/12\/Custom-Printed-3-Side-Seal-Pouches-Wholesale-Packaging-Bag-For-Facial-Mask-600x600.jpg 600w, https:\/\/www.stanleypackage.com\/wp-content\/uploads\/2025\/12\/Custom-Printed-3-Side-Seal-Pouches-Wholesale-Packaging-Bag-For-Facial-Mask-100x100.jpg 100w\" sizes=\"(max-width: 750px) 100vw, 750px\" \/><\/figure>\n<\/div>\n<\/div>\n<\/div>\n<\/div>","protected":false},"excerpt":{"rendered":"<p>Bienvenido a pedir bolsas de l\u00e1mina personalizadas. Nuestros envases personalizados de mascarillas faciales est\u00e1n hechos de material compuesto de alta resistencia, que tiene buenas propiedades de barrera y evita eficazmente la p\u00e9rdida de agua, adecuado para diversos productos en la vida.<\/p>\n<table style=\"border-collapse: collapse; width: 365.02pt;\" border=\"0\" width=\"365\" cellspacing=\"0\" cellpadding=\"0\">\n<tbody>\n<tr style=\"height: 16.00pt;\">\n<td class=\"et2\" style=\"height: 16.00pt; width: 97.50pt;\" width=\"97\" height=\"16\">Fabricante<\/td>\n<td class=\"et2\" style=\"width: 267.50pt;\" width=\"267\">Stanley<\/td>\n<\/tr>\n<tr style=\"height: 16.00pt;\">\n<td class=\"et2\" style=\"height: 16.00pt; width: 97.50pt;\" width=\"97\" height=\"16\">Tipos de bolsas<\/td>\n<td class=\"et3\">Bolsa con 3 soldaduras laterales<\/td>\n<\/tr>\n<tr style=\"height: 16.00pt;\">\n<td class=\"et2\" style=\"height: 16.00pt; width: 97.50pt;\" width=\"97\" height=\"16\">Material<\/td>\n<td class=\"et2\" style=\"width: 267.50pt;\" width=\"267\">Frontal: MOPP25\/PET6\/Oxido de PET Aluminio 12\/PE95<br \/>Dorso: MOPP25\/AL6\/Oxido de PET Aluminio 12\/PE95<\/td>\n<\/tr>\n<tr style=\"height: 31.00pt;\">\n<td class=\"et2\" style=\"height: 31.00pt; width: 97.50pt;\" width=\"97\" height=\"31\">Reportaje especial<\/td>\n<td class=\"et2\" style=\"width: 267.50pt;\" width=\"267\">Muesca Easy Tear, forma especial<\/td>\n<\/tr>\n<tr style=\"height: 16.00pt;\">\n<td class=\"et2\" style=\"height: 16.00pt; width: 97.50pt;\" width=\"97\" height=\"16\">Manipulaci\u00f3n de superficies<\/td>\n<td class=\"et2\" style=\"width: 267.50pt;\" width=\"267\">Impresi\u00f3n en huecograbado<\/td>\n<\/tr>\n<tr style=\"height: 16.00pt;\">\n<td class=\"et2\" style=\"height: 16.00pt; width: 97.50pt;\" width=\"97\" height=\"16\">Color<\/td>\n<td class=\"et2\" style=\"width: 267.50pt;\" width=\"267\">Hasta 10 colores<\/td>\n<\/tr>\n<tr style=\"height: 16.00pt;\">\n<td class=\"et2\" style=\"height: 16.00pt; width: 97.50pt;\" width=\"97\" height=\"16\">Utilizaci\u00f3n<\/td>\n<td class=\"et2\" style=\"width: 267.50pt;\" width=\"267\">Mascarilla facial<\/td>\n<\/tr>\n<tr style=\"height: 16.00pt;\">\n<td class=\"et2\" style=\"height: 16.00pt; width: 97.50pt;\" width=\"97\" height=\"16\">MOQ<\/td>\n<td class=\"et2\" style=\"width: 267.50pt;\" width=\"267\">50.000 unidades<\/td>\n<\/tr>\n<tr style=\"height: 16.00pt;\">\n<td class=\"et2\" style=\"height: 16.00pt; width: 97.50pt;\" width=\"97\" height=\"16\">Pedido a medida<\/td>\n<td class=\"et2\" style=\"width: 267.50pt;\" width=\"267\">Aceptamos OEM, Soporte Muestra gratis<\/td>\n<\/tr>\n<\/tbody>\n<\/table>","protected":false},"featured_media":4120,"comment_status":"closed","ping_status":"closed","template":"","meta":{"_acf_changed":false},"product_brand":[],"product_cat":[31,28],"product_tag":[],"class_list":{"0":"post-4118","1":"product","2":"type-product","3":"status-publish","4":"has-post-thumbnail","6":"product_cat-lay-flat-pouch-manufacturer","7":"product_cat-three-side-seal-pouch-manufacturer","8":"pa_non-food-packaging-cosmetic-packaging-pouches","10":"first","11":"instock","12":"shipping-taxable","13":"product-type-simple"},"acf":[],"_links":{"self":[{"href":"https:\/\/www.stanleypackage.com\/es\/wp-json\/wp\/v2\/product\/4118","targetHints":{"allow":["GET"]}}],"collection":[{"href":"https:\/\/www.stanleypackage.com\/es\/wp-json\/wp\/v2\/product"}],"about":[{"href":"https:\/\/www.stanleypackage.com\/es\/wp-json\/wp\/v2\/types\/product"}],"replies":[{"embeddable":true,"href":"https:\/\/www.stanleypackage.com\/es\/wp-json\/wp\/v2\/comments?post=4118"}],"wp:featuredmedia":[{"embeddable":true,"href":"https:\/\/www.stanleypackage.com\/es\/wp-json\/wp\/v2\/media\/4120"}],"wp:attachment":[{"href":"https:\/\/www.stanleypackage.com\/es\/wp-json\/wp\/v2\/media?parent=4118"}],"wp:term":[{"taxonomy":"product_brand","embeddable":true,"href":"https:\/\/www.stanleypackage.com\/es\/wp-json\/wp\/v2\/product_brand?post=4118"},{"taxonomy":"product_cat","embeddable":true,"href":"https:\/\/www.stanleypackage.com\/es\/wp-json\/wp\/v2\/product_cat?post=4118"},{"taxonomy":"product_tag","embeddable":true,"href":"https:\/\/www.stanleypackage.com\/es\/wp-json\/wp\/v2\/product_tag?post=4118"}],"curies":[{"name":"wp","href":"https:\/\/api.w.org\/{rel}","templated":true}]}}