{"id":4129,"date":"2025-12-11T02:44:53","date_gmt":"2025-12-11T02:44:53","guid":{"rendered":"https:\/\/www.stanleypackage.com\/?post_type=product&#038;p=4129"},"modified":"2025-12-11T02:44:58","modified_gmt":"2025-12-11T02:44:58","slug":"custom-printed-resealable-food-bags","status":"publish","type":"product","link":"https:\/\/www.stanleypackage.com\/es\/product\/custom-printed-resealable-food-bags\/","title":{"rendered":"Bolsas personalizadas resellables para alimentos, bolsas antihumedad"},"content":{"rendered":"<div class=\"wp-block-columns is-layout-flex wp-container-core-columns-is-layout-9d6595d7 wp-block-columns-is-layout-flex\">\n<div class=\"wp-block-column is-layout-flow wp-block-column-is-layout-flow\">\n<h2 class=\"wp-block-heading\">Caracter\u00edsticas de las bolsas resellables personalizadas para alimentos<\/h2>\n\n\n\n<ul class=\"wp-block-list\">\n<li><strong>Estructura autoportante del fondo de saco: <\/strong>Estas bolsas resellables con impresi\u00f3n personalizada tienen un dise\u00f1o estable, adecuado para su colocaci\u00f3n en estanter\u00edas, y mejoran el efecto visual de los productos de aperitivo.<\/li>\n\n\n\n<li><strong>Equipado con dise\u00f1o de orificio para colgar:<\/strong> Estas bolsas con cremallera al por mayor para cereales tienen orificios para colgar, lo que resulta muy pr\u00e1ctico para colgarlas, ampliar los escenarios de venta y mejorar la comodidad de la venta al por menor.<\/li>\n\n\n\n<li><strong>Dise\u00f1o f\u00e1cil de rasgar: <\/strong>Estas bolsas de cereales resellables impresas a medida tienen muescas de rasgado, que permiten abrir f\u00e1cilmente el envase, facilitan la apertura y mejoran la experiencia del usuario.<\/li>\n\n\n\n<li><strong>Estructura de cremallera sellada: <\/strong>Nuestras bolsas con cremallera al por mayor admiten m\u00faltiples aperturas y cierres, mantienen los dulces y aperitivos frescos e higi\u00e9nicos, y son adecuadas para el consumo port\u00e1til diario.<\/li>\n\n\n\n<li><strong>Materiales compuestos de alta calidad PET\/VMPET\/PE: <\/strong>Nuestras bolsas resellables para alimentos impresas a medida tienen buenas propiedades de barrera, a prueba de humedad y antioxidaci\u00f3n, y garantizan la calidad de los alimentos.<\/li>\n\n\n\n<li><strong>Adecuado para diversos aperitivos: <\/strong>Estas bolsas con cremallera al por mayor son muy adecuadas para envasar alimentos secos como cereales, t\u00e9, caramelos, frutos secos, etc.<\/li>\n<\/ul>\n\n\n\n<div class=\"wp-block-columns is-layout-flex wp-container-core-columns-is-layout-9d6595d7 wp-block-columns-is-layout-flex\">\n<div class=\"wp-block-column is-layout-flow wp-block-column-is-layout-flow\">\n<figure class=\"wp-block-image size-full\"><img decoding=\"async\" width=\"750\" height=\"750\" src=\"https:\/\/www.stanleypackage.com\/wp-content\/uploads\/2025\/12\/Custom-Moisture-Proof-Stand-Up-Zipper-Pouches-Wholesale-Packaging-Bags-for-Cereal-7.webp\" alt=\"\" class=\"wp-image-4130\" srcset=\"https:\/\/www.stanleypackage.com\/wp-content\/uploads\/2025\/12\/Custom-Moisture-Proof-Stand-Up-Zipper-Pouches-Wholesale-Packaging-Bags-for-Cereal-7.webp 750w, https:\/\/www.stanleypackage.com\/wp-content\/uploads\/2025\/12\/Custom-Moisture-Proof-Stand-Up-Zipper-Pouches-Wholesale-Packaging-Bags-for-Cereal-7-300x300.webp 300w, https:\/\/www.stanleypackage.com\/wp-content\/uploads\/2025\/12\/Custom-Moisture-Proof-Stand-Up-Zipper-Pouches-Wholesale-Packaging-Bags-for-Cereal-7-150x150.webp 150w, https:\/\/www.stanleypackage.com\/wp-content\/uploads\/2025\/12\/Custom-Moisture-Proof-Stand-Up-Zipper-Pouches-Wholesale-Packaging-Bags-for-Cereal-7-12x12.webp 12w, https:\/\/www.stanleypackage.com\/wp-content\/uploads\/2025\/12\/Custom-Moisture-Proof-Stand-Up-Zipper-Pouches-Wholesale-Packaging-Bags-for-Cereal-7-600x600.webp 600w, https:\/\/www.stanleypackage.com\/wp-content\/uploads\/2025\/12\/Custom-Moisture-Proof-Stand-Up-Zipper-Pouches-Wholesale-Packaging-Bags-for-Cereal-7-100x100.webp 100w\" sizes=\"(max-width: 750px) 100vw, 750px\" \/><\/figure>\n<\/div>\n\n\n\n<div class=\"wp-block-column is-layout-flow wp-block-column-is-layout-flow\">\n<figure class=\"wp-block-image size-full\"><img decoding=\"async\" width=\"750\" height=\"750\" src=\"https:\/\/www.stanleypackage.com\/wp-content\/uploads\/2025\/12\/Custom-Moisture-Proof-Stand-Up-Zipper-Pouches-Wholesale-Packaging-Bags-for-Cereal-4.webp\" alt=\"Bolsas personalizadas resellables para alimentos, bolsas antihumedad\" class=\"wp-image-4132\" srcset=\"https:\/\/www.stanleypackage.com\/wp-content\/uploads\/2025\/12\/Custom-Moisture-Proof-Stand-Up-Zipper-Pouches-Wholesale-Packaging-Bags-for-Cereal-4.webp 750w, https:\/\/www.stanleypackage.com\/wp-content\/uploads\/2025\/12\/Custom-Moisture-Proof-Stand-Up-Zipper-Pouches-Wholesale-Packaging-Bags-for-Cereal-4-300x300.webp 300w, https:\/\/www.stanleypackage.com\/wp-content\/uploads\/2025\/12\/Custom-Moisture-Proof-Stand-Up-Zipper-Pouches-Wholesale-Packaging-Bags-for-Cereal-4-150x150.webp 150w, https:\/\/www.stanleypackage.com\/wp-content\/uploads\/2025\/12\/Custom-Moisture-Proof-Stand-Up-Zipper-Pouches-Wholesale-Packaging-Bags-for-Cereal-4-12x12.webp 12w, https:\/\/www.stanleypackage.com\/wp-content\/uploads\/2025\/12\/Custom-Moisture-Proof-Stand-Up-Zipper-Pouches-Wholesale-Packaging-Bags-for-Cereal-4-600x600.webp 600w, https:\/\/www.stanleypackage.com\/wp-content\/uploads\/2025\/12\/Custom-Moisture-Proof-Stand-Up-Zipper-Pouches-Wholesale-Packaging-Bags-for-Cereal-4-100x100.webp 100w\" sizes=\"(max-width: 750px) 100vw, 750px\" \/><\/figure>\n<\/div>\n<\/div>\n<\/div>\n<\/div>","protected":false},"excerpt":{"rendered":"<p>Le damos la bienvenida a su pedido de bolsas con cierre personalizadas para alimentos. Nuestro mayorista de pie bolsa con cremallera para cereales cuenta con una cremallera, muesca de desgarro, y el agujero de la ca\u00edda, que est\u00e1 especialmente dise\u00f1ado para los dulces, frutos secos, aperitivos y otros alimentos de aperitivo para mejorar el efecto de la exhibici\u00f3n del estante del producto.<\/p>\n<table width=\"365\">\n<tbody>\n<tr>\n<td width=\"97\">Fabricante<\/td>\n<td width=\"267\">Stanley<\/td>\n<\/tr>\n<tr>\n<td width=\"97\">Tipos de bolsas<\/td>\n<td width=\"267\">Bolsa de pie, bolsa con cremallera<\/td>\n<\/tr>\n<tr>\n<td width=\"97\">Material<\/td>\n<td width=\"267\">PET12\/VMPET12\/PE80<\/td>\n<\/tr>\n<tr>\n<td width=\"97\">Reportaje especial<\/td>\n<td width=\"267\">Agujero para colgar, cremallera, muesca para rasgar<\/td>\n<\/tr>\n<tr>\n<td width=\"97\">Manipulaci\u00f3n de superficies<\/td>\n<td width=\"267\">Impresi\u00f3n en huecograbado<\/td>\n<\/tr>\n<tr>\n<td width=\"97\">Color<\/td>\n<td width=\"267\">Impresi\u00f3n a doble cara, hasta 10 colores<\/td>\n<\/tr>\n<tr>\n<td width=\"97\">Utilizaci\u00f3n<\/td>\n<td width=\"267\">Caramelos, gominolas, frutos secos, etc.<\/td>\n<\/tr>\n<tr>\n<td width=\"97\">MOQ<\/td>\n<td width=\"267\">50.000 unidades<\/td>\n<\/tr>\n<tr>\n<td width=\"97\">Pedido a medida<\/td>\n<td width=\"267\">Aceptamos OEM, Soporte Muestra gratis<\/td>\n<\/tr>\n<\/tbody>\n<\/table>","protected":false},"featured_media":4131,"comment_status":"closed","ping_status":"closed","template":"","meta":{"_acf_changed":false},"product_brand":[],"product_cat":[30,18],"product_tag":[],"class_list":{"0":"post-4129","1":"product","2":"type-product","3":"status-publish","4":"has-post-thumbnail","6":"product_cat-stand-up-pouch-manufacturer","7":"product_cat-zipper-pouch-manufacturer","8":"pa_food-packaging-oatmeal-pouch","10":"first","11":"instock","12":"shipping-taxable","13":"product-type-simple"},"acf":[],"_links":{"self":[{"href":"https:\/\/www.stanleypackage.com\/es\/wp-json\/wp\/v2\/product\/4129","targetHints":{"allow":["GET"]}}],"collection":[{"href":"https:\/\/www.stanleypackage.com\/es\/wp-json\/wp\/v2\/product"}],"about":[{"href":"https:\/\/www.stanleypackage.com\/es\/wp-json\/wp\/v2\/types\/product"}],"replies":[{"embeddable":true,"href":"https:\/\/www.stanleypackage.com\/es\/wp-json\/wp\/v2\/comments?post=4129"}],"wp:featuredmedia":[{"embeddable":true,"href":"https:\/\/www.stanleypackage.com\/es\/wp-json\/wp\/v2\/media\/4131"}],"wp:attachment":[{"href":"https:\/\/www.stanleypackage.com\/es\/wp-json\/wp\/v2\/media?parent=4129"}],"wp:term":[{"taxonomy":"product_brand","embeddable":true,"href":"https:\/\/www.stanleypackage.com\/es\/wp-json\/wp\/v2\/product_brand?post=4129"},{"taxonomy":"product_cat","embeddable":true,"href":"https:\/\/www.stanleypackage.com\/es\/wp-json\/wp\/v2\/product_cat?post=4129"},{"taxonomy":"product_tag","embeddable":true,"href":"https:\/\/www.stanleypackage.com\/es\/wp-json\/wp\/v2\/product_tag?post=4129"}],"curies":[{"name":"wp","href":"https:\/\/api.w.org\/{rel}","templated":true}]}}