{"id":4146,"date":"2025-12-11T02:04:57","date_gmt":"2025-12-11T02:04:57","guid":{"rendered":"https:\/\/www.stanleypackage.com\/?post_type=product&#038;p=4146"},"modified":"2025-12-11T02:05:30","modified_gmt":"2025-12-11T02:05:30","slug":"customized-oem-retort-pouch","status":"publish","type":"product","link":"https:\/\/www.stanleypackage.com\/es\/product\/customized-oem-retort-pouch\/","title":{"rendered":"Bolsa retortable OEM personalizada para salsas y alimentos preparados"},"content":{"rendered":"<div class=\"wp-block-columns is-layout-flex wp-container-core-columns-is-layout-9d6595d7 wp-block-columns-is-layout-flex\">\n<div class=\"wp-block-column is-layout-flow wp-block-column-is-layout-flow\">\n<h2 class=\"wp-block-heading\">Caracter\u00edsticas de la bolsa retortable OEM personalizada<\/h2>\n\n\n\n<ul class=\"wp-block-list\">\n<li><strong>Alta barrera, apto para alimentos y seguro:<\/strong> Nuestra bolsa de retorta OEM personalizada utiliza una estructura compuesta multicapa de PET12\/AL7\/PE75, que proporciona una excelente protecci\u00f3n contra la humedad, la oxidaci\u00f3n y la luz.<\/li>\n\n\n\n<li><strong>Construcci\u00f3n vers\u00e1til y c\u00f3moda: <\/strong>Nuestras bolsas OEM de l\u00e1mina con sellado en 3 lados al por mayor disponen de orificios para colgarlas, lo que permite exponerlas c\u00f3modamente con ganchos. Y la muesca de f\u00e1cil apertura permite a los consumidores abrirlas f\u00e1cilmente. Adem\u00e1s, nuestras bolsas de envasado tienen las esquinas redondeadas, lo que es un dise\u00f1o bien pensado que puede prevenir cualquier da\u00f1o a las manos.<\/li>\n\n\n\n<li><strong>Llenado y sellado eficaces: <\/strong>El dise\u00f1o de llenado inferior de nuestra bolsa retortable OEM personalizada hace que el proceso de envasado sea m\u00e1s eficaz e higi\u00e9nico, por lo que resulta especialmente adecuada para la producci\u00f3n de grandes vol\u00famenes en l\u00edneas de montaje.<\/li>\n\n\n\n<li><strong>Amplia aplicaci\u00f3n:<\/strong> Estas bolsas de aluminio OEM con sellado en 3 lados al por mayor son adecuadas para envasar una gran variedad de alimentos, como sal, aginomoto, condimento para olla caliente, etc., lo que permite a las marcas satisfacer las necesidades del mercado de m\u00faltiples categor\u00edas de productos con un \u00fanico envase.<\/li>\n\n\n\n<li><strong>Aluminio Material de la pel\u00edcula: <\/strong>Nuestras bolsas de retorta OEM personalizadas est\u00e1n hechas de material de pel\u00edcula de aluminio, que puede prevenir mejor la infiltraci\u00f3n de aire y humedad.<\/li>\n<\/ul>\n\n\n\n<div class=\"wp-block-columns is-layout-flex wp-container-core-columns-is-layout-9d6595d7 wp-block-columns-is-layout-flex\">\n<div class=\"wp-block-column is-layout-flow wp-block-column-is-layout-flow\">\n<figure class=\"wp-block-image size-full\"><img decoding=\"async\" width=\"750\" height=\"750\" src=\"https:\/\/www.stanleypackage.com\/wp-content\/uploads\/2025\/12\/Custom-Foil-Pouch-Packaging-Wholesale-3-Side-Seal-Pouches.jpg\" alt=\"\" class=\"wp-image-4147\" srcset=\"https:\/\/www.stanleypackage.com\/wp-content\/uploads\/2025\/12\/Custom-Foil-Pouch-Packaging-Wholesale-3-Side-Seal-Pouches.jpg 750w, https:\/\/www.stanleypackage.com\/wp-content\/uploads\/2025\/12\/Custom-Foil-Pouch-Packaging-Wholesale-3-Side-Seal-Pouches-300x300.jpg 300w, https:\/\/www.stanleypackage.com\/wp-content\/uploads\/2025\/12\/Custom-Foil-Pouch-Packaging-Wholesale-3-Side-Seal-Pouches-150x150.jpg 150w, https:\/\/www.stanleypackage.com\/wp-content\/uploads\/2025\/12\/Custom-Foil-Pouch-Packaging-Wholesale-3-Side-Seal-Pouches-12x12.jpg 12w, https:\/\/www.stanleypackage.com\/wp-content\/uploads\/2025\/12\/Custom-Foil-Pouch-Packaging-Wholesale-3-Side-Seal-Pouches-600x600.jpg 600w, https:\/\/www.stanleypackage.com\/wp-content\/uploads\/2025\/12\/Custom-Foil-Pouch-Packaging-Wholesale-3-Side-Seal-Pouches-100x100.jpg 100w\" sizes=\"(max-width: 750px) 100vw, 750px\" \/><\/figure>\n<\/div>\n\n\n\n<div class=\"wp-block-column is-layout-flow wp-block-column-is-layout-flow\">\n<figure class=\"wp-block-image size-full\"><img decoding=\"async\" width=\"750\" height=\"750\" src=\"https:\/\/www.stanleypackage.com\/wp-content\/uploads\/2025\/12\/Custom-Foil-Pouch-Packaging-Wholesale-3-Side-Seal-Pouches-7.webp\" alt=\"\" class=\"wp-image-4148\" srcset=\"https:\/\/www.stanleypackage.com\/wp-content\/uploads\/2025\/12\/Custom-Foil-Pouch-Packaging-Wholesale-3-Side-Seal-Pouches-7.webp 750w, https:\/\/www.stanleypackage.com\/wp-content\/uploads\/2025\/12\/Custom-Foil-Pouch-Packaging-Wholesale-3-Side-Seal-Pouches-7-300x300.webp 300w, https:\/\/www.stanleypackage.com\/wp-content\/uploads\/2025\/12\/Custom-Foil-Pouch-Packaging-Wholesale-3-Side-Seal-Pouches-7-150x150.webp 150w, https:\/\/www.stanleypackage.com\/wp-content\/uploads\/2025\/12\/Custom-Foil-Pouch-Packaging-Wholesale-3-Side-Seal-Pouches-7-12x12.webp 12w, https:\/\/www.stanleypackage.com\/wp-content\/uploads\/2025\/12\/Custom-Foil-Pouch-Packaging-Wholesale-3-Side-Seal-Pouches-7-600x600.webp 600w, https:\/\/www.stanleypackage.com\/wp-content\/uploads\/2025\/12\/Custom-Foil-Pouch-Packaging-Wholesale-3-Side-Seal-Pouches-7-100x100.webp 100w\" sizes=\"(max-width: 750px) 100vw, 750px\" \/><\/figure>\n<\/div>\n<\/div>\n<\/div>\n<\/div>\n\n\n\n<p><\/p>","protected":false},"excerpt":{"rendered":"<p>Bienvenido a pedir bolsas de retorta OEM personalizadas. Nuestras bolsas de l\u00e1mina de sellado por 3 lados personalizadas al por mayor combinan propiedades de alta barrera con durabilidad, con agujeros para colgar, dise\u00f1o de esquinas redondeadas y muesca f\u00e1cil de rasgar, y un puerto de llenado inferior para satisfacer una variedad de necesidades de envasado y exhibici\u00f3n de alimentos.<\/p>\n<table style=\"border-collapse: collapse; width: 365.02pt;\" border=\"0\" width=\"365\" cellspacing=\"0\" cellpadding=\"0\">\n<tbody>\n<tr style=\"height: 16.00pt;\">\n<td class=\"et2\" style=\"height: 16.00pt; width: 97.50pt;\" width=\"97\" height=\"16\">Fabricante<\/td>\n<td class=\"et2\" style=\"width: 267.50pt;\" width=\"267\">Stanley<\/td>\n<\/tr>\n<tr style=\"height: 16.00pt;\">\n<td class=\"et2\" style=\"height: 16.00pt; width: 97.50pt;\" width=\"97\" height=\"16\">Tipos de bolsas<\/td>\n<td class=\"et2\" style=\"width: 267.50pt;\" width=\"267\">Bolsa de sellado de 3 lados, bolsa de retorta<\/td>\n<\/tr>\n<tr style=\"height: 31.00pt;\">\n<td class=\"et2\" style=\"height: 31.00pt; width: 97.50pt;\" width=\"97\" height=\"31\">Material<\/td>\n<td class=\"et2\" style=\"width: 267.50pt;\" width=\"267\">PET12\/AL7\/PE75<\/td>\n<\/tr>\n<tr style=\"height: 16.00pt;\">\n<td class=\"et2\" style=\"height: 16.00pt; width: 97.50pt;\" width=\"97\" height=\"16\">Reportaje especial<\/td>\n<td class=\"et2\" style=\"width: 267.50pt;\" width=\"267\">\u00a0Muesca de rasgado, relleno inferior, agujero para colgar, esquina redondeada<\/td>\n<\/tr>\n<tr style=\"height: 16.00pt;\">\n<td class=\"et2\" style=\"height: 16.00pt; width: 97.50pt;\" width=\"97\" height=\"16\">Manipulaci\u00f3n de superficies<\/td>\n<td class=\"et2\" style=\"width: 267.50pt;\" width=\"267\">Impresi\u00f3n en huecograbado<\/td>\n<\/tr>\n<tr style=\"height: 16.00pt;\">\n<td class=\"et2\" style=\"height: 16.00pt; width: 97.50pt;\" width=\"97\" height=\"16\">Color<\/td>\n<td class=\"et2\" style=\"width: 267.50pt;\" width=\"267\">Hasta 10 colores<\/td>\n<\/tr>\n<tr style=\"height: 16.00pt;\">\n<td class=\"et2\" style=\"height: 16.00pt; width: 97.50pt;\" width=\"97\" height=\"16\">Utilizaci\u00f3n<\/td>\n<td class=\"et2\" style=\"width: 267.50pt;\" width=\"267\">Sal, Aginomoto, Condimento Hotpot<\/td>\n<\/tr>\n<tr style=\"height: 16.00pt;\">\n<td class=\"et2\" style=\"height: 16.00pt; width: 97.50pt;\" width=\"97\" height=\"16\">MOQ<\/td>\n<td class=\"et2\" style=\"width: 267.50pt;\" width=\"267\">50.000 unidades<\/td>\n<\/tr>\n<tr style=\"height: 16.00pt;\">\n<td class=\"et2\" style=\"height: 16.00pt; width: 97.50pt;\" width=\"97\" height=\"16\">Pedido a medida<\/td>\n<td class=\"et2\" style=\"width: 267.50pt;\" width=\"267\">Aceptar soporte OEM Muestra gratuita<\/td>\n<\/tr>\n<\/tbody>\n<\/table>\n<p>&nbsp;<\/p>","protected":false},"featured_media":4149,"comment_status":"closed","ping_status":"closed","template":"","meta":{"_acf_changed":false},"product_brand":[],"product_cat":[31,28,23],"product_tag":[],"class_list":{"0":"post-4146","1":"product","2":"type-product","3":"status-publish","4":"has-post-thumbnail","6":"product_cat-lay-flat-pouch-manufacturer","7":"product_cat-three-side-seal-pouch-manufacturer","8":"product_cat-retort-pouch-manufacturer","9":"pa_food-packaging-sauce-condiment-pouches","10":"pa_food-packaging-ready-meal-pouch","12":"first","13":"instock","14":"shipping-taxable","15":"product-type-simple"},"acf":[],"_links":{"self":[{"href":"https:\/\/www.stanleypackage.com\/es\/wp-json\/wp\/v2\/product\/4146","targetHints":{"allow":["GET"]}}],"collection":[{"href":"https:\/\/www.stanleypackage.com\/es\/wp-json\/wp\/v2\/product"}],"about":[{"href":"https:\/\/www.stanleypackage.com\/es\/wp-json\/wp\/v2\/types\/product"}],"replies":[{"embeddable":true,"href":"https:\/\/www.stanleypackage.com\/es\/wp-json\/wp\/v2\/comments?post=4146"}],"wp:featuredmedia":[{"embeddable":true,"href":"https:\/\/www.stanleypackage.com\/es\/wp-json\/wp\/v2\/media\/4149"}],"wp:attachment":[{"href":"https:\/\/www.stanleypackage.com\/es\/wp-json\/wp\/v2\/media?parent=4146"}],"wp:term":[{"taxonomy":"product_brand","embeddable":true,"href":"https:\/\/www.stanleypackage.com\/es\/wp-json\/wp\/v2\/product_brand?post=4146"},{"taxonomy":"product_cat","embeddable":true,"href":"https:\/\/www.stanleypackage.com\/es\/wp-json\/wp\/v2\/product_cat?post=4146"},{"taxonomy":"product_tag","embeddable":true,"href":"https:\/\/www.stanleypackage.com\/es\/wp-json\/wp\/v2\/product_tag?post=4146"}],"curies":[{"name":"wp","href":"https:\/\/api.w.org\/{rel}","templated":true}]}}