{"id":4162,"date":"2025-12-11T01:45:20","date_gmt":"2025-12-11T01:45:20","guid":{"rendered":"https:\/\/www.stanleypackage.com\/?post_type=product&#038;p=4162"},"modified":"2025-12-11T01:45:32","modified_gmt":"2025-12-11T01:45:32","slug":"custom-resealable-pouches","status":"publish","type":"product","link":"https:\/\/www.stanleypackage.com\/es\/product\/custom-resealable-pouches\/","title":{"rendered":"OEM Bolsas resellables personalizadas para el envasado de cereales y alimentos secos"},"content":{"rendered":"<div class=\"wp-block-columns is-layout-flex wp-container-core-columns-is-layout-9d6595d7 wp-block-columns-is-layout-flex\">\n<div class=\"wp-block-column is-layout-flow wp-block-column-is-layout-flow\">\n<h2 class=\"wp-block-heading\">Caracter\u00edsticas de las bolsas personalizadas resellables<\/h2>\n\n\n\n<ul class=\"wp-block-list\">\n<li><strong>M\u00e1xima conservaci\u00f3n de la frescura:<\/strong> Nuestras bolsas resellables personalizadas est\u00e1n fabricadas con una estructura de material compuesto de PET\/VMPET\/PE que proporciona la mejor protecci\u00f3n contra la humedad, el ox\u00edgeno y la luz, evitando que los cereales y los aperitivos se ablanden o se oxiden, y manteniendo su textura crujiente y sabor fresco durante un per\u00edodo prolongado.<\/li>\n\n\n\n<li><strong>C\u00f3modo resellado:<\/strong> Esta bolsa OEM con cremallera de pie es f\u00e1cil de abrir y cerrar con un sellado decente. Los consumidores pueden volver a cerrarla cuando lo deseen despu\u00e9s de abrirla, lo que resuelve inmediatamente el dilema de arrastrar las sobras, al tiempo que proporciona comodidad y reduce los residuos.<\/li>\n\n\n\n<li><strong>Rendimiento sobresaliente en estanter\u00edas:<\/strong> Nuestras exclusivas bolsas personalizadas resellables se mantienen estables sin soporte, ofreciendo una gran superficie de exposici\u00f3n. Con impresi\u00f3n personalizada de gama completa en color de alta definici\u00f3n, muestra plenamente los logotipos de la marca y la informaci\u00f3n del producto, lo que hace que destaque en las estanter\u00edas de los comercios y atraiga la atenci\u00f3n del consumidor.<\/li>\n\n\n\n<li><strong>Robusto, resistente y funcional: <\/strong>Nuestra bolsa OEM con cremallera para cereales est\u00e1 fabricada con un material resistente a la perforaci\u00f3n y la abrasi\u00f3n. La fiabilidad est\u00e1 garantizada durante el llenado y el env\u00edo y, en \u00faltima instancia, durante el uso por parte del consumidor.<\/li>\n\n\n\n<li><strong>Dise\u00f1o f\u00e1cil de usar: <\/strong>Nuestras bolsas personalizadas resellables no s\u00f3lo ofrecen a los usuarios la posibilidad de almacenar sus art\u00edculos en una posici\u00f3n estable, sino que tambi\u00e9n les proporcionan una forma f\u00e1cil de abrir la bolsa y verter los cereales en cuencos o platos con el m\u00ednimo esfuerzo.<\/li>\n<\/ul>\n\n\n\n<div class=\"wp-block-columns is-layout-flex wp-container-core-columns-is-layout-9d6595d7 wp-block-columns-is-layout-flex\">\n<div class=\"wp-block-column is-layout-flow wp-block-column-is-layout-flow\">\n<figure class=\"wp-block-image size-full\"><img decoding=\"async\" width=\"750\" height=\"750\" src=\"https:\/\/www.stanleypackage.com\/wp-content\/uploads\/2025\/12\/Custom-Packaging-Bag-With-Zipper-OEM-Cereal-Stand-Pouches-1.webp\" alt=\"\" class=\"wp-image-4170\" srcset=\"https:\/\/www.stanleypackage.com\/wp-content\/uploads\/2025\/12\/Custom-Packaging-Bag-With-Zipper-OEM-Cereal-Stand-Pouches-1.webp 750w, https:\/\/www.stanleypackage.com\/wp-content\/uploads\/2025\/12\/Custom-Packaging-Bag-With-Zipper-OEM-Cereal-Stand-Pouches-1-300x300.webp 300w, https:\/\/www.stanleypackage.com\/wp-content\/uploads\/2025\/12\/Custom-Packaging-Bag-With-Zipper-OEM-Cereal-Stand-Pouches-1-150x150.webp 150w, https:\/\/www.stanleypackage.com\/wp-content\/uploads\/2025\/12\/Custom-Packaging-Bag-With-Zipper-OEM-Cereal-Stand-Pouches-1-12x12.webp 12w, https:\/\/www.stanleypackage.com\/wp-content\/uploads\/2025\/12\/Custom-Packaging-Bag-With-Zipper-OEM-Cereal-Stand-Pouches-1-600x600.webp 600w, https:\/\/www.stanleypackage.com\/wp-content\/uploads\/2025\/12\/Custom-Packaging-Bag-With-Zipper-OEM-Cereal-Stand-Pouches-1-100x100.webp 100w\" sizes=\"(max-width: 750px) 100vw, 750px\" \/><\/figure>\n<\/div>\n\n\n\n<div class=\"wp-block-column is-layout-flow wp-block-column-is-layout-flow\">\n<figure class=\"wp-block-image size-full\"><img decoding=\"async\" width=\"750\" height=\"615\" src=\"https:\/\/www.stanleypackage.com\/wp-content\/uploads\/2025\/12\/Custom-Packaging-Bag-With-Zipper-OEM-Cereal-Stand-Pouches-5.webp\" alt=\"\" class=\"wp-image-4164\" srcset=\"https:\/\/www.stanleypackage.com\/wp-content\/uploads\/2025\/12\/Custom-Packaging-Bag-With-Zipper-OEM-Cereal-Stand-Pouches-5.webp 750w, https:\/\/www.stanleypackage.com\/wp-content\/uploads\/2025\/12\/Custom-Packaging-Bag-With-Zipper-OEM-Cereal-Stand-Pouches-5-300x246.webp 300w, https:\/\/www.stanleypackage.com\/wp-content\/uploads\/2025\/12\/Custom-Packaging-Bag-With-Zipper-OEM-Cereal-Stand-Pouches-5-15x12.webp 15w, https:\/\/www.stanleypackage.com\/wp-content\/uploads\/2025\/12\/Custom-Packaging-Bag-With-Zipper-OEM-Cereal-Stand-Pouches-5-600x492.webp 600w\" sizes=\"(max-width: 750px) 100vw, 750px\" \/><\/figure>\n<\/div>\n<\/div>\n<\/div>\n<\/div>\n\n\n\n<p><\/p>","protected":false},"excerpt":{"rendered":"<p>Bienvenido al pedido de bolsas resellables personalizadas. Esta bolsa OEM con cremallera est\u00e1 hecha espec\u00edficamente para alimentos secos como cereales y aperitivos. Est\u00e1 fabricada con materiales de alta barrera, por lo que ofrece una gran protecci\u00f3n contra la humedad, el ox\u00edgeno y la luz.<\/p>\n<table width=\"365\">\n<tbody>\n<tr>\n<td width=\"97\">Fabricante<\/td>\n<td width=\"267\">Stanley<\/td>\n<\/tr>\n<tr>\n<td width=\"97\">Tipos de bolsas<\/td>\n<td width=\"267\">Bolsa de pie, bolsa con cremallera<\/td>\n<\/tr>\n<tr>\n<td width=\"97\">Material\u00a0<\/td>\n<td width=\"267\">PET12\/VMPET12\/PE90<\/td>\n<\/tr>\n<tr>\n<td width=\"97\">Reportaje especial<\/td>\n<td width=\"267\">Cremallera, muesca para rasgar, de pie<\/td>\n<\/tr>\n<tr>\n<td width=\"97\">Manipulaci\u00f3n de superficies<\/td>\n<td width=\"267\">Impresi\u00f3n en huecograbado<\/td>\n<\/tr>\n<tr>\n<td width=\"97\">Color<\/td>\n<td width=\"267\">Impresi\u00f3n a doble cara, hasta 10 colores<\/td>\n<\/tr>\n<tr>\n<td width=\"97\">Utilizaci\u00f3n<\/td>\n<td width=\"267\">Cereales, t\u00e9, frutos secos, dulces,<\/td>\n<\/tr>\n<tr>\n<td width=\"97\">MOQ<\/td>\n<td width=\"267\">50.000 unidades<\/td>\n<\/tr>\n<tr>\n<td width=\"97\">Pedido a medida<\/td>\n<td width=\"267\">Acepta OEM , Soporte Muestra gratis<\/td>\n<\/tr>\n<\/tbody>\n<\/table>","protected":false},"featured_media":4163,"comment_status":"closed","ping_status":"closed","template":"","meta":{"_acf_changed":false},"product_brand":[],"product_cat":[30,18],"product_tag":[],"class_list":{"0":"post-4162","1":"product","2":"type-product","3":"status-publish","4":"has-post-thumbnail","6":"product_cat-stand-up-pouch-manufacturer","7":"product_cat-zipper-pouch-manufacturer","8":"pa_food-packaging-dry-food-packaging","9":"pa_food-packaging-oatmeal-pouch","11":"first","12":"instock","13":"shipping-taxable","14":"product-type-simple"},"acf":[],"_links":{"self":[{"href":"https:\/\/www.stanleypackage.com\/es\/wp-json\/wp\/v2\/product\/4162","targetHints":{"allow":["GET"]}}],"collection":[{"href":"https:\/\/www.stanleypackage.com\/es\/wp-json\/wp\/v2\/product"}],"about":[{"href":"https:\/\/www.stanleypackage.com\/es\/wp-json\/wp\/v2\/types\/product"}],"replies":[{"embeddable":true,"href":"https:\/\/www.stanleypackage.com\/es\/wp-json\/wp\/v2\/comments?post=4162"}],"wp:featuredmedia":[{"embeddable":true,"href":"https:\/\/www.stanleypackage.com\/es\/wp-json\/wp\/v2\/media\/4163"}],"wp:attachment":[{"href":"https:\/\/www.stanleypackage.com\/es\/wp-json\/wp\/v2\/media?parent=4162"}],"wp:term":[{"taxonomy":"product_brand","embeddable":true,"href":"https:\/\/www.stanleypackage.com\/es\/wp-json\/wp\/v2\/product_brand?post=4162"},{"taxonomy":"product_cat","embeddable":true,"href":"https:\/\/www.stanleypackage.com\/es\/wp-json\/wp\/v2\/product_cat?post=4162"},{"taxonomy":"product_tag","embeddable":true,"href":"https:\/\/www.stanleypackage.com\/es\/wp-json\/wp\/v2\/product_tag?post=4162"}],"curies":[{"name":"wp","href":"https:\/\/api.w.org\/{rel}","templated":true}]}}