{"id":4255,"date":"2026-01-10T07:46:49","date_gmt":"2026-01-10T07:46:49","guid":{"rendered":"https:\/\/www.stanleypackage.com\/?post_type=product&#038;p=4255"},"modified":"2026-01-10T07:47:05","modified_gmt":"2026-01-10T07:47:05","slug":"hotel-amenities-packages","status":"publish","type":"product","link":"https:\/\/www.stanleypackage.com\/es\/product\/hotel-amenities-packages\/","title":{"rendered":"Paquetes de amenities de hotel personalizados, bolsas de papel kraft blanco"},"content":{"rendered":"<div class=\"wp-block-columns is-layout-flex wp-container-core-columns-is-layout-9d6595d7 wp-block-columns-is-layout-flex\">\n<div class=\"wp-block-column is-layout-flow wp-block-column-is-layout-flow\">\n<h2 class=\"wp-block-heading\">Caracter\u00edsticas de los paquetes de servicios hoteleros personalizados<\/h2>\n\n\n\n<ul class=\"wp-block-list\">\n<li><strong>Materiales ecol\u00f3gicos y biodegradables:<\/strong> Nuestros paquetes personalizados de amenities para hoteles utilizan papel kraft blanco que cumple las normas de contacto con alimentos, combinado con film y adhesivos biodegradables, equilibrando el compromiso medioambiental con la solidez pr\u00e1ctica, aline\u00e1ndose con la tendencia de desarrollo de hoteles ecol\u00f3gicos.<\/li>\n\n\n\n<li><strong>Soporte integral de personalizaci\u00f3n: <\/strong>Ofrecemos una personalizaci\u00f3n flexible del tama\u00f1o, el dise\u00f1o y la estructura de nuestros paquetes personalizados de amenities para hoteles, y podemos dise\u00f1ar revestimientos a juego basados en las formas de las botellas y los contenedores, satisfaciendo plenamente las necesidades de imagen de marca del hotel y de amenities para las habitaciones de los hu\u00e9spedes.<\/li>\n\n\n\n<li><strong>Muestras gratuitas para probar:<\/strong> Proporcionamos muestras gratuitas de nuestros envases kraft blancos para art\u00edculos de tocador a los clientes de hoteles, lo que permite realizar pruebas f\u00edsicas del sellado del envase, los efectos de impresi\u00f3n y la compatibilidad con los art\u00edculos de tocador, ayud\u00e1ndole a tomar decisiones con conocimiento de causa.<\/li>\n\n\n\n<li><strong>Aplicaci\u00f3n vers\u00e1til: <\/strong>Nuestros paquetes personalizados de amenities de hotel presentan un dise\u00f1o sencillo y elegante, adecuado no s\u00f3lo para los amenities habituales de las habitaciones de los hu\u00e9spedes, como champ\u00fa, gel de ducha y loci\u00f3n, sino tambi\u00e9n para situaciones mejoradas, como sets de SPA y regalos para socios.<\/li>\n\n\n\n<li><strong>Apertura f\u00e1cil y c\u00f3moda:<\/strong> Nuestros envases kraft blancos para art\u00edculos de aseo para hoteles presentan un dise\u00f1o f\u00e1cil de rasgar, que permite a los clientes abrir y utilizar f\u00e1cilmente los productos, combinando la est\u00e9tica con la comodidad operativa y mejorando la experiencia del cliente.<\/li>\n<\/ul>\n\n\n\n<div class=\"wp-block-columns is-layout-flex wp-container-core-columns-is-layout-9d6595d7 wp-block-columns-is-layout-flex\">\n<div class=\"wp-block-column is-layout-flow wp-block-column-is-layout-flow\">\n<figure class=\"wp-block-image size-full\"><img decoding=\"async\" width=\"750\" height=\"750\" src=\"https:\/\/www.stanleypackage.com\/wp-content\/uploads\/2026\/01\/White-Kraft-Paper-Three-sided-Sealed-Bags-Wholesale-Support-Custom-Printing-4.webp\" alt=\"\" class=\"wp-image-4256\" srcset=\"https:\/\/www.stanleypackage.com\/wp-content\/uploads\/2026\/01\/White-Kraft-Paper-Three-sided-Sealed-Bags-Wholesale-Support-Custom-Printing-4.webp 750w, https:\/\/www.stanleypackage.com\/wp-content\/uploads\/2026\/01\/White-Kraft-Paper-Three-sided-Sealed-Bags-Wholesale-Support-Custom-Printing-4-300x300.webp 300w, https:\/\/www.stanleypackage.com\/wp-content\/uploads\/2026\/01\/White-Kraft-Paper-Three-sided-Sealed-Bags-Wholesale-Support-Custom-Printing-4-150x150.webp 150w, https:\/\/www.stanleypackage.com\/wp-content\/uploads\/2026\/01\/White-Kraft-Paper-Three-sided-Sealed-Bags-Wholesale-Support-Custom-Printing-4-12x12.webp 12w, https:\/\/www.stanleypackage.com\/wp-content\/uploads\/2026\/01\/White-Kraft-Paper-Three-sided-Sealed-Bags-Wholesale-Support-Custom-Printing-4-600x600.webp 600w, https:\/\/www.stanleypackage.com\/wp-content\/uploads\/2026\/01\/White-Kraft-Paper-Three-sided-Sealed-Bags-Wholesale-Support-Custom-Printing-4-100x100.webp 100w\" sizes=\"(max-width: 750px) 100vw, 750px\" \/><\/figure>\n<\/div>\n\n\n\n<div class=\"wp-block-column is-layout-flow wp-block-column-is-layout-flow\">\n<figure class=\"wp-block-image size-full\"><img decoding=\"async\" width=\"750\" height=\"750\" src=\"https:\/\/www.stanleypackage.com\/wp-content\/uploads\/2026\/01\/White-Kraft-Paper-Three-sided-Sealed-Bags-Wholesale-Support-Custom-Printing-3.webp\" alt=\"\" class=\"wp-image-4257\" srcset=\"https:\/\/www.stanleypackage.com\/wp-content\/uploads\/2026\/01\/White-Kraft-Paper-Three-sided-Sealed-Bags-Wholesale-Support-Custom-Printing-3.webp 750w, https:\/\/www.stanleypackage.com\/wp-content\/uploads\/2026\/01\/White-Kraft-Paper-Three-sided-Sealed-Bags-Wholesale-Support-Custom-Printing-3-300x300.webp 300w, https:\/\/www.stanleypackage.com\/wp-content\/uploads\/2026\/01\/White-Kraft-Paper-Three-sided-Sealed-Bags-Wholesale-Support-Custom-Printing-3-150x150.webp 150w, https:\/\/www.stanleypackage.com\/wp-content\/uploads\/2026\/01\/White-Kraft-Paper-Three-sided-Sealed-Bags-Wholesale-Support-Custom-Printing-3-12x12.webp 12w, https:\/\/www.stanleypackage.com\/wp-content\/uploads\/2026\/01\/White-Kraft-Paper-Three-sided-Sealed-Bags-Wholesale-Support-Custom-Printing-3-600x600.webp 600w, https:\/\/www.stanleypackage.com\/wp-content\/uploads\/2026\/01\/White-Kraft-Paper-Three-sided-Sealed-Bags-Wholesale-Support-Custom-Printing-3-100x100.webp 100w\" sizes=\"(max-width: 750px) 100vw, 750px\" \/><\/figure>\n<\/div>\n<\/div>\n<\/div>\n<\/div>","protected":false},"excerpt":{"rendered":"<p>Le invitamos a encargar envases personalizados para amenities de hotel. Nuestros envases kraft blancos para art\u00edculos de aseo para hoteles utilizan materiales respetuosos con el medio ambiente, admiten la personalizaci\u00f3n completa de la marca y la cooperaci\u00f3n OEM\/ODM, y ofrecen servicios gratuitos de prueba de muestras.<\/p>\n<table style=\"border-collapse: collapse; width: 365.02pt;\" border=\"0\" width=\"365\" cellspacing=\"0\" cellpadding=\"0\">\n<tbody>\n<tr style=\"height: 16.00pt;\">\n<td class=\"et2\" style=\"height: 16.00pt; width: 97.50pt;\" width=\"97\" height=\"16\">Fabricante<\/td>\n<td class=\"et2\" style=\"width: 267.50pt;\" width=\"267\">Stanley<\/td>\n<\/tr>\n<tr style=\"height: 16.00pt;\">\n<td class=\"et2\" style=\"height: 16.00pt; width: 97.50pt;\" width=\"97\" height=\"16\">Tipos de bolsas<\/td>\n<td class=\"et3\">Bolsa sellada por tres lados<span class=\"font1\">, <\/span><span class=\"font0\">Bolsa plana<\/span><\/td>\n<\/tr>\n<tr style=\"height: 16.00pt;\">\n<td class=\"et2\" style=\"height: 16.00pt; width: 97.50pt;\" width=\"97\" height=\"16\">Material<\/td>\n<td class=\"et2\" style=\"width: 267.50pt;\" width=\"267\">Papel kraft de 60 g con revestimiento biodegradable<\/td>\n<\/tr>\n<tr style=\"height: 16.00pt;\">\n<td class=\"et2\" style=\"height: 16.00pt; width: 97.50pt;\" width=\"97\" height=\"16\">Reportaje especial<\/td>\n<td class=\"et2\" style=\"width: 267.50pt;\" width=\"267\">Muesca de rasgado, relleno inferior<\/td>\n<\/tr>\n<tr style=\"height: 16.00pt;\">\n<td class=\"et2\" style=\"height: 16.00pt; width: 97.50pt;\" width=\"97\" height=\"16\">Manipulaci\u00f3n de superficies<\/td>\n<td class=\"et2\" style=\"width: 267.50pt;\" width=\"267\">Impresi\u00f3n en huecograbado<\/td>\n<\/tr>\n<tr style=\"height: 16.00pt;\">\n<td class=\"et2\" style=\"height: 16.00pt; width: 97.50pt;\" width=\"97\" height=\"16\">Color<\/td>\n<td class=\"et2\" style=\"width: 267.50pt;\" width=\"267\">Impresi\u00f3n a doble cara, hasta 10 colores<\/td>\n<\/tr>\n<tr style=\"height: 16.00pt;\">\n<td class=\"et2\" style=\"height: 16.00pt; width: 97.50pt;\" width=\"97\" height=\"16\">Utilizaci\u00f3n<\/td>\n<td class=\"et2\" style=\"width: 267.50pt;\" width=\"267\">Peine, bastoncillo de algod\u00f3n, palillo de dientes, cepillo de pelo<\/td>\n<\/tr>\n<tr style=\"height: 16.00pt;\">\n<td class=\"et2\" style=\"height: 16.00pt; width: 97.50pt;\" width=\"97\" height=\"16\">MOQ<\/td>\n<td class=\"et2\" style=\"width: 267.50pt;\" width=\"267\">50.000 unidades<\/td>\n<\/tr>\n<tr style=\"height: 16.00pt;\">\n<td class=\"et2\" style=\"height: 16.00pt; width: 97.50pt;\" width=\"97\" height=\"16\">Pedido a medida<\/td>\n<td class=\"et2\" style=\"width: 267.50pt;\" width=\"267\">Aceptamos OEM y ODM, Muestras gratuitas<\/td>\n<\/tr>\n<\/tbody>\n<\/table>\n<p>&nbsp;<\/p>","protected":false},"featured_media":4258,"comment_status":"closed","ping_status":"closed","template":"","meta":{"_acf_changed":false},"product_brand":[],"product_cat":[31,28],"product_tag":[],"class_list":{"0":"post-4255","1":"product","2":"type-product","3":"status-publish","4":"has-post-thumbnail","6":"product_cat-lay-flat-pouch-manufacturer","7":"product_cat-three-side-seal-pouch-manufacturer","8":"pa_non-food-packaging-hotel-supplies-packaging","10":"first","11":"instock","12":"shipping-taxable","13":"product-type-simple"},"acf":[],"_links":{"self":[{"href":"https:\/\/www.stanleypackage.com\/es\/wp-json\/wp\/v2\/product\/4255","targetHints":{"allow":["GET"]}}],"collection":[{"href":"https:\/\/www.stanleypackage.com\/es\/wp-json\/wp\/v2\/product"}],"about":[{"href":"https:\/\/www.stanleypackage.com\/es\/wp-json\/wp\/v2\/types\/product"}],"replies":[{"embeddable":true,"href":"https:\/\/www.stanleypackage.com\/es\/wp-json\/wp\/v2\/comments?post=4255"}],"wp:featuredmedia":[{"embeddable":true,"href":"https:\/\/www.stanleypackage.com\/es\/wp-json\/wp\/v2\/media\/4258"}],"wp:attachment":[{"href":"https:\/\/www.stanleypackage.com\/es\/wp-json\/wp\/v2\/media?parent=4255"}],"wp:term":[{"taxonomy":"product_brand","embeddable":true,"href":"https:\/\/www.stanleypackage.com\/es\/wp-json\/wp\/v2\/product_brand?post=4255"},{"taxonomy":"product_cat","embeddable":true,"href":"https:\/\/www.stanleypackage.com\/es\/wp-json\/wp\/v2\/product_cat?post=4255"},{"taxonomy":"product_tag","embeddable":true,"href":"https:\/\/www.stanleypackage.com\/es\/wp-json\/wp\/v2\/product_tag?post=4255"}],"curies":[{"name":"wp","href":"https:\/\/api.w.org\/{rel}","templated":true}]}}