{"id":4262,"date":"2026-01-10T08:01:07","date_gmt":"2026-01-10T08:01:07","guid":{"rendered":"https:\/\/www.stanleypackage.com\/?post_type=product&#038;p=4262"},"modified":"2026-01-10T08:05:10","modified_gmt":"2026-01-10T08:05:10","slug":"custom-printed-flat-pouch","status":"publish","type":"product","link":"https:\/\/www.stanleypackage.com\/es\/product\/custom-printed-flat-pouch\/","title":{"rendered":"Bolsa plana ecol\u00f3gica con impresi\u00f3n personalizada para art\u00edculos de tocador de hotel"},"content":{"rendered":"<div class=\"wp-block-columns is-layout-flex wp-container-core-columns-is-layout-9d6595d7 wp-block-columns-is-layout-flex\">\n<div class=\"wp-block-column is-layout-flow wp-block-column-is-layout-flow\">\n<h2 class=\"wp-block-heading\">Caracter\u00edsticas de la funda plana con impresi\u00f3n personalizada<\/h2>\n\n\n\n<ul class=\"wp-block-list\">\n<li><strong>Materiales ecol\u00f3gicos y biodegradables:<\/strong> Nuestras bolsas planas de papel kraft con cierre posterior impresas a medida est\u00e1n fabricadas con papel de chapa de 60 g por una sola cara, combinado con una capa adhesiva biodegradable, en l\u00ednea con la creciente demanda de envases sostenibles. Este dise\u00f1o logra un equilibrio entre durabilidad y responsabilidad medioambiental.<\/li>\n\n\n\n<li><strong>Dise\u00f1o de sellado posterior a prueba de humedad y que preserva el aroma: <\/strong>La estructura de sellado posterior de estas bolsas de papel kraft personalizadas garantiza un cierre herm\u00e9tico que protege el contenido del aire y la humedad, preservando la calidad y la fragancia de los art\u00edculos de aseo para hoteles, como jabones, champ\u00fas y lociones.<\/li>\n\n\n\n<li><strong>Apoyo a la personalizaci\u00f3n de todo el proceso:<\/strong> Ofrecemos una personalizaci\u00f3n completa de estas bolsas planas ecol\u00f3gicas impresas a medida, incluidos el tama\u00f1o, los gr\u00e1ficos impresos y la estructura del envase, para adaptarnos a sus necesidades \u00fanicas de dise\u00f1o y marca de amenities para hoteles.<\/li>\n\n\n\n<li><strong>Muestras gratuitas para la primera experiencia:<\/strong> Nuestras bolsas de papel kraft personalizadas incluyen servicios de muestras gratuitas, lo que le permite evaluar la calidad del envase y la compatibilidad con la marca de su hotel antes de comprometerse.<\/li>\n\n\n\n<li><strong>Vers\u00e1til y pr\u00e1ctico: <\/strong>Estas bolsas planas impresas a medida son ideales para una amplia gama de art\u00edculos de aseo para hoteles, desde jabones hasta lociones y champ\u00fas, ya que combinan un envase funcional con un aspecto elegante que realza la marca.<\/li>\n\n\n\n<li><strong>C\u00f3modo dise\u00f1o f\u00e1cil de rasgar: <\/strong>Con una abertura f\u00e1cil de rasgar, estas bolsas ofrecen a los hu\u00e9spedes una forma sencilla y c\u00f3moda de acceder a sus art\u00edculos de aseo, mejorando la experiencia del usuario y manteniendo al mismo tiempo un aspecto minimalista.<\/li>\n<\/ul>\n\n\n\n<div class=\"wp-block-columns is-layout-flex wp-container-core-columns-is-layout-9d6595d7 wp-block-columns-is-layout-flex\">\n<div class=\"wp-block-column is-layout-flow wp-block-column-is-layout-flow\">\n<figure class=\"wp-block-image size-full\"><img decoding=\"async\" width=\"750\" height=\"750\" src=\"https:\/\/www.stanleypackage.com\/wp-content\/uploads\/2026\/01\/Wholesale-Back-Sealed-Kraft-Paper-Pouches-Support-Custom-Printing-3.webp\" alt=\"\" class=\"wp-image-4264\" srcset=\"https:\/\/www.stanleypackage.com\/wp-content\/uploads\/2026\/01\/Wholesale-Back-Sealed-Kraft-Paper-Pouches-Support-Custom-Printing-3.webp 750w, https:\/\/www.stanleypackage.com\/wp-content\/uploads\/2026\/01\/Wholesale-Back-Sealed-Kraft-Paper-Pouches-Support-Custom-Printing-3-300x300.webp 300w, https:\/\/www.stanleypackage.com\/wp-content\/uploads\/2026\/01\/Wholesale-Back-Sealed-Kraft-Paper-Pouches-Support-Custom-Printing-3-150x150.webp 150w, https:\/\/www.stanleypackage.com\/wp-content\/uploads\/2026\/01\/Wholesale-Back-Sealed-Kraft-Paper-Pouches-Support-Custom-Printing-3-12x12.webp 12w, https:\/\/www.stanleypackage.com\/wp-content\/uploads\/2026\/01\/Wholesale-Back-Sealed-Kraft-Paper-Pouches-Support-Custom-Printing-3-600x600.webp 600w, https:\/\/www.stanleypackage.com\/wp-content\/uploads\/2026\/01\/Wholesale-Back-Sealed-Kraft-Paper-Pouches-Support-Custom-Printing-3-100x100.webp 100w\" sizes=\"(max-width: 750px) 100vw, 750px\" \/><\/figure>\n<\/div>\n\n\n\n<div class=\"wp-block-column is-layout-flow wp-block-column-is-layout-flow\">\n<figure class=\"wp-block-image size-full\"><img decoding=\"async\" width=\"750\" height=\"750\" src=\"https:\/\/www.stanleypackage.com\/wp-content\/uploads\/2026\/01\/Wholesale-Back-Sealed-Kraft-Paper-Pouches-Support-Custom-Printing-5.webp\" alt=\"\" class=\"wp-image-4263\" srcset=\"https:\/\/www.stanleypackage.com\/wp-content\/uploads\/2026\/01\/Wholesale-Back-Sealed-Kraft-Paper-Pouches-Support-Custom-Printing-5.webp 750w, https:\/\/www.stanleypackage.com\/wp-content\/uploads\/2026\/01\/Wholesale-Back-Sealed-Kraft-Paper-Pouches-Support-Custom-Printing-5-300x300.webp 300w, https:\/\/www.stanleypackage.com\/wp-content\/uploads\/2026\/01\/Wholesale-Back-Sealed-Kraft-Paper-Pouches-Support-Custom-Printing-5-150x150.webp 150w, https:\/\/www.stanleypackage.com\/wp-content\/uploads\/2026\/01\/Wholesale-Back-Sealed-Kraft-Paper-Pouches-Support-Custom-Printing-5-12x12.webp 12w, https:\/\/www.stanleypackage.com\/wp-content\/uploads\/2026\/01\/Wholesale-Back-Sealed-Kraft-Paper-Pouches-Support-Custom-Printing-5-600x600.webp 600w, https:\/\/www.stanleypackage.com\/wp-content\/uploads\/2026\/01\/Wholesale-Back-Sealed-Kraft-Paper-Pouches-Support-Custom-Printing-5-100x100.webp 100w\" sizes=\"(max-width: 750px) 100vw, 750px\" \/><\/figure>\n<\/div>\n<\/div>\n<\/div>\n<\/div>\n\n\n\n<p><\/p>","protected":false},"excerpt":{"rendered":"<p>Le damos la bienvenida a la bolsa plana con impresi\u00f3n personalizada. Nuestros envases al por mayor de papel kraft con sello posterior para art\u00edculos de aseo para hoteles est\u00e1n fabricados con materiales de calidad alimentaria y respetuosos con el medio ambiente, admiten impresi\u00f3n personalizada y OEM\/ODM, y ofrecen muestras gratuitas.<\/p>\n<table style=\"border-collapse: collapse; width: 365.02pt;\" border=\"0\" width=\"365\" cellspacing=\"0\" cellpadding=\"0\">\n<tbody>\n<tr style=\"height: 16.00pt;\">\n<td class=\"et2\" style=\"height: 16.00pt; width: 97.50pt;\" width=\"97\" height=\"16\">Fabricante<\/td>\n<td class=\"et2\" style=\"width: 267.50pt;\" width=\"267\">Stanley<\/td>\n<\/tr>\n<tr style=\"height: 16.00pt;\">\n<td class=\"et2\" style=\"height: 16.00pt; width: 97.50pt;\" width=\"97\" height=\"16\">Tipos de bolsas<\/td>\n<td class=\"et3\">Bolsa de cierre posterior<span class=\"font1\">, <\/span><span class=\"font0\">Bolsa plana<\/span><\/td>\n<\/tr>\n<tr style=\"height: 16.00pt;\">\n<td class=\"et2\" style=\"height: 16.00pt; width: 97.50pt;\" width=\"97\" height=\"16\">Material<\/td>\n<td class=\"et2\" style=\"width: 267.50pt;\" width=\"267\">Papel kraft de 60 g con revestimiento biodegradable<\/td>\n<\/tr>\n<tr style=\"height: 16.00pt;\">\n<td class=\"et2\" style=\"height: 16.00pt; width: 97.50pt;\" width=\"97\" height=\"16\">Reportaje especial<\/td>\n<td class=\"et2\" style=\"width: 267.50pt;\" width=\"267\">Muesca de rasgado, relleno inferior<\/td>\n<\/tr>\n<tr style=\"height: 16.00pt;\">\n<td class=\"et2\" style=\"height: 16.00pt; width: 97.50pt;\" width=\"97\" height=\"16\">Manipulaci\u00f3n de superficies<\/td>\n<td class=\"et2\" style=\"width: 267.50pt;\" width=\"267\">Impresi\u00f3n en huecograbado<\/td>\n<\/tr>\n<tr style=\"height: 16.00pt;\">\n<td class=\"et2\" style=\"height: 16.00pt; width: 97.50pt;\" width=\"97\" height=\"16\">Color<\/td>\n<td class=\"et2\" style=\"width: 267.50pt;\" width=\"267\">Impresi\u00f3n a doble cara, hasta 10 colores<\/td>\n<\/tr>\n<tr style=\"height: 16.00pt;\">\n<td class=\"et2\" style=\"height: 16.00pt; width: 97.50pt;\" width=\"97\" height=\"16\">Utilizaci\u00f3n<\/td>\n<td class=\"et2\" style=\"width: 267.50pt;\" width=\"267\">Peine, bastoncillo de algod\u00f3n, palillo de dientes, cepillo de pelo<\/td>\n<\/tr>\n<tr style=\"height: 16.00pt;\">\n<td class=\"et2\" style=\"height: 16.00pt; width: 97.50pt;\" width=\"97\" height=\"16\">MOQ<\/td>\n<td class=\"et2\" style=\"width: 267.50pt;\" width=\"267\">50.000 unidades<\/td>\n<\/tr>\n<tr style=\"height: 16.00pt;\">\n<td class=\"et2\" style=\"height: 16.00pt; width: 97.50pt;\" width=\"97\" height=\"16\">Pedido a medida<\/td>\n<td class=\"et2\" style=\"width: 267.50pt;\" width=\"267\">Aceptamos OEM y ODM, Muestras gratuitas<\/td>\n<\/tr>\n<\/tbody>\n<\/table>\n<p>&nbsp;<\/p>","protected":false},"featured_media":4265,"comment_status":"closed","ping_status":"closed","template":"","meta":{"_acf_changed":false},"product_brand":[],"product_cat":[59,31],"product_tag":[],"class_list":{"0":"post-4262","1":"product","2":"type-product","3":"status-publish","4":"has-post-thumbnail","6":"product_cat-pillow-pouch-manufacturer","7":"product_cat-lay-flat-pouch-manufacturer","8":"pa_material-kraft-paper","9":"pa_non-food-packaging-hotel-supplies-packaging","11":"first","12":"instock","13":"shipping-taxable","14":"product-type-simple"},"acf":[],"_links":{"self":[{"href":"https:\/\/www.stanleypackage.com\/es\/wp-json\/wp\/v2\/product\/4262","targetHints":{"allow":["GET"]}}],"collection":[{"href":"https:\/\/www.stanleypackage.com\/es\/wp-json\/wp\/v2\/product"}],"about":[{"href":"https:\/\/www.stanleypackage.com\/es\/wp-json\/wp\/v2\/types\/product"}],"replies":[{"embeddable":true,"href":"https:\/\/www.stanleypackage.com\/es\/wp-json\/wp\/v2\/comments?post=4262"}],"wp:featuredmedia":[{"embeddable":true,"href":"https:\/\/www.stanleypackage.com\/es\/wp-json\/wp\/v2\/media\/4265"}],"wp:attachment":[{"href":"https:\/\/www.stanleypackage.com\/es\/wp-json\/wp\/v2\/media?parent=4262"}],"wp:term":[{"taxonomy":"product_brand","embeddable":true,"href":"https:\/\/www.stanleypackage.com\/es\/wp-json\/wp\/v2\/product_brand?post=4262"},{"taxonomy":"product_cat","embeddable":true,"href":"https:\/\/www.stanleypackage.com\/es\/wp-json\/wp\/v2\/product_cat?post=4262"},{"taxonomy":"product_tag","embeddable":true,"href":"https:\/\/www.stanleypackage.com\/es\/wp-json\/wp\/v2\/product_tag?post=4262"}],"curies":[{"name":"wp","href":"https:\/\/api.w.org\/{rel}","templated":true}]}}