{"id":4268,"date":"2026-01-10T08:10:00","date_gmt":"2026-01-10T08:10:00","guid":{"rendered":"https:\/\/www.stanleypackage.com\/?post_type=product&#038;p=4268"},"modified":"2026-01-10T08:10:13","modified_gmt":"2026-01-10T08:10:13","slug":"paper-pouches-wholesale","status":"publish","type":"product","link":"https:\/\/www.stanleypackage.com\/es\/product\/paper-pouches-wholesale\/","title":{"rendered":"Bolsas de Papel de Ca\u00f1a de Az\u00facar al por Mayor, Soporte OEM"},"content":{"rendered":"<div class=\"wp-block-columns is-layout-flex wp-container-core-columns-is-layout-9d6595d7 wp-block-columns-is-layout-flex\">\n<div class=\"wp-block-column is-layout-flow wp-block-column-is-layout-flow\">\n<h2 class=\"wp-block-heading\">Caracter\u00edsticas de las bolsas de papel de ca\u00f1a de az\u00facar al por mayor<\/h2>\n\n\n\n<ul class=\"wp-block-list\">\n<li><strong>Materiales ecol\u00f3gicos y biodegradables:<\/strong> Nuestras bolsas de papel con cierre posterior al por mayor utilizan papel de ca\u00f1a de az\u00facar con una capa adhesiva biodegradable, que puede reducir eficazmente la contaminaci\u00f3n ambiental y ahorrar recursos, ajust\u00e1ndose a la tendencia del envasado ecol\u00f3gico y equilibrando los requisitos de resistencia y medioambientales.<\/li>\n\n\n\n<li><strong>Estructura de sellado posterior a prueba de humedad y que preserva el aroma: <\/strong>El dise\u00f1o de sellado posterior de estas bolsas personalizadas de papel de ca\u00f1a de az\u00facar a\u00edsla eficazmente el aire y la humedad, prolongando la vida \u00fatil y la retenci\u00f3n del sabor de los alimentos, el t\u00e9 y otros productos.<\/li>\n\n\n\n<li><strong>Apoyo a la personalizaci\u00f3n de todo el proceso: <\/strong>Ofrecemos una personalizaci\u00f3n flexible del tama\u00f1o, los gr\u00e1ficos impresos y la estructura de envasado de las bolsas de papel de ca\u00f1a de az\u00facar al por mayor para satisfacer las diversas necesidades de las marcas OEM\/ODM.<\/li>\n\n\n\n<li><strong>Muestras gratuitas para la primera experiencia: <\/strong>Nuestras bolsas de papel de ca\u00f1a de az\u00facar a medida ofrecen servicios gratuitos de muestreo, lo que permite a los clientes verificar in situ la calidad e idoneidad del envase, reduciendo as\u00ed los riesgos en la toma de decisiones.<\/li>\n\n\n\n<li><strong>Altamente adaptable a diversos escenarios:<\/strong> Estas bolsas de papel de ca\u00f1a de az\u00facar con cierre posterior al por mayor son ampliamente aplicables a diversos productos ligeros como aperitivos, productos secos y t\u00e9, equilibrando la practicidad con los efectos de exhibici\u00f3n de la marca.<\/li>\n\n\n\n<li><strong>Alta calidad:<\/strong> Nuestras bolsas personalizadas de papel de ca\u00f1a de az\u00facar presentan propiedades de papel de alta calidad, con excelente resistencia, buen brillo y fibras suaves.<\/li>\n<\/ul>\n\n\n\n<div class=\"wp-block-columns is-layout-flex wp-container-core-columns-is-layout-9d6595d7 wp-block-columns-is-layout-flex\">\n<div class=\"wp-block-column is-layout-flow wp-block-column-is-layout-flow\">\n<figure class=\"wp-block-image size-full\"><img decoding=\"async\" width=\"750\" height=\"750\" src=\"https:\/\/www.stanleypackage.com\/wp-content\/uploads\/2026\/01\/Back-Sealed-Sugarcane-Paper-Pouches-Wholesale-Support-Custom-Printing-3.webp\" alt=\"\" class=\"wp-image-4269\" srcset=\"https:\/\/www.stanleypackage.com\/wp-content\/uploads\/2026\/01\/Back-Sealed-Sugarcane-Paper-Pouches-Wholesale-Support-Custom-Printing-3.webp 750w, https:\/\/www.stanleypackage.com\/wp-content\/uploads\/2026\/01\/Back-Sealed-Sugarcane-Paper-Pouches-Wholesale-Support-Custom-Printing-3-300x300.webp 300w, https:\/\/www.stanleypackage.com\/wp-content\/uploads\/2026\/01\/Back-Sealed-Sugarcane-Paper-Pouches-Wholesale-Support-Custom-Printing-3-150x150.webp 150w, https:\/\/www.stanleypackage.com\/wp-content\/uploads\/2026\/01\/Back-Sealed-Sugarcane-Paper-Pouches-Wholesale-Support-Custom-Printing-3-12x12.webp 12w, https:\/\/www.stanleypackage.com\/wp-content\/uploads\/2026\/01\/Back-Sealed-Sugarcane-Paper-Pouches-Wholesale-Support-Custom-Printing-3-600x600.webp 600w, https:\/\/www.stanleypackage.com\/wp-content\/uploads\/2026\/01\/Back-Sealed-Sugarcane-Paper-Pouches-Wholesale-Support-Custom-Printing-3-100x100.webp 100w\" sizes=\"(max-width: 750px) 100vw, 750px\" \/><\/figure>\n<\/div>\n\n\n\n<div class=\"wp-block-column is-layout-flow wp-block-column-is-layout-flow\">\n<figure class=\"wp-block-image size-full\"><img decoding=\"async\" width=\"750\" height=\"750\" src=\"https:\/\/www.stanleypackage.com\/wp-content\/uploads\/2026\/01\/Back-Sealed-Sugarcane-Paper-Pouches-Wholesale-Support-Custom-Printing-4.webp\" alt=\"\" class=\"wp-image-4270\" srcset=\"https:\/\/www.stanleypackage.com\/wp-content\/uploads\/2026\/01\/Back-Sealed-Sugarcane-Paper-Pouches-Wholesale-Support-Custom-Printing-4.webp 750w, https:\/\/www.stanleypackage.com\/wp-content\/uploads\/2026\/01\/Back-Sealed-Sugarcane-Paper-Pouches-Wholesale-Support-Custom-Printing-4-300x300.webp 300w, https:\/\/www.stanleypackage.com\/wp-content\/uploads\/2026\/01\/Back-Sealed-Sugarcane-Paper-Pouches-Wholesale-Support-Custom-Printing-4-150x150.webp 150w, https:\/\/www.stanleypackage.com\/wp-content\/uploads\/2026\/01\/Back-Sealed-Sugarcane-Paper-Pouches-Wholesale-Support-Custom-Printing-4-12x12.webp 12w, https:\/\/www.stanleypackage.com\/wp-content\/uploads\/2026\/01\/Back-Sealed-Sugarcane-Paper-Pouches-Wholesale-Support-Custom-Printing-4-600x600.webp 600w, https:\/\/www.stanleypackage.com\/wp-content\/uploads\/2026\/01\/Back-Sealed-Sugarcane-Paper-Pouches-Wholesale-Support-Custom-Printing-4-100x100.webp 100w\" sizes=\"(max-width: 750px) 100vw, 750px\" \/><\/figure>\n<\/div>\n<\/div>\n<\/div>\n<\/div>","protected":false},"excerpt":{"rendered":"<p>Bienvenido a pedir bolsas de papel personalizadas. Nuestras bolsas de papel de ca\u00f1a de az\u00facar al por mayor est\u00e1n hechas de materiales de calidad alimentaria y respetuosos con el medio ambiente, apoyan la impresi\u00f3n personalizada y OEM \/ ODM, y ofrecen muestras gratuitas.<\/p>\n<table style=\"border-collapse: collapse; width: 365.02pt;\" border=\"0\" width=\"365\" cellspacing=\"0\" cellpadding=\"0\">\n<tbody>\n<tr style=\"height: 16.00pt;\">\n<td class=\"et2\" style=\"height: 16.00pt; width: 97.50pt;\" width=\"97\" height=\"16\">Fabricante<\/td>\n<td class=\"et2\" style=\"width: 267.50pt;\" width=\"267\">Stanley<\/td>\n<\/tr>\n<tr style=\"height: 16.00pt;\">\n<td class=\"et2\" style=\"height: 16.00pt; width: 97.50pt;\" width=\"97\" height=\"16\">Tipos de bolsas<\/td>\n<td class=\"et3\">Bolsa de cierre posterior<span class=\"font1\">, <\/span><span class=\"font0\">Bolsa plana<\/span><\/td>\n<\/tr>\n<tr style=\"height: 16.00pt;\">\n<td class=\"et2\" style=\"height: 16.00pt; width: 97.50pt;\" width=\"97\" height=\"16\">Material<\/td>\n<td class=\"et2\" style=\"width: 267.50pt;\" width=\"267\">Papel de ca\u00f1a de az\u00facar de 80 g con revestimiento biodegradable<\/td>\n<\/tr>\n<tr style=\"height: 16.00pt;\">\n<td class=\"et2\" style=\"height: 16.00pt; width: 97.50pt;\" width=\"97\" height=\"16\">Reportaje especial<\/td>\n<td class=\"et2\" style=\"width: 267.50pt;\" width=\"267\">Muesca de rasgado, relleno inferior<\/td>\n<\/tr>\n<tr style=\"height: 16.00pt;\">\n<td class=\"et2\" style=\"height: 16.00pt; width: 97.50pt;\" width=\"97\" height=\"16\">Manipulaci\u00f3n de superficies<\/td>\n<td class=\"et2\" style=\"width: 267.50pt;\" width=\"267\">Impresi\u00f3n en huecograbado<\/td>\n<\/tr>\n<tr style=\"height: 16.00pt;\">\n<td class=\"et2\" style=\"height: 16.00pt; width: 97.50pt;\" width=\"97\" height=\"16\">Color<\/td>\n<td class=\"et2\" style=\"width: 267.50pt;\" width=\"267\">Impresi\u00f3n a doble cara, hasta 10 colores<\/td>\n<\/tr>\n<tr style=\"height: 16.00pt;\">\n<td class=\"et2\" style=\"height: 16.00pt; width: 97.50pt;\" width=\"97\" height=\"16\">Utilizaci\u00f3n<\/td>\n<td class=\"et2\" style=\"width: 267.50pt;\" width=\"267\">Caramelos, Aperitivos, Frutos Secos, Gelatina<\/td>\n<\/tr>\n<tr style=\"height: 16.00pt;\">\n<td class=\"et2\" style=\"height: 16.00pt; width: 97.50pt;\" width=\"97\" height=\"16\">MOQ<\/td>\n<td class=\"et2\" style=\"width: 267.50pt;\" width=\"267\">50.000 unidades<\/td>\n<\/tr>\n<tr style=\"height: 16.00pt;\">\n<td class=\"et2\" style=\"height: 16.00pt; width: 97.50pt;\" width=\"97\" height=\"16\">Pedido a medida<\/td>\n<td class=\"et2\" style=\"width: 267.50pt;\" width=\"267\">Aceptamos OEM y ODM, Muestras gratuitas<\/td>\n<\/tr>\n<\/tbody>\n<\/table>\n<p>&nbsp;<\/p>","protected":false},"featured_media":4271,"comment_status":"closed","ping_status":"closed","template":"","meta":{"_acf_changed":false},"product_brand":[],"product_cat":[59,31],"product_tag":[],"class_list":{"0":"post-4268","1":"product","2":"type-product","3":"status-publish","4":"has-post-thumbnail","6":"product_cat-pillow-pouch-manufacturer","7":"product_cat-lay-flat-pouch-manufacturer","8":"pa_food-packaging-tea-pouch-packaging","9":"pa_food-packaging-snack-food-pouch","10":"pa_material-biodegradable","12":"first","13":"instock","14":"shipping-taxable","15":"product-type-simple"},"acf":[],"_links":{"self":[{"href":"https:\/\/www.stanleypackage.com\/es\/wp-json\/wp\/v2\/product\/4268","targetHints":{"allow":["GET"]}}],"collection":[{"href":"https:\/\/www.stanleypackage.com\/es\/wp-json\/wp\/v2\/product"}],"about":[{"href":"https:\/\/www.stanleypackage.com\/es\/wp-json\/wp\/v2\/types\/product"}],"replies":[{"embeddable":true,"href":"https:\/\/www.stanleypackage.com\/es\/wp-json\/wp\/v2\/comments?post=4268"}],"wp:featuredmedia":[{"embeddable":true,"href":"https:\/\/www.stanleypackage.com\/es\/wp-json\/wp\/v2\/media\/4271"}],"wp:attachment":[{"href":"https:\/\/www.stanleypackage.com\/es\/wp-json\/wp\/v2\/media?parent=4268"}],"wp:term":[{"taxonomy":"product_brand","embeddable":true,"href":"https:\/\/www.stanleypackage.com\/es\/wp-json\/wp\/v2\/product_brand?post=4268"},{"taxonomy":"product_cat","embeddable":true,"href":"https:\/\/www.stanleypackage.com\/es\/wp-json\/wp\/v2\/product_cat?post=4268"},{"taxonomy":"product_tag","embeddable":true,"href":"https:\/\/www.stanleypackage.com\/es\/wp-json\/wp\/v2\/product_tag?post=4268"}],"curies":[{"name":"wp","href":"https:\/\/api.w.org\/{rel}","templated":true}]}}