{"id":4275,"date":"2026-01-14T03:35:33","date_gmt":"2026-01-14T03:35:33","guid":{"rendered":"https:\/\/www.stanleypackage.com\/?post_type=product&#038;p=4275"},"modified":"2026-01-14T03:35:41","modified_gmt":"2026-01-14T03:35:41","slug":"amenity-package","status":"publish","type":"product","link":"https:\/\/www.stanleypackage.com\/es\/product\/amenity-package\/","title":{"rendered":"Paquete de amenidad biodegradable, bolsa de papel de ca\u00f1a de az\u00facar personalizada"},"content":{"rendered":"<div class=\"wp-block-columns is-layout-flex wp-container-core-columns-is-layout-9d6595d7 wp-block-columns-is-layout-flex\">\n<div class=\"wp-block-column is-layout-flow wp-block-column-is-layout-flow\">\n<h2 class=\"wp-block-heading\">Caracter\u00edsticas del paquete de amenities biodegradables<\/h2>\n\n\n\n<ul class=\"wp-block-list\">\n<li><strong>Papel de ca\u00f1a de az\u00facar ecol\u00f3gico, biodegradable para mayor tranquilidad: <\/strong>Este paquete de amenities personalizado utiliza papel de ca\u00f1a de az\u00facar de 80 g con un revestimiento biodegradable, lo que reduce el uso de pl\u00e1stico y se alinea con las tendencias medioambientales y de desarrollo sostenible de la industria hotelera.<\/li>\n\n\n\n<li><strong>Buena resistencia y rendimiento protector:<\/strong> Nuestros envases al por mayor para art\u00edculos de tocador para hoteles son respetuosos con el medio ambiente y, al mismo tiempo, poseen una buena rigidez y un rendimiento b\u00e1sico a prueba de humedad, lo que garantiza la limpieza y la higiene del contenido.<\/li>\n\n\n\n<li><strong>Adecuado para diversos suministros hoteleros: <\/strong>Nuestro envase personalizado para amenities se aplica ampliamente a los art\u00edculos de aseo habituales de los hoteles y a los envases de suministros para hu\u00e9spedes, como peines, bastoncillos de algod\u00f3n, palillos de dientes y cepillos de pelo.<\/li>\n\n\n\n<li><strong>Personalizaci\u00f3n OEM y ODM disponible: <\/strong>Nuestros envases al por mayor de art\u00edculos de tocador para hoteles pueden personalizarse en tama\u00f1o, contenido de impresi\u00f3n y formato de envasado para satisfacer las diversas necesidades de las distintas marcas y mercados hoteleros.<\/li>\n\n\n\n<li><strong>Muestras gratuitas para reducir los riesgos de contrataci\u00f3n:<\/strong> Ofrecemos muestras gratuitas de los paquetes de amenities personalizados, lo que permite a los clientes confirmar los materiales y la calidad antes de hacer pedidos al por mayor.<\/li>\n<\/ul>\n\n\n\n<div class=\"wp-block-columns is-layout-flex wp-container-core-columns-is-layout-9d6595d7 wp-block-columns-is-layout-flex\">\n<div class=\"wp-block-column is-layout-flow wp-block-column-is-layout-flow\">\n<figure class=\"wp-block-image size-full\"><img decoding=\"async\" width=\"750\" height=\"750\" src=\"https:\/\/www.stanleypackage.com\/wp-content\/uploads\/2026\/01\/Back-Seal-Sugarcane-Paper-Pouches-Wholesale-For-Hotel-Support-Customized-3.webp\" alt=\"\" class=\"wp-image-4276\" srcset=\"https:\/\/www.stanleypackage.com\/wp-content\/uploads\/2026\/01\/Back-Seal-Sugarcane-Paper-Pouches-Wholesale-For-Hotel-Support-Customized-3.webp 750w, https:\/\/www.stanleypackage.com\/wp-content\/uploads\/2026\/01\/Back-Seal-Sugarcane-Paper-Pouches-Wholesale-For-Hotel-Support-Customized-3-300x300.webp 300w, https:\/\/www.stanleypackage.com\/wp-content\/uploads\/2026\/01\/Back-Seal-Sugarcane-Paper-Pouches-Wholesale-For-Hotel-Support-Customized-3-150x150.webp 150w, https:\/\/www.stanleypackage.com\/wp-content\/uploads\/2026\/01\/Back-Seal-Sugarcane-Paper-Pouches-Wholesale-For-Hotel-Support-Customized-3-12x12.webp 12w, https:\/\/www.stanleypackage.com\/wp-content\/uploads\/2026\/01\/Back-Seal-Sugarcane-Paper-Pouches-Wholesale-For-Hotel-Support-Customized-3-600x600.webp 600w, https:\/\/www.stanleypackage.com\/wp-content\/uploads\/2026\/01\/Back-Seal-Sugarcane-Paper-Pouches-Wholesale-For-Hotel-Support-Customized-3-100x100.webp 100w\" sizes=\"(max-width: 750px) 100vw, 750px\" \/><\/figure>\n<\/div>\n\n\n\n<div class=\"wp-block-column is-layout-flow wp-block-column-is-layout-flow\">\n<figure class=\"wp-block-image size-full\"><img decoding=\"async\" width=\"750\" height=\"750\" src=\"https:\/\/www.stanleypackage.com\/wp-content\/uploads\/2026\/01\/Back-Seal-Sugarcane-Paper-Pouches-Wholesale-For-Hotel-Support-Customized-5.webp\" alt=\"\" class=\"wp-image-4277\" srcset=\"https:\/\/www.stanleypackage.com\/wp-content\/uploads\/2026\/01\/Back-Seal-Sugarcane-Paper-Pouches-Wholesale-For-Hotel-Support-Customized-5.webp 750w, https:\/\/www.stanleypackage.com\/wp-content\/uploads\/2026\/01\/Back-Seal-Sugarcane-Paper-Pouches-Wholesale-For-Hotel-Support-Customized-5-300x300.webp 300w, https:\/\/www.stanleypackage.com\/wp-content\/uploads\/2026\/01\/Back-Seal-Sugarcane-Paper-Pouches-Wholesale-For-Hotel-Support-Customized-5-150x150.webp 150w, https:\/\/www.stanleypackage.com\/wp-content\/uploads\/2026\/01\/Back-Seal-Sugarcane-Paper-Pouches-Wholesale-For-Hotel-Support-Customized-5-12x12.webp 12w, https:\/\/www.stanleypackage.com\/wp-content\/uploads\/2026\/01\/Back-Seal-Sugarcane-Paper-Pouches-Wholesale-For-Hotel-Support-Customized-5-600x600.webp 600w, https:\/\/www.stanleypackage.com\/wp-content\/uploads\/2026\/01\/Back-Seal-Sugarcane-Paper-Pouches-Wholesale-For-Hotel-Support-Customized-5-100x100.webp 100w\" sizes=\"(max-width: 750px) 100vw, 750px\" \/><\/figure>\n<\/div>\n<\/div>\n<\/div>\n<\/div>\n\n\n\n<p><\/p>","protected":false},"excerpt":{"rendered":"<p>Le damos la bienvenida a nuestro paquete de amenities personalizado. Esta bolsa biodegradable para art\u00edculos de aseo para hoteles est\u00e1 hecha de papel de ca\u00f1a de az\u00facar de 80 g con un revestimiento biodegradable, que equilibra el respeto por el medio ambiente con la resistencia del envase.<\/p>\n<table style=\"border-collapse: collapse; width: 365.02pt;\" border=\"0\" width=\"365\" cellspacing=\"0\" cellpadding=\"0\">\n<tbody>\n<tr style=\"height: 16.00pt;\">\n<td class=\"et2\" style=\"height: 16.00pt; width: 97.50pt;\" width=\"97\" height=\"16\">Fabricante<\/td>\n<td class=\"et2\" style=\"width: 267.50pt;\" width=\"267\">Stanley<\/td>\n<\/tr>\n<tr style=\"height: 16.00pt;\">\n<td class=\"et2\" style=\"height: 16.00pt; width: 97.50pt;\" width=\"97\" height=\"16\">Tipos de bolsas<\/td>\n<td class=\"et3\">Bolsa de cierre posterior<span class=\"font1\">, <\/span><span class=\"font0\">Bolsa plana<\/span><\/td>\n<\/tr>\n<tr style=\"height: 16.00pt;\">\n<td class=\"et2\" style=\"height: 16.00pt; width: 97.50pt;\" width=\"97\" height=\"16\">Material<\/td>\n<td class=\"et2\" style=\"width: 267.50pt;\" width=\"267\">Papel de ca\u00f1a de az\u00facar de 80 g con revestimiento biodegradable<\/td>\n<\/tr>\n<tr style=\"height: 16.00pt;\">\n<td class=\"et2\" style=\"height: 16.00pt; width: 97.50pt;\" width=\"97\" height=\"16\">Reportaje especial<\/td>\n<td class=\"et2\" style=\"width: 267.50pt;\" width=\"267\">Muesca de rasgado, relleno inferior<\/td>\n<\/tr>\n<tr style=\"height: 16.00pt;\">\n<td class=\"et2\" style=\"height: 16.00pt; width: 97.50pt;\" width=\"97\" height=\"16\">Manipulaci\u00f3n de superficies<\/td>\n<td class=\"et2\" style=\"width: 267.50pt;\" width=\"267\">Impresi\u00f3n en huecograbado<\/td>\n<\/tr>\n<tr style=\"height: 16.00pt;\">\n<td class=\"et2\" style=\"height: 16.00pt; width: 97.50pt;\" width=\"97\" height=\"16\">Color<\/td>\n<td class=\"et2\" style=\"width: 267.50pt;\" width=\"267\">Impresi\u00f3n a doble cara, hasta 10 colores<\/td>\n<\/tr>\n<tr style=\"height: 16.00pt;\">\n<td class=\"et2\" style=\"height: 16.00pt; width: 97.50pt;\" width=\"97\" height=\"16\">Utilizaci\u00f3n<\/td>\n<td class=\"et2\" style=\"width: 267.50pt;\" width=\"267\">Peine, bastoncillo de algod\u00f3n, palillo de dientes, cepillo de pelo<\/td>\n<\/tr>\n<tr style=\"height: 16.00pt;\">\n<td class=\"et2\" style=\"height: 16.00pt; width: 97.50pt;\" width=\"97\" height=\"16\">MOQ<\/td>\n<td class=\"et2\" style=\"width: 267.50pt;\" width=\"267\">50.000 unidades<\/td>\n<\/tr>\n<tr style=\"height: 16.00pt;\">\n<td class=\"et2\" style=\"height: 16.00pt; width: 97.50pt;\" width=\"97\" height=\"16\">Pedido a medida<\/td>\n<td class=\"et2\" style=\"width: 267.50pt;\" width=\"267\">Aceptamos OEM y ODM, Muestras gratuitas<\/td>\n<\/tr>\n<\/tbody>\n<\/table>\n<p>&nbsp;<\/p>","protected":false},"featured_media":4278,"comment_status":"closed","ping_status":"closed","template":"","meta":{"_acf_changed":false},"product_brand":[],"product_cat":[59,31],"product_tag":[],"class_list":{"0":"post-4275","1":"product","2":"type-product","3":"status-publish","4":"has-post-thumbnail","6":"product_cat-pillow-pouch-manufacturer","7":"product_cat-lay-flat-pouch-manufacturer","8":"pa_material-biodegradable","9":"pa_non-food-packaging-hotel-supplies-packaging","11":"first","12":"instock","13":"shipping-taxable","14":"product-type-simple"},"acf":[],"_links":{"self":[{"href":"https:\/\/www.stanleypackage.com\/es\/wp-json\/wp\/v2\/product\/4275","targetHints":{"allow":["GET"]}}],"collection":[{"href":"https:\/\/www.stanleypackage.com\/es\/wp-json\/wp\/v2\/product"}],"about":[{"href":"https:\/\/www.stanleypackage.com\/es\/wp-json\/wp\/v2\/types\/product"}],"replies":[{"embeddable":true,"href":"https:\/\/www.stanleypackage.com\/es\/wp-json\/wp\/v2\/comments?post=4275"}],"wp:featuredmedia":[{"embeddable":true,"href":"https:\/\/www.stanleypackage.com\/es\/wp-json\/wp\/v2\/media\/4278"}],"wp:attachment":[{"href":"https:\/\/www.stanleypackage.com\/es\/wp-json\/wp\/v2\/media?parent=4275"}],"wp:term":[{"taxonomy":"product_brand","embeddable":true,"href":"https:\/\/www.stanleypackage.com\/es\/wp-json\/wp\/v2\/product_brand?post=4275"},{"taxonomy":"product_cat","embeddable":true,"href":"https:\/\/www.stanleypackage.com\/es\/wp-json\/wp\/v2\/product_cat?post=4275"},{"taxonomy":"product_tag","embeddable":true,"href":"https:\/\/www.stanleypackage.com\/es\/wp-json\/wp\/v2\/product_tag?post=4275"}],"curies":[{"name":"wp","href":"https:\/\/api.w.org\/{rel}","templated":true}]}}