{"id":4292,"date":"2026-01-20T08:10:45","date_gmt":"2026-01-20T08:10:45","guid":{"rendered":"https:\/\/www.stanleypackage.com\/?post_type=product&#038;p=4292"},"modified":"2026-01-20T08:10:53","modified_gmt":"2026-01-20T08:10:53","slug":"customized-lay-flat-pouches","status":"publish","type":"product","link":"https:\/\/www.stanleypackage.com\/es\/product\/customized-lay-flat-pouches\/","title":{"rendered":"Bolsas planas de papel kraft personalizadas para art\u00edculos de tocador de hotel"},"content":{"rendered":"<div class=\"wp-block-columns is-layout-flex wp-container-core-columns-is-layout-9d6595d7 wp-block-columns-is-layout-flex\">\n<div class=\"wp-block-column is-layout-flow wp-block-column-is-layout-flow\">\n<h2 class=\"wp-block-heading\">Caracter\u00edsticas de las bolsas planas personalizadas<\/h2>\n\n\n\n<ul class=\"wp-block-list\">\n<li><strong>Materiales ecol\u00f3gicos y renovables: <\/strong>Nuestras bolsas planas personalizadas est\u00e1n fabricadas con papel kraft natural de 60 g\/m\u00b2 y un revestimiento biodegradable procedente de explotaciones forestales sostenibles. Se degradan de forma natural tras su uso, lo que se ajusta plenamente a la filosof\u00eda ecol\u00f3gica y respetuosa con el medio ambiente de la industria hotelera.<\/li>\n\n\n\n<li><strong>Cierre trasero plano, f\u00e1cil de guardar y abrir: <\/strong>Estas bolsas de papel kraft al por mayor presentan un exclusivo dise\u00f1o de cierre trasero plano que facilita su almacenamiento y transporte. El cierre es seguro pero f\u00e1cil de abrir, lo que proporciona una excelente experiencia al usuario.<\/li>\n\n\n\n<li><strong>Personalizaci\u00f3n completa y flexible:<\/strong> Estas bolsas planas personalizadas admiten una amplia personalizaci\u00f3n del tama\u00f1o, el grosor, los gr\u00e1ficos y la funcionalidad, lo que permite una r\u00e1pida adaptaci\u00f3n a diversos servicios desechables para hoteles.<\/li>\n\n\n\n<li><strong>Textura natural, calidad mejorada: <\/strong>El papel kraft de nuestras bolsas de papel kraft al por mayor tiene una textura natural y tonos suaves que, combinados con una impresi\u00f3n o decoraci\u00f3n exquisitas, mejoran significativamente la calidad y la imagen de marca de los art\u00edculos de aseo para habitaciones de hu\u00e9spedes.<\/li>\n\n\n\n<li><strong>Suministro estable y a gran escala:<\/strong> Contamos con una l\u00ednea de producci\u00f3n madura y nos dedicamos a suministrar a grupos hoteleros y clientes de marca grandes cantidades de bolsas planas personalizadas de alta calidad con plazos de entrega estables, lo que nos convierte en un socio fiable a largo plazo.<\/li>\n<\/ul>\n\n\n\n<div class=\"wp-block-columns is-layout-flex wp-container-core-columns-is-layout-9d6595d7 wp-block-columns-is-layout-flex\">\n<div class=\"wp-block-column is-layout-flow wp-block-column-is-layout-flow\">\n<figure class=\"wp-block-image size-full\"><img decoding=\"async\" width=\"750\" height=\"750\" src=\"https:\/\/www.stanleypackage.com\/wp-content\/uploads\/2026\/01\/Eco-Friendly-Back-Side-Seal-Pouch-for-Hotel-Toiletries-Support-Customized-5.webp\" alt=\"\" class=\"wp-image-4293\" srcset=\"https:\/\/www.stanleypackage.com\/wp-content\/uploads\/2026\/01\/Eco-Friendly-Back-Side-Seal-Pouch-for-Hotel-Toiletries-Support-Customized-5.webp 750w, https:\/\/www.stanleypackage.com\/wp-content\/uploads\/2026\/01\/Eco-Friendly-Back-Side-Seal-Pouch-for-Hotel-Toiletries-Support-Customized-5-300x300.webp 300w, https:\/\/www.stanleypackage.com\/wp-content\/uploads\/2026\/01\/Eco-Friendly-Back-Side-Seal-Pouch-for-Hotel-Toiletries-Support-Customized-5-150x150.webp 150w, https:\/\/www.stanleypackage.com\/wp-content\/uploads\/2026\/01\/Eco-Friendly-Back-Side-Seal-Pouch-for-Hotel-Toiletries-Support-Customized-5-12x12.webp 12w, https:\/\/www.stanleypackage.com\/wp-content\/uploads\/2026\/01\/Eco-Friendly-Back-Side-Seal-Pouch-for-Hotel-Toiletries-Support-Customized-5-600x600.webp 600w, https:\/\/www.stanleypackage.com\/wp-content\/uploads\/2026\/01\/Eco-Friendly-Back-Side-Seal-Pouch-for-Hotel-Toiletries-Support-Customized-5-100x100.webp 100w\" sizes=\"(max-width: 750px) 100vw, 750px\" \/><\/figure>\n<\/div>\n\n\n\n<div class=\"wp-block-column is-layout-flow wp-block-column-is-layout-flow\">\n<figure class=\"wp-block-image size-full\"><img decoding=\"async\" width=\"750\" height=\"750\" src=\"https:\/\/www.stanleypackage.com\/wp-content\/uploads\/2026\/01\/Eco-Friendly-Back-Side-Seal-Pouch-for-Hotel-Toiletries-Support-Customized-3.webp\" alt=\"\" class=\"wp-image-4294\" srcset=\"https:\/\/www.stanleypackage.com\/wp-content\/uploads\/2026\/01\/Eco-Friendly-Back-Side-Seal-Pouch-for-Hotel-Toiletries-Support-Customized-3.webp 750w, https:\/\/www.stanleypackage.com\/wp-content\/uploads\/2026\/01\/Eco-Friendly-Back-Side-Seal-Pouch-for-Hotel-Toiletries-Support-Customized-3-300x300.webp 300w, https:\/\/www.stanleypackage.com\/wp-content\/uploads\/2026\/01\/Eco-Friendly-Back-Side-Seal-Pouch-for-Hotel-Toiletries-Support-Customized-3-150x150.webp 150w, https:\/\/www.stanleypackage.com\/wp-content\/uploads\/2026\/01\/Eco-Friendly-Back-Side-Seal-Pouch-for-Hotel-Toiletries-Support-Customized-3-12x12.webp 12w, https:\/\/www.stanleypackage.com\/wp-content\/uploads\/2026\/01\/Eco-Friendly-Back-Side-Seal-Pouch-for-Hotel-Toiletries-Support-Customized-3-600x600.webp 600w, https:\/\/www.stanleypackage.com\/wp-content\/uploads\/2026\/01\/Eco-Friendly-Back-Side-Seal-Pouch-for-Hotel-Toiletries-Support-Customized-3-100x100.webp 100w\" sizes=\"(max-width: 750px) 100vw, 750px\" \/><\/figure>\n<\/div>\n<\/div>\n<\/div>\n<\/div>\n\n\n\n<p><\/p>","protected":false},"excerpt":{"rendered":"<p>Bienvenido a comprar bolsas planas personalizadas. Nuestras bolsas de papel kraft selladas por los tres lados al por mayor est\u00e1n dise\u00f1adas espec\u00edficamente para amenities y accesorios desechables de hotel, con un revestimiento totalmente biodegradable para satisfacer las necesidades de envasado de las marcas hoteleras en cuanto a respeto al medio ambiente, est\u00e9tica y practicidad.<\/p>\n<table style=\"border-collapse: collapse; width: 365.02pt;\" border=\"0\" width=\"365\" cellspacing=\"0\" cellpadding=\"0\">\n<tbody>\n<tr style=\"height: 16.00pt;\">\n<td class=\"et2\" style=\"height: 16.00pt; width: 97.50pt;\" width=\"97\" height=\"16\">Fabricante<\/td>\n<td class=\"et2\" style=\"width: 267.50pt;\" width=\"267\">Stanley<\/td>\n<\/tr>\n<tr style=\"height: 16.00pt;\">\n<td class=\"et2\" style=\"height: 16.00pt; width: 97.50pt;\" width=\"97\" height=\"16\">Tipos de bolsas<\/td>\n<td class=\"et3\">Bolsa de cierre posterior<span class=\"font1\">, <\/span><span class=\"font0\">Bolsa plana<\/span><\/td>\n<\/tr>\n<tr style=\"height: 16.00pt;\">\n<td class=\"et2\" style=\"height: 16.00pt; width: 97.50pt;\" width=\"97\" height=\"16\">Material<\/td>\n<td class=\"et2\" style=\"width: 267.50pt;\" width=\"267\">Papel kraft de 60 g con revestimiento biodegradable<\/td>\n<\/tr>\n<tr style=\"height: 16.00pt;\">\n<td class=\"et2\" style=\"height: 16.00pt; width: 97.50pt;\" width=\"97\" height=\"16\">Reportaje especial<\/td>\n<td class=\"et2\" style=\"width: 267.50pt;\" width=\"267\">Muesca de rasgado, relleno inferior<\/td>\n<\/tr>\n<tr style=\"height: 16.00pt;\">\n<td class=\"et2\" style=\"height: 16.00pt; width: 97.50pt;\" width=\"97\" height=\"16\">Manipulaci\u00f3n de superficies<\/td>\n<td class=\"et2\" style=\"width: 267.50pt;\" width=\"267\">Impresi\u00f3n en huecograbado<\/td>\n<\/tr>\n<tr style=\"height: 16.00pt;\">\n<td class=\"et2\" style=\"height: 16.00pt; width: 97.50pt;\" width=\"97\" height=\"16\">Color<\/td>\n<td class=\"et2\" style=\"width: 267.50pt;\" width=\"267\">Impresi\u00f3n a doble cara, hasta 10 colores<\/td>\n<\/tr>\n<tr style=\"height: 16.00pt;\">\n<td class=\"et2\" style=\"height: 16.00pt; width: 97.50pt;\" width=\"97\" height=\"16\">Utilizaci\u00f3n<\/td>\n<td class=\"et2\" style=\"width: 267.50pt;\" width=\"267\">Peine, bastoncillo de algod\u00f3n, palillo de dientes, cepillo de pelo<\/td>\n<\/tr>\n<tr style=\"height: 16.00pt;\">\n<td class=\"et2\" style=\"height: 16.00pt; width: 97.50pt;\" width=\"97\" height=\"16\">MOQ<\/td>\n<td class=\"et2\" style=\"width: 267.50pt;\" width=\"267\">50.000 unidades<\/td>\n<\/tr>\n<tr style=\"height: 16.00pt;\">\n<td class=\"et2\" style=\"height: 16.00pt; width: 97.50pt;\" width=\"97\" height=\"16\">Pedido a medida<\/td>\n<td class=\"et2\" style=\"width: 267.50pt;\" width=\"267\">Aceptamos OEM y ODM, Muestras gratuitas<\/td>\n<\/tr>\n<\/tbody>\n<\/table>\n<p>&nbsp;<\/p>","protected":false},"featured_media":4295,"comment_status":"closed","ping_status":"closed","template":"","meta":{"_acf_changed":false},"product_brand":[],"product_cat":[59,31],"product_tag":[],"class_list":{"0":"post-4292","1":"product","2":"type-product","3":"status-publish","4":"has-post-thumbnail","6":"product_cat-pillow-pouch-manufacturer","7":"product_cat-lay-flat-pouch-manufacturer","8":"pa_material-kraft-paper","9":"pa_non-food-packaging-hotel-supplies-packaging","11":"first","12":"instock","13":"shipping-taxable","14":"product-type-simple"},"acf":[],"_links":{"self":[{"href":"https:\/\/www.stanleypackage.com\/es\/wp-json\/wp\/v2\/product\/4292","targetHints":{"allow":["GET"]}}],"collection":[{"href":"https:\/\/www.stanleypackage.com\/es\/wp-json\/wp\/v2\/product"}],"about":[{"href":"https:\/\/www.stanleypackage.com\/es\/wp-json\/wp\/v2\/types\/product"}],"replies":[{"embeddable":true,"href":"https:\/\/www.stanleypackage.com\/es\/wp-json\/wp\/v2\/comments?post=4292"}],"wp:featuredmedia":[{"embeddable":true,"href":"https:\/\/www.stanleypackage.com\/es\/wp-json\/wp\/v2\/media\/4295"}],"wp:attachment":[{"href":"https:\/\/www.stanleypackage.com\/es\/wp-json\/wp\/v2\/media?parent=4292"}],"wp:term":[{"taxonomy":"product_brand","embeddable":true,"href":"https:\/\/www.stanleypackage.com\/es\/wp-json\/wp\/v2\/product_brand?post=4292"},{"taxonomy":"product_cat","embeddable":true,"href":"https:\/\/www.stanleypackage.com\/es\/wp-json\/wp\/v2\/product_cat?post=4292"},{"taxonomy":"product_tag","embeddable":true,"href":"https:\/\/www.stanleypackage.com\/es\/wp-json\/wp\/v2\/product_tag?post=4292"}],"curies":[{"name":"wp","href":"https:\/\/api.w.org\/{rel}","templated":true}]}}