{"id":4299,"date":"2026-01-20T07:49:55","date_gmt":"2026-01-20T07:49:55","guid":{"rendered":"https:\/\/www.stanleypackage.com\/?post_type=product&#038;p=4299"},"modified":"2026-01-20T07:50:09","modified_gmt":"2026-01-20T07:50:09","slug":"custom-printed-lay-flat-pouches-2","status":"publish","type":"product","link":"https:\/\/www.stanleypackage.com\/es\/product\/custom-printed-lay-flat-pouches-2\/","title":{"rendered":"Bolsas planas impresas personalizadas, bolsa de papel kraft para amenities"},"content":{"rendered":"<div class=\"wp-block-columns is-layout-flex wp-container-core-columns-is-layout-9d6595d7 wp-block-columns-is-layout-flex\">\n<div class=\"wp-block-column is-layout-flow wp-block-column-is-layout-flow\">\n<h2 class=\"wp-block-heading\">Caracter\u00edsticas de las bolsas planas impresas a medida<\/h2>\n\n\n\n<ul class=\"wp-block-list\">\n<li><strong>Material ecol\u00f3gico y biodegradable: <\/strong>El material principal de estas bolsas planas impresas a medida es papel kraft natural de 60 g\/m\u00b2, combinado con un revestimiento totalmente biodegradable. El producto se degrada de forma natural tras su uso, en l\u00ednea con las tendencias de envasado sostenible y la filosof\u00eda empresarial ecol\u00f3gica de los hoteles.<\/li>\n\n\n\n<li><strong>Sellado por tres lados, plano y seguro: <\/strong>Estas bolsas OEM de papel kraft selladas por tres lados presentan una estructura sellada por tres lados (como se muestra en la imagen), con cierres herm\u00e9ticos y resistentes al desgarro. Su dise\u00f1o plano hace que sean f\u00e1ciles de llenar, apilar y transportar, por lo que resultan adecuadas para diversos servicios peque\u00f1os de hosteler\u00eda.<\/li>\n\n\n\n<li><strong>Impresi\u00f3n personalizada de alta definici\u00f3n:<\/strong> Nuestras bolsas planas impresas a medida admiten impresi\u00f3n de alta definici\u00f3n a una o dos caras (como se muestra en el efecto de encaje blanco de la imagen). Los motivos, logotipos y textos pueden personalizarse de forma flexible, lo que mejora eficazmente el reconocimiento y la imagen de marca de los servicios del hotel.<\/li>\n\n\n\n<li><strong>Tama\u00f1os y estructuras flexibles: <\/strong>Nuestras bolsas OEM de papel kraft selladas por tres lados aceptan la personalizaci\u00f3n de diferentes tama\u00f1os, grosores y funciones (como muescas previas al rasgado, orificios para colgar, etc.), satisfaciendo las necesidades de envasado de diversos productos como gorros de ducha, bastoncillos de algod\u00f3n y fundas para maquinillas de afeitar.<\/li>\n\n\n\n<li><strong>Soporte de muestras y entrega a granel:<\/strong> Ofrecemos servicios de muestras gratuitas para bolsas planas impresas personalizadas. Tras la confirmaci\u00f3n, procedemos r\u00e1pidamente a la producci\u00f3n a gran escala, garantizando un suministro estable de productos de alta calidad para hoteles y clientes de marca.<\/li>\n<\/ul>\n\n\n\n<div class=\"wp-block-columns is-layout-flex wp-container-core-columns-is-layout-9d6595d7 wp-block-columns-is-layout-flex\">\n<div class=\"wp-block-column is-layout-flow wp-block-column-is-layout-flow\">\n<figure class=\"wp-block-image size-full\"><img decoding=\"async\" width=\"750\" height=\"750\" src=\"https:\/\/www.stanleypackage.com\/wp-content\/uploads\/2026\/01\/Custom-Hotel-Amenities-Packages-Yellow-Kraft-Paper-Pouches-3.webp\" alt=\"\" class=\"wp-image-4300\" srcset=\"https:\/\/www.stanleypackage.com\/wp-content\/uploads\/2026\/01\/Custom-Hotel-Amenities-Packages-Yellow-Kraft-Paper-Pouches-3.webp 750w, https:\/\/www.stanleypackage.com\/wp-content\/uploads\/2026\/01\/Custom-Hotel-Amenities-Packages-Yellow-Kraft-Paper-Pouches-3-300x300.webp 300w, https:\/\/www.stanleypackage.com\/wp-content\/uploads\/2026\/01\/Custom-Hotel-Amenities-Packages-Yellow-Kraft-Paper-Pouches-3-150x150.webp 150w, https:\/\/www.stanleypackage.com\/wp-content\/uploads\/2026\/01\/Custom-Hotel-Amenities-Packages-Yellow-Kraft-Paper-Pouches-3-12x12.webp 12w, https:\/\/www.stanleypackage.com\/wp-content\/uploads\/2026\/01\/Custom-Hotel-Amenities-Packages-Yellow-Kraft-Paper-Pouches-3-600x600.webp 600w, https:\/\/www.stanleypackage.com\/wp-content\/uploads\/2026\/01\/Custom-Hotel-Amenities-Packages-Yellow-Kraft-Paper-Pouches-3-100x100.webp 100w\" sizes=\"(max-width: 750px) 100vw, 750px\" \/><\/figure>\n<\/div>\n\n\n\n<div class=\"wp-block-column is-layout-flow wp-block-column-is-layout-flow\">\n<figure class=\"wp-block-image size-full\"><img decoding=\"async\" width=\"750\" height=\"750\" src=\"https:\/\/www.stanleypackage.com\/wp-content\/uploads\/2026\/01\/Custom-Hotel-Amenities-Packages-Yellow-Kraft-Paper-Pouches-5.webp\" alt=\"\" class=\"wp-image-4301\" srcset=\"https:\/\/www.stanleypackage.com\/wp-content\/uploads\/2026\/01\/Custom-Hotel-Amenities-Packages-Yellow-Kraft-Paper-Pouches-5.webp 750w, https:\/\/www.stanleypackage.com\/wp-content\/uploads\/2026\/01\/Custom-Hotel-Amenities-Packages-Yellow-Kraft-Paper-Pouches-5-300x300.webp 300w, https:\/\/www.stanleypackage.com\/wp-content\/uploads\/2026\/01\/Custom-Hotel-Amenities-Packages-Yellow-Kraft-Paper-Pouches-5-150x150.webp 150w, https:\/\/www.stanleypackage.com\/wp-content\/uploads\/2026\/01\/Custom-Hotel-Amenities-Packages-Yellow-Kraft-Paper-Pouches-5-12x12.webp 12w, https:\/\/www.stanleypackage.com\/wp-content\/uploads\/2026\/01\/Custom-Hotel-Amenities-Packages-Yellow-Kraft-Paper-Pouches-5-600x600.webp 600w, https:\/\/www.stanleypackage.com\/wp-content\/uploads\/2026\/01\/Custom-Hotel-Amenities-Packages-Yellow-Kraft-Paper-Pouches-5-100x100.webp 100w\" sizes=\"(max-width: 750px) 100vw, 750px\" \/><\/figure>\n<\/div>\n<\/div>\n<\/div>\n<\/div>","protected":false},"excerpt":{"rendered":"<p>Bienvenido a comprar bolsas planas impresas personalizadas. Nuestras bolsas OEM de papel kraft selladas por tres lados est\u00e1n dise\u00f1adas espec\u00edficamente para amenities y accesorios desechables para hoteles. Fabricadas con papel kraft ecol\u00f3gico y un revestimiento totalmente biodegradable, este producto admite OEM\/ODM.<\/p>\n<table style=\"border-collapse: collapse; width: 365.02pt;\" border=\"0\" width=\"365\" cellspacing=\"0\" cellpadding=\"0\">\n<tbody>\n<tr style=\"height: 16.00pt;\">\n<td class=\"et2\" style=\"height: 16.00pt; width: 97.50pt;\" width=\"97\" height=\"16\">Fabricante<\/td>\n<td class=\"et2\" style=\"width: 267.50pt;\" width=\"267\">Stanley<\/td>\n<\/tr>\n<tr style=\"height: 16.00pt;\">\n<td class=\"et2\" style=\"height: 16.00pt; width: 97.50pt;\" width=\"97\" height=\"16\">Tipos de bolsas<\/td>\n<td class=\"et3\">Bolsa sellada por tres lados<span class=\"font1\">, <\/span><span class=\"font0\">Bolsa plana<\/span><\/td>\n<\/tr>\n<tr style=\"height: 16.00pt;\">\n<td class=\"et2\" style=\"height: 16.00pt; width: 97.50pt;\" width=\"97\" height=\"16\">Material<\/td>\n<td class=\"et2\" style=\"width: 267.50pt;\" width=\"267\">Papel kraft de 60 g con revestimiento biodegradable<\/td>\n<\/tr>\n<tr style=\"height: 16.00pt;\">\n<td class=\"et2\" style=\"height: 16.00pt; width: 97.50pt;\" width=\"97\" height=\"16\">Reportaje especial<\/td>\n<td class=\"et2\" style=\"width: 267.50pt;\" width=\"267\">Muesca de rasgado, relleno inferior<\/td>\n<\/tr>\n<tr style=\"height: 16.00pt;\">\n<td class=\"et2\" style=\"height: 16.00pt; width: 97.50pt;\" width=\"97\" height=\"16\">Manipulaci\u00f3n de superficies<\/td>\n<td class=\"et2\" style=\"width: 267.50pt;\" width=\"267\">Impresi\u00f3n en huecograbado<\/td>\n<\/tr>\n<tr style=\"height: 16.00pt;\">\n<td class=\"et2\" style=\"height: 16.00pt; width: 97.50pt;\" width=\"97\" height=\"16\">Color<\/td>\n<td class=\"et2\" style=\"width: 267.50pt;\" width=\"267\">Impresi\u00f3n a doble cara, hasta 10 colores<\/td>\n<\/tr>\n<tr style=\"height: 16.00pt;\">\n<td class=\"et2\" style=\"height: 16.00pt; width: 97.50pt;\" width=\"97\" height=\"16\">Utilizaci\u00f3n<\/td>\n<td class=\"et2\" style=\"width: 267.50pt;\" width=\"267\">Peine, bastoncillo de algod\u00f3n, palillo de dientes, cepillo de pelo<\/td>\n<\/tr>\n<tr style=\"height: 16.00pt;\">\n<td class=\"et2\" style=\"height: 16.00pt; width: 97.50pt;\" width=\"97\" height=\"16\">MOQ<\/td>\n<td class=\"et2\" style=\"width: 267.50pt;\" width=\"267\">50.000 unidades<\/td>\n<\/tr>\n<tr style=\"height: 16.00pt;\">\n<td class=\"et2\" style=\"height: 16.00pt; width: 97.50pt;\" width=\"97\" height=\"16\">Pedido a medida<\/td>\n<td class=\"et2\" style=\"width: 267.50pt;\" width=\"267\">Aceptamos OEM y ODM, Muestras gratuitas<\/td>\n<\/tr>\n<\/tbody>\n<\/table>\n<p>&nbsp;<\/p>","protected":false},"featured_media":4302,"comment_status":"closed","ping_status":"closed","template":"","meta":{"_acf_changed":false},"product_brand":[],"product_cat":[31,28],"product_tag":[],"class_list":{"0":"post-4299","1":"product","2":"type-product","3":"status-publish","4":"has-post-thumbnail","6":"product_cat-lay-flat-pouch-manufacturer","7":"product_cat-three-side-seal-pouch-manufacturer","8":"pa_material-kraft-paper","9":"pa_non-food-packaging-hotel-supplies-packaging","11":"first","12":"instock","13":"shipping-taxable","14":"product-type-simple"},"acf":[],"_links":{"self":[{"href":"https:\/\/www.stanleypackage.com\/es\/wp-json\/wp\/v2\/product\/4299","targetHints":{"allow":["GET"]}}],"collection":[{"href":"https:\/\/www.stanleypackage.com\/es\/wp-json\/wp\/v2\/product"}],"about":[{"href":"https:\/\/www.stanleypackage.com\/es\/wp-json\/wp\/v2\/types\/product"}],"replies":[{"embeddable":true,"href":"https:\/\/www.stanleypackage.com\/es\/wp-json\/wp\/v2\/comments?post=4299"}],"wp:featuredmedia":[{"embeddable":true,"href":"https:\/\/www.stanleypackage.com\/es\/wp-json\/wp\/v2\/media\/4302"}],"wp:attachment":[{"href":"https:\/\/www.stanleypackage.com\/es\/wp-json\/wp\/v2\/media?parent=4299"}],"wp:term":[{"taxonomy":"product_brand","embeddable":true,"href":"https:\/\/www.stanleypackage.com\/es\/wp-json\/wp\/v2\/product_brand?post=4299"},{"taxonomy":"product_cat","embeddable":true,"href":"https:\/\/www.stanleypackage.com\/es\/wp-json\/wp\/v2\/product_cat?post=4299"},{"taxonomy":"product_tag","embeddable":true,"href":"https:\/\/www.stanleypackage.com\/es\/wp-json\/wp\/v2\/product_tag?post=4299"}],"curies":[{"name":"wp","href":"https:\/\/api.w.org\/{rel}","templated":true}]}}