{"id":4305,"date":"2026-01-20T07:40:45","date_gmt":"2026-01-20T07:40:45","guid":{"rendered":"https:\/\/www.stanleypackage.com\/?post_type=product&#038;p=4305"},"modified":"2026-01-20T07:40:53","modified_gmt":"2026-01-20T07:40:53","slug":"wholesale-eco-friendly-pouches","status":"publish","type":"product","link":"https:\/\/www.stanleypackage.com\/es\/product\/wholesale-eco-friendly-pouches\/","title":{"rendered":"Venta al por mayor de bolsas ecol\u00f3gicas, OEM Hotel Amenities Sachet"},"content":{"rendered":"<div class=\"wp-block-columns is-layout-flex wp-container-core-columns-is-layout-9d6595d7 wp-block-columns-is-layout-flex\">\n<div class=\"wp-block-column is-layout-flow wp-block-column-is-layout-flow\">\n<h2 class=\"wp-block-heading\">Caracter\u00edsticas de las bolsas ecol\u00f3gicas al por mayor<\/h2>\n\n\n\n<ul class=\"wp-block-list\">\n<li><strong>100% Ecol\u00f3gico y biodegradable: <\/strong>El material principal de nuestras bolsas ecol\u00f3gicas personalizadas al por mayor es papel de ca\u00f1a de az\u00facar natural y renovable, y el revestimiento es totalmente biodegradable. Desde las materias primas hasta los productos acabados, son totalmente reciclables y compostables, lo que ayuda a la industria hotelera a conseguir mejoras ecol\u00f3gicas.<\/li>\n\n\n\n<li><strong>Sello trasero resistente, a prueba de humedad y fugas: <\/strong>Esta bolsa OEM para amenities de hotel utiliza una estructura de bolsa plana con sellado posterior. El sello posterior es resistente y proporciona un sellado excelente, protegiendo eficazmente los productos higi\u00e9nicos desechables de la humedad y la contaminaci\u00f3n.<\/li>\n\n\n\n<li><strong>Personalizaci\u00f3n flexible, exhibici\u00f3n de su marca:<\/strong> Nuestras bolsas ecol\u00f3gicas personalizadas al por mayor admiten la impresi\u00f3n gr\u00e1fica de toda la bolsa (como el texto \u201cKit de afeitado\u201d), la personalizaci\u00f3n del tama\u00f1o (diferentes especificaciones disponibles) y la personalizaci\u00f3n funcional (como muescas previas al rasgado y orificios para colgar), adapt\u00e1ndose r\u00e1pidamente a diversas necesidades de embalaje de suministros para hoteles.<\/li>\n\n\n\n<li><strong>Textura delicada, calidad mejorada: <\/strong>El material base de papel de ca\u00f1a de az\u00facar de esta bolsita OEM para amenities de hotel tiene una textura natural y un tacto suave. Combinado con dise\u00f1os de impresi\u00f3n sencillos o personalizados, mejora notablemente el aspecto y la imagen de marca de los amenities para habitaciones de hu\u00e9spedes.<\/li>\n\n\n\n<li><strong>Suministro a granel, estable y eficiente:<\/strong> Dise\u00f1adas espec\u00edficamente para grupos hoteleros y clientes OEM, nuestras bolsas ecol\u00f3gicas personalizadas al por mayor garantizan unos plazos de entrega y una calidad estables para grandes pedidos, lo que nos convierte en un socio de envasado de confianza a largo plazo.<\/li>\n<\/ul>\n\n\n\n<div class=\"wp-block-columns is-layout-flex wp-container-core-columns-is-layout-9d6595d7 wp-block-columns-is-layout-flex\">\n<div class=\"wp-block-column is-layout-flow wp-block-column-is-layout-flow\">\n<figure class=\"wp-block-image size-full\"><img decoding=\"async\" width=\"750\" height=\"750\" src=\"https:\/\/www.stanleypackage.com\/wp-content\/uploads\/2026\/01\/Biodegradable-Amenity-Package-Back-Seal-Sugarcane-Paper-Pouches-Wholesale-2.webp\" alt=\"\" class=\"wp-image-4306\" srcset=\"https:\/\/www.stanleypackage.com\/wp-content\/uploads\/2026\/01\/Biodegradable-Amenity-Package-Back-Seal-Sugarcane-Paper-Pouches-Wholesale-2.webp 750w, https:\/\/www.stanleypackage.com\/wp-content\/uploads\/2026\/01\/Biodegradable-Amenity-Package-Back-Seal-Sugarcane-Paper-Pouches-Wholesale-2-300x300.webp 300w, https:\/\/www.stanleypackage.com\/wp-content\/uploads\/2026\/01\/Biodegradable-Amenity-Package-Back-Seal-Sugarcane-Paper-Pouches-Wholesale-2-150x150.webp 150w, https:\/\/www.stanleypackage.com\/wp-content\/uploads\/2026\/01\/Biodegradable-Amenity-Package-Back-Seal-Sugarcane-Paper-Pouches-Wholesale-2-12x12.webp 12w, https:\/\/www.stanleypackage.com\/wp-content\/uploads\/2026\/01\/Biodegradable-Amenity-Package-Back-Seal-Sugarcane-Paper-Pouches-Wholesale-2-600x600.webp 600w, https:\/\/www.stanleypackage.com\/wp-content\/uploads\/2026\/01\/Biodegradable-Amenity-Package-Back-Seal-Sugarcane-Paper-Pouches-Wholesale-2-100x100.webp 100w\" sizes=\"(max-width: 750px) 100vw, 750px\" \/><\/figure>\n<\/div>\n\n\n\n<div class=\"wp-block-column is-layout-flow wp-block-column-is-layout-flow\">\n<figure class=\"wp-block-image size-full\"><img decoding=\"async\" width=\"750\" height=\"750\" src=\"https:\/\/www.stanleypackage.com\/wp-content\/uploads\/2026\/01\/Biodegradable-Amenity-Package-Back-Seal-Sugarcane-Paper-Pouches-Wholesale-3.webp\" alt=\"\" class=\"wp-image-4308\" srcset=\"https:\/\/www.stanleypackage.com\/wp-content\/uploads\/2026\/01\/Biodegradable-Amenity-Package-Back-Seal-Sugarcane-Paper-Pouches-Wholesale-3.webp 750w, https:\/\/www.stanleypackage.com\/wp-content\/uploads\/2026\/01\/Biodegradable-Amenity-Package-Back-Seal-Sugarcane-Paper-Pouches-Wholesale-3-300x300.webp 300w, https:\/\/www.stanleypackage.com\/wp-content\/uploads\/2026\/01\/Biodegradable-Amenity-Package-Back-Seal-Sugarcane-Paper-Pouches-Wholesale-3-150x150.webp 150w, https:\/\/www.stanleypackage.com\/wp-content\/uploads\/2026\/01\/Biodegradable-Amenity-Package-Back-Seal-Sugarcane-Paper-Pouches-Wholesale-3-12x12.webp 12w, https:\/\/www.stanleypackage.com\/wp-content\/uploads\/2026\/01\/Biodegradable-Amenity-Package-Back-Seal-Sugarcane-Paper-Pouches-Wholesale-3-600x600.webp 600w, https:\/\/www.stanleypackage.com\/wp-content\/uploads\/2026\/01\/Biodegradable-Amenity-Package-Back-Seal-Sugarcane-Paper-Pouches-Wholesale-3-100x100.webp 100w\" sizes=\"(max-width: 750px) 100vw, 750px\" \/><\/figure>\n<\/div>\n<\/div>\n<\/div>\n<\/div>","protected":false},"excerpt":{"rendered":"<p>Bienvenido a comprar al por mayor bolsas ecol\u00f3gicas personalizadas. Nuestras bolsitas OEM para amenities de hotel presentan un dise\u00f1o con cierre posterior, fabricadas con papel de ca\u00f1a de az\u00facar y un revestimiento biodegradable, y admiten una personalizaci\u00f3n completa, desde el tama\u00f1o y los gr\u00e1ficos hasta los detalles funcionales.<\/p>\n<table style=\"border-collapse: collapse; width: 365.02pt;\" border=\"0\" width=\"365\" cellspacing=\"0\" cellpadding=\"0\">\n<tbody>\n<tr style=\"height: 16.00pt;\">\n<td class=\"et2\" style=\"height: 16.00pt; width: 97.50pt;\" width=\"97\" height=\"16\">Fabricante<\/td>\n<td class=\"et2\" style=\"width: 267.50pt;\" width=\"267\">Stanley<\/td>\n<\/tr>\n<tr style=\"height: 16.00pt;\">\n<td class=\"et2\" style=\"height: 16.00pt; width: 97.50pt;\" width=\"97\" height=\"16\">Tipos de bolsas<\/td>\n<td class=\"et3\">Bolsa de cierre posterior<span class=\"font1\">, <\/span><span class=\"font0\">Bolsa plana<\/span><\/td>\n<\/tr>\n<tr style=\"height: 16.00pt;\">\n<td class=\"et2\" style=\"height: 16.00pt; width: 97.50pt;\" width=\"97\" height=\"16\">Material<\/td>\n<td class=\"et2\" style=\"width: 267.50pt;\" width=\"267\">Papel de ca\u00f1a de az\u00facar de 80 g con revestimiento biodegradable<\/td>\n<\/tr>\n<tr style=\"height: 16.00pt;\">\n<td class=\"et2\" style=\"height: 16.00pt; width: 97.50pt;\" width=\"97\" height=\"16\">Reportaje especial<\/td>\n<td class=\"et2\" style=\"width: 267.50pt;\" width=\"267\">Muesca de rasgado, relleno inferior<\/td>\n<\/tr>\n<tr style=\"height: 16.00pt;\">\n<td class=\"et2\" style=\"height: 16.00pt; width: 97.50pt;\" width=\"97\" height=\"16\">Manipulaci\u00f3n de superficies<\/td>\n<td class=\"et2\" style=\"width: 267.50pt;\" width=\"267\">Impresi\u00f3n en huecograbado<\/td>\n<\/tr>\n<tr style=\"height: 16.00pt;\">\n<td class=\"et2\" style=\"height: 16.00pt; width: 97.50pt;\" width=\"97\" height=\"16\">Color<\/td>\n<td class=\"et2\" style=\"width: 267.50pt;\" width=\"267\">Impresi\u00f3n a doble cara, hasta 10 colores<\/td>\n<\/tr>\n<tr style=\"height: 16.00pt;\">\n<td class=\"et2\" style=\"height: 16.00pt; width: 97.50pt;\" width=\"97\" height=\"16\">Utilizaci\u00f3n<\/td>\n<td class=\"et2\" style=\"width: 267.50pt;\" width=\"267\">Art\u00edculos de aseo para hoteles<\/td>\n<\/tr>\n<tr style=\"height: 16.00pt;\">\n<td class=\"et2\" style=\"height: 16.00pt; width: 97.50pt;\" width=\"97\" height=\"16\">MOQ<\/td>\n<td class=\"et2\" style=\"width: 267.50pt;\" width=\"267\">50.000 unidades<\/td>\n<\/tr>\n<tr style=\"height: 16.00pt;\">\n<td class=\"et2\" style=\"height: 16.00pt; width: 97.50pt;\" width=\"97\" height=\"16\">Pedido a medida<\/td>\n<td class=\"et2\" style=\"width: 267.50pt;\" width=\"267\">Aceptamos OEM y ODM, Muestras gratuitas<\/td>\n<\/tr>\n<\/tbody>\n<\/table>\n<p>&nbsp;<\/p>","protected":false},"featured_media":4307,"comment_status":"closed","ping_status":"closed","template":"","meta":{"_acf_changed":false},"product_brand":[],"product_cat":[59,31],"product_tag":[],"class_list":{"0":"post-4305","1":"product","2":"type-product","3":"status-publish","4":"has-post-thumbnail","6":"product_cat-pillow-pouch-manufacturer","7":"product_cat-lay-flat-pouch-manufacturer","8":"pa_material-biodegradable","9":"pa_non-food-packaging-hotel-supplies-packaging","11":"first","12":"instock","13":"shipping-taxable","14":"product-type-simple"},"acf":[],"_links":{"self":[{"href":"https:\/\/www.stanleypackage.com\/es\/wp-json\/wp\/v2\/product\/4305","targetHints":{"allow":["GET"]}}],"collection":[{"href":"https:\/\/www.stanleypackage.com\/es\/wp-json\/wp\/v2\/product"}],"about":[{"href":"https:\/\/www.stanleypackage.com\/es\/wp-json\/wp\/v2\/types\/product"}],"replies":[{"embeddable":true,"href":"https:\/\/www.stanleypackage.com\/es\/wp-json\/wp\/v2\/comments?post=4305"}],"wp:featuredmedia":[{"embeddable":true,"href":"https:\/\/www.stanleypackage.com\/es\/wp-json\/wp\/v2\/media\/4307"}],"wp:attachment":[{"href":"https:\/\/www.stanleypackage.com\/es\/wp-json\/wp\/v2\/media?parent=4305"}],"wp:term":[{"taxonomy":"product_brand","embeddable":true,"href":"https:\/\/www.stanleypackage.com\/es\/wp-json\/wp\/v2\/product_brand?post=4305"},{"taxonomy":"product_cat","embeddable":true,"href":"https:\/\/www.stanleypackage.com\/es\/wp-json\/wp\/v2\/product_cat?post=4305"},{"taxonomy":"product_tag","embeddable":true,"href":"https:\/\/www.stanleypackage.com\/es\/wp-json\/wp\/v2\/product_tag?post=4305"}],"curies":[{"name":"wp","href":"https:\/\/api.w.org\/{rel}","templated":true}]}}