{"id":4311,"date":"2026-01-20T07:27:53","date_gmt":"2026-01-20T07:27:53","guid":{"rendered":"https:\/\/www.stanleypackage.com\/?post_type=product&#038;p=4311"},"modified":"2026-01-20T07:28:03","modified_gmt":"2026-01-20T07:28:03","slug":"eco-friendly-pouch-packaging","status":"publish","type":"product","link":"https:\/\/www.stanleypackage.com\/es\/product\/eco-friendly-pouch-packaging\/","title":{"rendered":"Envases ecol\u00f3gicos personalizados a granel para amenities de hotel"},"content":{"rendered":"<div class=\"wp-block-columns is-layout-flex wp-container-core-columns-is-layout-9d6595d7 wp-block-columns-is-layout-flex\">\n<div class=\"wp-block-column is-layout-flow wp-block-column-is-layout-flow\">\n<h2 class=\"wp-block-heading\">Caracter\u00edsticas de los envases de bolsa ecol\u00f3gicos personalizados<\/h2>\n\n\n\n<ul class=\"wp-block-list\">\n<li><strong>Materiales sostenibles y ecol\u00f3gicos: <\/strong>Nuestros envases de bolsa ecol\u00f3gicos personalizados utilizan papel de ca\u00f1a de az\u00facar renovable de 80 g\/m\u00b2 y un revestimiento biodegradable, lo que reduce el uso de pl\u00e1stico en origen y se ajusta a los conceptos de los hoteles ecol\u00f3gicos y las tendencias medioambientales.<\/li>\n\n\n\n<li><strong>Dise\u00f1o de junta trasera de alta resistencia: <\/strong>La parte posterior de nuestras bolsas personalizadas para el envasado de amenities de hotel utiliza un proceso de uni\u00f3n de alta resistencia para garantizar una buena fuerza de sellado y una capacidad de carga total. Esto tambi\u00e9n garantiza que la bolsa sea segura para su contenido.<\/li>\n\n\n\n<li><strong>Personalizaci\u00f3n flexible y completa: <\/strong>Estas bolsas ecol\u00f3gicas personalizadas ofrecen amplias opciones de personalizaci\u00f3n en cuanto a dise\u00f1os, texto, dimensiones, muescas para rasgar y orificios para colgar. Pueden aplicarse inmediatamente a distintos productos de hosteler\u00eda (como gorros de ducha y kits de afeitado, entre otros).<\/li>\n\n\n\n<li><strong>Aspecto sencillo y pr\u00e1ctico: <\/strong>Estos envases personalizados para amenities de hotel utilizan un material de base blanco puro con impresi\u00f3n personalizada (como motivos ondulados en azul y blanco), con un dise\u00f1o sencillo y claro que resalta la informaci\u00f3n de la marca y mejora la calidad y el reconocimiento de los amenities en la habitaci\u00f3n.<\/li>\n\n\n\n<li><strong>Ventaja del suministro a gran escala: <\/strong>Estamos especializados en la producci\u00f3n a gran escala, garantizando el suministro a granel de envases de bolsa ecol\u00f3gicos personalizados para grupos hoteleros y marcas, con una entrega estable y una alta rentabilidad.<\/li>\n<\/ul>\n\n\n\n<div class=\"wp-block-columns is-layout-flex wp-container-core-columns-is-layout-9d6595d7 wp-block-columns-is-layout-flex\">\n<div class=\"wp-block-column is-layout-flow wp-block-column-is-layout-flow\">\n<figure class=\"wp-block-image size-full\"><img decoding=\"async\" width=\"750\" height=\"750\" src=\"https:\/\/www.stanleypackage.com\/wp-content\/uploads\/2026\/01\/Eco-Fridendly-Package-For-Hotel-Toiletries-Custom-Sugarcane-Paper-Pouch-2.webp\" alt=\"\" class=\"wp-image-4312\" srcset=\"https:\/\/www.stanleypackage.com\/wp-content\/uploads\/2026\/01\/Eco-Fridendly-Package-For-Hotel-Toiletries-Custom-Sugarcane-Paper-Pouch-2.webp 750w, https:\/\/www.stanleypackage.com\/wp-content\/uploads\/2026\/01\/Eco-Fridendly-Package-For-Hotel-Toiletries-Custom-Sugarcane-Paper-Pouch-2-300x300.webp 300w, https:\/\/www.stanleypackage.com\/wp-content\/uploads\/2026\/01\/Eco-Fridendly-Package-For-Hotel-Toiletries-Custom-Sugarcane-Paper-Pouch-2-150x150.webp 150w, https:\/\/www.stanleypackage.com\/wp-content\/uploads\/2026\/01\/Eco-Fridendly-Package-For-Hotel-Toiletries-Custom-Sugarcane-Paper-Pouch-2-12x12.webp 12w, https:\/\/www.stanleypackage.com\/wp-content\/uploads\/2026\/01\/Eco-Fridendly-Package-For-Hotel-Toiletries-Custom-Sugarcane-Paper-Pouch-2-600x600.webp 600w, https:\/\/www.stanleypackage.com\/wp-content\/uploads\/2026\/01\/Eco-Fridendly-Package-For-Hotel-Toiletries-Custom-Sugarcane-Paper-Pouch-2-100x100.webp 100w\" sizes=\"(max-width: 750px) 100vw, 750px\" \/><\/figure>\n<\/div>\n\n\n\n<div class=\"wp-block-column is-layout-flow wp-block-column-is-layout-flow\">\n<figure class=\"wp-block-image size-full\"><img decoding=\"async\" width=\"750\" height=\"750\" src=\"https:\/\/www.stanleypackage.com\/wp-content\/uploads\/2026\/01\/Eco-Fridendly-Package-For-Hotel-Toiletries-Custom-Sugarcane-Paper-Pouch-4.webp\" alt=\"\" class=\"wp-image-4313\" srcset=\"https:\/\/www.stanleypackage.com\/wp-content\/uploads\/2026\/01\/Eco-Fridendly-Package-For-Hotel-Toiletries-Custom-Sugarcane-Paper-Pouch-4.webp 750w, https:\/\/www.stanleypackage.com\/wp-content\/uploads\/2026\/01\/Eco-Fridendly-Package-For-Hotel-Toiletries-Custom-Sugarcane-Paper-Pouch-4-300x300.webp 300w, https:\/\/www.stanleypackage.com\/wp-content\/uploads\/2026\/01\/Eco-Fridendly-Package-For-Hotel-Toiletries-Custom-Sugarcane-Paper-Pouch-4-150x150.webp 150w, https:\/\/www.stanleypackage.com\/wp-content\/uploads\/2026\/01\/Eco-Fridendly-Package-For-Hotel-Toiletries-Custom-Sugarcane-Paper-Pouch-4-12x12.webp 12w, https:\/\/www.stanleypackage.com\/wp-content\/uploads\/2026\/01\/Eco-Fridendly-Package-For-Hotel-Toiletries-Custom-Sugarcane-Paper-Pouch-4-600x600.webp 600w, https:\/\/www.stanleypackage.com\/wp-content\/uploads\/2026\/01\/Eco-Fridendly-Package-For-Hotel-Toiletries-Custom-Sugarcane-Paper-Pouch-4-100x100.webp 100w\" sizes=\"(max-width: 750px) 100vw, 750px\" \/><\/figure>\n<\/div>\n<\/div>\n<\/div>\n<\/div>\n\n\n\n<p><\/p>","protected":false},"excerpt":{"rendered":"<p>Le invitamos a solicitar nuestros envases ecol\u00f3gicos personalizados para amenities de hotel. Nuestras bolsas planas con cierre posterior personalizadas a granel est\u00e1n fabricadas con papel de ca\u00f1a de az\u00facar y materiales de revestimiento biodegradables totalmente personalizables.<\/p>\n<table style=\"border-collapse: collapse; width: 365.02pt;\" border=\"0\" width=\"365\" cellspacing=\"0\" cellpadding=\"0\">\n<tbody>\n<tr style=\"height: 16.00pt;\">\n<td class=\"et2\" style=\"height: 16.00pt; width: 97.50pt;\" width=\"97\" height=\"16\">Fabricante<\/td>\n<td class=\"et2\" style=\"width: 267.50pt;\" width=\"267\">Stanley<\/td>\n<\/tr>\n<tr style=\"height: 16.00pt;\">\n<td class=\"et2\" style=\"height: 16.00pt; width: 97.50pt;\" width=\"97\" height=\"16\">Tipos de bolsas<\/td>\n<td class=\"et3\">Bolsa de cierre posterior<span class=\"font1\">, <\/span><span class=\"font0\">Bolsa plana<\/span><\/td>\n<\/tr>\n<tr style=\"height: 16.00pt;\">\n<td class=\"et2\" style=\"height: 16.00pt; width: 97.50pt;\" width=\"97\" height=\"16\">Material<\/td>\n<td class=\"et2\" style=\"width: 267.50pt;\" width=\"267\">Papel de ca\u00f1a de az\u00facar de 80 g con revestimiento biodegradable<\/td>\n<\/tr>\n<tr style=\"height: 16.00pt;\">\n<td class=\"et2\" style=\"height: 16.00pt; width: 97.50pt;\" width=\"97\" height=\"16\">Reportaje especial<\/td>\n<td class=\"et2\" style=\"width: 267.50pt;\" width=\"267\">Muesca de rasgado, relleno inferior<\/td>\n<\/tr>\n<tr style=\"height: 16.00pt;\">\n<td class=\"et2\" style=\"height: 16.00pt; width: 97.50pt;\" width=\"97\" height=\"16\">Manipulaci\u00f3n de superficies<\/td>\n<td class=\"et2\" style=\"width: 267.50pt;\" width=\"267\">Impresi\u00f3n en huecograbado<\/td>\n<\/tr>\n<tr style=\"height: 16.00pt;\">\n<td class=\"et2\" style=\"height: 16.00pt; width: 97.50pt;\" width=\"97\" height=\"16\">Color<\/td>\n<td class=\"et2\" style=\"width: 267.50pt;\" width=\"267\">Impresi\u00f3n a doble cara, hasta 10 colores<\/td>\n<\/tr>\n<tr style=\"height: 16.00pt;\">\n<td class=\"et2\" style=\"height: 16.00pt; width: 97.50pt;\" width=\"97\" height=\"16\">Utilizaci\u00f3n<\/td>\n<td class=\"et2\" style=\"width: 267.50pt;\" width=\"267\">Peine, bastoncillo de algod\u00f3n, palillo de dientes, cepillo de pelo, gorro de ducha, kit de agitaci\u00f3n<\/td>\n<\/tr>\n<tr style=\"height: 16.00pt;\">\n<td class=\"et2\" style=\"height: 16.00pt; width: 97.50pt;\" width=\"97\" height=\"16\">MOQ<\/td>\n<td class=\"et2\" style=\"width: 267.50pt;\" width=\"267\">50.000 unidades<\/td>\n<\/tr>\n<tr style=\"height: 16.00pt;\">\n<td class=\"et2\" style=\"height: 16.00pt; width: 97.50pt;\" width=\"97\" height=\"16\">Pedido a medida<\/td>\n<td class=\"et2\" style=\"width: 267.50pt;\" width=\"267\">Aceptamos OEM y ODM, Muestras gratuitas<\/td>\n<\/tr>\n<\/tbody>\n<\/table>\n<p>&nbsp;<\/p>","protected":false},"featured_media":4314,"comment_status":"closed","ping_status":"closed","template":"","meta":{"_acf_changed":false},"product_brand":[],"product_cat":[59,31],"product_tag":[],"class_list":{"0":"post-4311","1":"product","2":"type-product","3":"status-publish","4":"has-post-thumbnail","6":"product_cat-pillow-pouch-manufacturer","7":"product_cat-lay-flat-pouch-manufacturer","8":"pa_material-biodegradable","9":"pa_non-food-packaging-hotel-supplies-packaging","11":"first","12":"instock","13":"shipping-taxable","14":"product-type-simple"},"acf":[],"_links":{"self":[{"href":"https:\/\/www.stanleypackage.com\/es\/wp-json\/wp\/v2\/product\/4311","targetHints":{"allow":["GET"]}}],"collection":[{"href":"https:\/\/www.stanleypackage.com\/es\/wp-json\/wp\/v2\/product"}],"about":[{"href":"https:\/\/www.stanleypackage.com\/es\/wp-json\/wp\/v2\/types\/product"}],"replies":[{"embeddable":true,"href":"https:\/\/www.stanleypackage.com\/es\/wp-json\/wp\/v2\/comments?post=4311"}],"wp:featuredmedia":[{"embeddable":true,"href":"https:\/\/www.stanleypackage.com\/es\/wp-json\/wp\/v2\/media\/4314"}],"wp:attachment":[{"href":"https:\/\/www.stanleypackage.com\/es\/wp-json\/wp\/v2\/media?parent=4311"}],"wp:term":[{"taxonomy":"product_brand","embeddable":true,"href":"https:\/\/www.stanleypackage.com\/es\/wp-json\/wp\/v2\/product_brand?post=4311"},{"taxonomy":"product_cat","embeddable":true,"href":"https:\/\/www.stanleypackage.com\/es\/wp-json\/wp\/v2\/product_cat?post=4311"},{"taxonomy":"product_tag","embeddable":true,"href":"https:\/\/www.stanleypackage.com\/es\/wp-json\/wp\/v2\/product_tag?post=4311"}],"curies":[{"name":"wp","href":"https:\/\/api.w.org\/{rel}","templated":true}]}}