{"id":4350,"date":"2026-01-31T02:24:50","date_gmt":"2026-01-31T02:24:50","guid":{"rendered":"https:\/\/www.stanleypackage.com\/?post_type=product&#038;p=4350"},"modified":"2026-01-31T02:24:57","modified_gmt":"2026-01-31T02:24:57","slug":"stand-up-spout-pouch","status":"publish","type":"product","link":"https:\/\/www.stanleypackage.com\/es\/product\/stand-up-spout-pouch\/","title":{"rendered":"Bolsa con boquilla de pie personalizada de 10 mg para champ\u00fa y acondicionador"},"content":{"rendered":"<div class=\"wp-block-columns is-layout-flex wp-container-core-columns-is-layout-9d6595d7 wp-block-columns-is-layout-flex\">\n<div class=\"wp-block-column is-layout-flow wp-block-column-is-layout-flow\">\n<h2 class=\"wp-block-heading\">Caracter\u00edsticas de Custom Stand Up Spout Pouch<\/h2>\n\n\n\n<ul class=\"wp-block-list\">\n<li><strong>Dise\u00f1o preciso de la capacidad: <\/strong>Nuestras bolsas con boquilla de pie personalizadas est\u00e1n optimizadas para productos de 10 mg, son compactas y port\u00e1tiles, ideales para viajes o tama\u00f1os de muestra, y satisfacen las necesidades de diversos segmentos del mercado.<\/li>\n\n\n\n<li><strong>Efecto de impresi\u00f3n de alta calidad: <\/strong>Esta bolsa OEM con boquilla para champ\u00fa admite la impresi\u00f3n en huecograbado a 10 colores, reproduciendo degradados complejos y texto fino, lo que mejora el atractivo visual y la profesionalidad del producto.<\/li>\n\n\n\n<li><strong>Experiencia f\u00e1cil de usar: <\/strong>Esta bolsa con boquilla de pie personalizada cuenta con una boquilla enroscable que permite abrirla y cerrarla con una sola mano. El dise\u00f1o a prueba de fugas garantiza un transporte seguro, especialmente adecuado para entornos h\u00famedos como cuartos de ba\u00f1o.<\/li>\n\n\n\n<li><strong>Garant\u00eda de material robusto: <\/strong>Nuestra bolsa OEM con boquilla para champ\u00fa utiliza una estructura compuesta de PET12\/VMPET12\/PE100, que proporciona excelentes propiedades de barrera y resistencia a la perforaci\u00f3n, protegiendo eficazmente los ingredientes activos del contenido.<\/li>\n\n\n\n<li><strong>Personalizaci\u00f3n flexible de la marca: <\/strong>Esta bolsa con boquilla de pie personalizada puede personalizarse en forma, color y dise\u00f1o gr\u00e1fico, lo que permite a las marcas crear envases \u00fanicos.<\/li>\n\n\n\n<li><strong>Equilibrio medioambiental y de costes:<\/strong> La bolsa con boquilla para champ\u00fa es una gran alternativa a las botellas tradicionales porque ahorran en el uso de pl\u00e1stico, y su construcci\u00f3n ligera reduce los costes de env\u00edo a la vez que mantiene el aspecto de alta calidad de los materiales de las botellas tradicionales.<\/li>\n<\/ul>\n\n\n\n<div class=\"wp-block-columns is-layout-flex wp-container-core-columns-is-layout-9d6595d7 wp-block-columns-is-layout-flex\">\n<div class=\"wp-block-column is-layout-flow wp-block-column-is-layout-flow\">\n<figure class=\"wp-block-image size-full\"><img decoding=\"async\" width=\"750\" height=\"750\" src=\"https:\/\/www.stanleypackage.com\/wp-content\/uploads\/2026\/01\/Custom-Shampoo-Pouch-Wholesale-Standing-Packaging-Pouch-With-Spout-3.webp\" alt=\"\" class=\"wp-image-4351\" srcset=\"https:\/\/www.stanleypackage.com\/wp-content\/uploads\/2026\/01\/Custom-Shampoo-Pouch-Wholesale-Standing-Packaging-Pouch-With-Spout-3.webp 750w, https:\/\/www.stanleypackage.com\/wp-content\/uploads\/2026\/01\/Custom-Shampoo-Pouch-Wholesale-Standing-Packaging-Pouch-With-Spout-3-300x300.webp 300w, https:\/\/www.stanleypackage.com\/wp-content\/uploads\/2026\/01\/Custom-Shampoo-Pouch-Wholesale-Standing-Packaging-Pouch-With-Spout-3-150x150.webp 150w, https:\/\/www.stanleypackage.com\/wp-content\/uploads\/2026\/01\/Custom-Shampoo-Pouch-Wholesale-Standing-Packaging-Pouch-With-Spout-3-12x12.webp 12w, https:\/\/www.stanleypackage.com\/wp-content\/uploads\/2026\/01\/Custom-Shampoo-Pouch-Wholesale-Standing-Packaging-Pouch-With-Spout-3-600x600.webp 600w, https:\/\/www.stanleypackage.com\/wp-content\/uploads\/2026\/01\/Custom-Shampoo-Pouch-Wholesale-Standing-Packaging-Pouch-With-Spout-3-100x100.webp 100w\" sizes=\"(max-width: 750px) 100vw, 750px\" \/><\/figure>\n<\/div>\n\n\n\n<div class=\"wp-block-column is-layout-flow wp-block-column-is-layout-flow\">\n<figure class=\"wp-block-image size-full\"><img decoding=\"async\" width=\"750\" height=\"750\" src=\"https:\/\/www.stanleypackage.com\/wp-content\/uploads\/2026\/01\/Custom-Shampoo-Pouch-Wholesale-Standing-Packaging-Pouch-With-Spout-6.webp\" alt=\"\" class=\"wp-image-4352\" srcset=\"https:\/\/www.stanleypackage.com\/wp-content\/uploads\/2026\/01\/Custom-Shampoo-Pouch-Wholesale-Standing-Packaging-Pouch-With-Spout-6.webp 750w, https:\/\/www.stanleypackage.com\/wp-content\/uploads\/2026\/01\/Custom-Shampoo-Pouch-Wholesale-Standing-Packaging-Pouch-With-Spout-6-300x300.webp 300w, https:\/\/www.stanleypackage.com\/wp-content\/uploads\/2026\/01\/Custom-Shampoo-Pouch-Wholesale-Standing-Packaging-Pouch-With-Spout-6-150x150.webp 150w, https:\/\/www.stanleypackage.com\/wp-content\/uploads\/2026\/01\/Custom-Shampoo-Pouch-Wholesale-Standing-Packaging-Pouch-With-Spout-6-12x12.webp 12w, https:\/\/www.stanleypackage.com\/wp-content\/uploads\/2026\/01\/Custom-Shampoo-Pouch-Wholesale-Standing-Packaging-Pouch-With-Spout-6-600x600.webp 600w, https:\/\/www.stanleypackage.com\/wp-content\/uploads\/2026\/01\/Custom-Shampoo-Pouch-Wholesale-Standing-Packaging-Pouch-With-Spout-6-100x100.webp 100w\" sizes=\"(max-width: 750px) 100vw, 750px\" \/><\/figure>\n<\/div>\n<\/div>\n<\/div>\n<\/div>","protected":false},"excerpt":{"rendered":"<p>Bienvenido a las bolsas con boquilla de pie personalizadas. Esta bolsa con boquilla para champ\u00fa OEM ofrece excelentes propiedades de barrera y durabilidad, admite impresi\u00f3n en huecograbado de hasta 10 colores y es perfecta para las necesidades de personalizaci\u00f3n de marcas de gama alta.<\/p>\n<table style=\"border-collapse: collapse; width: 334.02pt;\" border=\"0\" width=\"334\" cellspacing=\"0\" cellpadding=\"0\">\n<tbody>\n<tr style=\"height: 16.00pt;\">\n<td class=\"et2\" style=\"height: 16.00pt; width: 97.50pt;\" width=\"97\" height=\"16\">Fabricante<\/td>\n<td class=\"et2\" style=\"width: 236.80pt;\" width=\"236\">Stanley<\/td>\n<\/tr>\n<tr style=\"height: 16.00pt;\">\n<td class=\"et2\" style=\"height: 16.00pt; width: 97.50pt;\" width=\"97\" height=\"16\">Tipos de bolsas<\/td>\n<td class=\"et3\">Bolsa de pie, Bolsa con boquilla<\/td>\n<\/tr>\n<tr style=\"height: 16.00pt;\">\n<td class=\"et2\" style=\"height: 16.00pt; width: 97.50pt;\" width=\"97\" height=\"16\">Material<\/td>\n<td class=\"et2\" style=\"width: 236.80pt;\" width=\"236\">PET12\/VMPET12\/PE100<\/td>\n<\/tr>\n<tr style=\"height: 16.00pt;\">\n<td class=\"et2\" style=\"height: 16.00pt; width: 97.50pt;\" width=\"97\" height=\"16\">Reportaje especial<\/td>\n<td class=\"et2\" style=\"width: 236.80pt;\" width=\"236\">Ca\u00f1o, fondo de pie,<\/td>\n<\/tr>\n<tr style=\"height: 16.00pt;\">\n<td class=\"et2\" style=\"height: 16.00pt; width: 97.50pt;\" width=\"97\" height=\"16\">Manipulaci\u00f3n de superficies<\/td>\n<td class=\"et2\" style=\"width: 236.80pt;\" width=\"236\">Impresi\u00f3n en huecograbado<\/td>\n<\/tr>\n<tr style=\"height: 16.00pt;\">\n<td class=\"et2\" style=\"height: 16.00pt; width: 97.50pt;\" width=\"97\" height=\"16\">Color<\/td>\n<td class=\"et2\" style=\"width: 236.80pt;\" width=\"236\">Hasta 10 colores<\/td>\n<\/tr>\n<tr style=\"height: 16.00pt;\">\n<td class=\"et2\" style=\"height: 16.00pt; width: 97.50pt;\" width=\"97\" height=\"16\">Utilizaci\u00f3n<\/td>\n<td class=\"et3\">Champ\u00fa, jab\u00f3n l\u00edquido, acondicionador<\/td>\n<\/tr>\n<tr style=\"height: 16.00pt;\">\n<td class=\"et2\" style=\"height: 16.00pt; width: 97.50pt;\" width=\"97\" height=\"16\">MOQ<\/td>\n<td class=\"et2\" style=\"width: 236.80pt;\" width=\"236\">50.000 unidades<\/td>\n<\/tr>\n<tr style=\"height: 16.00pt;\">\n<td class=\"et2\" style=\"height: 16.00pt; width: 97.50pt;\" width=\"97\" height=\"16\">Pedido a medida<\/td>\n<td class=\"et2\" style=\"width: 236.80pt;\" width=\"236\">Aceptamos OEM y ODM, Muestras gratuitas<\/td>\n<\/tr>\n<\/tbody>\n<\/table>","protected":false},"featured_media":4353,"comment_status":"closed","ping_status":"closed","template":"","meta":{"_acf_changed":false},"product_brand":[],"product_cat":[30,32],"product_tag":[],"class_list":{"0":"post-4350","1":"product","2":"type-product","3":"status-publish","4":"has-post-thumbnail","6":"product_cat-stand-up-pouch-manufacturer","7":"product_cat-spout-pouch-manufacturer","8":"pa_non-food-packaging-soap-detergent-pouches","10":"first","11":"instock","12":"shipping-taxable","13":"product-type-simple"},"acf":[],"_links":{"self":[{"href":"https:\/\/www.stanleypackage.com\/es\/wp-json\/wp\/v2\/product\/4350","targetHints":{"allow":["GET"]}}],"collection":[{"href":"https:\/\/www.stanleypackage.com\/es\/wp-json\/wp\/v2\/product"}],"about":[{"href":"https:\/\/www.stanleypackage.com\/es\/wp-json\/wp\/v2\/types\/product"}],"replies":[{"embeddable":true,"href":"https:\/\/www.stanleypackage.com\/es\/wp-json\/wp\/v2\/comments?post=4350"}],"wp:featuredmedia":[{"embeddable":true,"href":"https:\/\/www.stanleypackage.com\/es\/wp-json\/wp\/v2\/media\/4353"}],"wp:attachment":[{"href":"https:\/\/www.stanleypackage.com\/es\/wp-json\/wp\/v2\/media?parent=4350"}],"wp:term":[{"taxonomy":"product_brand","embeddable":true,"href":"https:\/\/www.stanleypackage.com\/es\/wp-json\/wp\/v2\/product_brand?post=4350"},{"taxonomy":"product_cat","embeddable":true,"href":"https:\/\/www.stanleypackage.com\/es\/wp-json\/wp\/v2\/product_cat?post=4350"},{"taxonomy":"product_tag","embeddable":true,"href":"https:\/\/www.stanleypackage.com\/es\/wp-json\/wp\/v2\/product_tag?post=4350"}],"curies":[{"name":"wp","href":"https:\/\/api.w.org\/{rel}","templated":true}]}}