{"id":4357,"date":"2026-01-31T01:54:56","date_gmt":"2026-01-31T01:54:56","guid":{"rendered":"https:\/\/www.stanleypackage.com\/?post_type=product&#038;p=4357"},"modified":"2026-01-31T01:55:11","modified_gmt":"2026-01-31T01:55:11","slug":"spout-pouch-for-shampoo-packaging","status":"publish","type":"product","link":"https:\/\/www.stanleypackage.com\/es\/product\/spout-pouch-for-shampoo-packaging\/","title":{"rendered":"OEM Bolsa con boquilla para champ\u00fa con impresi\u00f3n personalizada"},"content":{"rendered":"<div class=\"wp-block-columns is-layout-flex wp-container-core-columns-is-layout-9d6595d7 wp-block-columns-is-layout-flex\">\n<div class=\"wp-block-column is-layout-flow wp-block-column-is-layout-flow\">\n<h2 class=\"wp-block-heading\">Caracter\u00edsticas de la bolsa con boquilla OEM para el envasado de champ\u00fa<\/h2>\n\n\n\n<ul class=\"wp-block-list\">\n<li><strong>Estructura de material de alta calidad:<\/strong> Nuestras bolsas con boquilla personalizadas para el envasado de champ\u00fa utilizan un material compuesto multicapa de PET12\/VMPET12\/PE100, que combina propiedades de alta barrera, resistencia a la perforaci\u00f3n y flexibilidad para proteger eficazmente el contenido y prolongar la vida \u00fatil.<\/li>\n\n\n\n<li><strong>Efectos de impresi\u00f3n personalizados: <\/strong>Nuestras bolsas con boquilla de pie OEM admiten la impresi\u00f3n en huecograbado de hasta 10 colores, lo que da como resultado colores vivos y ricos y patrones de alta definici\u00f3n, que muestran plenamente el dise\u00f1o de la marca y las caracter\u00edsticas del producto para mejorar su atractivo en los estantes.<\/li>\n\n\n\n<li><strong>Dise\u00f1o c\u00f3modo y pr\u00e1ctico: <\/strong>Esta bolsa con boquilla personalizada para el envasado de champ\u00fa cuenta con una boquilla enroscable que facilita el almacenamiento en posici\u00f3n vertical y permite un vertido preciso. Es c\u00f3modo de usar y controla eficazmente la dosificaci\u00f3n, reduciendo el desperdicio.<\/li>\n\n\n\n<li><strong>Sellado resistente y durabilidad: <\/strong>La boquilla de esta bolsa de boquilla de pie OEM tiene un excelente rendimiento de sellado, lo que evita fugas y contaminaci\u00f3n; el material es fuerte y resistente a la compresi\u00f3n, adecuado para el transporte y el uso diario.<\/li>\n\n\n\n<li><strong>Aplicabilidad multifuncional:<\/strong> Esta bolsa con boquilla a medida para el envasado de champ\u00fa puede ampliarse para su uso con otros productos qu\u00edmicos de uso diario l\u00edquidos o pastosos, como gel de ducha, acondicionador y otros productos de cuidado l\u00edquidos.<\/li>\n\n\n\n<li><strong>Asistencia OEM flexible: <\/strong>Ofrecemos servicios integrales de personalizaci\u00f3n de bolsas OEM con boquilla autoportante, desde los materiales y la impresi\u00f3n hasta las especificaciones, satisfaciendo las necesidades OEM de distintas marcas y ayudando a que los productos entren r\u00e1pidamente en el mercado.<\/li>\n<\/ul>\n\n\n\n<div class=\"wp-block-columns is-layout-flex wp-container-core-columns-is-layout-9d6595d7 wp-block-columns-is-layout-flex\">\n<div class=\"wp-block-column is-layout-flow wp-block-column-is-layout-flow\">\n<figure class=\"wp-block-image size-full\"><img decoding=\"async\" width=\"750\" height=\"750\" src=\"https:\/\/www.stanleypackage.com\/wp-content\/uploads\/2026\/01\/OEM-Stand-Up-Spout-Pouch-For-Shampoo-Packaging-4.webp\" alt=\"\" class=\"wp-image-4358\" srcset=\"https:\/\/www.stanleypackage.com\/wp-content\/uploads\/2026\/01\/OEM-Stand-Up-Spout-Pouch-For-Shampoo-Packaging-4.webp 750w, https:\/\/www.stanleypackage.com\/wp-content\/uploads\/2026\/01\/OEM-Stand-Up-Spout-Pouch-For-Shampoo-Packaging-4-300x300.webp 300w, https:\/\/www.stanleypackage.com\/wp-content\/uploads\/2026\/01\/OEM-Stand-Up-Spout-Pouch-For-Shampoo-Packaging-4-150x150.webp 150w, https:\/\/www.stanleypackage.com\/wp-content\/uploads\/2026\/01\/OEM-Stand-Up-Spout-Pouch-For-Shampoo-Packaging-4-12x12.webp 12w, https:\/\/www.stanleypackage.com\/wp-content\/uploads\/2026\/01\/OEM-Stand-Up-Spout-Pouch-For-Shampoo-Packaging-4-600x600.webp 600w, https:\/\/www.stanleypackage.com\/wp-content\/uploads\/2026\/01\/OEM-Stand-Up-Spout-Pouch-For-Shampoo-Packaging-4-100x100.webp 100w\" sizes=\"(max-width: 750px) 100vw, 750px\" \/><\/figure>\n<\/div>\n\n\n\n<div class=\"wp-block-column is-layout-flow wp-block-column-is-layout-flow\">\n<figure class=\"wp-block-image size-full\"><img decoding=\"async\" width=\"750\" height=\"750\" src=\"https:\/\/www.stanleypackage.com\/wp-content\/uploads\/2026\/01\/OEM-Stand-Up-Spout-Pouch-For-Shampoo-Packaging-5.webp\" alt=\"\" class=\"wp-image-4359\" srcset=\"https:\/\/www.stanleypackage.com\/wp-content\/uploads\/2026\/01\/OEM-Stand-Up-Spout-Pouch-For-Shampoo-Packaging-5.webp 750w, https:\/\/www.stanleypackage.com\/wp-content\/uploads\/2026\/01\/OEM-Stand-Up-Spout-Pouch-For-Shampoo-Packaging-5-300x300.webp 300w, https:\/\/www.stanleypackage.com\/wp-content\/uploads\/2026\/01\/OEM-Stand-Up-Spout-Pouch-For-Shampoo-Packaging-5-150x150.webp 150w, https:\/\/www.stanleypackage.com\/wp-content\/uploads\/2026\/01\/OEM-Stand-Up-Spout-Pouch-For-Shampoo-Packaging-5-12x12.webp 12w, https:\/\/www.stanleypackage.com\/wp-content\/uploads\/2026\/01\/OEM-Stand-Up-Spout-Pouch-For-Shampoo-Packaging-5-600x600.webp 600w, https:\/\/www.stanleypackage.com\/wp-content\/uploads\/2026\/01\/OEM-Stand-Up-Spout-Pouch-For-Shampoo-Packaging-5-100x100.webp 100w\" sizes=\"(max-width: 750px) 100vw, 750px\" \/><\/figure>\n<\/div>\n<\/div>\n<\/div>\n<\/div>","protected":false},"excerpt":{"rendered":"<p>Bienvenido a la bolsa con boquilla personalizada para el envasado de champ\u00fa. Esta bolsa con boquilla de pie OEM admite la impresi\u00f3n en huecograbado de hasta 10 colores, lo que ofrece un aspecto bonito y personalizado.<\/p>\n<table style=\"border-collapse: collapse; width: 334.02pt;\" border=\"0\" width=\"334\" cellspacing=\"0\" cellpadding=\"0\">\n<tbody>\n<tr style=\"height: 16.00pt;\">\n<td class=\"et2\" style=\"height: 16.00pt; width: 97.50pt;\" width=\"97\" height=\"16\">Fabricante<\/td>\n<td class=\"et2\" style=\"width: 236.80pt;\" width=\"236\">Stanley<\/td>\n<\/tr>\n<tr style=\"height: 16.00pt;\">\n<td class=\"et2\" style=\"height: 16.00pt; width: 97.50pt;\" width=\"97\" height=\"16\">Tipos de bolsas<\/td>\n<td class=\"et3\">Bolsa de pie, Bolsa con boquilla<\/td>\n<\/tr>\n<tr style=\"height: 16.00pt;\">\n<td class=\"et2\" style=\"height: 16.00pt; width: 97.50pt;\" width=\"97\" height=\"16\">Material<\/td>\n<td class=\"et2\" style=\"width: 236.80pt;\" width=\"236\">PET12\/VMPET12\/PE100<\/td>\n<\/tr>\n<tr style=\"height: 16.00pt;\">\n<td class=\"et2\" style=\"height: 16.00pt; width: 97.50pt;\" width=\"97\" height=\"16\">Reportaje especial<\/td>\n<td class=\"et2\" style=\"width: 236.80pt;\" width=\"236\">Ca\u00f1o, fondo de pie,<\/td>\n<\/tr>\n<tr style=\"height: 16.00pt;\">\n<td class=\"et2\" style=\"height: 16.00pt; width: 97.50pt;\" width=\"97\" height=\"16\">Manipulaci\u00f3n de superficies<\/td>\n<td class=\"et2\" style=\"width: 236.80pt;\" width=\"236\">Impresi\u00f3n en huecograbado<\/td>\n<\/tr>\n<tr style=\"height: 16.00pt;\">\n<td class=\"et2\" style=\"height: 16.00pt; width: 97.50pt;\" width=\"97\" height=\"16\">Color<\/td>\n<td class=\"et2\" style=\"width: 236.80pt;\" width=\"236\">Hasta 10 colores<\/td>\n<\/tr>\n<tr style=\"height: 16.00pt;\">\n<td class=\"et2\" style=\"height: 16.00pt; width: 97.50pt;\" width=\"97\" height=\"16\">Utilizaci\u00f3n<\/td>\n<td class=\"et3\">Champ\u00fa, jab\u00f3n l\u00edquido, acondicionador<\/td>\n<\/tr>\n<tr style=\"height: 16.00pt;\">\n<td class=\"et2\" style=\"height: 16.00pt; width: 97.50pt;\" width=\"97\" height=\"16\">MOQ<\/td>\n<td class=\"et2\" style=\"width: 236.80pt;\" width=\"236\">50.000 unidades<\/td>\n<\/tr>\n<tr style=\"height: 16.00pt;\">\n<td class=\"et2\" style=\"height: 16.00pt; width: 97.50pt;\" width=\"97\" height=\"16\">Pedido a medida<\/td>\n<td class=\"et2\" style=\"width: 236.80pt;\" width=\"236\">Aceptamos OEM y ODM, Muestras gratuitas<\/td>\n<\/tr>\n<\/tbody>\n<\/table>","protected":false},"featured_media":4360,"comment_status":"closed","ping_status":"closed","template":"","meta":{"_acf_changed":false},"product_brand":[],"product_cat":[30,32],"product_tag":[],"class_list":{"0":"post-4357","1":"product","2":"type-product","3":"status-publish","4":"has-post-thumbnail","6":"product_cat-stand-up-pouch-manufacturer","7":"product_cat-spout-pouch-manufacturer","8":"pa_non-food-packaging-soap-detergent-pouches","10":"first","11":"instock","12":"shipping-taxable","13":"product-type-simple"},"acf":[],"_links":{"self":[{"href":"https:\/\/www.stanleypackage.com\/es\/wp-json\/wp\/v2\/product\/4357","targetHints":{"allow":["GET"]}}],"collection":[{"href":"https:\/\/www.stanleypackage.com\/es\/wp-json\/wp\/v2\/product"}],"about":[{"href":"https:\/\/www.stanleypackage.com\/es\/wp-json\/wp\/v2\/types\/product"}],"replies":[{"embeddable":true,"href":"https:\/\/www.stanleypackage.com\/es\/wp-json\/wp\/v2\/comments?post=4357"}],"wp:featuredmedia":[{"embeddable":true,"href":"https:\/\/www.stanleypackage.com\/es\/wp-json\/wp\/v2\/media\/4360"}],"wp:attachment":[{"href":"https:\/\/www.stanleypackage.com\/es\/wp-json\/wp\/v2\/media?parent=4357"}],"wp:term":[{"taxonomy":"product_brand","embeddable":true,"href":"https:\/\/www.stanleypackage.com\/es\/wp-json\/wp\/v2\/product_brand?post=4357"},{"taxonomy":"product_cat","embeddable":true,"href":"https:\/\/www.stanleypackage.com\/es\/wp-json\/wp\/v2\/product_cat?post=4357"},{"taxonomy":"product_tag","embeddable":true,"href":"https:\/\/www.stanleypackage.com\/es\/wp-json\/wp\/v2\/product_tag?post=4357"}],"curies":[{"name":"wp","href":"https:\/\/api.w.org\/{rel}","templated":true}]}}