{"id":4384,"date":"2026-02-25T02:09:28","date_gmt":"2026-02-25T02:09:28","guid":{"rendered":"https:\/\/www.stanleypackage.com\/?post_type=product&#038;p=4384"},"modified":"2026-02-25T02:09:36","modified_gmt":"2026-02-25T02:09:36","slug":"hair-conditioner-pouch","status":"publish","type":"product","link":"https:\/\/www.stanleypackage.com\/es\/product\/hair-conditioner-pouch\/","title":{"rendered":"Bolsa para acondicionador de cabello de 30 mg, bolsa con boquilla de pie personalizada"},"content":{"rendered":"<div class=\"wp-block-columns is-layout-flex wp-container-core-columns-is-layout-9d6595d7 wp-block-columns-is-layout-flex\">\n<div class=\"wp-block-column is-layout-flow wp-block-column-is-layout-flow\">\n<h2 class=\"wp-block-heading\">Features of Custom Hair Conditioner Pouch<\/h2>\n\n\n\n<ul class=\"wp-block-list\">\n<li><strong>High-end Material Guarantee: <\/strong>These custom hair conditioner pouches utilize a PET12\/AL7\/PE85 composite structure, providing excellent barrier properties to effectively prevent moisture and oxidation, ensuring the freshness and stability of your personal care products during transportation and storage.<\/li>\n\n\n\n<li><strong>Exquisite Visual Presentation: <\/strong>Our custom stand-up spout pouches support up to 10-color gravure printing, resulting in high color fidelity and delicate, clear patterns that perfectly showcase your brand logo and product information, significantly enhancing shelf appeal.<\/li>\n\n\n\n<li><strong>Wide Applicability: <\/strong>Specifically designed for liquid personal care products, these custom hair conditioner pouches offer excellent sealing and leak-proof performance, perfectly compatible with liquids of various viscosities such as shampoos, shower gels, and conditioners, meeting the needs of diverse products.<\/li>\n\n\n\n<li><strong>Flexible Customization Services:<\/strong> Our custom stand-up spout pouches support OEM and ODM customization, allowing us to adjust the size, color, pattern, and spout design to meet your brand&#8217;s needs, creating unique, brand-exclusive packaging.<\/li>\n\n\n\n<li><strong>Convenient User Experience: <\/strong>Our custom hair conditioner pouches feature an easy-tear spout design for convenient opening and smooth liquid pouring. They can be easily sealed after use, making them convenient for travel or hotel room use.<\/li>\n\n\n\n<li><strong>Soporte de muestras gratuito:<\/strong> We provide free samples of our custom stand-up spout pouches, allowing customers to visually experience the material texture and printing effect before mass production, ensuring the final product meets expectations.<\/li>\n<\/ul>\n\n\n\n<div class=\"wp-block-columns is-layout-flex wp-container-core-columns-is-layout-9d6595d7 wp-block-columns-is-layout-flex\">\n<div class=\"wp-block-column is-layout-flow wp-block-column-is-layout-flow\">\n<figure class=\"wp-block-image size-full\"><img decoding=\"async\" width=\"750\" height=\"750\" src=\"https:\/\/www.stanleypackage.com\/wp-content\/uploads\/2026\/02\/30mg-Custom-Stand-Up-Spout-Pouch-for-Shampoo-Shower-3.webp\" alt=\"\" class=\"wp-image-4385\" srcset=\"https:\/\/www.stanleypackage.com\/wp-content\/uploads\/2026\/02\/30mg-Custom-Stand-Up-Spout-Pouch-for-Shampoo-Shower-3.webp 750w, https:\/\/www.stanleypackage.com\/wp-content\/uploads\/2026\/02\/30mg-Custom-Stand-Up-Spout-Pouch-for-Shampoo-Shower-3-300x300.webp 300w, https:\/\/www.stanleypackage.com\/wp-content\/uploads\/2026\/02\/30mg-Custom-Stand-Up-Spout-Pouch-for-Shampoo-Shower-3-150x150.webp 150w, https:\/\/www.stanleypackage.com\/wp-content\/uploads\/2026\/02\/30mg-Custom-Stand-Up-Spout-Pouch-for-Shampoo-Shower-3-12x12.webp 12w, https:\/\/www.stanleypackage.com\/wp-content\/uploads\/2026\/02\/30mg-Custom-Stand-Up-Spout-Pouch-for-Shampoo-Shower-3-600x600.webp 600w, https:\/\/www.stanleypackage.com\/wp-content\/uploads\/2026\/02\/30mg-Custom-Stand-Up-Spout-Pouch-for-Shampoo-Shower-3-100x100.webp 100w\" sizes=\"(max-width: 750px) 100vw, 750px\" \/><\/figure>\n<\/div>\n\n\n\n<div class=\"wp-block-column is-layout-flow wp-block-column-is-layout-flow\">\n<figure class=\"wp-block-image size-full\"><img decoding=\"async\" width=\"750\" height=\"750\" src=\"https:\/\/www.stanleypackage.com\/wp-content\/uploads\/2026\/02\/30mg-Custom-Stand-Up-Spout-Pouch-for-Shampoo-Shower.webp\" alt=\"\" class=\"wp-image-4386\" srcset=\"https:\/\/www.stanleypackage.com\/wp-content\/uploads\/2026\/02\/30mg-Custom-Stand-Up-Spout-Pouch-for-Shampoo-Shower.webp 750w, https:\/\/www.stanleypackage.com\/wp-content\/uploads\/2026\/02\/30mg-Custom-Stand-Up-Spout-Pouch-for-Shampoo-Shower-300x300.webp 300w, https:\/\/www.stanleypackage.com\/wp-content\/uploads\/2026\/02\/30mg-Custom-Stand-Up-Spout-Pouch-for-Shampoo-Shower-150x150.webp 150w, https:\/\/www.stanleypackage.com\/wp-content\/uploads\/2026\/02\/30mg-Custom-Stand-Up-Spout-Pouch-for-Shampoo-Shower-12x12.webp 12w, https:\/\/www.stanleypackage.com\/wp-content\/uploads\/2026\/02\/30mg-Custom-Stand-Up-Spout-Pouch-for-Shampoo-Shower-600x600.webp 600w, https:\/\/www.stanleypackage.com\/wp-content\/uploads\/2026\/02\/30mg-Custom-Stand-Up-Spout-Pouch-for-Shampoo-Shower-100x100.webp 100w\" sizes=\"(max-width: 750px) 100vw, 750px\" \/><\/figure>\n<\/div>\n<\/div>\n<\/div>\n<\/div>","protected":false},"excerpt":{"rendered":"<p>Welcome to custom stand-up spout pouches. These custom hair conditioner pouches are made with high-quality composite materials and exquisite printing techniques, perfectly compatible with liquid products such as shampoos, shower gels, and conditioners.<\/p>\n<table style=\"border-collapse: collapse; width: 334.02pt;\" border=\"0\" width=\"334\" cellspacing=\"0\" cellpadding=\"0\">\n<tbody>\n<tr style=\"height: 16.00pt;\">\n<td class=\"et2\" style=\"height: 16.00pt; width: 97.50pt;\" width=\"97\" height=\"16\">Fabricante<\/td>\n<td class=\"et2\" style=\"width: 236.80pt;\" width=\"236\">Stanley<\/td>\n<\/tr>\n<tr style=\"height: 16.00pt;\">\n<td class=\"et2\" style=\"height: 16.00pt; width: 97.50pt;\" width=\"97\" height=\"16\">Tipos de bolsas<\/td>\n<td class=\"et3\">Bolsa de pie, Bolsa con boquilla<\/td>\n<\/tr>\n<tr style=\"height: 16.00pt;\">\n<td class=\"et2\" style=\"height: 16.00pt; width: 97.50pt;\" width=\"97\" height=\"16\">Material<\/td>\n<td class=\"et2\" style=\"width: 236.80pt;\" width=\"236\">PET12\/AL7\/PE85<\/td>\n<\/tr>\n<tr style=\"height: 16.00pt;\">\n<td class=\"et2\" style=\"height: 16.00pt; width: 97.50pt;\" width=\"97\" height=\"16\">Reportaje especial<\/td>\n<td class=\"et2\" style=\"width: 236.80pt;\" width=\"236\">Ca\u00f1o, fondo de pie,<\/td>\n<\/tr>\n<tr style=\"height: 16.00pt;\">\n<td class=\"et2\" style=\"height: 16.00pt; width: 97.50pt;\" width=\"97\" height=\"16\">Manipulaci\u00f3n de superficies<\/td>\n<td class=\"et2\" style=\"width: 236.80pt;\" width=\"236\">Impresi\u00f3n en huecograbado<\/td>\n<\/tr>\n<tr style=\"height: 16.00pt;\">\n<td class=\"et2\" style=\"height: 16.00pt; width: 97.50pt;\" width=\"97\" height=\"16\">Color<\/td>\n<td class=\"et2\" style=\"width: 236.80pt;\" width=\"236\">Hasta 10 colores<\/td>\n<\/tr>\n<tr style=\"height: 16.00pt;\">\n<td class=\"et2\" style=\"height: 16.00pt; width: 97.50pt;\" width=\"97\" height=\"16\">Utilizaci\u00f3n<\/td>\n<td class=\"et3\">Champ\u00fa, jab\u00f3n l\u00edquido, acondicionador<\/td>\n<\/tr>\n<tr style=\"height: 16.00pt;\">\n<td class=\"et2\" style=\"height: 16.00pt; width: 97.50pt;\" width=\"97\" height=\"16\">MOQ<\/td>\n<td class=\"et2\" style=\"width: 236.80pt;\" width=\"236\">50.000 unidades<\/td>\n<\/tr>\n<tr style=\"height: 16.00pt;\">\n<td class=\"et2\" style=\"height: 16.00pt; width: 97.50pt;\" width=\"97\" height=\"16\">Pedido a medida<\/td>\n<td class=\"et2\" style=\"width: 236.80pt;\" width=\"236\">Aceptamos OEM y ODM, Muestras gratuitas<\/td>\n<\/tr>\n<\/tbody>\n<\/table>","protected":false},"featured_media":4387,"comment_status":"closed","ping_status":"closed","template":"","meta":{"_acf_changed":false},"product_brand":[],"product_cat":[30,32],"product_tag":[],"class_list":{"0":"post-4384","1":"product","2":"type-product","3":"status-publish","4":"has-post-thumbnail","6":"product_cat-stand-up-pouch-manufacturer","7":"product_cat-spout-pouch-manufacturer","8":"pa_non-food-packaging-soap-detergent-pouches","10":"first","11":"instock","12":"shipping-taxable","13":"product-type-simple"},"acf":[],"_links":{"self":[{"href":"https:\/\/www.stanleypackage.com\/es\/wp-json\/wp\/v2\/product\/4384","targetHints":{"allow":["GET"]}}],"collection":[{"href":"https:\/\/www.stanleypackage.com\/es\/wp-json\/wp\/v2\/product"}],"about":[{"href":"https:\/\/www.stanleypackage.com\/es\/wp-json\/wp\/v2\/types\/product"}],"replies":[{"embeddable":true,"href":"https:\/\/www.stanleypackage.com\/es\/wp-json\/wp\/v2\/comments?post=4384"}],"wp:featuredmedia":[{"embeddable":true,"href":"https:\/\/www.stanleypackage.com\/es\/wp-json\/wp\/v2\/media\/4387"}],"wp:attachment":[{"href":"https:\/\/www.stanleypackage.com\/es\/wp-json\/wp\/v2\/media?parent=4384"}],"wp:term":[{"taxonomy":"product_brand","embeddable":true,"href":"https:\/\/www.stanleypackage.com\/es\/wp-json\/wp\/v2\/product_brand?post=4384"},{"taxonomy":"product_cat","embeddable":true,"href":"https:\/\/www.stanleypackage.com\/es\/wp-json\/wp\/v2\/product_cat?post=4384"},{"taxonomy":"product_tag","embeddable":true,"href":"https:\/\/www.stanleypackage.com\/es\/wp-json\/wp\/v2\/product_tag?post=4384"}],"curies":[{"name":"wp","href":"https:\/\/api.w.org\/{rel}","templated":true}]}}