{"id":4408,"date":"2026-02-25T02:23:30","date_gmt":"2026-02-25T02:23:30","guid":{"rendered":"https:\/\/www.stanleypackage.com\/?post_type=product&#038;p=4408"},"modified":"2026-02-25T02:23:38","modified_gmt":"2026-02-25T02:23:38","slug":"oem-liquid-detergent-pouch","status":"publish","type":"product","link":"https:\/\/www.stanleypackage.com\/es\/product\/oem-liquid-detergent-pouch\/","title":{"rendered":"Bolsas de detergente l\u00edquido OEM tama\u00f1o viaje, bolsas con boquilla de pie"},"content":{"rendered":"<div class=\"wp-block-columns is-layout-flex wp-container-core-columns-is-layout-9d6595d7 wp-block-columns-is-layout-flex\">\n<div class=\"wp-block-column is-layout-flow wp-block-column-is-layout-flow\">\n<h2 class=\"wp-block-heading\">Caracter\u00edsticas de la bolsa de detergente l\u00edquido OEM<\/h2>\n\n\n\n<ul class=\"wp-block-list\">\n<li><strong>Rendimiento de barrera superior:<\/strong> Esta bolsa OEM para detergente l\u00edquido utiliza una estructura compuesta de PET12\/BOPA15\/MBPE90, que proporciona una excelente resistencia a la perforaci\u00f3n y propiedades de barrera. Evita eficazmente las fugas de l\u00edquido, garantizando la estabilidad del detergente para ropa durante el transporte y el uso.<\/li>\n\n\n\n<li><strong>Exquisita presentaci\u00f3n visual: <\/strong>Nuestras bolsas con boquilla personalizadas admiten la impresi\u00f3n en huecograbado de hasta 10 colores, lo que da como resultado colores vivos y vivos y dise\u00f1os claros y detallados. Muestran perfectamente el logotipo de su marca y los puntos de venta del producto (como \u201c99% tasa antibacteriana\u201d), mejorando significativamente el atractivo del producto en el estante.<\/li>\n\n\n\n<li><strong>Compatibilidad de l\u00edquidos precisa: <\/strong>Nuestras bolsas OEM para detergente l\u00edquido est\u00e1n dise\u00f1adas para l\u00edquidos de alta viscosidad (como el detergente para ropa). La robusta estructura de la bolsa y la boquilla lisa y sin atascos garantizan una experiencia de uso sin problemas.<\/li>\n\n\n\n<li><strong>Servicios de personalizaci\u00f3n flexibles:<\/strong> Nuestras bolsas con pico personalizadas admiten la personalizaci\u00f3n OEM y ODM, lo que nos permite ajustar el tama\u00f1o, el color, el patr\u00f3n y el dise\u00f1o del pico en funci\u00f3n de las necesidades de la marca, creando envases \u00fanicos y exclusivos de la marca.<\/li>\n\n\n\n<li><strong>Experiencia de viaje c\u00f3moda: <\/strong>Esta bolsa de detergente l\u00edquido OEM presenta un dise\u00f1o autoportante con un cierre de boquilla seguro. Es f\u00e1cil de abrir y cerrar, y se puede sellar f\u00e1cilmente despu\u00e9s de su uso, por lo que es ideal para viajes o habitaciones de hotel, resolviendo los problemas de lavander\u00eda sobre la marcha.<\/li>\n\n\n\n<li><strong>Soporte de muestras gratuito: <\/strong>Proporcionamos muestras gratuitas de nuestras bolsas con boquilla personalizadas, lo que permite a los clientes experimentar visualmente la textura del material y el efecto de la impresi\u00f3n antes de la producci\u00f3n en serie, garantizando que el producto final cumpla las expectativas.<\/li>\n<\/ul>\n\n\n\n<div class=\"wp-block-columns is-layout-flex wp-container-core-columns-is-layout-9d6595d7 wp-block-columns-is-layout-flex\">\n<div class=\"wp-block-column is-layout-flow wp-block-column-is-layout-flow\">\n<figure class=\"wp-block-image size-full\"><img decoding=\"async\" width=\"750\" height=\"750\" src=\"https:\/\/www.stanleypackage.com\/wp-content\/uploads\/2026\/02\/Wholesale-Stand-Up-Spout-Pouches-Laundry-Detergent-Pouches-For-Travel-4.webp\" alt=\"\" class=\"wp-image-4409\" srcset=\"https:\/\/www.stanleypackage.com\/wp-content\/uploads\/2026\/02\/Wholesale-Stand-Up-Spout-Pouches-Laundry-Detergent-Pouches-For-Travel-4.webp 750w, https:\/\/www.stanleypackage.com\/wp-content\/uploads\/2026\/02\/Wholesale-Stand-Up-Spout-Pouches-Laundry-Detergent-Pouches-For-Travel-4-300x300.webp 300w, https:\/\/www.stanleypackage.com\/wp-content\/uploads\/2026\/02\/Wholesale-Stand-Up-Spout-Pouches-Laundry-Detergent-Pouches-For-Travel-4-150x150.webp 150w, https:\/\/www.stanleypackage.com\/wp-content\/uploads\/2026\/02\/Wholesale-Stand-Up-Spout-Pouches-Laundry-Detergent-Pouches-For-Travel-4-12x12.webp 12w, https:\/\/www.stanleypackage.com\/wp-content\/uploads\/2026\/02\/Wholesale-Stand-Up-Spout-Pouches-Laundry-Detergent-Pouches-For-Travel-4-600x600.webp 600w, https:\/\/www.stanleypackage.com\/wp-content\/uploads\/2026\/02\/Wholesale-Stand-Up-Spout-Pouches-Laundry-Detergent-Pouches-For-Travel-4-100x100.webp 100w\" sizes=\"(max-width: 750px) 100vw, 750px\" \/><\/figure>\n<\/div>\n\n\n\n<div class=\"wp-block-column is-layout-flow wp-block-column-is-layout-flow\">\n<figure class=\"wp-block-image size-full\"><img decoding=\"async\" width=\"750\" height=\"750\" src=\"https:\/\/www.stanleypackage.com\/wp-content\/uploads\/2026\/02\/Wholesale-Stand-Up-Spout-Pouches-Laundry-Detergent-Pouches-For-Travel-5.webp\" alt=\"\" class=\"wp-image-4410\" srcset=\"https:\/\/www.stanleypackage.com\/wp-content\/uploads\/2026\/02\/Wholesale-Stand-Up-Spout-Pouches-Laundry-Detergent-Pouches-For-Travel-5.webp 750w, https:\/\/www.stanleypackage.com\/wp-content\/uploads\/2026\/02\/Wholesale-Stand-Up-Spout-Pouches-Laundry-Detergent-Pouches-For-Travel-5-300x300.webp 300w, https:\/\/www.stanleypackage.com\/wp-content\/uploads\/2026\/02\/Wholesale-Stand-Up-Spout-Pouches-Laundry-Detergent-Pouches-For-Travel-5-150x150.webp 150w, https:\/\/www.stanleypackage.com\/wp-content\/uploads\/2026\/02\/Wholesale-Stand-Up-Spout-Pouches-Laundry-Detergent-Pouches-For-Travel-5-12x12.webp 12w, https:\/\/www.stanleypackage.com\/wp-content\/uploads\/2026\/02\/Wholesale-Stand-Up-Spout-Pouches-Laundry-Detergent-Pouches-For-Travel-5-600x600.webp 600w, https:\/\/www.stanleypackage.com\/wp-content\/uploads\/2026\/02\/Wholesale-Stand-Up-Spout-Pouches-Laundry-Detergent-Pouches-For-Travel-5-100x100.webp 100w\" sizes=\"(max-width: 750px) 100vw, 750px\" \/><\/figure>\n<\/div>\n<\/div>\n<\/div>\n<\/div>","protected":false},"excerpt":{"rendered":"<p>Bienvenido al pedido de bolsas con boquilla personalizadas. Esta bolsa OEM para detergente l\u00edquido, fabricada con material compuesto de alta barrera y exquisita impresi\u00f3n multicolor, es una opci\u00f3n ideal para mejorar la portabilidad y el atractivo visual de su marca.<\/p>\n<table style=\"border-collapse: collapse; width: 334.02pt;\" border=\"0\" width=\"334\" cellspacing=\"0\" cellpadding=\"0\">\n<tbody>\n<tr style=\"height: 16.00pt;\">\n<td class=\"et2\" style=\"height: 16.00pt; width: 97.50pt;\" width=\"97\" height=\"16\">Fabricante<\/td>\n<td class=\"et2\" style=\"width: 236.80pt;\" width=\"236\">Stanley<\/td>\n<\/tr>\n<tr style=\"height: 16.00pt;\">\n<td class=\"et2\" style=\"height: 16.00pt; width: 97.50pt;\" width=\"97\" height=\"16\">Tipos de bolsas<\/td>\n<td class=\"et3\">Bolsa de ca\u00f1o, Bolsa de pie<\/td>\n<\/tr>\n<tr style=\"height: 16.00pt;\">\n<td class=\"et2\" style=\"height: 16.00pt; width: 97.50pt;\" width=\"97\" height=\"16\">Material<\/td>\n<td class=\"et2\" style=\"width: 236.80pt;\" width=\"236\">PET12\/BOPA15\/MBPE90<\/td>\n<\/tr>\n<tr style=\"height: 16.00pt;\">\n<td class=\"et2\" style=\"height: 16.00pt; width: 97.50pt;\" width=\"97\" height=\"16\">Reportaje especial<\/td>\n<td class=\"et2\" style=\"width: 236.80pt;\" width=\"236\">Ca\u00f1o, fondo autoportante<\/td>\n<\/tr>\n<tr style=\"height: 16.00pt;\">\n<td class=\"et2\" style=\"height: 16.00pt; width: 97.50pt;\" width=\"97\" height=\"16\">Manipulaci\u00f3n de superficies<\/td>\n<td class=\"et2\" style=\"width: 236.80pt;\" width=\"236\">Impresi\u00f3n en huecograbado<\/td>\n<\/tr>\n<tr style=\"height: 16.00pt;\">\n<td class=\"et2\" style=\"height: 16.00pt; width: 97.50pt;\" width=\"97\" height=\"16\">Color<\/td>\n<td class=\"et2\" style=\"width: 236.80pt;\" width=\"236\">Hasta 10 colores<\/td>\n<\/tr>\n<tr style=\"height: 16.00pt;\">\n<td class=\"et2\" style=\"height: 16.00pt; width: 97.50pt;\" width=\"97\" height=\"16\">Utilizaci\u00f3n<\/td>\n<td class=\"et3\">Detergente para ropa<\/td>\n<\/tr>\n<tr style=\"height: 16.00pt;\">\n<td class=\"et2\" style=\"height: 16.00pt; width: 97.50pt;\" width=\"97\" height=\"16\">MOQ<\/td>\n<td class=\"et2\" style=\"width: 236.80pt;\" width=\"236\">50.000 unidades<\/td>\n<\/tr>\n<tr style=\"height: 16.00pt;\">\n<td class=\"et2\" style=\"height: 16.00pt; width: 97.50pt;\" width=\"97\" height=\"16\">Pedido a medida<\/td>\n<td class=\"et2\" style=\"width: 236.80pt;\" width=\"236\">Aceptamos OEM y ODM, Muestras gratuitas<\/td>\n<\/tr>\n<\/tbody>\n<\/table>","protected":false},"featured_media":4411,"comment_status":"closed","ping_status":"closed","template":"","meta":{"_acf_changed":false},"product_brand":[],"product_cat":[32,30],"product_tag":[],"class_list":{"0":"post-4408","1":"product","2":"type-product","3":"status-publish","4":"has-post-thumbnail","6":"product_cat-spout-pouch-manufacturer","7":"product_cat-stand-up-pouch-manufacturer","8":"pa_non-food-packaging-soap-detergent-pouches","10":"first","11":"instock","12":"shipping-taxable","13":"product-type-simple"},"acf":[],"_links":{"self":[{"href":"https:\/\/www.stanleypackage.com\/es\/wp-json\/wp\/v2\/product\/4408","targetHints":{"allow":["GET"]}}],"collection":[{"href":"https:\/\/www.stanleypackage.com\/es\/wp-json\/wp\/v2\/product"}],"about":[{"href":"https:\/\/www.stanleypackage.com\/es\/wp-json\/wp\/v2\/types\/product"}],"replies":[{"embeddable":true,"href":"https:\/\/www.stanleypackage.com\/es\/wp-json\/wp\/v2\/comments?post=4408"}],"wp:featuredmedia":[{"embeddable":true,"href":"https:\/\/www.stanleypackage.com\/es\/wp-json\/wp\/v2\/media\/4411"}],"wp:attachment":[{"href":"https:\/\/www.stanleypackage.com\/es\/wp-json\/wp\/v2\/media?parent=4408"}],"wp:term":[{"taxonomy":"product_brand","embeddable":true,"href":"https:\/\/www.stanleypackage.com\/es\/wp-json\/wp\/v2\/product_brand?post=4408"},{"taxonomy":"product_cat","embeddable":true,"href":"https:\/\/www.stanleypackage.com\/es\/wp-json\/wp\/v2\/product_cat?post=4408"},{"taxonomy":"product_tag","embeddable":true,"href":"https:\/\/www.stanleypackage.com\/es\/wp-json\/wp\/v2\/product_tag?post=4408"}],"curies":[{"name":"wp","href":"https:\/\/api.w.org\/{rel}","templated":true}]}}