{"id":1339,"date":"2025-04-08T08:58:30","date_gmt":"2025-04-08T08:58:30","guid":{"rendered":"https:\/\/www.stanleypackage.com\/?post_type=product&#038;p=1339"},"modified":"2025-04-08T12:52:28","modified_gmt":"2025-04-08T12:52:28","slug":"custom-printed-flat-pouches","status":"publish","type":"product","link":"https:\/\/www.stanleypackage.com\/fr\/product\/custom-printed-flat-pouches\/","title":{"rendered":"Sachets plats imprim\u00e9s sur mesure, emballage de fruits s\u00e9ch\u00e9s avec soudure arri\u00e8re"},"content":{"rendered":"<div class=\"wp-block-columns is-layout-flex wp-container-core-columns-is-layout-9d6595d7 wp-block-columns-is-layout-flex\">\n<div class=\"wp-block-column is-layout-flow wp-block-column-is-layout-flow\">\n<h2 class=\"wp-block-heading\">Caract\u00e9ristiques des pochettes plates imprim\u00e9es sur mesure<\/h2>\n\n\n\n<ul class=\"wp-block-list\">\n<li><strong>La conception du joint arri\u00e8re garantit la fra\u00eecheur des aliments : <\/strong>Ces sachets plats imprim\u00e9s personnalis\u00e9s sont con\u00e7us pour garantir une fermeture herm\u00e9tique et emp\u00eacher l'air de p\u00e9n\u00e9trer, ce qui permet aux fruits secs de rester frais pendant une p\u00e9riode prolong\u00e9e et de conserver la saveur et la fra\u00eecheur d'origine des aliments.<\/li>\n\n\n\n<li><strong>Ouverture facile \u00e0 d\u00e9chirer pour une ouverture pratique : <\/strong>L'ouverture facile de cette pochette plate imprim\u00e9e en gros offre aux consommateurs une exp\u00e9rience d'utilisation plus pratique, permettant d'ouvrir et de savourer de d\u00e9licieux aliments.<\/li>\n\n\n\n<li><strong>Bande d'\u00e9tanch\u00e9it\u00e9 pour une fermeture s\u00fbre : <\/strong>Les bandes de scellage de haute qualit\u00e9 de ces sachets plats imprim\u00e9s personnalis\u00e9s offrent une s\u00e9curit\u00e9 suppl\u00e9mentaire pour maintenir l'ouverture du sachet herm\u00e9tiquement ferm\u00e9e, \u00e0 l'abri de l'humidit\u00e9 et de l'oxyg\u00e8ne, et pour prolonger la dur\u00e9e de conservation des aliments.<\/li>\n\n\n\n<li><strong>Impression recto-verso pour renforcer la promotion de la marque : <\/strong>Nos sachets d'emballage de fruits secs en gros offrent \u00e9galement une impression recto-verso. Vous pouvez personnaliser enti\u00e8rement le logo de la marque, les informations sur le produit et les motifs cr\u00e9atifs au recto et au verso pour rendre l'emballage du produit unique et am\u00e9liorer la comp\u00e9titivit\u00e9 du march\u00e9.<\/li>\n\n\n\n<li><strong>Etanch\u00e9it\u00e9 et fiabilit\u00e9, \u00e9tanch\u00e9it\u00e9 \u00e0 l'oxyg\u00e8ne et \u00e0 l'humidit\u00e9 : <\/strong>Nos sachets plats imprim\u00e9s sur mesure sont fiables et \u00e9tanches. Ils sont capables d'emp\u00eacher les \u00e9l\u00e9ments environnementaux externes de p\u00e9n\u00e9trer \u00e0 l'int\u00e9rieur et d'influencer le go\u00fbt et la nutrition des fruits d\u00e9shydrat\u00e9s.<\/li>\n\n\n\n<li><strong>Ouverture d'un seul c\u00f4t\u00e9, facile \u00e0 utiliser pour les fabricants : <\/strong>Ce sachet d'emballage de fruits secs en gros est extr\u00eamement facile \u00e0 utiliser par les fabricants lors de l'emballage, simple \u00e0 sceller, et am\u00e9liore l'efficacit\u00e9 de la production.<\/li>\n<\/ul>\n\n\n\n<div class=\"wp-block-columns is-layout-flex wp-container-core-columns-is-layout-9d6595d7 wp-block-columns-is-layout-flex\">\n<div class=\"wp-block-column is-layout-flow wp-block-column-is-layout-flow\">\n<figure class=\"wp-block-image size-full\"><img decoding=\"async\" width=\"750\" height=\"750\" src=\"https:\/\/www.stanleypackage.com\/wp-content\/uploads\/2025\/04\/Custom-Printed-Flat-Pouches-Back-Seal-Dried-Fruit-Packaging-5.webp\" alt=\"Sachets plats imprim\u00e9s sur mesure, emballage de fruits s\u00e9ch\u00e9s avec scellage arri\u00e8re-5\" class=\"wp-image-1344\" srcset=\"https:\/\/www.stanleypackage.com\/wp-content\/uploads\/2025\/04\/Custom-Printed-Flat-Pouches-Back-Seal-Dried-Fruit-Packaging-5.webp 750w, https:\/\/www.stanleypackage.com\/wp-content\/uploads\/2025\/04\/Custom-Printed-Flat-Pouches-Back-Seal-Dried-Fruit-Packaging-5-300x300.webp 300w, https:\/\/www.stanleypackage.com\/wp-content\/uploads\/2025\/04\/Custom-Printed-Flat-Pouches-Back-Seal-Dried-Fruit-Packaging-5-150x150.webp 150w, https:\/\/www.stanleypackage.com\/wp-content\/uploads\/2025\/04\/Custom-Printed-Flat-Pouches-Back-Seal-Dried-Fruit-Packaging-5-600x600.webp 600w, https:\/\/www.stanleypackage.com\/wp-content\/uploads\/2025\/04\/Custom-Printed-Flat-Pouches-Back-Seal-Dried-Fruit-Packaging-5-100x100.webp 100w\" sizes=\"(max-width: 750px) 100vw, 750px\" \/><\/figure>\n<\/div>\n\n\n\n<div class=\"wp-block-column is-layout-flow wp-block-column-is-layout-flow\">\n<figure class=\"wp-block-image size-full\"><img decoding=\"async\" width=\"750\" height=\"750\" src=\"https:\/\/www.stanleypackage.com\/wp-content\/uploads\/2025\/04\/Custom-Printed-Flat-Pouches-Back-Seal-Dried-Fruit-Packaging-6.webp\" alt=\"Sachets plats imprim\u00e9s sur mesure, emballage de fruits s\u00e9ch\u00e9s 6\" class=\"wp-image-1345\" srcset=\"https:\/\/www.stanleypackage.com\/wp-content\/uploads\/2025\/04\/Custom-Printed-Flat-Pouches-Back-Seal-Dried-Fruit-Packaging-6.webp 750w, https:\/\/www.stanleypackage.com\/wp-content\/uploads\/2025\/04\/Custom-Printed-Flat-Pouches-Back-Seal-Dried-Fruit-Packaging-6-300x300.webp 300w, https:\/\/www.stanleypackage.com\/wp-content\/uploads\/2025\/04\/Custom-Printed-Flat-Pouches-Back-Seal-Dried-Fruit-Packaging-6-150x150.webp 150w, https:\/\/www.stanleypackage.com\/wp-content\/uploads\/2025\/04\/Custom-Printed-Flat-Pouches-Back-Seal-Dried-Fruit-Packaging-6-600x600.webp 600w, https:\/\/www.stanleypackage.com\/wp-content\/uploads\/2025\/04\/Custom-Printed-Flat-Pouches-Back-Seal-Dried-Fruit-Packaging-6-100x100.webp 100w\" sizes=\"(max-width: 750px) 100vw, 750px\" \/><\/figure>\n<\/div>\n<\/div>\n<\/div>\n<\/div>","protected":false},"excerpt":{"rendered":"<p>Bienvenue aux sachets plats imprim\u00e9s personnalis\u00e9s. Ce sachet d'emballage de fruits secs en gros est dot\u00e9 d'une fermeture arri\u00e8re, d'une ouverture facile \u00e0 d\u00e9chirer et d'une bande de scellage. Il est possible de personnaliser les motifs, les couleurs et les d\u00e9tails de la marque pour personnaliser vos produits et les rendre plus identifiables sur le march\u00e9.<\/p>\n<table style=\"border-collapse: collapse; width: 365.02pt;\" border=\"0\" width=\"365\" cellspacing=\"0\" cellpadding=\"0\">\n<tbody>\n<tr style=\"height: 16.00pt;\">\n<td class=\"et2\" style=\"height: 16.00pt; width: 97.50pt;\" width=\"97\" height=\"16\">Fabricant<\/td>\n<td class=\"et2\" style=\"width: 267.50pt;\" width=\"267\">Stanley<\/td>\n<\/tr>\n<tr style=\"height: 16.00pt;\">\n<td class=\"et2\" style=\"height: 16.00pt; width: 97.50pt;\" width=\"97\" height=\"16\">Types de pochettes<\/td>\n<td class=\"et2\" style=\"width: 267.50pt;\" width=\"267\">Pochette \u00e0 plat, pochette \u00e0 sceller au dos, pochette \u00e0 sceller sur trois c\u00f4t\u00e9s<\/td>\n<\/tr>\n<tr style=\"height: 16.00pt;\">\n<td class=\"et2\" style=\"height: 16.00pt; width: 97.50pt;\" width=\"97\" height=\"16\">Mat\u00e9riau<\/td>\n<td class=\"et2\" style=\"width: 267.50pt;\" width=\"267\">PET12\/VMPET12\/PE55<\/td>\n<\/tr>\n<tr style=\"height: 16.00pt;\">\n<td class=\"et2\" style=\"height: 16.00pt; width: 97.50pt;\" width=\"97\" height=\"16\">Dossier sp\u00e9cial<\/td>\n<td class=\"et2\" style=\"width: 267.50pt;\" width=\"267\">Encoche de d\u00e9chirure, bande d'\u00e9tanch\u00e9it\u00e9<\/td>\n<\/tr>\n<tr style=\"height: 16.00pt;\">\n<td class=\"et2\" style=\"height: 16.00pt; width: 97.50pt;\" width=\"97\" height=\"16\">Manipulation de surface<\/td>\n<td class=\"et2\" style=\"width: 267.50pt;\" width=\"267\">Impression en h\u00e9liogravure<\/td>\n<\/tr>\n<tr style=\"height: 16.00pt;\">\n<td class=\"et2\" style=\"height: 16.00pt; width: 97.50pt;\" width=\"97\" height=\"16\">Couleur<\/td>\n<td class=\"et2\" style=\"width: 267.50pt;\" width=\"267\">Impression double face, jusqu'\u00e0 10 couleurs<\/td>\n<\/tr>\n<tr style=\"height: 16.00pt;\">\n<td class=\"et2\" style=\"height: 16.00pt; width: 97.50pt;\" width=\"97\" height=\"16\">Utilisation<\/td>\n<td class=\"et2\" style=\"width: 267.50pt;\" width=\"267\">Snacks, Aromates<\/td>\n<\/tr>\n<tr style=\"height: 16.00pt;\">\n<td class=\"et2\" style=\"height: 16.00pt; width: 97.50pt;\" width=\"97\" height=\"16\">MOQ<\/td>\n<td class=\"et2\" style=\"width: 267.50pt;\" width=\"267\">50 000 pi\u00e8ces<\/td>\n<\/tr>\n<tr style=\"height: 16.00pt;\">\n<td class=\"et2\" style=\"height: 16.00pt; width: 97.50pt;\" width=\"97\" height=\"16\">Commande personnalis\u00e9e<\/td>\n<td class=\"et2\" style=\"width: 267.50pt;\" width=\"267\">Acceptation de l'OEM et de l'ODM, prise en charge de l'\u00e9chantillonnage gratuit<\/td>\n<\/tr>\n<\/tbody>\n<\/table>","protected":false},"featured_media":1343,"comment_status":"closed","ping_status":"closed","template":"","meta":{"_acf_changed":false},"product_brand":[],"product_cat":[59,31,28],"product_tag":[],"class_list":{"0":"post-1339","1":"product","2":"type-product","3":"status-publish","4":"has-post-thumbnail","6":"product_cat-pillow-pouch-manufacturer","7":"product_cat-lay-flat-pouch-manufacturer","8":"product_cat-three-side-seal-pouch-manufacturer","9":"pa_food-packaging-snack-food-pouch","11":"first","12":"instock","13":"shipping-taxable","14":"product-type-simple"},"acf":[],"_links":{"self":[{"href":"https:\/\/www.stanleypackage.com\/fr\/wp-json\/wp\/v2\/product\/1339","targetHints":{"allow":["GET"]}}],"collection":[{"href":"https:\/\/www.stanleypackage.com\/fr\/wp-json\/wp\/v2\/product"}],"about":[{"href":"https:\/\/www.stanleypackage.com\/fr\/wp-json\/wp\/v2\/types\/product"}],"replies":[{"embeddable":true,"href":"https:\/\/www.stanleypackage.com\/fr\/wp-json\/wp\/v2\/comments?post=1339"}],"wp:featuredmedia":[{"embeddable":true,"href":"https:\/\/www.stanleypackage.com\/fr\/wp-json\/wp\/v2\/media\/1343"}],"wp:attachment":[{"href":"https:\/\/www.stanleypackage.com\/fr\/wp-json\/wp\/v2\/media?parent=1339"}],"wp:term":[{"taxonomy":"product_brand","embeddable":true,"href":"https:\/\/www.stanleypackage.com\/fr\/wp-json\/wp\/v2\/product_brand?post=1339"},{"taxonomy":"product_cat","embeddable":true,"href":"https:\/\/www.stanleypackage.com\/fr\/wp-json\/wp\/v2\/product_cat?post=1339"},{"taxonomy":"product_tag","embeddable":true,"href":"https:\/\/www.stanleypackage.com\/fr\/wp-json\/wp\/v2\/product_tag?post=1339"}],"curies":[{"name":"wp","href":"https:\/\/api.w.org\/{rel}","templated":true}]}}