{"id":1454,"date":"2025-04-10T01:14:42","date_gmt":"2025-04-10T01:14:42","guid":{"rendered":"https:\/\/www.stanleypackage.com\/?post_type=product&#038;p=1454"},"modified":"2025-04-10T01:53:52","modified_gmt":"2025-04-10T01:53:52","slug":"wholesale-custom-cosmetic-packaging","status":"publish","type":"product","link":"https:\/\/www.stanleypackage.com\/fr\/product\/wholesale-custom-cosmetic-packaging\/","title":{"rendered":"Pochette \u00e0 fond plat pour emballage de produits cosm\u00e9tiques en gros et sur mesure"},"content":{"rendered":"<div class=\"wp-block-columns is-layout-flex wp-container-core-columns-is-layout-9d6595d7 wp-block-columns-is-layout-flex\">\n<div class=\"wp-block-column is-layout-flow wp-block-column-is-layout-flow\">\n<h2 class=\"wp-block-heading\">Caract\u00e9ristiques de l'emballage cosm\u00e9tique personnalis\u00e9 en gros<\/h2>\n\n\n\n<ul class=\"wp-block-list\">\n<li><strong>Structure \u00e0 fond plat pour am\u00e9liorer la stabilit\u00e9 : <\/strong>La base \u00e9largie de cet emballage cosm\u00e9tique personnalis\u00e9 en gros permet \u00e0 l'emballage de se tenir debout et d'am\u00e9liorer l'effet de pr\u00e9sentation en rayon.<\/li>\n\n\n\n<li><strong>Remplissage par le haut pour simplifier le processus : <\/strong>La m\u00e9thode de remplissage par le haut de ce sachet \u00e0 fond plat personnalis\u00e9 facilite le remplissage et le scellement, et am\u00e9liore l'efficacit\u00e9 de la production d'emballages.<\/li>\n\n\n\n<li><strong>Impression recto-verso pour am\u00e9liorer la communication de la marque :<\/strong> Nos emballages cosm\u00e9tiques personnalis\u00e9s en gros peuvent \u00eatre imprim\u00e9s recto-verso en haute d\u00e9finition afin d'am\u00e9liorer l'impact visuel.<\/li>\n\n\n\n<li><strong>Mat\u00e9riaux composites multicouches :<\/strong> Nos sachets \u00e0 fond plat personnalis\u00e9s utilisent une structure mat\u00e9rielle \u00e0 haute barri\u00e8re, avec de bonnes propri\u00e9t\u00e9s de r\u00e9sistance \u00e0 l'humidit\u00e9, \u00e0 l'oxyg\u00e8ne et \u00e0 la perforation, afin de garantir la stabilit\u00e9 de la qualit\u00e9 du contenu.<\/li>\n\n\n\n<li><strong>Applicable \u00e0 une vari\u00e9t\u00e9 de types de produits : <\/strong>Cet emballage cosm\u00e9tique personnalis\u00e9 en gros convient non seulement aux produits cosm\u00e9tiques, mais aussi aux produits solides et en poudre tels que les produits d'hygi\u00e8ne et de nettoyage.<\/li>\n\n\n\n<li><strong>Prise en charge de la personnalisation, s\u00e9lection flexible de plusieurs sp\u00e9cifications :<\/strong> Nous fournissons des sachets \u00e0 fond plat personnalis\u00e9s de diff\u00e9rentes tailles, capacit\u00e9s et services de conception pour r\u00e9pondre aux divers besoins de personnalisation des clients.<\/li>\n<\/ul>\n\n\n\n<div class=\"wp-block-columns is-layout-flex wp-container-core-columns-is-layout-9d6595d7 wp-block-columns-is-layout-flex\">\n<div class=\"wp-block-column is-layout-flow wp-block-column-is-layout-flow\">\n<figure class=\"wp-block-image size-full\"><img decoding=\"async\" width=\"750\" height=\"750\" src=\"https:\/\/www.stanleypackage.com\/wp-content\/uploads\/2025\/04\/Wholesale-Custom-Cosmetic-Packaging-Flat-Bottom-Pouch-6.webp\" alt=\"Pochette \u00e0 fond plat pour emballage de produits cosm\u00e9tiques en gros et sur mesure - 6\" class=\"wp-image-1460\" srcset=\"https:\/\/www.stanleypackage.com\/wp-content\/uploads\/2025\/04\/Wholesale-Custom-Cosmetic-Packaging-Flat-Bottom-Pouch-6.webp 750w, https:\/\/www.stanleypackage.com\/wp-content\/uploads\/2025\/04\/Wholesale-Custom-Cosmetic-Packaging-Flat-Bottom-Pouch-6-300x300.webp 300w, https:\/\/www.stanleypackage.com\/wp-content\/uploads\/2025\/04\/Wholesale-Custom-Cosmetic-Packaging-Flat-Bottom-Pouch-6-150x150.webp 150w, https:\/\/www.stanleypackage.com\/wp-content\/uploads\/2025\/04\/Wholesale-Custom-Cosmetic-Packaging-Flat-Bottom-Pouch-6-600x600.webp 600w, https:\/\/www.stanleypackage.com\/wp-content\/uploads\/2025\/04\/Wholesale-Custom-Cosmetic-Packaging-Flat-Bottom-Pouch-6-100x100.webp 100w\" sizes=\"(max-width: 750px) 100vw, 750px\" \/><\/figure>\n<\/div>\n\n\n\n<div class=\"wp-block-column is-layout-flow wp-block-column-is-layout-flow\">\n<figure class=\"wp-block-image size-full\"><img decoding=\"async\" width=\"750\" height=\"750\" src=\"https:\/\/www.stanleypackage.com\/wp-content\/uploads\/2025\/04\/Wholesale-Custom-Cosmetic-Packaging-Flat-Bottom-Pouch-5.webp\" alt=\"Pochette \u00e0 fond plat pour emballage de produits cosm\u00e9tiques en gros et sur mesure-5\" class=\"wp-image-1459\" srcset=\"https:\/\/www.stanleypackage.com\/wp-content\/uploads\/2025\/04\/Wholesale-Custom-Cosmetic-Packaging-Flat-Bottom-Pouch-5.webp 750w, https:\/\/www.stanleypackage.com\/wp-content\/uploads\/2025\/04\/Wholesale-Custom-Cosmetic-Packaging-Flat-Bottom-Pouch-5-300x300.webp 300w, https:\/\/www.stanleypackage.com\/wp-content\/uploads\/2025\/04\/Wholesale-Custom-Cosmetic-Packaging-Flat-Bottom-Pouch-5-150x150.webp 150w, https:\/\/www.stanleypackage.com\/wp-content\/uploads\/2025\/04\/Wholesale-Custom-Cosmetic-Packaging-Flat-Bottom-Pouch-5-600x600.webp 600w, https:\/\/www.stanleypackage.com\/wp-content\/uploads\/2025\/04\/Wholesale-Custom-Cosmetic-Packaging-Flat-Bottom-Pouch-5-100x100.webp 100w\" sizes=\"(max-width: 750px) 100vw, 750px\" \/><\/figure>\n<\/div>\n<\/div>\n<\/div>\n<\/div>","protected":false},"excerpt":{"rendered":"<p>Bienvenue \u00e0 la pochette \u00e0 fond plat personnalis\u00e9e. Cet emballage cosm\u00e9tique personnalis\u00e9 en gros est dot\u00e9 d'un fond large qui maintient le sac en position verticale et lui conf\u00e8re une plus grande capacit\u00e9. Il convient aux produits solides et en poudre tels que les produits d'entretien, les cosm\u00e9tiques et les soins personnels.<\/p>\n<table style=\"border-collapse: collapse; width: 365.02pt;\" border=\"0\" width=\"365\" cellspacing=\"0\" cellpadding=\"0\">\n<tbody>\n<tr style=\"height: 16.00pt;\">\n<td class=\"et2\" style=\"height: 16.00pt; width: 97.50pt;\" width=\"97\" height=\"16\">Fabricant<\/td>\n<td class=\"et2\" style=\"width: 267.50pt;\" width=\"267\">Stanley<\/td>\n<\/tr>\n<tr style=\"height: 16.00pt;\">\n<td class=\"et2\" style=\"height: 16.00pt; width: 97.50pt;\" width=\"97\" height=\"16\">Types de pochettes<\/td>\n<td class=\"et2\" style=\"width: 267.50pt;\" width=\"267\">Pochette \u00e0 fond plat<\/td>\n<\/tr>\n<tr style=\"height: 31.00pt;\">\n<td class=\"et2\" style=\"height: 31.00pt; width: 97.50pt;\" width=\"97\" height=\"31\">Mat\u00e9riau<\/td>\n<td class=\"et2\" style=\"width: 267.50pt;\" width=\"267\">Face avant : PET12\/MBPE75<br \/>C\u00f4t\u00e9 : PET12\/MBPE60<\/td>\n<\/tr>\n<tr style=\"height: 16.00pt;\">\n<td class=\"et2\" style=\"height: 16.00pt; width: 97.50pt;\" width=\"97\" height=\"16\">Dossier sp\u00e9cial<\/td>\n<td class=\"et2\" style=\"width: 267.50pt;\" width=\"267\">Remplissage du haut, \u00e9largissement du bas<\/td>\n<\/tr>\n<tr style=\"height: 16.00pt;\">\n<td class=\"et2\" style=\"height: 16.00pt; width: 97.50pt;\" width=\"97\" height=\"16\">Manipulation de surface<\/td>\n<td class=\"et2\" style=\"width: 267.50pt;\" width=\"267\">Impression en h\u00e9liogravure<\/td>\n<\/tr>\n<tr style=\"height: 16.00pt;\">\n<td class=\"et2\" style=\"height: 16.00pt; width: 97.50pt;\" width=\"97\" height=\"16\">Couleur<\/td>\n<td class=\"et2\" style=\"width: 267.50pt;\" width=\"267\">Impression double face, jusqu'\u00e0 10 couleurs<\/td>\n<\/tr>\n<tr style=\"height: 16.00pt;\">\n<td class=\"et2\" style=\"height: 16.00pt; width: 97.50pt;\" width=\"97\" height=\"16\">Utilisation<\/td>\n<td class=\"et2\" style=\"width: 267.50pt;\" width=\"267\">Cosm\u00e9tique, Poudre<\/td>\n<\/tr>\n<tr style=\"height: 16.00pt;\">\n<td class=\"et2\" style=\"height: 16.00pt; width: 97.50pt;\" width=\"97\" height=\"16\">MOQ<\/td>\n<td class=\"et2\" style=\"width: 267.50pt;\" width=\"267\">50 000 pi\u00e8ces<\/td>\n<\/tr>\n<tr style=\"height: 16.00pt;\">\n<td class=\"et2\" style=\"height: 16.00pt; width: 97.50pt;\" width=\"97\" height=\"16\">Commande personnalis\u00e9e<\/td>\n<td class=\"et2\" style=\"width: 267.50pt;\" width=\"267\">Acceptation de l'OEM et de l'ODM, prise en charge de l'\u00e9chantillonnage gratuit<\/td>\n<\/tr>\n<\/tbody>\n<\/table>","protected":false},"featured_media":1458,"comment_status":"closed","ping_status":"closed","template":"","meta":{"_acf_changed":false},"product_brand":[],"product_cat":[24],"product_tag":[],"class_list":{"0":"post-1454","1":"product","2":"type-product","3":"status-publish","4":"has-post-thumbnail","6":"product_cat-flat-bottom-pouch-manufacturer","7":"pa_non-food-packaging-cosmetic-packaging-pouches","9":"first","10":"instock","11":"shipping-taxable","12":"product-type-simple"},"acf":[],"_links":{"self":[{"href":"https:\/\/www.stanleypackage.com\/fr\/wp-json\/wp\/v2\/product\/1454","targetHints":{"allow":["GET"]}}],"collection":[{"href":"https:\/\/www.stanleypackage.com\/fr\/wp-json\/wp\/v2\/product"}],"about":[{"href":"https:\/\/www.stanleypackage.com\/fr\/wp-json\/wp\/v2\/types\/product"}],"replies":[{"embeddable":true,"href":"https:\/\/www.stanleypackage.com\/fr\/wp-json\/wp\/v2\/comments?post=1454"}],"wp:featuredmedia":[{"embeddable":true,"href":"https:\/\/www.stanleypackage.com\/fr\/wp-json\/wp\/v2\/media\/1458"}],"wp:attachment":[{"href":"https:\/\/www.stanleypackage.com\/fr\/wp-json\/wp\/v2\/media?parent=1454"}],"wp:term":[{"taxonomy":"product_brand","embeddable":true,"href":"https:\/\/www.stanleypackage.com\/fr\/wp-json\/wp\/v2\/product_brand?post=1454"},{"taxonomy":"product_cat","embeddable":true,"href":"https:\/\/www.stanleypackage.com\/fr\/wp-json\/wp\/v2\/product_cat?post=1454"},{"taxonomy":"product_tag","embeddable":true,"href":"https:\/\/www.stanleypackage.com\/fr\/wp-json\/wp\/v2\/product_tag?post=1454"}],"curies":[{"name":"wp","href":"https:\/\/api.w.org\/{rel}","templated":true}]}}