{"id":1461,"date":"2025-04-10T01:54:18","date_gmt":"2025-04-10T01:54:18","guid":{"rendered":"https:\/\/www.stanleypackage.com\/?post_type=product&#038;p=1461"},"modified":"2025-04-10T02:23:52","modified_gmt":"2025-04-10T02:23:52","slug":"custom-spout-pouches","status":"publish","type":"product","link":"https:\/\/www.stanleypackage.com\/fr\/product\/custom-spout-pouches\/","title":{"rendered":"Pochettes de forme sp\u00e9ciale \u00e0 bec personnalis\u00e9 pour shampooing et apr\u00e8s-shampooing"},"content":{"rendered":"<div class=\"wp-block-columns is-layout-flex wp-container-core-columns-is-layout-9d6595d7 wp-block-columns-is-layout-flex\">\n<div class=\"wp-block-column is-layout-flow wp-block-column-is-layout-flow\">\n<h2 class=\"wp-block-heading\">Caract\u00e9ristiques des pochettes \u00e0 bec personnalis\u00e9es<\/h2>\n\n\n\n<ul class=\"wp-block-list\">\n<li><strong>Forme unique :<\/strong> Ces sachets \u00e0 bec personnalis\u00e9s sont dot\u00e9s d'une forme unique d'avocat, ce qui garantit la reconnaissance du produit et la popularit\u00e9 de la marque dans les rayons.<\/li>\n\n\n\n<li><strong>Structure du bec pour un versement facile : <\/strong>Cette pochette de conditionneur personnalis\u00e9e est sp\u00e9cialement con\u00e7ue avec une buse rotative, ce qui permet aux clients de contr\u00f4ler facilement la quantit\u00e9 d'utilisation et le nettoyant utilis\u00e9 avec pr\u00e9cision.<\/li>\n\n\n\n<li><strong>Le fond de l'appareil est debout, l'affichage est stable : <\/strong>La structure de nos sachets \u00e0 bec personnalis\u00e9s rend l'emballage plus stable et plus adapt\u00e9 \u00e0 une pr\u00e9sentation en rayon ou sur un comptoir.<\/li>\n\n\n\n<li><strong>Impression recto-verso de haute qualit\u00e9 : <\/strong>Nos sachets conditionneurs personnalis\u00e9s offrent des motifs personnalis\u00e9s sur les deux faces avec des couleurs riches et claires pour afficher pleinement la vision de la marque.<\/li>\n\n\n\n<li><strong>Structure du mat\u00e9riau de barri\u00e8re multicouche : <\/strong>Ces sachets \u00e0 bec personnalis\u00e9s utilisent une combinaison de mat\u00e9riaux PET19\/BOPA15\/MBPE155 pour isoler efficacement l'humidit\u00e9 et l'air et maintenir la fra\u00eecheur du produit.<\/li>\n\n\n\n<li><strong>Convient \u00e0 une vari\u00e9t\u00e9 de produits d'entretien liquides : <\/strong>Ces sachets d'apr\u00e8s-shampoing personnalis\u00e9s sont largement utilis\u00e9s pour le shampoing, l'apr\u00e8s-shampoing, le savon pour les mains, le gel douche et d'autres produits de nettoyage afin de r\u00e9pondre \u00e0 divers besoins en mati\u00e8re d'emballage.<\/li>\n<\/ul>\n\n\n\n<div class=\"wp-block-columns is-layout-flex wp-container-core-columns-is-layout-9d6595d7 wp-block-columns-is-layout-flex\">\n<div class=\"wp-block-column is-layout-flow wp-block-column-is-layout-flow\">\n<figure class=\"wp-block-image size-full\"><img decoding=\"async\" width=\"750\" height=\"750\" src=\"https:\/\/www.stanleypackage.com\/wp-content\/uploads\/2025\/04\/Special-Shape-Custom-Spout-Pouches-For-Shampoo-Conditioner-2.webp\" alt=\"Pochettes de forme sp\u00e9ciale \u00e0 bec personnalis\u00e9 pour shampoing et apr\u00e8s-shampoing-2\" class=\"wp-image-1463\" srcset=\"https:\/\/www.stanleypackage.com\/wp-content\/uploads\/2025\/04\/Special-Shape-Custom-Spout-Pouches-For-Shampoo-Conditioner-2.webp 750w, https:\/\/www.stanleypackage.com\/wp-content\/uploads\/2025\/04\/Special-Shape-Custom-Spout-Pouches-For-Shampoo-Conditioner-2-300x300.webp 300w, https:\/\/www.stanleypackage.com\/wp-content\/uploads\/2025\/04\/Special-Shape-Custom-Spout-Pouches-For-Shampoo-Conditioner-2-150x150.webp 150w, https:\/\/www.stanleypackage.com\/wp-content\/uploads\/2025\/04\/Special-Shape-Custom-Spout-Pouches-For-Shampoo-Conditioner-2-600x600.webp 600w, https:\/\/www.stanleypackage.com\/wp-content\/uploads\/2025\/04\/Special-Shape-Custom-Spout-Pouches-For-Shampoo-Conditioner-2-100x100.webp 100w\" sizes=\"(max-width: 750px) 100vw, 750px\" \/><\/figure>\n<\/div>\n\n\n\n<div class=\"wp-block-column is-layout-flow wp-block-column-is-layout-flow\">\n<figure class=\"wp-block-image size-full\"><img decoding=\"async\" width=\"750\" height=\"750\" src=\"https:\/\/www.stanleypackage.com\/wp-content\/uploads\/2025\/04\/Special-Shape-Custom-Spout-Pouches-For-Shampoo-Conditioner-4.webp\" alt=\"Pochettes de forme sp\u00e9ciale \u00e0 bec personnalis\u00e9 pour shampooing et apr\u00e8s-shampooing-4\" class=\"wp-image-1465\" srcset=\"https:\/\/www.stanleypackage.com\/wp-content\/uploads\/2025\/04\/Special-Shape-Custom-Spout-Pouches-For-Shampoo-Conditioner-4.webp 750w, https:\/\/www.stanleypackage.com\/wp-content\/uploads\/2025\/04\/Special-Shape-Custom-Spout-Pouches-For-Shampoo-Conditioner-4-300x300.webp 300w, https:\/\/www.stanleypackage.com\/wp-content\/uploads\/2025\/04\/Special-Shape-Custom-Spout-Pouches-For-Shampoo-Conditioner-4-150x150.webp 150w, https:\/\/www.stanleypackage.com\/wp-content\/uploads\/2025\/04\/Special-Shape-Custom-Spout-Pouches-For-Shampoo-Conditioner-4-600x600.webp 600w, https:\/\/www.stanleypackage.com\/wp-content\/uploads\/2025\/04\/Special-Shape-Custom-Spout-Pouches-For-Shampoo-Conditioner-4-100x100.webp 100w\" sizes=\"(max-width: 750px) 100vw, 750px\" \/><\/figure>\n<\/div>\n<\/div>\n<\/div>\n<\/div>","protected":false},"excerpt":{"rendered":"<p>Bienvenue dans les pochettes \u00e0 bec personnalis\u00e9es. Ce sachet de conditionneur personnalis\u00e9 est fabriqu\u00e9 \u00e0 partir d'un mat\u00e9riau multicouche \u00e0 haute barri\u00e8re, qui convient parfaitement \u00e0 l'emballage de divers produits liquides tels que le shampoing, le conditionneur, le gel douche, le savon pour les mains, etc.<\/p>\n<table style=\"border-collapse: collapse; width: 365.02pt;\" border=\"0\" width=\"365\" cellspacing=\"0\" cellpadding=\"0\">\n<tbody>\n<tr style=\"height: 16.00pt;\">\n<td class=\"et2\" style=\"height: 16.00pt; width: 97.50pt;\" width=\"97\" height=\"16\">Fabricant<\/td>\n<td class=\"et2\" style=\"width: 267.50pt;\" width=\"267\">Stanley<\/td>\n<\/tr>\n<tr style=\"height: 16.00pt;\">\n<td class=\"et2\" style=\"height: 16.00pt; width: 97.50pt;\" width=\"97\" height=\"16\">Types de pochettes<\/td>\n<td class=\"et2\" style=\"width: 267.50pt;\" width=\"267\">Pochette \u00e0 bec, pochette \u00e0 hauteur d'homme<\/td>\n<\/tr>\n<tr style=\"height: 16.00pt;\">\n<td class=\"et2\" style=\"height: 16.00pt; width: 97.50pt;\" width=\"97\" height=\"16\">Mat\u00e9riau<\/td>\n<td class=\"et2\" style=\"width: 267.50pt;\" width=\"267\">PET19\/BOPA15\/MBPE155<\/td>\n<\/tr>\n<tr style=\"height: 16.00pt;\">\n<td class=\"et2\" style=\"height: 16.00pt; width: 97.50pt;\" width=\"97\" height=\"16\">Dossier sp\u00e9cial<\/td>\n<td class=\"et2\" style=\"width: 267.50pt;\" width=\"267\">Bec, fond relevable<\/td>\n<\/tr>\n<tr style=\"height: 16.00pt;\">\n<td class=\"et2\" style=\"height: 16.00pt; width: 97.50pt;\" width=\"97\" height=\"16\">Manipulation de surface<\/td>\n<td class=\"et2\" style=\"width: 267.50pt;\" width=\"267\">Impression en h\u00e9liogravure<\/td>\n<\/tr>\n<tr style=\"height: 16.00pt;\">\n<td class=\"et2\" style=\"height: 16.00pt; width: 97.50pt;\" width=\"97\" height=\"16\">Couleur<\/td>\n<td class=\"et2\" style=\"width: 267.50pt;\" width=\"267\">Impression double face, jusqu'\u00e0 10 couleurs<\/td>\n<\/tr>\n<tr style=\"height: 16.00pt;\">\n<td class=\"et2\" style=\"height: 16.00pt; width: 97.50pt;\" width=\"97\" height=\"16\">Utilisation<\/td>\n<td class=\"et2\" style=\"width: 267.50pt;\" width=\"267\">Shampooing, gel douche, gel douche, apr\u00e8s-shampooing<\/td>\n<\/tr>\n<tr style=\"height: 16.00pt;\">\n<td class=\"et2\" style=\"height: 16.00pt; width: 97.50pt;\" width=\"97\" height=\"16\">MOQ<\/td>\n<td class=\"et2\" style=\"width: 267.50pt;\" width=\"267\">50 000 pi\u00e8ces<\/td>\n<\/tr>\n<tr style=\"height: 16.00pt;\">\n<td class=\"et2\" style=\"height: 16.00pt; width: 97.50pt;\" width=\"97\" height=\"16\">Commande personnalis\u00e9e<\/td>\n<td class=\"et2\" style=\"width: 267.50pt;\" width=\"267\">Acceptation de l'OEM et de l'ODM, prise en charge de l'\u00e9chantillonnage gratuit<\/td>\n<\/tr>\n<\/tbody>\n<\/table>","protected":false},"featured_media":1462,"comment_status":"closed","ping_status":"closed","template":"","meta":{"_acf_changed":false},"product_brand":[],"product_cat":[32,30,22],"product_tag":[],"class_list":{"0":"post-1461","1":"product","2":"type-product","3":"status-publish","4":"has-post-thumbnail","6":"product_cat-spout-pouch-manufacturer","7":"product_cat-stand-up-pouch-manufacturer","8":"product_cat-shaped-pouches-factory","9":"pa_non-food-packaging-soap-detergent-pouches","11":"first","12":"instock","13":"shipping-taxable","14":"product-type-simple"},"acf":[],"_links":{"self":[{"href":"https:\/\/www.stanleypackage.com\/fr\/wp-json\/wp\/v2\/product\/1461","targetHints":{"allow":["GET"]}}],"collection":[{"href":"https:\/\/www.stanleypackage.com\/fr\/wp-json\/wp\/v2\/product"}],"about":[{"href":"https:\/\/www.stanleypackage.com\/fr\/wp-json\/wp\/v2\/types\/product"}],"replies":[{"embeddable":true,"href":"https:\/\/www.stanleypackage.com\/fr\/wp-json\/wp\/v2\/comments?post=1461"}],"wp:featuredmedia":[{"embeddable":true,"href":"https:\/\/www.stanleypackage.com\/fr\/wp-json\/wp\/v2\/media\/1462"}],"wp:attachment":[{"href":"https:\/\/www.stanleypackage.com\/fr\/wp-json\/wp\/v2\/media?parent=1461"}],"wp:term":[{"taxonomy":"product_brand","embeddable":true,"href":"https:\/\/www.stanleypackage.com\/fr\/wp-json\/wp\/v2\/product_brand?post=1461"},{"taxonomy":"product_cat","embeddable":true,"href":"https:\/\/www.stanleypackage.com\/fr\/wp-json\/wp\/v2\/product_cat?post=1461"},{"taxonomy":"product_tag","embeddable":true,"href":"https:\/\/www.stanleypackage.com\/fr\/wp-json\/wp\/v2\/product_tag?post=1461"}],"curies":[{"name":"wp","href":"https:\/\/api.w.org\/{rel}","templated":true}]}}