{"id":1476,"date":"2025-04-10T02:52:41","date_gmt":"2025-04-10T02:52:41","guid":{"rendered":"https:\/\/www.stanleypackage.com\/?post_type=product&#038;p=1476"},"modified":"2025-04-10T03:05:48","modified_gmt":"2025-04-10T03:05:48","slug":"custom-stand-up-pouches","status":"publish","type":"product","link":"https:\/\/www.stanleypackage.com\/fr\/product\/custom-stand-up-pouches\/","title":{"rendered":"Liquide de soin pour la peau Pochettes personnalis\u00e9es avec bec verseur"},"content":{"rendered":"<div class=\"wp-block-columns is-layout-flex wp-container-core-columns-is-layout-9d6595d7 wp-block-columns-is-layout-flex\">\n<div class=\"wp-block-column is-layout-flow wp-block-column-is-layout-flow\">\n<h2 class=\"wp-block-heading\">Caract\u00e9ristiques des pochettes sur mesure<\/h2>\n\n\n\n<ul class=\"wp-block-list\">\n<li><strong>Structure autoportante, meilleure pr\u00e9sentation : <\/strong>La conception autoportante de ces pochettes personnalis\u00e9es est pratique pour l'affichage et le stockage, et convient \u00e0 l'affichage sur les \u00e9tag\u00e8res ou \u00e0 l'utilisation \u00e0 domicile.<\/li>\n\n\n\n<li><strong>Bec verseur lat\u00e9ral, pratique pour presser : <\/strong>Le bec de cette pochette de lotion corporelle personnalis\u00e9e est situ\u00e9 sur le c\u00f4t\u00e9 du sac, ce qui correspond mieux aux habitudes d'utilisation, facilite le contr\u00f4le de la quantit\u00e9 et \u00e9vite le gaspillage.<\/li>\n\n\n\n<li><strong>Mat\u00e9riau \u00e0 haute barri\u00e8re, protection plus compl\u00e8te : <\/strong>Nos sachets sur mesure utilisent des mat\u00e9riaux composites multicouches (MOPP\/AL\/BOPA\/PE), qui isolent efficacement l'air et la lumi\u00e8re et prolongent la dur\u00e9e de conservation des produits de soin de la peau.<\/li>\n\n\n\n<li><strong>Impression exquise sur les deux faces, pour une marque plus accrocheuse :<\/strong> Cette pochette de lotion corporelle personnalis\u00e9e permet l'impression compl\u00e8te de motifs personnalis\u00e9s, ce qui renforce la reconnaissance de l'emballage et met en valeur le ton de la marque.<\/li>\n\n\n\n<li><strong>Portable et \u00e9tanche, il convient \u00e0 de nombreux sc\u00e9narios :<\/strong> La structure \u00e9tanche de ces pochettes personnalis\u00e9es est \u00e9tanche et convient aux voyages, aux paquets d'essai, au transport quotidien et \u00e0 d'autres sc\u00e9narios d'utilisation.<\/li>\n\n\n\n<li><strong>Compatible avec une vari\u00e9t\u00e9 de liquides de soins de la peau : <\/strong>Notre pochette pour lotion corporelle personnalis\u00e9e peut \u00eatre largement utilis\u00e9e pour les produits de soin liquides tels que les cr\u00e8mes solaires, les lotions corporelles, les cr\u00e8mes pour les mains, les cr\u00e8mes pour le visage, etc.<\/li>\n<\/ul>\n\n\n\n<div class=\"wp-block-columns is-layout-flex wp-container-core-columns-is-layout-9d6595d7 wp-block-columns-is-layout-flex\">\n<div class=\"wp-block-column is-layout-flow wp-block-column-is-layout-flow\">\n<figure class=\"wp-block-image size-full\"><img decoding=\"async\" width=\"750\" height=\"750\" src=\"https:\/\/www.stanleypackage.com\/wp-content\/uploads\/2025\/04\/Skin-Care-Liquid-Custom-Stand-Up-Pouches-With-Spout-6.webp\" alt=\"Liquide de soin pour la peau Pochettes personnalis\u00e9es avec bec verseur-6\" class=\"wp-image-1482\" srcset=\"https:\/\/www.stanleypackage.com\/wp-content\/uploads\/2025\/04\/Skin-Care-Liquid-Custom-Stand-Up-Pouches-With-Spout-6.webp 750w, https:\/\/www.stanleypackage.com\/wp-content\/uploads\/2025\/04\/Skin-Care-Liquid-Custom-Stand-Up-Pouches-With-Spout-6-300x300.webp 300w, https:\/\/www.stanleypackage.com\/wp-content\/uploads\/2025\/04\/Skin-Care-Liquid-Custom-Stand-Up-Pouches-With-Spout-6-150x150.webp 150w, https:\/\/www.stanleypackage.com\/wp-content\/uploads\/2025\/04\/Skin-Care-Liquid-Custom-Stand-Up-Pouches-With-Spout-6-600x600.webp 600w, https:\/\/www.stanleypackage.com\/wp-content\/uploads\/2025\/04\/Skin-Care-Liquid-Custom-Stand-Up-Pouches-With-Spout-6-100x100.webp 100w\" sizes=\"(max-width: 750px) 100vw, 750px\" \/><\/figure>\n<\/div>\n\n\n\n<div class=\"wp-block-column is-layout-flow wp-block-column-is-layout-flow\">\n<figure class=\"wp-block-image size-full\"><img decoding=\"async\" width=\"750\" height=\"750\" src=\"https:\/\/www.stanleypackage.com\/wp-content\/uploads\/2025\/04\/Skin-Care-Liquid-Custom-Stand-Up-Pouches-With-Spout-4.webp\" alt=\"Liquide de soin pour la peau Pochettes personnalis\u00e9es avec bec verseur-4\" class=\"wp-image-1480\" srcset=\"https:\/\/www.stanleypackage.com\/wp-content\/uploads\/2025\/04\/Skin-Care-Liquid-Custom-Stand-Up-Pouches-With-Spout-4.webp 750w, https:\/\/www.stanleypackage.com\/wp-content\/uploads\/2025\/04\/Skin-Care-Liquid-Custom-Stand-Up-Pouches-With-Spout-4-300x300.webp 300w, https:\/\/www.stanleypackage.com\/wp-content\/uploads\/2025\/04\/Skin-Care-Liquid-Custom-Stand-Up-Pouches-With-Spout-4-150x150.webp 150w, https:\/\/www.stanleypackage.com\/wp-content\/uploads\/2025\/04\/Skin-Care-Liquid-Custom-Stand-Up-Pouches-With-Spout-4-600x600.webp 600w, https:\/\/www.stanleypackage.com\/wp-content\/uploads\/2025\/04\/Skin-Care-Liquid-Custom-Stand-Up-Pouches-With-Spout-4-100x100.webp 100w\" sizes=\"(max-width: 750px) 100vw, 750px\" \/><\/figure>\n<\/div>\n<\/div>\n<\/div>\n<\/div>","protected":false},"excerpt":{"rendered":"<p>Bienvenue \u00e0 la pochette de lotion corporelle personnalis\u00e9e. Cette pochette avec bec verseur combine un mat\u00e9riau \u00e0 haute barri\u00e8re et une impression recto-verso, en tenant compte de la praticit\u00e9 et de la beaut\u00e9 visuelle. Il convient parfaitement aux cr\u00e8mes solaires, aux lotions, aux cr\u00e8mes pour les mains, aux cr\u00e8mes pour le visage, etc.<\/p>\n<table style=\"border-collapse: collapse; width: 365.02pt;\" border=\"0\" width=\"365\" cellspacing=\"0\" cellpadding=\"0\">\n<tbody>\n<tr style=\"height: 16.00pt;\">\n<td class=\"et2\" style=\"height: 16.00pt; width: 97.50pt;\" width=\"97\" height=\"16\">Fabricant<\/td>\n<td class=\"et2\" style=\"width: 267.50pt;\" width=\"267\">Stanley<\/td>\n<\/tr>\n<tr style=\"height: 16.00pt;\">\n<td class=\"et2\" style=\"height: 16.00pt; width: 97.50pt;\" width=\"97\" height=\"16\">Types de pochettes<\/td>\n<td class=\"et2\" style=\"width: 267.50pt;\" width=\"267\">Pochette \u00e0 bec, pochette \u00e0 hauteur d'homme<\/td>\n<\/tr>\n<tr style=\"height: 16.00pt;\">\n<td class=\"et2\" style=\"height: 16.00pt; width: 97.50pt;\" width=\"97\" height=\"16\">Mat\u00e9riau<\/td>\n<td class=\"et2\" style=\"width: 267.50pt;\" width=\"267\">MOPP25\/AL7\/BOPA15\/PE75<\/td>\n<\/tr>\n<tr style=\"height: 16.00pt;\">\n<td class=\"et2\" style=\"height: 16.00pt; width: 97.50pt;\" width=\"97\" height=\"16\">Dossier sp\u00e9cial<\/td>\n<td class=\"et2\" style=\"width: 267.50pt;\" width=\"267\">Bec, fond relevable<\/td>\n<\/tr>\n<tr style=\"height: 16.00pt;\">\n<td class=\"et2\" style=\"height: 16.00pt; width: 97.50pt;\" width=\"97\" height=\"16\">Manipulation de surface<\/td>\n<td class=\"et2\" style=\"width: 267.50pt;\" width=\"267\">Impression en h\u00e9liogravure<\/td>\n<\/tr>\n<tr style=\"height: 16.00pt;\">\n<td class=\"et2\" style=\"height: 16.00pt; width: 97.50pt;\" width=\"97\" height=\"16\">Couleur<\/td>\n<td class=\"et2\" style=\"width: 267.50pt;\" width=\"267\">Impression double face, jusqu'\u00e0 10 couleurs<\/td>\n<\/tr>\n<tr style=\"height: 16.00pt;\">\n<td class=\"et2\" style=\"height: 16.00pt; width: 97.50pt;\" width=\"97\" height=\"16\">Utilisation<\/td>\n<td class=\"et2\" style=\"width: 267.50pt;\" width=\"267\">Cr\u00e8me solaire, Lotion, Cr\u00e8me pour les mains, Cr\u00e8me pour le visage<\/td>\n<\/tr>\n<tr style=\"height: 16.00pt;\">\n<td class=\"et2\" style=\"height: 16.00pt; width: 97.50pt;\" width=\"97\" height=\"16\">MOQ<\/td>\n<td class=\"et2\" style=\"width: 267.50pt;\" width=\"267\">50 000 pi\u00e8ces<\/td>\n<\/tr>\n<tr style=\"height: 16.00pt;\">\n<td class=\"et2\" style=\"height: 16.00pt; width: 97.50pt;\" width=\"97\" height=\"16\">Commande personnalis\u00e9e<\/td>\n<td class=\"et2\" style=\"width: 267.50pt;\" width=\"267\">Acceptation de l'OEM et de l'ODM, prise en charge de l'\u00e9chantillonnage gratuit<\/td>\n<\/tr>\n<\/tbody>\n<\/table>","protected":false},"featured_media":1481,"comment_status":"closed","ping_status":"closed","template":"","meta":{"_acf_changed":false},"product_brand":[],"product_cat":[32,30],"product_tag":[],"class_list":{"0":"post-1476","1":"product","2":"type-product","3":"status-publish","4":"has-post-thumbnail","6":"product_cat-spout-pouch-manufacturer","7":"product_cat-stand-up-pouch-manufacturer","8":"pa_non-food-packaging-cosmetic-packaging-pouches","10":"first","11":"instock","12":"shipping-taxable","13":"product-type-simple"},"acf":[],"_links":{"self":[{"href":"https:\/\/www.stanleypackage.com\/fr\/wp-json\/wp\/v2\/product\/1476","targetHints":{"allow":["GET"]}}],"collection":[{"href":"https:\/\/www.stanleypackage.com\/fr\/wp-json\/wp\/v2\/product"}],"about":[{"href":"https:\/\/www.stanleypackage.com\/fr\/wp-json\/wp\/v2\/types\/product"}],"replies":[{"embeddable":true,"href":"https:\/\/www.stanleypackage.com\/fr\/wp-json\/wp\/v2\/comments?post=1476"}],"wp:featuredmedia":[{"embeddable":true,"href":"https:\/\/www.stanleypackage.com\/fr\/wp-json\/wp\/v2\/media\/1481"}],"wp:attachment":[{"href":"https:\/\/www.stanleypackage.com\/fr\/wp-json\/wp\/v2\/media?parent=1476"}],"wp:term":[{"taxonomy":"product_brand","embeddable":true,"href":"https:\/\/www.stanleypackage.com\/fr\/wp-json\/wp\/v2\/product_brand?post=1476"},{"taxonomy":"product_cat","embeddable":true,"href":"https:\/\/www.stanleypackage.com\/fr\/wp-json\/wp\/v2\/product_cat?post=1476"},{"taxonomy":"product_tag","embeddable":true,"href":"https:\/\/www.stanleypackage.com\/fr\/wp-json\/wp\/v2\/product_tag?post=1476"}],"curies":[{"name":"wp","href":"https:\/\/api.w.org\/{rel}","templated":true}]}}