{"id":1483,"date":"2025-04-10T03:06:24","date_gmt":"2025-04-10T03:06:24","guid":{"rendered":"https:\/\/www.stanleypackage.com\/?post_type=product&#038;p=1483"},"modified":"2025-04-10T03:29:51","modified_gmt":"2025-04-10T03:29:51","slug":"flat-pouches-wholesale","status":"publish","type":"product","link":"https:\/\/www.stanleypackage.com\/fr\/product\/flat-pouches-wholesale\/","title":{"rendered":"Pochettes plates pour perruques Wholesale avec fermeture \u00e0 glissi\u00e8re et fen\u00eatre transparente"},"content":{"rendered":"<div class=\"wp-block-columns is-layout-flex wp-container-core-columns-is-layout-9d6595d7 wp-block-columns-is-layout-flex\">\n<div class=\"wp-block-column is-layout-flow wp-block-column-is-layout-flow\">\n<h2 class=\"wp-block-heading\">Caract\u00e9ristiques des sachets plats en gros<\/h2>\n\n\n\n<ul class=\"wp-block-list\">\n<li><strong>La fermeture \u00e0 glissi\u00e8re permet de sceller plusieurs fois le produit, ce qui est plus pratique :<\/strong> Nos pochettes plates en gros sont \u00e9quip\u00e9es d'une fermeture \u00e0 glissi\u00e8re de haute qualit\u00e9, qui permet de multiples ouvertures et fermetures, prolongeant ainsi le cycle de vie du produit et am\u00e9liorant l'exp\u00e9rience de l'utilisateur.<\/li>\n\n\n\n<li><strong>Fen\u00eatre transparente pour un affichage intuitif : <\/strong>La fen\u00eatre transparente de ces sachets plats imprim\u00e9s sur mesure pr\u00e9sente clairement le produit, permettant aux consommateurs de voir le contenu sans ouvrir l'emballage.<\/li>\n\n\n\n<li><strong>Structure de poche plate, emballage simple et pratique : <\/strong>La conception de nos sachets plats en gros permet d'\u00e9conomiser de l'espace, convient \u00e0 l'empilage, au transport et \u00e0 la pr\u00e9sentation au d\u00e9tail, et am\u00e9liore l'efficacit\u00e9 du stockage.<\/li>\n\n\n\n<li><strong>Mat\u00e9riaux de haute qualit\u00e9 pour garantir la s\u00e9curit\u00e9 du produit : <\/strong>Nos sachets plats imprim\u00e9s sur mesure utilisent des mat\u00e9riaux structurels MOPP\/VMPET\/PE, qui pr\u00e9sentent une bonne solidit\u00e9, une bonne r\u00e9sistance \u00e0 l'humidit\u00e9 et des propri\u00e9t\u00e9s de protection contre la lumi\u00e8re afin de prot\u00e9ger les produits des influences ext\u00e9rieures.<\/li>\n\n\n\n<li><strong>Impression en h\u00e9liogravure, motifs clairs et couleurs vives :<\/strong> Nos pochettes plates en gros permettent une impression multicolore de haute qualit\u00e9, et l'emballage a un aspect professionnel et \u00e0 la mode, mettant en valeur l'image de la marque.<\/li>\n\n\n\n<li><strong>Adaptation polyvalente, convenant aux perruques et aux accessoires :<\/strong> Ces pochettes imprim\u00e9es \u00e0 plat conviennent \u00e0 l'emballage de perruques, d'accessoires pour outils, de petits produits \u00e9lectroniques, de produits de beaut\u00e9 et de bien d'autres cat\u00e9gories.<\/li>\n<\/ul>\n\n\n\n<div class=\"wp-block-columns is-layout-flex wp-container-core-columns-is-layout-9d6595d7 wp-block-columns-is-layout-flex\">\n<div class=\"wp-block-column is-layout-flow wp-block-column-is-layout-flow\">\n<figure class=\"wp-block-image size-full\"><img decoding=\"async\" width=\"750\" height=\"750\" src=\"https:\/\/www.stanleypackage.com\/wp-content\/uploads\/2025\/04\/Wig-Flat-Pouches-Wholesale-With-Zipper-and-Clear-Window-6.webp\" alt=\"Pochettes plates pour perruques Wholesale avec fermeture \u00e9clair et fen\u00eatre transparente-6\" class=\"wp-image-1489\" srcset=\"https:\/\/www.stanleypackage.com\/wp-content\/uploads\/2025\/04\/Wig-Flat-Pouches-Wholesale-With-Zipper-and-Clear-Window-6.webp 750w, https:\/\/www.stanleypackage.com\/wp-content\/uploads\/2025\/04\/Wig-Flat-Pouches-Wholesale-With-Zipper-and-Clear-Window-6-300x300.webp 300w, https:\/\/www.stanleypackage.com\/wp-content\/uploads\/2025\/04\/Wig-Flat-Pouches-Wholesale-With-Zipper-and-Clear-Window-6-150x150.webp 150w, https:\/\/www.stanleypackage.com\/wp-content\/uploads\/2025\/04\/Wig-Flat-Pouches-Wholesale-With-Zipper-and-Clear-Window-6-600x600.webp 600w, https:\/\/www.stanleypackage.com\/wp-content\/uploads\/2025\/04\/Wig-Flat-Pouches-Wholesale-With-Zipper-and-Clear-Window-6-100x100.webp 100w\" sizes=\"(max-width: 750px) 100vw, 750px\" \/><\/figure>\n<\/div>\n\n\n\n<div class=\"wp-block-column is-layout-flow wp-block-column-is-layout-flow\">\n<figure class=\"wp-block-image size-full\"><img decoding=\"async\" width=\"750\" height=\"750\" src=\"https:\/\/www.stanleypackage.com\/wp-content\/uploads\/2025\/04\/Wig-Flat-Pouches-Wholesale-With-Zipper-and-Clear-Window-1.webp\" alt=\"Pochettes plates pour perruques Wholesale avec fermeture \u00e0 glissi\u00e8re et fen\u00eatre transparente-1\" class=\"wp-image-1484\" srcset=\"https:\/\/www.stanleypackage.com\/wp-content\/uploads\/2025\/04\/Wig-Flat-Pouches-Wholesale-With-Zipper-and-Clear-Window-1.webp 750w, https:\/\/www.stanleypackage.com\/wp-content\/uploads\/2025\/04\/Wig-Flat-Pouches-Wholesale-With-Zipper-and-Clear-Window-1-300x300.webp 300w, https:\/\/www.stanleypackage.com\/wp-content\/uploads\/2025\/04\/Wig-Flat-Pouches-Wholesale-With-Zipper-and-Clear-Window-1-150x150.webp 150w, https:\/\/www.stanleypackage.com\/wp-content\/uploads\/2025\/04\/Wig-Flat-Pouches-Wholesale-With-Zipper-and-Clear-Window-1-600x600.webp 600w, https:\/\/www.stanleypackage.com\/wp-content\/uploads\/2025\/04\/Wig-Flat-Pouches-Wholesale-With-Zipper-and-Clear-Window-1-100x100.webp 100w\" sizes=\"(max-width: 750px) 100vw, 750px\" \/><\/figure>\n<\/div>\n<\/div>\n<\/div>\n<\/div>","protected":false},"excerpt":{"rendered":"<p>Nous vous invitons \u00e0 acheter des pochettes plates imprim\u00e9es sur mesure. Ces pochettes plates \u00e0 fermeture \u00e9clair sont fabriqu\u00e9es \u00e0 partir de mat\u00e9riaux composites de haute qualit\u00e9 et d'une technologie d'impression par h\u00e9liogravure. Elles sont sp\u00e9cialement con\u00e7ues pour des produits tels que les perruques, les accessoires d'outils, etc.<\/p>\n<table width=\"365\">\n<tbody>\n<tr>\n<td width=\"97\">Fabricant<\/td>\n<td width=\"267\">Stanley<\/td>\n<\/tr>\n<tr>\n<td width=\"97\">Types de pochettes<\/td>\n<td width=\"267\">Pochette \u00e0 plat, pochette \u00e0 fermeture \u00e9clair<\/td>\n<\/tr>\n<tr>\n<td width=\"97\">Mat\u00e9riau<\/td>\n<td width=\"267\">MOPP25\/1\/2VMPET\/PE60<\/td>\n<\/tr>\n<tr>\n<td width=\"97\">Dossier sp\u00e9cial<\/td>\n<td width=\"267\">Fermeture \u00e0 glissi\u00e8re, fen\u00eatre transparente<\/td>\n<\/tr>\n<tr>\n<td width=\"97\">Manipulation de surface<\/td>\n<td width=\"267\">Impression en h\u00e9liogravure<\/td>\n<\/tr>\n<tr>\n<td width=\"97\">Couleur<\/td>\n<td width=\"267\">Impression double face, jusqu'\u00e0 10 couleurs<\/td>\n<\/tr>\n<tr>\n<td width=\"97\">Utilisation<\/td>\n<td width=\"267\">Perruques, accessoires pour outils<\/td>\n<\/tr>\n<tr>\n<td width=\"97\">MOQ<\/td>\n<td width=\"267\">50 000 pi\u00e8ces<\/td>\n<\/tr>\n<tr>\n<td width=\"97\">Commande personnalis\u00e9e<\/td>\n<td width=\"267\">Acceptation de l'OEM et de l'ODM, prise en charge de l'\u00e9chantillonnage gratuit<\/td>\n<\/tr>\n<\/tbody>\n<\/table>","protected":false},"featured_media":1487,"comment_status":"closed","ping_status":"closed","template":"","meta":{"_acf_changed":false},"product_brand":[],"product_cat":[18,31],"product_tag":[],"class_list":{"0":"post-1483","1":"product","2":"type-product","3":"status-publish","4":"has-post-thumbnail","6":"product_cat-zipper-pouch-manufacturer","7":"product_cat-lay-flat-pouch-manufacturer","8":"pa_non-food-packaging-tool-accessories-pouch","9":"pa_non-food-packaging-cosmetic-packaging-pouches","11":"first","12":"instock","13":"shipping-taxable","14":"product-type-simple"},"acf":[],"_links":{"self":[{"href":"https:\/\/www.stanleypackage.com\/fr\/wp-json\/wp\/v2\/product\/1483","targetHints":{"allow":["GET"]}}],"collection":[{"href":"https:\/\/www.stanleypackage.com\/fr\/wp-json\/wp\/v2\/product"}],"about":[{"href":"https:\/\/www.stanleypackage.com\/fr\/wp-json\/wp\/v2\/types\/product"}],"replies":[{"embeddable":true,"href":"https:\/\/www.stanleypackage.com\/fr\/wp-json\/wp\/v2\/comments?post=1483"}],"wp:featuredmedia":[{"embeddable":true,"href":"https:\/\/www.stanleypackage.com\/fr\/wp-json\/wp\/v2\/media\/1487"}],"wp:attachment":[{"href":"https:\/\/www.stanleypackage.com\/fr\/wp-json\/wp\/v2\/media?parent=1483"}],"wp:term":[{"taxonomy":"product_brand","embeddable":true,"href":"https:\/\/www.stanleypackage.com\/fr\/wp-json\/wp\/v2\/product_brand?post=1483"},{"taxonomy":"product_cat","embeddable":true,"href":"https:\/\/www.stanleypackage.com\/fr\/wp-json\/wp\/v2\/product_cat?post=1483"},{"taxonomy":"product_tag","embeddable":true,"href":"https:\/\/www.stanleypackage.com\/fr\/wp-json\/wp\/v2\/product_tag?post=1483"}],"curies":[{"name":"wp","href":"https:\/\/api.w.org\/{rel}","templated":true}]}}