{"id":1490,"date":"2025-04-10T03:31:15","date_gmt":"2025-04-10T03:31:15","guid":{"rendered":"https:\/\/www.stanleypackage.com\/?post_type=product&#038;p=1490"},"modified":"2025-04-10T03:44:14","modified_gmt":"2025-04-10T03:44:14","slug":"custom-printed-lay-flat-pouches","status":"publish","type":"product","link":"https:\/\/www.stanleypackage.com\/fr\/product\/custom-printed-lay-flat-pouches\/","title":{"rendered":"Pochettes \u00e0 plat imprim\u00e9es sur mesure, pochettes de sachets de th\u00e9 \u00e0 3 soudures lat\u00e9rales"},"content":{"rendered":"<div class=\"wp-block-columns is-layout-flex wp-container-core-columns-is-layout-9d6595d7 wp-block-columns-is-layout-flex\">\n<div class=\"wp-block-column is-layout-flow wp-block-column-is-layout-flow\">\n<h2 class=\"wp-block-heading\">Caract\u00e9ristiques des pochettes \u00e0 plat imprim\u00e9es sur mesure<\/h2>\n\n\n\n<ul class=\"wp-block-list\">\n<li><strong>Structure scell\u00e9e sur trois c\u00f4t\u00e9s, forte \u00e9tanch\u00e9it\u00e9, r\u00e9sistance \u00e0 l'humidit\u00e9 et \u00e0 l'oxydation : <\/strong>Le bord de fermeture ferme de nos sachets plats imprim\u00e9s sur mesure isole efficacement l'air et l'humidit\u00e9, garantissant ainsi la fra\u00eecheur du th\u00e9 et des produits secs.<\/li>\n\n\n\n<li><strong>Remplissage par le haut, op\u00e9ration de remplissage plus pratique : <\/strong>La conception ascendante de l'ouverture du sac de ce sachet de th\u00e9 en gros facilite l'alimentation et la fermeture rapides, et am\u00e9liore l'efficacit\u00e9 de la production et de l'emballage.<\/li>\n\n\n\n<li><strong>Conception facile \u00e0 d\u00e9chirer, ouverture en douceur sans ciseaux : <\/strong>Cette pochette imprim\u00e9e \u00e0 plat est \u00e9quip\u00e9e d'une encoche de d\u00e9chirure qui permet aux utilisateurs de l'ouvrir facilement, am\u00e9liore l'exp\u00e9rience du consommateur et est pratique.<\/li>\n\n\n\n<li><strong>Mat\u00e9riaux de haute qualit\u00e9, barri\u00e8re de protection solide : <\/strong>Le mat\u00e9riau MOPP\/VMPET\/PE doublement contr\u00f4l\u00e9 de ce sachet de th\u00e9 en gros offre une bonne protection contre la lumi\u00e8re et une bonne durabilit\u00e9, ce qui prolonge la dur\u00e9e de conservation du produit.<\/li>\n\n\n\n<li><strong>Impression recto-verso, expression plus \u00e9vidente de la marque :<\/strong> Nos pochettes imprim\u00e9es \u00e0 plat peuvent r\u00e9aliser de superbes impressions en couleur et personnaliser la marque, ce qui peut am\u00e9liorer le niveau du produit et attirer l'attention des consommateurs finaux.<\/li>\n\n\n\n<li><strong>Large \u00e9ventail d'utilisations, adapt\u00e9 \u00e0 une vari\u00e9t\u00e9 de produits secs :<\/strong> Ce sachet de th\u00e9 en gros convient non seulement au th\u00e9, mais aussi au caf\u00e9, aux noix, aux \u00e9pices, aux fruits secs et \u00e0 d'autres produits.<\/li>\n<\/ul>\n\n\n\n<div class=\"wp-block-columns is-layout-flex wp-container-core-columns-is-layout-9d6595d7 wp-block-columns-is-layout-flex\">\n<div class=\"wp-block-column is-layout-flow wp-block-column-is-layout-flow\">\n<figure class=\"wp-block-image size-full\"><img decoding=\"async\" width=\"750\" height=\"750\" src=\"https:\/\/www.stanleypackage.com\/wp-content\/uploads\/2025\/04\/Custom-Printed-Lay-Flat-Pouches-3-Side-Seal-Tea-Bag-Pouches-4.webp\" alt=\"Pochettes \u00e0 plat imprim\u00e9es sur mesure, pochettes de sachets de th\u00e9 \u00e0 3 soudures lat\u00e9rales-4\" class=\"wp-image-1494\" srcset=\"https:\/\/www.stanleypackage.com\/wp-content\/uploads\/2025\/04\/Custom-Printed-Lay-Flat-Pouches-3-Side-Seal-Tea-Bag-Pouches-4.webp 750w, https:\/\/www.stanleypackage.com\/wp-content\/uploads\/2025\/04\/Custom-Printed-Lay-Flat-Pouches-3-Side-Seal-Tea-Bag-Pouches-4-300x300.webp 300w, https:\/\/www.stanleypackage.com\/wp-content\/uploads\/2025\/04\/Custom-Printed-Lay-Flat-Pouches-3-Side-Seal-Tea-Bag-Pouches-4-150x150.webp 150w, https:\/\/www.stanleypackage.com\/wp-content\/uploads\/2025\/04\/Custom-Printed-Lay-Flat-Pouches-3-Side-Seal-Tea-Bag-Pouches-4-600x600.webp 600w, https:\/\/www.stanleypackage.com\/wp-content\/uploads\/2025\/04\/Custom-Printed-Lay-Flat-Pouches-3-Side-Seal-Tea-Bag-Pouches-4-100x100.webp 100w\" sizes=\"(max-width: 750px) 100vw, 750px\" \/><\/figure>\n<\/div>\n\n\n\n<div class=\"wp-block-column is-layout-flow wp-block-column-is-layout-flow\">\n<figure class=\"wp-block-image size-full\"><img decoding=\"async\" width=\"750\" height=\"750\" src=\"https:\/\/www.stanleypackage.com\/wp-content\/uploads\/2025\/04\/Custom-Printed-Lay-Flat-Pouches-3-Side-Seal-Tea-Bag-Pouches-3.webp\" alt=\"Pochettes \u00e0 plat imprim\u00e9es sur mesure, pochettes de sachets de th\u00e9 \u00e0 3 soudures lat\u00e9rales-3\" class=\"wp-image-1493\" srcset=\"https:\/\/www.stanleypackage.com\/wp-content\/uploads\/2025\/04\/Custom-Printed-Lay-Flat-Pouches-3-Side-Seal-Tea-Bag-Pouches-3.webp 750w, https:\/\/www.stanleypackage.com\/wp-content\/uploads\/2025\/04\/Custom-Printed-Lay-Flat-Pouches-3-Side-Seal-Tea-Bag-Pouches-3-300x300.webp 300w, https:\/\/www.stanleypackage.com\/wp-content\/uploads\/2025\/04\/Custom-Printed-Lay-Flat-Pouches-3-Side-Seal-Tea-Bag-Pouches-3-150x150.webp 150w, https:\/\/www.stanleypackage.com\/wp-content\/uploads\/2025\/04\/Custom-Printed-Lay-Flat-Pouches-3-Side-Seal-Tea-Bag-Pouches-3-600x600.webp 600w, https:\/\/www.stanleypackage.com\/wp-content\/uploads\/2025\/04\/Custom-Printed-Lay-Flat-Pouches-3-Side-Seal-Tea-Bag-Pouches-3-100x100.webp 100w\" sizes=\"(max-width: 750px) 100vw, 750px\" \/><\/figure>\n<\/div>\n<\/div>\n<\/div>\n<\/div>","protected":false},"excerpt":{"rendered":"<p>Nous vous invitons \u00e0 acheter des sachets plats imprim\u00e9s sur mesure. Ce sachet scell\u00e9 sur trois faces permet une impression personnalis\u00e9e sur les deux faces. Il offre une excellente \u00e9tanch\u00e9it\u00e9 et une bonne conservation des ar\u00f4mes et convient aux sachets de th\u00e9, au caf\u00e9, aux noix et \u00e0 d'autres produits.<\/p>\n<table style=\"border-collapse: collapse; width: 365.02pt;\" border=\"0\" width=\"365\" cellspacing=\"0\" cellpadding=\"0\">\n<tbody>\n<tr style=\"height: 16.00pt;\">\n<td class=\"et2\" style=\"height: 16.00pt; width: 97.50pt;\" width=\"97\" height=\"16\">Fabricant<\/td>\n<td class=\"et2\" style=\"width: 267.50pt;\" width=\"267\">Stanley<\/td>\n<\/tr>\n<tr style=\"height: 16.00pt;\">\n<td class=\"et2\" style=\"height: 16.00pt; width: 97.50pt;\" width=\"97\" height=\"16\">Types de pochettes<\/td>\n<td class=\"et2\" style=\"width: 267.50pt;\" width=\"267\">Pochette scell\u00e9e sur trois c\u00f4t\u00e9s, pochette \u00e0 plat<\/td>\n<\/tr>\n<tr style=\"height: 16.00pt;\">\n<td class=\"et2\" style=\"height: 16.00pt; width: 97.50pt;\" width=\"97\" height=\"16\">Mat\u00e9riau<\/td>\n<td class=\"et2\" style=\"width: 267.50pt;\" width=\"267\">MOPP25\/VMPET12\/PE40<\/td>\n<\/tr>\n<tr style=\"height: 16.00pt;\">\n<td class=\"et2\" style=\"height: 16.00pt; width: 97.50pt;\" width=\"97\" height=\"16\">Dossier sp\u00e9cial<\/td>\n<td class=\"et2\" style=\"width: 267.50pt;\" width=\"267\">Facile \u00e0 d\u00e9chirer, remplissage par le haut<\/td>\n<\/tr>\n<tr style=\"height: 16.00pt;\">\n<td class=\"et2\" style=\"height: 16.00pt; width: 97.50pt;\" width=\"97\" height=\"16\">Manipulation de surface<\/td>\n<td class=\"et2\" style=\"width: 267.50pt;\" width=\"267\">Impression en h\u00e9liogravure<\/td>\n<\/tr>\n<tr style=\"height: 16.00pt;\">\n<td class=\"et2\" style=\"height: 16.00pt; width: 97.50pt;\" width=\"97\" height=\"16\">Couleur<\/td>\n<td class=\"et2\" style=\"width: 267.50pt;\" width=\"267\">Impression double face, jusqu'\u00e0 10 couleurs<\/td>\n<\/tr>\n<tr style=\"height: 16.00pt;\">\n<td class=\"et2\" style=\"height: 16.00pt; width: 97.50pt;\" width=\"97\" height=\"16\">Utilisation<\/td>\n<td class=\"et2\" style=\"width: 267.50pt;\" width=\"267\">Th\u00e9, caf\u00e9, noix, compl\u00e9ment alimentaire<\/td>\n<\/tr>\n<tr style=\"height: 16.00pt;\">\n<td class=\"et2\" style=\"height: 16.00pt; width: 97.50pt;\" width=\"97\" height=\"16\">MOQ<\/td>\n<td class=\"et2\" style=\"width: 267.50pt;\" width=\"267\">50 000 pi\u00e8ces<\/td>\n<\/tr>\n<tr style=\"height: 16.00pt;\">\n<td class=\"et2\" style=\"height: 16.00pt; width: 97.50pt;\" width=\"97\" height=\"16\">Commande personnalis\u00e9e<\/td>\n<td class=\"et2\" style=\"width: 267.50pt;\" width=\"267\">Acceptation de l'OEM et de l'ODM, prise en charge de l'\u00e9chantillonnage gratuit<\/td>\n<\/tr>\n<\/tbody>\n<\/table>","protected":false},"featured_media":1492,"comment_status":"closed","ping_status":"closed","template":"","meta":{"_acf_changed":false},"product_brand":[],"product_cat":[28,31],"product_tag":[],"class_list":{"0":"post-1490","1":"product","2":"type-product","3":"status-publish","4":"has-post-thumbnail","6":"product_cat-three-side-seal-pouch-manufacturer","7":"product_cat-lay-flat-pouch-manufacturer","8":"pa_food-packaging-tea-pouch-packaging","10":"first","11":"instock","12":"shipping-taxable","13":"product-type-simple"},"acf":[],"_links":{"self":[{"href":"https:\/\/www.stanleypackage.com\/fr\/wp-json\/wp\/v2\/product\/1490","targetHints":{"allow":["GET"]}}],"collection":[{"href":"https:\/\/www.stanleypackage.com\/fr\/wp-json\/wp\/v2\/product"}],"about":[{"href":"https:\/\/www.stanleypackage.com\/fr\/wp-json\/wp\/v2\/types\/product"}],"replies":[{"embeddable":true,"href":"https:\/\/www.stanleypackage.com\/fr\/wp-json\/wp\/v2\/comments?post=1490"}],"wp:featuredmedia":[{"embeddable":true,"href":"https:\/\/www.stanleypackage.com\/fr\/wp-json\/wp\/v2\/media\/1492"}],"wp:attachment":[{"href":"https:\/\/www.stanleypackage.com\/fr\/wp-json\/wp\/v2\/media?parent=1490"}],"wp:term":[{"taxonomy":"product_brand","embeddable":true,"href":"https:\/\/www.stanleypackage.com\/fr\/wp-json\/wp\/v2\/product_brand?post=1490"},{"taxonomy":"product_cat","embeddable":true,"href":"https:\/\/www.stanleypackage.com\/fr\/wp-json\/wp\/v2\/product_cat?post=1490"},{"taxonomy":"product_tag","embeddable":true,"href":"https:\/\/www.stanleypackage.com\/fr\/wp-json\/wp\/v2\/product_tag?post=1490"}],"curies":[{"name":"wp","href":"https:\/\/api.w.org\/{rel}","templated":true}]}}