{"id":1495,"date":"2025-04-10T03:51:18","date_gmt":"2025-04-10T03:51:18","guid":{"rendered":"https:\/\/www.stanleypackage.com\/?post_type=product&#038;p=1495"},"modified":"2025-09-06T02:01:51","modified_gmt":"2025-09-06T02:01:51","slug":"eco-friendly-pouches-wholesale","status":"publish","type":"product","link":"https:\/\/www.stanleypackage.com\/fr\/product\/eco-friendly-pouches-wholesale\/","title":{"rendered":"Eco Friendly Pouches Wholesale, Mono-Material Spot Pouch (Pochette mono-mat\u00e9riau)"},"content":{"rendered":"<div class=\"wp-block-columns is-layout-flex wp-container-core-columns-is-layout-9d6595d7 wp-block-columns-is-layout-flex\">\n<div class=\"wp-block-column is-layout-flow wp-block-column-is-layout-flow\">\n<h2 class=\"wp-block-heading\">Caract\u00e9ristiques des pochettes Eco Friendly Wholesale<\/h2>\n\n\n\n<ul class=\"wp-block-list\">\n<li><strong>Mat\u00e9riaux respectueux de l'environnement : <\/strong>Ces sachets \u00e9cologiques en gros adoptent une structure mono-mat\u00e9riau BOPE\/PE, r\u00e9pondent aux normes de recyclage et r\u00e9duisent la charge environnementale.<\/li>\n\n\n\n<li><strong>Conception simple de la buse : <\/strong>Nos sachets personnalis\u00e9s sont faciles \u00e0 contr\u00f4ler, propres et hygi\u00e9niques, et am\u00e9liorent l'exp\u00e9rience de l'utilisateur.<\/li>\n\n\n\n<li><strong>Remplissage par le bas : <\/strong>Cette pochette \u00e9cologique en gros adopte une conception de remplissage par le bas, ce qui est pratique pour les lignes de production \u00e0 grande vitesse et am\u00e9liore l'efficacit\u00e9 du remplissage.<\/li>\n\n\n\n<li><strong>Impression recto-verso : <\/strong>Nos pochettes personnalis\u00e9es peuvent \u00eatre imprim\u00e9es en h\u00e9liogravure recto-verso de haute qualit\u00e9 afin d'afficher pleinement l'image de la marque.<\/li>\n\n\n\n<li><strong>L\u00e9ger et flexible : <\/strong>Ces pochettes \u00e9cologiques en gros sont souples, plus s\u00fbres \u00e0 transporter, moins encombrantes et permettent de r\u00e9duire les co\u00fbts logistiques.<\/li>\n\n\n\n<li><strong>Forte capacit\u00e9 d'adaptation aux produits de soins personnels :<\/strong> Ces sachets personnalis\u00e9s mono-mat\u00e9riau conviennent \u00e0 divers liquides chimiques quotidiens, tels que le shampoing, le savon pour les mains, l'apr\u00e8s-shampoing, le gel douche, etc.<\/li>\n<\/ul>\n\n\n\n<div class=\"wp-block-columns is-layout-flex wp-container-core-columns-is-layout-9d6595d7 wp-block-columns-is-layout-flex\">\n<div class=\"wp-block-column is-layout-flow wp-block-column-is-layout-flow\">\n<figure class=\"wp-block-image size-full\"><img decoding=\"async\" width=\"750\" height=\"750\" src=\"https:\/\/www.stanleypackage.com\/wp-content\/uploads\/2025\/04\/Eco-Friendly-Pouches-Wholesale-Mono-Material-Spot-Pouch-3.webp\" alt=\"Eco Friendly Pouches Wholesale, Mono-Material Spot Pouch-3\" class=\"wp-image-1498\" srcset=\"https:\/\/www.stanleypackage.com\/wp-content\/uploads\/2025\/04\/Eco-Friendly-Pouches-Wholesale-Mono-Material-Spot-Pouch-3.webp 750w, https:\/\/www.stanleypackage.com\/wp-content\/uploads\/2025\/04\/Eco-Friendly-Pouches-Wholesale-Mono-Material-Spot-Pouch-3-300x300.webp 300w, https:\/\/www.stanleypackage.com\/wp-content\/uploads\/2025\/04\/Eco-Friendly-Pouches-Wholesale-Mono-Material-Spot-Pouch-3-150x150.webp 150w, https:\/\/www.stanleypackage.com\/wp-content\/uploads\/2025\/04\/Eco-Friendly-Pouches-Wholesale-Mono-Material-Spot-Pouch-3-600x600.webp 600w, https:\/\/www.stanleypackage.com\/wp-content\/uploads\/2025\/04\/Eco-Friendly-Pouches-Wholesale-Mono-Material-Spot-Pouch-3-100x100.webp 100w\" sizes=\"(max-width: 750px) 100vw, 750px\" \/><\/figure>\n<\/div>\n\n\n\n<div class=\"wp-block-column is-layout-flow wp-block-column-is-layout-flow\">\n<figure class=\"wp-block-image size-full\"><img decoding=\"async\" width=\"750\" height=\"750\" src=\"https:\/\/www.stanleypackage.com\/wp-content\/uploads\/2025\/04\/Eco-Friendly-Pouches-Wholesale-Mono-Material-Spot-Pouch-4.webp\" alt=\"Eco Friendly Pouches Wholesale, Mono-Material Spot Pouch-4\" class=\"wp-image-1499\" srcset=\"https:\/\/www.stanleypackage.com\/wp-content\/uploads\/2025\/04\/Eco-Friendly-Pouches-Wholesale-Mono-Material-Spot-Pouch-4.webp 750w, https:\/\/www.stanleypackage.com\/wp-content\/uploads\/2025\/04\/Eco-Friendly-Pouches-Wholesale-Mono-Material-Spot-Pouch-4-300x300.webp 300w, https:\/\/www.stanleypackage.com\/wp-content\/uploads\/2025\/04\/Eco-Friendly-Pouches-Wholesale-Mono-Material-Spot-Pouch-4-150x150.webp 150w, https:\/\/www.stanleypackage.com\/wp-content\/uploads\/2025\/04\/Eco-Friendly-Pouches-Wholesale-Mono-Material-Spot-Pouch-4-600x600.webp 600w, https:\/\/www.stanleypackage.com\/wp-content\/uploads\/2025\/04\/Eco-Friendly-Pouches-Wholesale-Mono-Material-Spot-Pouch-4-100x100.webp 100w\" sizes=\"(max-width: 750px) 100vw, 750px\" \/><\/figure>\n<\/div>\n<\/div>\n<\/div>\n<\/div>","protected":false},"excerpt":{"rendered":"<p>Bienvenue sur le site d'achat en gros de sachets \u00e9cologiques. Nos sachets personnalis\u00e9s sont fabriqu\u00e9s \u00e0 partir de mat\u00e9riaux recyclables et conviennent \u00e0 divers produits de soins personnels tels que le savon pour les mains, le shampoing, le gel douche, etc.<\/p>\n<table style=\"border-collapse: collapse; width: 365.02pt;\" border=\"0\" width=\"365\" cellspacing=\"0\" cellpadding=\"0\">\n<tbody>\n<tr style=\"height: 16.00pt;\">\n<td class=\"et2\" style=\"height: 16.00pt; width: 97.50pt;\" width=\"97\" height=\"16\">Fabricant<\/td>\n<td class=\"et2\" style=\"width: 267.50pt;\" width=\"267\">Stanley<\/td>\n<\/tr>\n<tr style=\"height: 16.00pt;\">\n<td class=\"et2\" style=\"height: 16.00pt; width: 97.50pt;\" width=\"97\" height=\"16\">Types de pochettes<\/td>\n<td class=\"et2\" style=\"width: 267.50pt;\" width=\"267\">Pochette scell\u00e9e sur trois c\u00f4t\u00e9s, pochette \u00e0 plat<\/td>\n<\/tr>\n<tr style=\"height: 16.00pt;\">\n<td class=\"et2\" style=\"height: 16.00pt; width: 97.50pt;\" width=\"97\" height=\"16\">Mat\u00e9riau<\/td>\n<td class=\"et2\" style=\"width: 267.50pt;\" width=\"267\">MOPP25\/VMPET12\/PE40<\/td>\n<\/tr>\n<tr style=\"height: 16.00pt;\">\n<td class=\"et2\" style=\"height: 16.00pt; width: 97.50pt;\" width=\"97\" height=\"16\">Dossier sp\u00e9cial<\/td>\n<td class=\"et2\" style=\"width: 267.50pt;\" width=\"267\">Facile \u00e0 d\u00e9chirer, remplissage par le haut<\/td>\n<\/tr>\n<tr style=\"height: 16.00pt;\">\n<td class=\"et2\" style=\"height: 16.00pt; width: 97.50pt;\" width=\"97\" height=\"16\">Manipulation de surface<\/td>\n<td class=\"et2\" style=\"width: 267.50pt;\" width=\"267\">Impression en h\u00e9liogravure<\/td>\n<\/tr>\n<tr style=\"height: 16.00pt;\">\n<td class=\"et2\" style=\"height: 16.00pt; width: 97.50pt;\" width=\"97\" height=\"16\">Couleur<\/td>\n<td class=\"et2\" style=\"width: 267.50pt;\" width=\"267\">Impression double face, jusqu'\u00e0 10 couleurs<\/td>\n<\/tr>\n<tr style=\"height: 16.00pt;\">\n<td class=\"et2\" style=\"height: 16.00pt; width: 97.50pt;\" width=\"97\" height=\"16\">Utilisation<\/td>\n<td class=\"et2\" style=\"width: 267.50pt;\" width=\"267\">Th\u00e9, caf\u00e9, noix, compl\u00e9ment alimentaire<\/td>\n<\/tr>\n<tr style=\"height: 16.00pt;\">\n<td class=\"et2\" style=\"height: 16.00pt; width: 97.50pt;\" width=\"97\" height=\"16\">MOQ<\/td>\n<td class=\"et2\" style=\"width: 267.50pt;\" width=\"267\">50 000 pi\u00e8ces<\/td>\n<\/tr>\n<tr style=\"height: 16.00pt;\">\n<td class=\"et2\" style=\"height: 16.00pt; width: 97.50pt;\" width=\"97\" height=\"16\">Commande personnalis\u00e9e<\/td>\n<td class=\"et2\" style=\"width: 267.50pt;\" width=\"267\">Acceptation de l'OEM et de l'ODM, prise en charge de l'\u00e9chantillonnage gratuit<\/td>\n<\/tr>\n<\/tbody>\n<\/table>","protected":false},"featured_media":1497,"comment_status":"closed","ping_status":"closed","template":"","meta":{"_acf_changed":false},"product_brand":[],"product_cat":[32],"product_tag":[],"class_list":{"0":"post-1495","1":"product","2":"type-product","3":"status-publish","4":"has-post-thumbnail","6":"product_cat-spout-pouch-manufacturer","7":"pa_non-food-packaging-cosmetic-packaging-pouches","8":"pa_non-food-packaging-soap-detergent-pouches","10":"first","11":"instock","12":"shipping-taxable","13":"product-type-simple"},"acf":[],"_links":{"self":[{"href":"https:\/\/www.stanleypackage.com\/fr\/wp-json\/wp\/v2\/product\/1495","targetHints":{"allow":["GET"]}}],"collection":[{"href":"https:\/\/www.stanleypackage.com\/fr\/wp-json\/wp\/v2\/product"}],"about":[{"href":"https:\/\/www.stanleypackage.com\/fr\/wp-json\/wp\/v2\/types\/product"}],"replies":[{"embeddable":true,"href":"https:\/\/www.stanleypackage.com\/fr\/wp-json\/wp\/v2\/comments?post=1495"}],"wp:featuredmedia":[{"embeddable":true,"href":"https:\/\/www.stanleypackage.com\/fr\/wp-json\/wp\/v2\/media\/1497"}],"wp:attachment":[{"href":"https:\/\/www.stanleypackage.com\/fr\/wp-json\/wp\/v2\/media?parent=1495"}],"wp:term":[{"taxonomy":"product_brand","embeddable":true,"href":"https:\/\/www.stanleypackage.com\/fr\/wp-json\/wp\/v2\/product_brand?post=1495"},{"taxonomy":"product_cat","embeddable":true,"href":"https:\/\/www.stanleypackage.com\/fr\/wp-json\/wp\/v2\/product_cat?post=1495"},{"taxonomy":"product_tag","embeddable":true,"href":"https:\/\/www.stanleypackage.com\/fr\/wp-json\/wp\/v2\/product_tag?post=1495"}],"curies":[{"name":"wp","href":"https:\/\/api.w.org\/{rel}","templated":true}]}}