{"id":1510,"date":"2025-04-10T07:20:29","date_gmt":"2025-04-10T07:20:29","guid":{"rendered":"https:\/\/www.stanleypackage.com\/?post_type=product&#038;p=1510"},"modified":"2025-04-10T07:49:10","modified_gmt":"2025-04-10T07:49:10","slug":"wholesale-stand-up-pouches","status":"publish","type":"product","link":"https:\/\/www.stanleypackage.com\/fr\/product\/wholesale-stand-up-pouches\/","title":{"rendered":"Pochettes en gros, pochettes de bonbons personnalis\u00e9es avec fermeture \u00e0 glissi\u00e8re"},"content":{"rendered":"<div class=\"wp-block-columns is-layout-flex wp-container-core-columns-is-layout-9d6595d7 wp-block-columns-is-layout-flex\">\n<div class=\"wp-block-column is-layout-flow wp-block-column-is-layout-flow\">\n<h2 class=\"wp-block-heading\">Caract\u00e9ristiques des pochettes en gros<\/h2>\n\n\n\n<ul class=\"wp-block-list\">\n<li><strong>Structure autoportante du fond du sac : <\/strong>Ces sachets en gros ont une forme stable, adapt\u00e9e \u00e0 la mise en rayon, et am\u00e9liorent l'effet visuel des produits de snacking.<\/li>\n\n\n\n<li><strong>\u00c9quip\u00e9 d'un trou de suspension : <\/strong>Ces sachets de bonbons personnalis\u00e9s sont munis de trous de suspension, ce qui permet de les suspendre, d'\u00e9largir les sc\u00e9narios de vente et d'am\u00e9liorer l'aspect pratique de la vente au d\u00e9tail.<\/li>\n\n\n\n<li><strong>Facile \u00e0 d\u00e9chirer : <\/strong>Ces pochettes en gros sont dot\u00e9es d'encoches d'ouverture, qui permettent de d\u00e9chirer facilement l'emballage, de faciliter l'ouverture et d'am\u00e9liorer l'exp\u00e9rience de l'utilisateur.<\/li>\n\n\n\n<li><strong>Fermeture \u00e0 glissi\u00e8re \u00e9tanche : <\/strong>Nos sachets de bonbons personnalis\u00e9s avec fermeture \u00e9clair permettent des ouvertures et des fermetures multiples, conservent la fra\u00eecheur et l'hygi\u00e8ne des bonbons et des snacks, et conviennent \u00e0 la consommation quotidienne.<\/li>\n\n\n\n<li><strong>Mat\u00e9riaux composites de haute qualit\u00e9 PET12\/VMPET12\/PE70 :<\/strong> Nos sachets en gros ont de bonnes propri\u00e9t\u00e9s de barri\u00e8re, sont r\u00e9sistants \u00e0 l'humidit\u00e9 et \u00e0 l'oxydation, et garantissent la qualit\u00e9 des aliments.<\/li>\n\n\n\n<li><strong>Convient \u00e0 divers aliments \u00e0 grignoter : <\/strong>Ces sachets de bonbons personnalis\u00e9s avec fermeture \u00e9clair sont largement adapt\u00e9s \u00e0 divers besoins d'emballage alimentaire tels que les bonbons durs, les bonbons mous, les guimauves, les fruits confits, les noix, etc.<\/li>\n<\/ul>\n\n\n\n<div class=\"wp-block-columns is-layout-flex wp-container-core-columns-is-layout-9d6595d7 wp-block-columns-is-layout-flex\">\n<div class=\"wp-block-column is-layout-flow wp-block-column-is-layout-flow\">\n<figure class=\"wp-block-image size-full\"><img decoding=\"async\" width=\"750\" height=\"750\" src=\"https:\/\/www.stanleypackage.com\/wp-content\/uploads\/2025\/04\/Wholesale-Stand-Up-Pouches-Custom-Candy-Zipper-Pouches-4.webp\" alt=\"Pochettes en gros, pochettes \u00e0 fermeture \u00e9clair personnalis\u00e9es pour bonbons-4\" class=\"wp-image-1514\" srcset=\"https:\/\/www.stanleypackage.com\/wp-content\/uploads\/2025\/04\/Wholesale-Stand-Up-Pouches-Custom-Candy-Zipper-Pouches-4.webp 750w, https:\/\/www.stanleypackage.com\/wp-content\/uploads\/2025\/04\/Wholesale-Stand-Up-Pouches-Custom-Candy-Zipper-Pouches-4-300x300.webp 300w, https:\/\/www.stanleypackage.com\/wp-content\/uploads\/2025\/04\/Wholesale-Stand-Up-Pouches-Custom-Candy-Zipper-Pouches-4-150x150.webp 150w, https:\/\/www.stanleypackage.com\/wp-content\/uploads\/2025\/04\/Wholesale-Stand-Up-Pouches-Custom-Candy-Zipper-Pouches-4-600x600.webp 600w, https:\/\/www.stanleypackage.com\/wp-content\/uploads\/2025\/04\/Wholesale-Stand-Up-Pouches-Custom-Candy-Zipper-Pouches-4-100x100.webp 100w\" sizes=\"(max-width: 750px) 100vw, 750px\" \/><\/figure>\n<\/div>\n\n\n\n<div class=\"wp-block-column is-layout-flow wp-block-column-is-layout-flow\">\n<figure class=\"wp-block-image size-full\"><img decoding=\"async\" width=\"750\" height=\"750\" src=\"https:\/\/www.stanleypackage.com\/wp-content\/uploads\/2025\/04\/Wholesale-Stand-Up-Pouches-Custom-Candy-Zipper-Pouches-3.webp\" alt=\"Pochettes en gros, pochettes \u00e0 fermeture \u00e9clair personnalis\u00e9es pour bonbons-3\" class=\"wp-image-1513\" srcset=\"https:\/\/www.stanleypackage.com\/wp-content\/uploads\/2025\/04\/Wholesale-Stand-Up-Pouches-Custom-Candy-Zipper-Pouches-3.webp 750w, https:\/\/www.stanleypackage.com\/wp-content\/uploads\/2025\/04\/Wholesale-Stand-Up-Pouches-Custom-Candy-Zipper-Pouches-3-300x300.webp 300w, https:\/\/www.stanleypackage.com\/wp-content\/uploads\/2025\/04\/Wholesale-Stand-Up-Pouches-Custom-Candy-Zipper-Pouches-3-150x150.webp 150w, https:\/\/www.stanleypackage.com\/wp-content\/uploads\/2025\/04\/Wholesale-Stand-Up-Pouches-Custom-Candy-Zipper-Pouches-3-600x600.webp 600w, https:\/\/www.stanleypackage.com\/wp-content\/uploads\/2025\/04\/Wholesale-Stand-Up-Pouches-Custom-Candy-Zipper-Pouches-3-100x100.webp 100w\" sizes=\"(max-width: 750px) 100vw, 750px\" \/><\/figure>\n<\/div>\n<\/div>\n<\/div>\n<\/div>","protected":false},"excerpt":{"rendered":"<p>Bienvenue dans les pochettes de bonbons personnalis\u00e9es. Ces pochettes \u00e0 fermeture \u00e9clair, \u00e0 encoche de d\u00e9chirement et \u00e0 trou de suspension sont sp\u00e9cialement con\u00e7ues pour les bonbons, les fruits secs, les snacks et autres aliments \u00e0 grignoter, afin d'am\u00e9liorer l'effet de pr\u00e9sentation du produit en rayon.<\/p>\n<table width=\"365\">\n<tbody>\n<tr>\n<td width=\"97\">Fabricant<\/td>\n<td width=\"267\">Stanley<\/td>\n<\/tr>\n<tr>\n<td width=\"97\">Types de pochettes<\/td>\n<td width=\"267\">Stand Up Pouch, Zipper Pouch<\/td>\n<\/tr>\n<tr>\n<td width=\"97\">Mat\u00e9riau<\/td>\n<td width=\"267\">PET12\/VMPET12\/PE70<\/td>\n<\/tr>\n<tr>\n<td width=\"97\">Dossier sp\u00e9cial<\/td>\n<td width=\"267\">Trou de suspension, fermeture \u00e0 glissi\u00e8re, encoche de d\u00e9chirure<\/td>\n<\/tr>\n<tr>\n<td width=\"97\">Manipulation de surface<\/td>\n<td width=\"267\">Impression en h\u00e9liogravure<\/td>\n<\/tr>\n<tr>\n<td width=\"97\">Couleur<\/td>\n<td width=\"267\">Impression double face, jusqu'\u00e0 10 couleurs<\/td>\n<\/tr>\n<tr>\n<td width=\"97\">Utilisation<\/td>\n<td width=\"267\">Bonbons, gommes, noix, fruits secs, etc.<\/td>\n<\/tr>\n<tr>\n<td width=\"97\">MOQ<\/td>\n<td width=\"267\">50 000 pi\u00e8ces<\/td>\n<\/tr>\n<tr>\n<td width=\"97\">Commande personnalis\u00e9e<\/td>\n<td width=\"267\">Acceptation de l'OEM et de l'ODM, prise en charge de l'\u00e9chantillonnage gratuit<\/td>\n<\/tr>\n<\/tbody>\n<\/table>","protected":false},"featured_media":1512,"comment_status":"closed","ping_status":"closed","template":"","meta":{"_acf_changed":false},"product_brand":[],"product_cat":[30,18],"product_tag":[],"class_list":{"0":"post-1510","1":"product","2":"type-product","3":"status-publish","4":"has-post-thumbnail","6":"product_cat-stand-up-pouch-manufacturer","7":"product_cat-zipper-pouch-manufacturer","8":"pa_food-packaging-snack-food-pouch","10":"first","11":"instock","12":"shipping-taxable","13":"product-type-simple"},"acf":[],"_links":{"self":[{"href":"https:\/\/www.stanleypackage.com\/fr\/wp-json\/wp\/v2\/product\/1510","targetHints":{"allow":["GET"]}}],"collection":[{"href":"https:\/\/www.stanleypackage.com\/fr\/wp-json\/wp\/v2\/product"}],"about":[{"href":"https:\/\/www.stanleypackage.com\/fr\/wp-json\/wp\/v2\/types\/product"}],"replies":[{"embeddable":true,"href":"https:\/\/www.stanleypackage.com\/fr\/wp-json\/wp\/v2\/comments?post=1510"}],"wp:featuredmedia":[{"embeddable":true,"href":"https:\/\/www.stanleypackage.com\/fr\/wp-json\/wp\/v2\/media\/1512"}],"wp:attachment":[{"href":"https:\/\/www.stanleypackage.com\/fr\/wp-json\/wp\/v2\/media?parent=1510"}],"wp:term":[{"taxonomy":"product_brand","embeddable":true,"href":"https:\/\/www.stanleypackage.com\/fr\/wp-json\/wp\/v2\/product_brand?post=1510"},{"taxonomy":"product_cat","embeddable":true,"href":"https:\/\/www.stanleypackage.com\/fr\/wp-json\/wp\/v2\/product_cat?post=1510"},{"taxonomy":"product_tag","embeddable":true,"href":"https:\/\/www.stanleypackage.com\/fr\/wp-json\/wp\/v2\/product_tag?post=1510"}],"curies":[{"name":"wp","href":"https:\/\/api.w.org\/{rel}","templated":true}]}}