{"id":1518,"date":"2025-04-10T07:53:02","date_gmt":"2025-04-10T07:53:02","guid":{"rendered":"https:\/\/www.stanleypackage.com\/?post_type=product&#038;p=1518"},"modified":"2025-04-10T08:05:54","modified_gmt":"2025-04-10T08:05:54","slug":"custom-candy-pouches","status":"publish","type":"product","link":"https:\/\/www.stanleypackage.com\/fr\/product\/custom-candy-pouches\/","title":{"rendered":"Pochettes de bonbons personnalis\u00e9es, pochettes de bonbons en gel\u00e9e, vente en gros"},"content":{"rendered":"<div class=\"wp-block-columns is-layout-flex wp-container-core-columns-is-layout-9d6595d7 wp-block-columns-is-layout-flex\">\n<div class=\"wp-block-column is-layout-flow wp-block-column-is-layout-flow\">\n<h2 class=\"wp-block-heading\">Caract\u00e9ristiques des pochettes de bonbons personnalis\u00e9es<\/h2>\n\n\n\n<ul class=\"wp-block-list\">\n<li><strong>Conception d'un fond de sac autoportant : <\/strong>Ces sachets de bonbons personnalis\u00e9s sont de type \"stand up\", c'est-\u00e0-dire qu'ils peuvent se tenir debout de mani\u00e8re stable, ce qui est pratique pour la mise en rayon et am\u00e9liore l'effet de pr\u00e9sentation du produit.<\/li>\n\n\n\n<li><strong>Structure de remplissage sup\u00e9rieure : <\/strong>Ces sachets en gros adoptent une conception de remplissage par le haut, ce qui est pratique pour le remplissage m\u00e9canique ou manuel, convient \u00e0 diff\u00e9rents processus de production et est plus efficace.<\/li>\n\n\n\n<li><strong>Facile \u00e0 d\u00e9chirer : <\/strong>Ces sachets de bonbons personnalis\u00e9s sont dot\u00e9s d'une encoche facile \u00e0 d\u00e9chirer, qui permet aux consommateurs de l'ouvrir facilement, sans aucun outil, et de l'utiliser de mani\u00e8re pratique.<\/li>\n\n\n\n<li><strong>Fen\u00eatre transparente : <\/strong>Le dos de nos sachets de bonbons en gros est dot\u00e9 d'une fen\u00eatre partiellement transparente, qui permet d'afficher clairement le contenu du produit et de renforcer l'attrait de l'achat.<\/li>\n\n\n\n<li><strong>Mat\u00e9riau PET12\/PE95 de qualit\u00e9 alimentaire : <\/strong>Nos sachets de bonbons personnalis\u00e9s sont s\u00fbrs et respectueux de l'environnement, r\u00e9sistants \u00e0 l'humidit\u00e9 et \u00e0 l'huile, et conviennent \u00e0 l'emballage de bonbons et d'autres types d'aliments.<\/li>\n\n\n\n<li><strong>Prise en charge de l'impression personnalis\u00e9e recto-verso :<\/strong> Nos sachets stand up wholesale adoptent l'impression en h\u00e9liogravure, et le motif de la marque est clairement pr\u00e9sent\u00e9 pour aider les clients \u00e0 cr\u00e9er un syst\u00e8me d'identification visuelle exclusif.<\/li>\n<\/ul>\n\n\n\n<div class=\"wp-block-columns is-layout-flex wp-container-core-columns-is-layout-9d6595d7 wp-block-columns-is-layout-flex\">\n<div class=\"wp-block-column is-layout-flow wp-block-column-is-layout-flow\">\n<figure class=\"wp-block-image size-full\"><img decoding=\"async\" width=\"750\" height=\"750\" src=\"https:\/\/www.stanleypackage.com\/wp-content\/uploads\/2025\/04\/Custom-Candy-Pouches-Jelly-Candy-Stand-Up-Pouches-Wholesale-4.webp\" alt=\"Pochettes de bonbons personnalis\u00e9es, pochettes de bonbons en gel\u00e9e en gros-4\" class=\"wp-image-1522\" srcset=\"https:\/\/www.stanleypackage.com\/wp-content\/uploads\/2025\/04\/Custom-Candy-Pouches-Jelly-Candy-Stand-Up-Pouches-Wholesale-4.webp 750w, https:\/\/www.stanleypackage.com\/wp-content\/uploads\/2025\/04\/Custom-Candy-Pouches-Jelly-Candy-Stand-Up-Pouches-Wholesale-4-300x300.webp 300w, https:\/\/www.stanleypackage.com\/wp-content\/uploads\/2025\/04\/Custom-Candy-Pouches-Jelly-Candy-Stand-Up-Pouches-Wholesale-4-150x150.webp 150w, https:\/\/www.stanleypackage.com\/wp-content\/uploads\/2025\/04\/Custom-Candy-Pouches-Jelly-Candy-Stand-Up-Pouches-Wholesale-4-600x600.webp 600w, https:\/\/www.stanleypackage.com\/wp-content\/uploads\/2025\/04\/Custom-Candy-Pouches-Jelly-Candy-Stand-Up-Pouches-Wholesale-4-100x100.webp 100w\" sizes=\"(max-width: 750px) 100vw, 750px\" \/><\/figure>\n<\/div>\n\n\n\n<div class=\"wp-block-column is-layout-flow wp-block-column-is-layout-flow\">\n<figure class=\"wp-block-image size-full\"><img decoding=\"async\" width=\"750\" height=\"750\" src=\"https:\/\/www.stanleypackage.com\/wp-content\/uploads\/2025\/04\/Custom-Candy-Pouches-Jelly-Candy-Stand-Up-Pouches-Wholesale-3.webp\" alt=\"Pochettes de bonbons personnalis\u00e9es, pochettes de bonbons en gel\u00e9e en gros-3\" class=\"wp-image-1521\" srcset=\"https:\/\/www.stanleypackage.com\/wp-content\/uploads\/2025\/04\/Custom-Candy-Pouches-Jelly-Candy-Stand-Up-Pouches-Wholesale-3.webp 750w, https:\/\/www.stanleypackage.com\/wp-content\/uploads\/2025\/04\/Custom-Candy-Pouches-Jelly-Candy-Stand-Up-Pouches-Wholesale-3-300x300.webp 300w, https:\/\/www.stanleypackage.com\/wp-content\/uploads\/2025\/04\/Custom-Candy-Pouches-Jelly-Candy-Stand-Up-Pouches-Wholesale-3-150x150.webp 150w, https:\/\/www.stanleypackage.com\/wp-content\/uploads\/2025\/04\/Custom-Candy-Pouches-Jelly-Candy-Stand-Up-Pouches-Wholesale-3-600x600.webp 600w, https:\/\/www.stanleypackage.com\/wp-content\/uploads\/2025\/04\/Custom-Candy-Pouches-Jelly-Candy-Stand-Up-Pouches-Wholesale-3-100x100.webp 100w\" sizes=\"(max-width: 750px) 100vw, 750px\" \/><\/figure>\n<\/div>\n<\/div>\n<\/div>\n<\/div>","protected":false},"excerpt":{"rendered":"<p>Bienvenue aux sachets de bonbons personnalis\u00e9s. Nos sachets de bonbons en gel\u00e9e sont fabriqu\u00e9s en mat\u00e9riaux composites PET\/PE, avec une structure stable, une impression exquise et une fen\u00eatre claire pour pr\u00e9senter les produits de mani\u00e8re intuitive, ce qui est \u00e0 la fois visuellement attrayant et pratique.<\/p>\n<table style=\"border-collapse: collapse; width: 365.02pt;\" border=\"0\" width=\"365\" cellspacing=\"0\" cellpadding=\"0\">\n<tbody>\n<tr style=\"height: 16.00pt;\">\n<td class=\"et2\" style=\"height: 16.00pt; width: 97.50pt;\" width=\"97\" height=\"16\">Fabricant<\/td>\n<td class=\"et2\" style=\"width: 267.50pt;\" width=\"267\">Stanley<\/td>\n<\/tr>\n<tr style=\"height: 16.00pt;\">\n<td class=\"et2\" style=\"height: 16.00pt; width: 97.50pt;\" width=\"97\" height=\"16\">Types de pochettes<\/td>\n<td class=\"et2\" style=\"width: 267.50pt;\" width=\"267\">Pochette Stand Up<\/td>\n<\/tr>\n<tr style=\"height: 16.00pt;\">\n<td class=\"et2\" style=\"height: 16.00pt; width: 97.50pt;\" width=\"97\" height=\"16\">Mat\u00e9riau<\/td>\n<td class=\"et2\" style=\"width: 267.50pt;\" width=\"267\">PET12\/PE95<\/td>\n<\/tr>\n<tr style=\"height: 16.00pt;\">\n<td class=\"et2\" style=\"height: 16.00pt; width: 97.50pt;\" width=\"97\" height=\"16\">Dossier sp\u00e9cial<\/td>\n<td class=\"et2\" style=\"width: 267.50pt;\" width=\"267\">Remplissage sup\u00e9rieur, encoche de d\u00e9chirure, fen\u00eatre transparente<\/td>\n<\/tr>\n<tr style=\"height: 16.00pt;\">\n<td class=\"et2\" style=\"height: 16.00pt; width: 97.50pt;\" width=\"97\" height=\"16\">Manipulation de surface<\/td>\n<td class=\"et2\" style=\"width: 267.50pt;\" width=\"267\">Impression en h\u00e9liogravure<\/td>\n<\/tr>\n<tr style=\"height: 16.00pt;\">\n<td class=\"et2\" style=\"height: 16.00pt; width: 97.50pt;\" width=\"97\" height=\"16\">Couleur<\/td>\n<td class=\"et2\" style=\"width: 267.50pt;\" width=\"267\">Impression double face, jusqu'\u00e0 10 couleurs<\/td>\n<\/tr>\n<tr style=\"height: 16.00pt;\">\n<td class=\"et2\" style=\"height: 16.00pt; width: 97.50pt;\" width=\"97\" height=\"16\">Utilisation<\/td>\n<td class=\"et2\" style=\"width: 267.50pt;\" width=\"267\">G\u00e9latine, Bonbons, Fruits secs, Chips<\/td>\n<\/tr>\n<tr style=\"height: 16.00pt;\">\n<td class=\"et2\" style=\"height: 16.00pt; width: 97.50pt;\" width=\"97\" height=\"16\">MOQ<\/td>\n<td class=\"et2\" style=\"width: 267.50pt;\" width=\"267\">50 000 pi\u00e8ces<\/td>\n<\/tr>\n<tr style=\"height: 16.00pt;\">\n<td class=\"et2\" style=\"height: 16.00pt; width: 97.50pt;\" width=\"97\" height=\"16\">Commande personnalis\u00e9e<\/td>\n<td class=\"et2\" style=\"width: 267.50pt;\" width=\"267\">Acceptation de l'OEM et de l'ODM, prise en charge de l'\u00e9chantillonnage gratuit<\/td>\n<\/tr>\n<\/tbody>\n<\/table>","protected":false},"featured_media":1519,"comment_status":"closed","ping_status":"closed","template":"","meta":{"_acf_changed":false},"product_brand":[],"product_cat":[30],"product_tag":[],"class_list":{"0":"post-1518","1":"product","2":"type-product","3":"status-publish","4":"has-post-thumbnail","6":"product_cat-stand-up-pouch-manufacturer","7":"pa_food-packaging-snack-food-pouch","9":"first","10":"instock","11":"shipping-taxable","12":"product-type-simple"},"acf":[],"_links":{"self":[{"href":"https:\/\/www.stanleypackage.com\/fr\/wp-json\/wp\/v2\/product\/1518","targetHints":{"allow":["GET"]}}],"collection":[{"href":"https:\/\/www.stanleypackage.com\/fr\/wp-json\/wp\/v2\/product"}],"about":[{"href":"https:\/\/www.stanleypackage.com\/fr\/wp-json\/wp\/v2\/types\/product"}],"replies":[{"embeddable":true,"href":"https:\/\/www.stanleypackage.com\/fr\/wp-json\/wp\/v2\/comments?post=1518"}],"wp:featuredmedia":[{"embeddable":true,"href":"https:\/\/www.stanleypackage.com\/fr\/wp-json\/wp\/v2\/media\/1519"}],"wp:attachment":[{"href":"https:\/\/www.stanleypackage.com\/fr\/wp-json\/wp\/v2\/media?parent=1518"}],"wp:term":[{"taxonomy":"product_brand","embeddable":true,"href":"https:\/\/www.stanleypackage.com\/fr\/wp-json\/wp\/v2\/product_brand?post=1518"},{"taxonomy":"product_cat","embeddable":true,"href":"https:\/\/www.stanleypackage.com\/fr\/wp-json\/wp\/v2\/product_cat?post=1518"},{"taxonomy":"product_tag","embeddable":true,"href":"https:\/\/www.stanleypackage.com\/fr\/wp-json\/wp\/v2\/product_tag?post=1518"}],"curies":[{"name":"wp","href":"https:\/\/api.w.org\/{rel}","templated":true}]}}