{"id":1525,"date":"2025-04-10T08:09:13","date_gmt":"2025-04-10T08:09:13","guid":{"rendered":"https:\/\/www.stanleypackage.com\/?post_type=product&#038;p=1525"},"modified":"2025-04-10T08:40:40","modified_gmt":"2025-04-10T08:40:40","slug":"custom-snack-pouch-wholesale","status":"publish","type":"product","link":"https:\/\/www.stanleypackage.com\/fr\/product\/custom-snack-pouch-wholesale\/","title":{"rendered":"Pochette Snack personnalis\u00e9e, Pochette scell\u00e9e 3 c\u00f4t\u00e9s pour biscuits en gros"},"content":{"rendered":"<div class=\"wp-block-columns is-layout-flex wp-container-core-columns-is-layout-9d6595d7 wp-block-columns-is-layout-flex\">\n<div class=\"wp-block-column is-layout-flow wp-block-column-is-layout-flow\">\n<h2 class=\"wp-block-heading\">Caract\u00e9ristiques des pochettes Snack personnalis\u00e9es<\/h2>\n\n\n\n<ul class=\"wp-block-list\">\n<li><strong>Joint d'\u00e9tanch\u00e9it\u00e9 \u00e0 trois c\u00f4t\u00e9s, structure compacte : <\/strong>Cette pochette \u00e0 collation personnalis\u00e9e est un type de sac \u00e0 trois c\u00f4t\u00e9s, plat et ordinaire, qui prend moins de place et qui est pratique \u00e0 empiler et \u00e0 transporter par lots.<\/li>\n\n\n\n<li><strong>Remplissage par le bas, fermeture ferme : <\/strong>Ce sachet \u00e0 triple soudure peut \u00eatre adapt\u00e9 aux lignes de production automatiques ou manuelles. La soudure est stable et ne fuit pas facilement, ce qui garantit l'int\u00e9grit\u00e9 de l'emballage.<\/li>\n\n\n\n<li><strong>Facile \u00e0 d\u00e9chirer, facile \u00e0 ouvrir : <\/strong>Nos sachets de snacks personnalis\u00e9s sont dot\u00e9s d'une encoche facile \u00e0 d\u00e9chirer, qui peut \u00eatre facilement ouverte sans ciseaux, ce qui am\u00e9liore l'exp\u00e9rience de l'utilisateur.<\/li>\n\n\n\n<li><strong>Le trou de suspension permet une pr\u00e9sentation flexible : <\/strong>Notre pochette de gros \u00e0 trois c\u00f4t\u00e9s est munie d'un crochet, ce qui permet de la pr\u00e9senter dans les rayons des supermarch\u00e9s en position expos\u00e9e.<\/li>\n\n\n\n<li><strong>Structure en mat\u00e9riau composite, r\u00e9sistant \u00e0 l'humidit\u00e9 et conservant la fra\u00eecheur : <\/strong>Ces sachets personnalis\u00e9s pour snacks sont fabriqu\u00e9s en mat\u00e9riau composite PET12\/AL7\/PE105, qui a un bon effet de barri\u00e8re contre l'oxyg\u00e8ne et l'humidit\u00e9, prolongeant ainsi la dur\u00e9e de conservation des snacks.<\/li>\n\n\n\n<li><strong>Prise en charge de l'impression recto-verso de haute qualit\u00e9 :<\/strong> Notre pochette \u00e0 sceller sur trois c\u00f4t\u00e9s est imprim\u00e9e en h\u00e9liogravure, ce qui permet aux marques d'am\u00e9liorer la reconnaissance visuelle et de cr\u00e9er une image d'emballage unique.<\/li>\n<\/ul>\n\n\n\n<div class=\"wp-block-columns is-layout-flex wp-container-core-columns-is-layout-9d6595d7 wp-block-columns-is-layout-flex\">\n<div class=\"wp-block-column is-layout-flow wp-block-column-is-layout-flow\">\n<figure class=\"wp-block-image size-full\"><img decoding=\"async\" width=\"750\" height=\"750\" src=\"https:\/\/www.stanleypackage.com\/wp-content\/uploads\/2025\/04\/Custom-Snack-Pouch-Wholesale-3-Side-Seal-Pouch-for-Biscuit-3.webp\" alt=\"Pochette Snack personnalis\u00e9e, Pochette scell\u00e9e 3 c\u00f4t\u00e9s en gros pour Biscuit-3\" class=\"wp-image-1528\" srcset=\"https:\/\/www.stanleypackage.com\/wp-content\/uploads\/2025\/04\/Custom-Snack-Pouch-Wholesale-3-Side-Seal-Pouch-for-Biscuit-3.webp 750w, https:\/\/www.stanleypackage.com\/wp-content\/uploads\/2025\/04\/Custom-Snack-Pouch-Wholesale-3-Side-Seal-Pouch-for-Biscuit-3-300x300.webp 300w, https:\/\/www.stanleypackage.com\/wp-content\/uploads\/2025\/04\/Custom-Snack-Pouch-Wholesale-3-Side-Seal-Pouch-for-Biscuit-3-150x150.webp 150w, https:\/\/www.stanleypackage.com\/wp-content\/uploads\/2025\/04\/Custom-Snack-Pouch-Wholesale-3-Side-Seal-Pouch-for-Biscuit-3-600x600.webp 600w, https:\/\/www.stanleypackage.com\/wp-content\/uploads\/2025\/04\/Custom-Snack-Pouch-Wholesale-3-Side-Seal-Pouch-for-Biscuit-3-100x100.webp 100w\" sizes=\"(max-width: 750px) 100vw, 750px\" \/><\/figure>\n<\/div>\n\n\n\n<div class=\"wp-block-column is-layout-flow wp-block-column-is-layout-flow\">\n<figure class=\"wp-block-image size-full\"><img decoding=\"async\" width=\"750\" height=\"750\" src=\"https:\/\/www.stanleypackage.com\/wp-content\/uploads\/2025\/04\/Custom-Snack-Pouch-Wholesale-3-Side-Seal-Pouch-for-Biscuit-1.webp\" alt=\"Pochette Snack personnalis\u00e9e, Pochette scell\u00e9e sur 3 c\u00f4t\u00e9s pour biscuits-1\" class=\"wp-image-1526\" srcset=\"https:\/\/www.stanleypackage.com\/wp-content\/uploads\/2025\/04\/Custom-Snack-Pouch-Wholesale-3-Side-Seal-Pouch-for-Biscuit-1.webp 750w, https:\/\/www.stanleypackage.com\/wp-content\/uploads\/2025\/04\/Custom-Snack-Pouch-Wholesale-3-Side-Seal-Pouch-for-Biscuit-1-300x300.webp 300w, https:\/\/www.stanleypackage.com\/wp-content\/uploads\/2025\/04\/Custom-Snack-Pouch-Wholesale-3-Side-Seal-Pouch-for-Biscuit-1-150x150.webp 150w, https:\/\/www.stanleypackage.com\/wp-content\/uploads\/2025\/04\/Custom-Snack-Pouch-Wholesale-3-Side-Seal-Pouch-for-Biscuit-1-600x600.webp 600w, https:\/\/www.stanleypackage.com\/wp-content\/uploads\/2025\/04\/Custom-Snack-Pouch-Wholesale-3-Side-Seal-Pouch-for-Biscuit-1-100x100.webp 100w\" sizes=\"(max-width: 750px) 100vw, 750px\" \/><\/figure>\n<\/div>\n<\/div>\n<\/div>\n<\/div>","protected":false},"excerpt":{"rendered":"<p>Bienvenue aux sachets pour snacks personnalis\u00e9s. Nos sachets \u00e0 sceller sur trois c\u00f4t\u00e9s ont une grande capacit\u00e9 de barri\u00e8re et de scellage. Ils peuvent \u00eatre imprim\u00e9s sur deux faces et conviennent pour les snacks tels que les biscuits, les bonbons, les fruits secs, les chips, etc.<\/p>\n<table style=\"border-collapse: collapse; width: 365.02pt;\" border=\"0\" width=\"365\" cellspacing=\"0\" cellpadding=\"0\">\n<tbody>\n<tr style=\"height: 16.00pt;\">\n<td class=\"et2\" style=\"height: 16.00pt; width: 97.50pt;\" width=\"97\" height=\"16\">Fabricant<\/td>\n<td class=\"et2\" style=\"width: 267.50pt;\" width=\"267\">Stanley<\/td>\n<\/tr>\n<tr style=\"height: 16.00pt;\">\n<td class=\"et2\" style=\"height: 16.00pt; width: 97.50pt;\" width=\"97\" height=\"16\">Types de pochettes<\/td>\n<td class=\"et2\" style=\"width: 267.50pt;\" width=\"267\">Pochette \u00e0 plat, pochette scell\u00e9e sur trois c\u00f4t\u00e9s<\/td>\n<\/tr>\n<tr style=\"height: 16.00pt;\">\n<td class=\"et2\" style=\"height: 16.00pt; width: 97.50pt;\" width=\"97\" height=\"16\">Mat\u00e9riau<\/td>\n<td class=\"et2\" style=\"width: 267.50pt;\" width=\"267\">PET12\/AL7\/PE105<\/td>\n<\/tr>\n<tr style=\"height: 16.00pt;\">\n<td class=\"et2\" style=\"height: 16.00pt; width: 97.50pt;\" width=\"97\" height=\"16\">Dossier sp\u00e9cial<\/td>\n<td class=\"et2\" style=\"width: 267.50pt;\" width=\"267\">Remplissage du fond, encoche de d\u00e9chirure, trou de suspension<\/td>\n<\/tr>\n<tr style=\"height: 16.00pt;\">\n<td class=\"et2\" style=\"height: 16.00pt; width: 97.50pt;\" width=\"97\" height=\"16\">Manipulation de surface<\/td>\n<td class=\"et2\" style=\"width: 267.50pt;\" width=\"267\">Impression en h\u00e9liogravure<\/td>\n<\/tr>\n<tr style=\"height: 16.00pt;\">\n<td class=\"et2\" style=\"height: 16.00pt; width: 97.50pt;\" width=\"97\" height=\"16\">Couleur<\/td>\n<td class=\"et2\" style=\"width: 267.50pt;\" width=\"267\">Impression double face, jusqu'\u00e0 10 couleurs<\/td>\n<\/tr>\n<tr style=\"height: 16.00pt;\">\n<td class=\"et2\" style=\"height: 16.00pt; width: 97.50pt;\" width=\"97\" height=\"16\">Utilisation<\/td>\n<td class=\"et2\" style=\"width: 267.50pt;\" width=\"267\">Biscuits, bonbons, fruits secs, chips<\/td>\n<\/tr>\n<tr style=\"height: 16.00pt;\">\n<td class=\"et2\" style=\"height: 16.00pt; width: 97.50pt;\" width=\"97\" height=\"16\">MOQ<\/td>\n<td class=\"et2\" style=\"width: 267.50pt;\" width=\"267\">50 000 pi\u00e8ces<\/td>\n<\/tr>\n<tr style=\"height: 16.00pt;\">\n<td class=\"et2\" style=\"height: 16.00pt; width: 97.50pt;\" width=\"97\" height=\"16\">Commande personnalis\u00e9e<\/td>\n<td class=\"et2\" style=\"width: 267.50pt;\" width=\"267\">Acceptation de l'OEM et de l'ODM, prise en charge de l'\u00e9chantillonnage gratuit<\/td>\n<\/tr>\n<\/tbody>\n<\/table>","protected":false},"featured_media":1531,"comment_status":"closed","ping_status":"closed","template":"","meta":{"_acf_changed":false},"product_brand":[],"product_cat":[28,31],"product_tag":[],"class_list":{"0":"post-1525","1":"product","2":"type-product","3":"status-publish","4":"has-post-thumbnail","6":"product_cat-three-side-seal-pouch-manufacturer","7":"product_cat-lay-flat-pouch-manufacturer","8":"pa_food-packaging-snack-food-pouch","10":"first","11":"instock","12":"shipping-taxable","13":"product-type-simple"},"acf":[],"_links":{"self":[{"href":"https:\/\/www.stanleypackage.com\/fr\/wp-json\/wp\/v2\/product\/1525","targetHints":{"allow":["GET"]}}],"collection":[{"href":"https:\/\/www.stanleypackage.com\/fr\/wp-json\/wp\/v2\/product"}],"about":[{"href":"https:\/\/www.stanleypackage.com\/fr\/wp-json\/wp\/v2\/types\/product"}],"replies":[{"embeddable":true,"href":"https:\/\/www.stanleypackage.com\/fr\/wp-json\/wp\/v2\/comments?post=1525"}],"wp:featuredmedia":[{"embeddable":true,"href":"https:\/\/www.stanleypackage.com\/fr\/wp-json\/wp\/v2\/media\/1531"}],"wp:attachment":[{"href":"https:\/\/www.stanleypackage.com\/fr\/wp-json\/wp\/v2\/media?parent=1525"}],"wp:term":[{"taxonomy":"product_brand","embeddable":true,"href":"https:\/\/www.stanleypackage.com\/fr\/wp-json\/wp\/v2\/product_brand?post=1525"},{"taxonomy":"product_cat","embeddable":true,"href":"https:\/\/www.stanleypackage.com\/fr\/wp-json\/wp\/v2\/product_cat?post=1525"},{"taxonomy":"product_tag","embeddable":true,"href":"https:\/\/www.stanleypackage.com\/fr\/wp-json\/wp\/v2\/product_tag?post=1525"}],"curies":[{"name":"wp","href":"https:\/\/api.w.org\/{rel}","templated":true}]}}