{"id":1532,"date":"2025-04-10T08:41:36","date_gmt":"2025-04-10T08:41:36","guid":{"rendered":"https:\/\/www.stanleypackage.com\/?post_type=product&#038;p=1532"},"modified":"2025-04-10T09:12:46","modified_gmt":"2025-04-10T09:12:46","slug":"spouted-pouches-wholesale","status":"publish","type":"product","link":"https:\/\/www.stanleypackage.com\/fr\/product\/spouted-pouches-wholesale\/","title":{"rendered":"Sachets \u00e0 goulot debout grossiste pour d\u00e9tergent de blanchisserie"},"content":{"rendered":"<div class=\"wp-block-columns is-layout-flex wp-container-core-columns-is-layout-9d6595d7 wp-block-columns-is-layout-flex\">\n<div class=\"wp-block-column is-layout-flow wp-block-column-is-layout-flow\">\n<h2 class=\"wp-block-heading\">Caract\u00e9ristiques des sachets \u00e0 becs en gros<\/h2>\n\n\n\n<ul class=\"wp-block-list\">\n<li><strong>Conception de la buse d'aspiration, facile \u00e0 verser : <\/strong>Ces sachets \u00e0 becs en gros sont \u00e9quip\u00e9s d'un bec verseur facile \u00e0 utiliser, qui est plus propre et plus hygi\u00e9nique et qui \u00e9vite les d\u00e9bordements.<\/li>\n\n\n\n<li><strong>Fond autoportant, affichage stable : <\/strong>La conception verticale de ces sachets de d\u00e9tergent personnalis\u00e9s ne permet pas de les faire basculer, ce qui est pratique pour le stockage \u00e0 domicile.<\/li>\n\n\n\n<li><strong>Impression recto-verso, visuellement remarquable : <\/strong>Nos sachets \u00e0 goulot en gros peuvent \u00eatre imprim\u00e9s en h\u00e9liogravure jusqu'\u00e0 10 couleurs, ce qui met en valeur l'image haut de gamme de la marque et attire l'attention des consommateurs.<\/li>\n\n\n\n<li><strong>Structure multicouche, barri\u00e8re solide : <\/strong>Nos sachets de d\u00e9tergent personnalis\u00e9s utilisent des mat\u00e9riaux composites PET12\/BOPA15\/MBPE120, qui pr\u00e9sentent de bonnes propri\u00e9t\u00e9s de r\u00e9sistance \u00e0 l'humidit\u00e9, \u00e0 l'oxyg\u00e8ne et \u00e0 la perforation.<\/li>\n\n\n\n<li><strong>Largement utilis\u00e9, il convient \u00e0 une vari\u00e9t\u00e9 de produits de nettoyage : <\/strong>Ces sachets \u00e0 bec verseur en gros conviennent \u00e0 une vari\u00e9t\u00e9 de produits chimiques quotidiens tels que le d\u00e9tergent \u00e0 lessive, la lessive en poudre, le savon liquide, l'adoucisseur, etc.<\/li>\n\n\n\n<li><strong>S'adapter au remplissage automatique : <\/strong>Ces sachets de d\u00e9tergent sur mesure conviennent aux lignes de production automatis\u00e9es afin d'am\u00e9liorer l'efficacit\u00e9 de l'emballage et l'uniformit\u00e9 du produit.<\/li>\n<\/ul>\n\n\n\n<div class=\"wp-block-columns is-layout-flex wp-container-core-columns-is-layout-9d6595d7 wp-block-columns-is-layout-flex\">\n<div class=\"wp-block-column is-layout-flow wp-block-column-is-layout-flow\">\n<figure class=\"wp-block-image size-full\"><img decoding=\"async\" width=\"750\" height=\"750\" src=\"https:\/\/www.stanleypackage.com\/wp-content\/uploads\/2025\/04\/Stand-Up-Spouted-Pouches-Wholesale-For-Laundry-Detergent-8.webp\" alt=\"Stand Up Spouted Pouches Wholesale For Laundry Detergent-8\" class=\"wp-image-1540\" srcset=\"https:\/\/www.stanleypackage.com\/wp-content\/uploads\/2025\/04\/Stand-Up-Spouted-Pouches-Wholesale-For-Laundry-Detergent-8.webp 750w, https:\/\/www.stanleypackage.com\/wp-content\/uploads\/2025\/04\/Stand-Up-Spouted-Pouches-Wholesale-For-Laundry-Detergent-8-300x300.webp 300w, https:\/\/www.stanleypackage.com\/wp-content\/uploads\/2025\/04\/Stand-Up-Spouted-Pouches-Wholesale-For-Laundry-Detergent-8-150x150.webp 150w, https:\/\/www.stanleypackage.com\/wp-content\/uploads\/2025\/04\/Stand-Up-Spouted-Pouches-Wholesale-For-Laundry-Detergent-8-600x600.webp 600w, https:\/\/www.stanleypackage.com\/wp-content\/uploads\/2025\/04\/Stand-Up-Spouted-Pouches-Wholesale-For-Laundry-Detergent-8-100x100.webp 100w\" sizes=\"(max-width: 750px) 100vw, 750px\" \/><\/figure>\n<\/div>\n\n\n\n<div class=\"wp-block-column is-layout-flow wp-block-column-is-layout-flow\">\n<figure class=\"wp-block-image size-full\"><img decoding=\"async\" width=\"750\" height=\"750\" src=\"https:\/\/www.stanleypackage.com\/wp-content\/uploads\/2025\/04\/Stand-Up-Spouted-Pouches-Wholesale-For-Laundry-Detergent-6.webp\" alt=\"Stand Up Spouted Pouches Wholesale For Laundry Detergent-6\" class=\"wp-image-1538\" srcset=\"https:\/\/www.stanleypackage.com\/wp-content\/uploads\/2025\/04\/Stand-Up-Spouted-Pouches-Wholesale-For-Laundry-Detergent-6.webp 750w, https:\/\/www.stanleypackage.com\/wp-content\/uploads\/2025\/04\/Stand-Up-Spouted-Pouches-Wholesale-For-Laundry-Detergent-6-300x300.webp 300w, https:\/\/www.stanleypackage.com\/wp-content\/uploads\/2025\/04\/Stand-Up-Spouted-Pouches-Wholesale-For-Laundry-Detergent-6-150x150.webp 150w, https:\/\/www.stanleypackage.com\/wp-content\/uploads\/2025\/04\/Stand-Up-Spouted-Pouches-Wholesale-For-Laundry-Detergent-6-600x600.webp 600w, https:\/\/www.stanleypackage.com\/wp-content\/uploads\/2025\/04\/Stand-Up-Spouted-Pouches-Wholesale-For-Laundry-Detergent-6-100x100.webp 100w\" sizes=\"(max-width: 750px) 100vw, 750px\" \/><\/figure>\n<\/div>\n<\/div>\n<\/div>\n<\/div>","protected":false},"excerpt":{"rendered":"<p>Bienvenue aux sachets de d\u00e9tergent personnalis\u00e9s. Ces sachets \u00e0 bec haut de gamme ont une excellente \u00e9tanch\u00e9it\u00e9 et durabilit\u00e9, sont \u00e9quip\u00e9s d'un fond stable et sont largement utilis\u00e9s dans l'emballage des produits de nettoyage tels que le d\u00e9tergent \u00e0 lessive, la lessive en poudre, le savon liquide, etc.<\/p>\n<table style=\"border-collapse: collapse; width: 365.02pt;\" border=\"0\" width=\"365\" cellspacing=\"0\" cellpadding=\"0\">\n<tbody>\n<tr style=\"height: 16.00pt;\">\n<td class=\"et2\" style=\"height: 16.00pt; width: 97.50pt;\" width=\"97\" height=\"16\">Fabricant<\/td>\n<td class=\"et2\" style=\"width: 267.50pt;\" width=\"267\">Stanley<\/td>\n<\/tr>\n<tr style=\"height: 16.00pt;\">\n<td class=\"et2\" style=\"height: 16.00pt; width: 97.50pt;\" width=\"97\" height=\"16\">Types de pochettes<\/td>\n<td class=\"et2\" style=\"width: 267.50pt;\" width=\"267\">Pochette \u00e0 bec, pochette \u00e0 hauteur d'homme<\/td>\n<\/tr>\n<tr style=\"height: 16.00pt;\">\n<td class=\"et2\" style=\"height: 16.00pt; width: 97.50pt;\" width=\"97\" height=\"16\">Mat\u00e9riau<\/td>\n<td class=\"et2\" style=\"width: 267.50pt;\" width=\"267\">PET12\/BOPA15\/MBPE120<\/td>\n<\/tr>\n<tr style=\"height: 16.00pt;\">\n<td class=\"et2\" style=\"height: 16.00pt; width: 97.50pt;\" width=\"97\" height=\"16\">Dossier sp\u00e9cial<\/td>\n<td class=\"et2\" style=\"width: 267.50pt;\" width=\"267\">Bec verseur, fond autoportant<\/td>\n<\/tr>\n<tr style=\"height: 16.00pt;\">\n<td class=\"et2\" style=\"height: 16.00pt; width: 97.50pt;\" width=\"97\" height=\"16\">Manipulation de surface<\/td>\n<td class=\"et2\" style=\"width: 267.50pt;\" width=\"267\">Impression en h\u00e9liogravure<\/td>\n<\/tr>\n<tr style=\"height: 16.00pt;\">\n<td class=\"et2\" style=\"height: 16.00pt; width: 97.50pt;\" width=\"97\" height=\"16\">Couleur<\/td>\n<td class=\"et2\" style=\"width: 267.50pt;\" width=\"267\">Impression double face, jusqu'\u00e0 10 couleurs<\/td>\n<\/tr>\n<tr style=\"height: 16.00pt;\">\n<td class=\"et2\" style=\"height: 16.00pt; width: 97.50pt;\" width=\"97\" height=\"16\">Utilisation<\/td>\n<td class=\"et2\" style=\"width: 267.50pt;\" width=\"267\">D\u00e9tergent pour le linge, lessive, savon liquide<\/td>\n<\/tr>\n<tr style=\"height: 16.00pt;\">\n<td class=\"et2\" style=\"height: 16.00pt; width: 97.50pt;\" width=\"97\" height=\"16\">MOQ<\/td>\n<td class=\"et2\" style=\"width: 267.50pt;\" width=\"267\">50 000 pi\u00e8ces<\/td>\n<\/tr>\n<tr style=\"height: 16.00pt;\">\n<td class=\"et2\" style=\"height: 16.00pt; width: 97.50pt;\" width=\"97\" height=\"16\">Commande personnalis\u00e9e<\/td>\n<td class=\"et2\" style=\"width: 267.50pt;\" width=\"267\">Acceptation de l'OEM et de l'ODM, prise en charge de l'\u00e9chantillonnage gratuit<\/td>\n<\/tr>\n<\/tbody>\n<\/table>","protected":false},"featured_media":1539,"comment_status":"closed","ping_status":"closed","template":"","meta":{"_acf_changed":false},"product_brand":[],"product_cat":[32,30],"product_tag":[],"class_list":{"0":"post-1532","1":"product","2":"type-product","3":"status-publish","4":"has-post-thumbnail","6":"product_cat-spout-pouch-manufacturer","7":"product_cat-stand-up-pouch-manufacturer","8":"pa_non-food-packaging-soap-detergent-pouches","10":"first","11":"instock","12":"shipping-taxable","13":"product-type-simple"},"acf":[],"_links":{"self":[{"href":"https:\/\/www.stanleypackage.com\/fr\/wp-json\/wp\/v2\/product\/1532","targetHints":{"allow":["GET"]}}],"collection":[{"href":"https:\/\/www.stanleypackage.com\/fr\/wp-json\/wp\/v2\/product"}],"about":[{"href":"https:\/\/www.stanleypackage.com\/fr\/wp-json\/wp\/v2\/types\/product"}],"replies":[{"embeddable":true,"href":"https:\/\/www.stanleypackage.com\/fr\/wp-json\/wp\/v2\/comments?post=1532"}],"wp:featuredmedia":[{"embeddable":true,"href":"https:\/\/www.stanleypackage.com\/fr\/wp-json\/wp\/v2\/media\/1539"}],"wp:attachment":[{"href":"https:\/\/www.stanleypackage.com\/fr\/wp-json\/wp\/v2\/media?parent=1532"}],"wp:term":[{"taxonomy":"product_brand","embeddable":true,"href":"https:\/\/www.stanleypackage.com\/fr\/wp-json\/wp\/v2\/product_brand?post=1532"},{"taxonomy":"product_cat","embeddable":true,"href":"https:\/\/www.stanleypackage.com\/fr\/wp-json\/wp\/v2\/product_cat?post=1532"},{"taxonomy":"product_tag","embeddable":true,"href":"https:\/\/www.stanleypackage.com\/fr\/wp-json\/wp\/v2\/product_tag?post=1532"}],"curies":[{"name":"wp","href":"https:\/\/api.w.org\/{rel}","templated":true}]}}