{"id":1541,"date":"2025-04-10T09:12:58","date_gmt":"2025-04-10T09:12:58","guid":{"rendered":"https:\/\/www.stanleypackage.com\/?post_type=product&#038;p=1541"},"modified":"2025-04-10T09:29:41","modified_gmt":"2025-04-10T09:29:41","slug":"custom-printing-stand-up-pouches","status":"publish","type":"product","link":"https:\/\/www.stanleypackage.com\/fr\/product\/custom-printing-stand-up-pouches\/","title":{"rendered":"Impression sur mesure de sachets \u00e0 fond plat, sacs de d\u00e9tergent en gros"},"content":{"rendered":"<div class=\"wp-block-columns is-layout-flex wp-container-core-columns-is-layout-9d6595d7 wp-block-columns-is-layout-flex\">\n<div class=\"wp-block-column is-layout-flow wp-block-column-is-layout-flow\">\n<h2 class=\"wp-block-heading\">Caract\u00e9ristiques de l'impression personnalis\u00e9e des pochettes \u00e0 rabat<\/h2>\n\n\n\n<ul class=\"wp-block-list\">\n<li><strong>La forme sp\u00e9ciale du sac permet d'am\u00e9liorer la reconnaissance de la marque : <\/strong>Ces pochettes imprim\u00e9es peuvent \u00eatre personnalis\u00e9es avec des formes uniques, comme la forme d'une bouteille, afin d'attirer l'attention des consommateurs.<\/li>\n\n\n\n<li><strong>Structure autoportante, affichage plus stable : <\/strong>Ces sacs de d\u00e9tergent en gros peuvent se tenir naturellement en bas, ce qui am\u00e9liore l'effet de pr\u00e9sentation en rayon et l'exp\u00e9rience de l'utilisateur.<\/li>\n\n\n\n<li><strong>Remplissage par le haut, adapt\u00e9 \u00e0 une vari\u00e9t\u00e9 de lignes de production : <\/strong>Ces sachets imprim\u00e9s sur mesure adoptent une conception de remplissage par le haut, ce qui est pratique pour le remplissage et le scellement \u00e0 grande vitesse de produits liquides ou en poudre.<\/li>\n\n\n\n<li><strong>Conception facile \u00e0 d\u00e9chirer, plus pratique \u00e0 ouvrir : <\/strong>Nos sacs de d\u00e9tergent en gros sont con\u00e7us avec une encoche facile \u00e0 d\u00e9chirer, les utilisateurs peuvent facilement les d\u00e9chirer \u00e0 la main sans outils, ce qui est pratique et sans souci.<\/li>\n\n\n\n<li><strong>Mat\u00e9riaux composites \u00e0 haute barri\u00e8re pour prot\u00e9ger la qualit\u00e9 du produit : <\/strong>Ces pochettes imprim\u00e9es personnalis\u00e9es sont fabriqu\u00e9es en mat\u00e9riaux composites PET12\/BOPA15\/MBPE115, qui sont r\u00e9sistants \u00e0 l'humidit\u00e9, \u00e0 l'oxydation et \u00e0 la perforation, ce qui prolonge la dur\u00e9e de conservation du produit.<\/li>\n\n\n\n<li><strong>Impression personnalis\u00e9e recto-verso de haute qualit\u00e9 : <\/strong>Nos sacs \u00e0 d\u00e9tergent en gros peuvent \u00eatre imprim\u00e9s en plusieurs couleurs et peuvent cr\u00e9er des effets d'emballage ayant un impact visuel selon les exigences de la marque.<\/li>\n<\/ul>\n\n\n\n<div class=\"wp-block-columns is-layout-flex wp-container-core-columns-is-layout-9d6595d7 wp-block-columns-is-layout-flex\">\n<div class=\"wp-block-column is-layout-flow wp-block-column-is-layout-flow\">\n<figure class=\"wp-block-image size-full\"><img decoding=\"async\" width=\"750\" height=\"750\" src=\"https:\/\/www.stanleypackage.com\/wp-content\/uploads\/2025\/04\/Custom-Printing-Stand-Up-Pouches-Wholesale-Detergent-Bags-5.webp\" alt=\"Impression sur mesure de sachets \u00e0 fond plat, sacs de d\u00e9tergent en gros - 5\" class=\"wp-image-1546\" srcset=\"https:\/\/www.stanleypackage.com\/wp-content\/uploads\/2025\/04\/Custom-Printing-Stand-Up-Pouches-Wholesale-Detergent-Bags-5.webp 750w, https:\/\/www.stanleypackage.com\/wp-content\/uploads\/2025\/04\/Custom-Printing-Stand-Up-Pouches-Wholesale-Detergent-Bags-5-300x300.webp 300w, https:\/\/www.stanleypackage.com\/wp-content\/uploads\/2025\/04\/Custom-Printing-Stand-Up-Pouches-Wholesale-Detergent-Bags-5-150x150.webp 150w, https:\/\/www.stanleypackage.com\/wp-content\/uploads\/2025\/04\/Custom-Printing-Stand-Up-Pouches-Wholesale-Detergent-Bags-5-600x600.webp 600w, https:\/\/www.stanleypackage.com\/wp-content\/uploads\/2025\/04\/Custom-Printing-Stand-Up-Pouches-Wholesale-Detergent-Bags-5-100x100.webp 100w\" sizes=\"(max-width: 750px) 100vw, 750px\" \/><\/figure>\n<\/div>\n\n\n\n<div class=\"wp-block-column is-layout-flow wp-block-column-is-layout-flow\">\n<figure class=\"wp-block-image size-full\"><img decoding=\"async\" width=\"750\" height=\"750\" src=\"https:\/\/www.stanleypackage.com\/wp-content\/uploads\/2025\/04\/Custom-Printing-Stand-Up-Pouches-Wholesale-Detergent-Bags-4.webp\" alt=\"Impression sur mesure de sachets \u00e0 fond plat, sacs de d\u00e9tergent en gros - 4\" class=\"wp-image-1545\" srcset=\"https:\/\/www.stanleypackage.com\/wp-content\/uploads\/2025\/04\/Custom-Printing-Stand-Up-Pouches-Wholesale-Detergent-Bags-4.webp 750w, https:\/\/www.stanleypackage.com\/wp-content\/uploads\/2025\/04\/Custom-Printing-Stand-Up-Pouches-Wholesale-Detergent-Bags-4-300x300.webp 300w, https:\/\/www.stanleypackage.com\/wp-content\/uploads\/2025\/04\/Custom-Printing-Stand-Up-Pouches-Wholesale-Detergent-Bags-4-150x150.webp 150w, https:\/\/www.stanleypackage.com\/wp-content\/uploads\/2025\/04\/Custom-Printing-Stand-Up-Pouches-Wholesale-Detergent-Bags-4-600x600.webp 600w, https:\/\/www.stanleypackage.com\/wp-content\/uploads\/2025\/04\/Custom-Printing-Stand-Up-Pouches-Wholesale-Detergent-Bags-4-100x100.webp 100w\" sizes=\"(max-width: 750px) 100vw, 750px\" \/><\/figure>\n<\/div>\n<\/div>\n<\/div>\n<\/div>","protected":false},"excerpt":{"rendered":"<p>Bienvenue dans le domaine des sachets \u00e0 fond plat \u00e0 impression personnalis\u00e9e. Nos sachets pour d\u00e9tergents en gros peuvent prendre des formes sp\u00e9ciales et \u00eatre imprim\u00e9s sur les deux faces. Ils conviennent aux d\u00e9tergents liquides, aux d\u00e9tergents en poudre et \u00e0 d'autres articles, cr\u00e9ant ainsi une solution d'emballage sp\u00e9ciale pour votre marque.<\/p>\n<table style=\"border-collapse: collapse; width: 365.02pt;\" border=\"0\" width=\"365\" cellspacing=\"0\" cellpadding=\"0\">\n<tbody>\n<tr style=\"height: 16.00pt;\">\n<td class=\"et2\" style=\"height: 16.00pt; width: 97.50pt;\" width=\"97\" height=\"16\">Fabricant<\/td>\n<td class=\"et2\" style=\"width: 267.50pt;\" width=\"267\">Stanley<\/td>\n<\/tr>\n<tr style=\"height: 16.00pt;\">\n<td class=\"et2\" style=\"height: 16.00pt; width: 97.50pt;\" width=\"97\" height=\"16\">Types de pochettes<\/td>\n<td class=\"et2\" style=\"width: 267.50pt;\" width=\"267\">Stand Up Pouch, Special Shape Pouch (pochette de forme sp\u00e9ciale)<\/td>\n<\/tr>\n<tr style=\"height: 16.00pt;\">\n<td class=\"et2\" style=\"height: 16.00pt; width: 97.50pt;\" width=\"97\" height=\"16\">Mat\u00e9riau<\/td>\n<td class=\"et2\" style=\"width: 267.50pt;\" width=\"267\">PET12\/BOPA15\/MBPE115<\/td>\n<\/tr>\n<tr style=\"height: 16.00pt;\">\n<td class=\"et2\" style=\"height: 16.00pt; width: 97.50pt;\" width=\"97\" height=\"16\">Dossier sp\u00e9cial<\/td>\n<td class=\"et2\" style=\"width: 267.50pt;\" width=\"267\">Forme sp\u00e9ciale, encoche de d\u00e9chirure, remplissage sup\u00e9rieur<\/td>\n<\/tr>\n<tr style=\"height: 16.00pt;\">\n<td class=\"et2\" style=\"height: 16.00pt; width: 97.50pt;\" width=\"97\" height=\"16\">Manipulation de surface<\/td>\n<td class=\"et2\" style=\"width: 267.50pt;\" width=\"267\">Impression en h\u00e9liogravure<\/td>\n<\/tr>\n<tr style=\"height: 16.00pt;\">\n<td class=\"et2\" style=\"height: 16.00pt; width: 97.50pt;\" width=\"97\" height=\"16\">Couleur<\/td>\n<td class=\"et2\" style=\"width: 267.50pt;\" width=\"267\">Impression double face, jusqu'\u00e0 10 couleurs<\/td>\n<\/tr>\n<tr style=\"height: 16.00pt;\">\n<td class=\"et2\" style=\"height: 16.00pt; width: 97.50pt;\" width=\"97\" height=\"16\">Utilisation<\/td>\n<td class=\"et2\" style=\"width: 267.50pt;\" width=\"267\">D\u00e9tergent pour le linge, lessive, savon liquide<\/td>\n<\/tr>\n<tr style=\"height: 16.00pt;\">\n<td class=\"et2\" style=\"height: 16.00pt; width: 97.50pt;\" width=\"97\" height=\"16\">MOQ<\/td>\n<td class=\"et2\" style=\"width: 267.50pt;\" width=\"267\">50 000 pi\u00e8ces<\/td>\n<\/tr>\n<tr style=\"height: 16.00pt;\">\n<td class=\"et2\" style=\"height: 16.00pt; width: 97.50pt;\" width=\"97\" height=\"16\">Commande personnalis\u00e9e<\/td>\n<td class=\"et2\" style=\"width: 267.50pt;\" width=\"267\">Acceptation de l'OEM et de l'ODM, prise en charge de l'\u00e9chantillonnage gratuit<\/td>\n<\/tr>\n<\/tbody>\n<\/table>","protected":false},"featured_media":1544,"comment_status":"closed","ping_status":"closed","template":"","meta":{"_acf_changed":false},"product_brand":[],"product_cat":[30,22],"product_tag":[],"class_list":{"0":"post-1541","1":"product","2":"type-product","3":"status-publish","4":"has-post-thumbnail","6":"product_cat-stand-up-pouch-manufacturer","7":"product_cat-shaped-pouches-factory","8":"pa_non-food-packaging-soap-detergent-pouches","10":"first","11":"instock","12":"shipping-taxable","13":"product-type-simple"},"acf":[],"_links":{"self":[{"href":"https:\/\/www.stanleypackage.com\/fr\/wp-json\/wp\/v2\/product\/1541","targetHints":{"allow":["GET"]}}],"collection":[{"href":"https:\/\/www.stanleypackage.com\/fr\/wp-json\/wp\/v2\/product"}],"about":[{"href":"https:\/\/www.stanleypackage.com\/fr\/wp-json\/wp\/v2\/types\/product"}],"replies":[{"embeddable":true,"href":"https:\/\/www.stanleypackage.com\/fr\/wp-json\/wp\/v2\/comments?post=1541"}],"wp:featuredmedia":[{"embeddable":true,"href":"https:\/\/www.stanleypackage.com\/fr\/wp-json\/wp\/v2\/media\/1544"}],"wp:attachment":[{"href":"https:\/\/www.stanleypackage.com\/fr\/wp-json\/wp\/v2\/media?parent=1541"}],"wp:term":[{"taxonomy":"product_brand","embeddable":true,"href":"https:\/\/www.stanleypackage.com\/fr\/wp-json\/wp\/v2\/product_brand?post=1541"},{"taxonomy":"product_cat","embeddable":true,"href":"https:\/\/www.stanleypackage.com\/fr\/wp-json\/wp\/v2\/product_cat?post=1541"},{"taxonomy":"product_tag","embeddable":true,"href":"https:\/\/www.stanleypackage.com\/fr\/wp-json\/wp\/v2\/product_tag?post=1541"}],"curies":[{"name":"wp","href":"https:\/\/api.w.org\/{rel}","templated":true}]}}