{"id":1666,"date":"2025-04-15T06:15:07","date_gmt":"2025-04-15T06:15:07","guid":{"rendered":"https:\/\/www.stanleypackage.com\/?post_type=product&#038;p=1666"},"modified":"2025-09-03T09:18:42","modified_gmt":"2025-09-03T09:18:42","slug":"flexible-packaging-for-snacks","status":"publish","type":"product","link":"https:\/\/www.stanleypackage.com\/fr\/product\/flexible-packaging-for-snacks\/","title":{"rendered":"Emballages flexibles \u00e0 soudure arri\u00e8re sur mesure pour les snacks et les assaisonnements"},"content":{"rendered":"<div class=\"wp-block-columns is-layout-flex wp-container-core-columns-is-layout-9d6595d7 wp-block-columns-is-layout-flex\">\n<div class=\"wp-block-column is-layout-flow wp-block-column-is-layout-flow\">\n<h2 class=\"wp-block-heading\">Caract\u00e9ristiques de l'emballage flexible sur mesure pour les snacks<\/h2>\n\n\n\n<ul class=\"wp-block-list\">\n<li><strong>Structure mat\u00e9rielle de haute qualit\u00e9 : <\/strong>Cet emballage flexible personnalis\u00e9 pour les snacks et les assaisonnements adopte une structure composite BOPP28\/CPP40, avec une bonne barri\u00e8re, une bonne r\u00e9sistance \u00e0 l'humidit\u00e9 et une bonne r\u00e9sistance \u00e0 la perforation, afin de garantir la fra\u00eecheur et la s\u00e9curit\u00e9 des aliments.<\/li>\n\n\n\n<li><strong>Conception du joint arri\u00e8re : <\/strong>La structure de la soudure arri\u00e8re de ces sachets est belle et nette, adapt\u00e9e aux machines d'emballage automatiques, pratique pour la production de masse et am\u00e9liorant l'efficacit\u00e9 de l'emballage.<\/li>\n\n\n\n<li><strong>Facile \u00e0 d\u00e9chirer : <\/strong>L'encoche de d\u00e9chirure de cet emballage souple personnalis\u00e9 pour snacks et assaisonnements est facile \u00e0 ouvrir pour les consommateurs, am\u00e9liore l'exp\u00e9rience de l'utilisateur et peut \u00eatre ouverte sans outils.<\/li>\n\n\n\n<li><strong>Garniture sup\u00e9rieure : <\/strong>Con\u00e7u pour le remplissage par le haut, il convient \u00e0 divers types de lignes d'emballage automatis\u00e9es. Le processus de remplissage est efficace et pratique, et les co\u00fbts de main-d'\u0153uvre sont r\u00e9duits.<\/li>\n\n\n\n<li><strong>Impression en h\u00e9liogravure double face : <\/strong>Nos emballages souples personnalis\u00e9s pour les snacks et les assaisonnements permettent une impression couleur double face exquise, avec des motifs clairs et complets, am\u00e9liorant l'image de marque et l'attrait en rayon.<\/li>\n\n\n\n<li><strong>Divers services personnalis\u00e9s : <\/strong>La taille, le motif d'impression, le type de sac et la structure fonctionnelle peuvent \u00eatre personnalis\u00e9s en fonction des besoins du client afin de r\u00e9pondre aux besoins d'emballage de divers produits.<\/li>\n<\/ul>\n\n\n\n<div class=\"wp-block-columns is-layout-flex wp-container-core-columns-is-layout-9d6595d7 wp-block-columns-is-layout-flex\">\n<div class=\"wp-block-column is-layout-flow wp-block-column-is-layout-flow\">\n<figure class=\"wp-block-image size-full\"><img decoding=\"async\" width=\"750\" height=\"750\" src=\"https:\/\/www.stanleypackage.com\/wp-content\/uploads\/2025\/04\/Custom-Back-Seal-Flexible-Packaging-for-Snacks-Seasonings-1.webp\" alt=\"Emballages flexibles \u00e0 soudure arri\u00e8re sur mesure pour snacks et assaisonnements-1\" class=\"wp-image-1667\" srcset=\"https:\/\/www.stanleypackage.com\/wp-content\/uploads\/2025\/04\/Custom-Back-Seal-Flexible-Packaging-for-Snacks-Seasonings-1.webp 750w, https:\/\/www.stanleypackage.com\/wp-content\/uploads\/2025\/04\/Custom-Back-Seal-Flexible-Packaging-for-Snacks-Seasonings-1-300x300.webp 300w, https:\/\/www.stanleypackage.com\/wp-content\/uploads\/2025\/04\/Custom-Back-Seal-Flexible-Packaging-for-Snacks-Seasonings-1-150x150.webp 150w, https:\/\/www.stanleypackage.com\/wp-content\/uploads\/2025\/04\/Custom-Back-Seal-Flexible-Packaging-for-Snacks-Seasonings-1-600x600.webp 600w, https:\/\/www.stanleypackage.com\/wp-content\/uploads\/2025\/04\/Custom-Back-Seal-Flexible-Packaging-for-Snacks-Seasonings-1-100x100.webp 100w\" sizes=\"(max-width: 750px) 100vw, 750px\" \/><\/figure>\n<\/div>\n\n\n\n<div class=\"wp-block-column is-layout-flow wp-block-column-is-layout-flow\">\n<figure class=\"wp-block-image size-full\"><img decoding=\"async\" width=\"750\" height=\"750\" src=\"https:\/\/www.stanleypackage.com\/wp-content\/uploads\/2025\/04\/Custom-Back-Seal-Flexible-Packaging-for-Snacks-Seasonings-4.webp\" alt=\"Emballages flexibles \u00e0 soudure arri\u00e8re pour snacks et assaisonnements - 4\" class=\"wp-image-1670\" srcset=\"https:\/\/www.stanleypackage.com\/wp-content\/uploads\/2025\/04\/Custom-Back-Seal-Flexible-Packaging-for-Snacks-Seasonings-4.webp 750w, https:\/\/www.stanleypackage.com\/wp-content\/uploads\/2025\/04\/Custom-Back-Seal-Flexible-Packaging-for-Snacks-Seasonings-4-300x300.webp 300w, https:\/\/www.stanleypackage.com\/wp-content\/uploads\/2025\/04\/Custom-Back-Seal-Flexible-Packaging-for-Snacks-Seasonings-4-150x150.webp 150w, https:\/\/www.stanleypackage.com\/wp-content\/uploads\/2025\/04\/Custom-Back-Seal-Flexible-Packaging-for-Snacks-Seasonings-4-600x600.webp 600w, https:\/\/www.stanleypackage.com\/wp-content\/uploads\/2025\/04\/Custom-Back-Seal-Flexible-Packaging-for-Snacks-Seasonings-4-100x100.webp 100w\" sizes=\"(max-width: 750px) 100vw, 750px\" \/><\/figure>\n<\/div>\n<\/div>\n<\/div>\n<\/div>","protected":false},"excerpt":{"rendered":"<p>Nous vous invitons \u00e0 acheter en gros des sachets \u00e0 soudure arri\u00e8re. Nos emballages flexibles personnalis\u00e9s pour les snacks et les assaisonnements ont une bonne capacit\u00e9 de scellage et d'impression, sont dot\u00e9s d'une encoche de d\u00e9chirure, sont faciles \u00e0 ouvrir, se remplissent par le haut et conviennent aux lignes d'emballage automatis\u00e9es.<\/p>\n<table style=\"border-collapse: collapse; width: 365.02pt;\" border=\"0\" width=\"365\" cellspacing=\"0\" cellpadding=\"0\">\n<tbody>\n<tr style=\"height: 16.00pt;\">\n<td class=\"et2\" style=\"height: 16.00pt; width: 97.50pt;\" width=\"97\" height=\"16\">Fabricant<\/td>\n<td class=\"et2\" style=\"width: 267.50pt;\" width=\"267\">Stanley<\/td>\n<\/tr>\n<tr style=\"height: 16.00pt;\">\n<td class=\"et2\" style=\"height: 16.00pt; width: 97.50pt;\" width=\"97\" height=\"16\">Types de pochettes<\/td>\n<td class=\"et2\" style=\"width: 267.50pt;\" width=\"267\">Pochette \u00e0 sceller au dos, pochette \u00e0 plat<\/td>\n<\/tr>\n<tr style=\"height: 16.00pt;\">\n<td class=\"et2\" style=\"height: 16.00pt; width: 97.50pt;\" width=\"97\" height=\"16\">Mat\u00e9riau<\/td>\n<td class=\"et2\" style=\"width: 267.50pt;\" width=\"267\">BOPP28\/CPP40<\/td>\n<\/tr>\n<tr style=\"height: 16.00pt;\">\n<td class=\"et2\" style=\"height: 16.00pt; width: 97.50pt;\" width=\"97\" height=\"16\">Dossier sp\u00e9cial<\/td>\n<td class=\"et2\" style=\"width: 267.50pt;\" width=\"267\">Encoche de d\u00e9chirure, remplissage par le haut<\/td>\n<\/tr>\n<tr style=\"height: 16.00pt;\">\n<td class=\"et2\" style=\"height: 16.00pt; width: 97.50pt;\" width=\"97\" height=\"16\">Manipulation de surface<\/td>\n<td class=\"et2\" style=\"width: 267.50pt;\" width=\"267\">Impression en h\u00e9liogravure<\/td>\n<\/tr>\n<tr style=\"height: 16.00pt;\">\n<td class=\"et2\" style=\"height: 16.00pt; width: 97.50pt;\" width=\"97\" height=\"16\">Couleur<\/td>\n<td class=\"et2\" style=\"width: 267.50pt;\" width=\"267\">Impression double face, jusqu'\u00e0 10 couleurs<\/td>\n<\/tr>\n<tr style=\"height: 16.00pt;\">\n<td class=\"et2\" style=\"height: 16.00pt; width: 97.50pt;\" width=\"97\" height=\"16\">Utilisation<\/td>\n<td class=\"et2\" style=\"width: 267.50pt;\" width=\"267\">En-cas, Assaisonnements<\/td>\n<\/tr>\n<tr style=\"height: 16.00pt;\">\n<td class=\"et2\" style=\"height: 16.00pt; width: 97.50pt;\" width=\"97\" height=\"16\">MOQ<\/td>\n<td class=\"et2\" style=\"width: 267.50pt;\" width=\"267\">50 000 pi\u00e8ces<\/td>\n<\/tr>\n<tr style=\"height: 16.00pt;\">\n<td class=\"et2\" style=\"height: 16.00pt; width: 97.50pt;\" width=\"97\" height=\"16\">Commande personnalis\u00e9e<\/td>\n<td class=\"et2\" style=\"width: 267.50pt;\" width=\"267\">Acceptation de l'OEM et de l'ODM, prise en charge de l'\u00e9chantillonnage gratuit<\/td>\n<\/tr>\n<\/tbody>\n<\/table>\n<p>&nbsp;<\/p>","protected":false},"featured_media":1668,"comment_status":"closed","ping_status":"closed","template":"","meta":{"_acf_changed":false},"product_brand":[],"product_cat":[59,31],"product_tag":[],"class_list":{"0":"post-1666","1":"product","2":"type-product","3":"status-publish","4":"has-post-thumbnail","6":"product_cat-pillow-pouch-manufacturer","7":"product_cat-lay-flat-pouch-manufacturer","8":"pa_food-packaging-food-powder-packaging","9":"pa_food-packaging-snack-food-pouch","10":"pa_food-packaging-sauce-condiment-pouches","12":"first","13":"instock","14":"shipping-taxable","15":"product-type-simple"},"acf":[],"_links":{"self":[{"href":"https:\/\/www.stanleypackage.com\/fr\/wp-json\/wp\/v2\/product\/1666","targetHints":{"allow":["GET"]}}],"collection":[{"href":"https:\/\/www.stanleypackage.com\/fr\/wp-json\/wp\/v2\/product"}],"about":[{"href":"https:\/\/www.stanleypackage.com\/fr\/wp-json\/wp\/v2\/types\/product"}],"replies":[{"embeddable":true,"href":"https:\/\/www.stanleypackage.com\/fr\/wp-json\/wp\/v2\/comments?post=1666"}],"wp:featuredmedia":[{"embeddable":true,"href":"https:\/\/www.stanleypackage.com\/fr\/wp-json\/wp\/v2\/media\/1668"}],"wp:attachment":[{"href":"https:\/\/www.stanleypackage.com\/fr\/wp-json\/wp\/v2\/media?parent=1666"}],"wp:term":[{"taxonomy":"product_brand","embeddable":true,"href":"https:\/\/www.stanleypackage.com\/fr\/wp-json\/wp\/v2\/product_brand?post=1666"},{"taxonomy":"product_cat","embeddable":true,"href":"https:\/\/www.stanleypackage.com\/fr\/wp-json\/wp\/v2\/product_cat?post=1666"},{"taxonomy":"product_tag","embeddable":true,"href":"https:\/\/www.stanleypackage.com\/fr\/wp-json\/wp\/v2\/product_tag?post=1666"}],"curies":[{"name":"wp","href":"https:\/\/api.w.org\/{rel}","templated":true}]}}