{"id":1672,"date":"2025-04-15T06:37:44","date_gmt":"2025-04-15T06:37:44","guid":{"rendered":"https:\/\/www.stanleypackage.com\/?post_type=product&#038;p=1672"},"modified":"2025-04-15T07:45:02","modified_gmt":"2025-04-15T07:45:02","slug":"custom-flat-bottom-stand-up-pouches","status":"publish","type":"product","link":"https:\/\/www.stanleypackage.com\/fr\/product\/custom-flat-bottom-stand-up-pouches\/","title":{"rendered":"Pochettes \u00e0 fond plat sur mesure pour les flocons d'avoine en gros"},"content":{"rendered":"<div class=\"wp-block-columns is-layout-flex wp-container-core-columns-is-layout-9d6595d7 wp-block-columns-is-layout-flex\">\n<div class=\"wp-block-column is-layout-flow wp-block-column-is-layout-flow\">\n<h2 class=\"wp-block-heading\">Caract\u00e9ristiques des pochettes \u00e0 fond plat Custom Stand Up Pouches<\/h2>\n\n\n\n<ul class=\"wp-block-list\">\n<li><strong>Structure \u00e0 fond plat, stable et autoportante :<\/strong> Nos pochettes \u00e0 fond plat ont un fond plat et tiennent bien en place lorsqu'elles sont pr\u00e9sent\u00e9es, ce qui am\u00e9liore l'effet de pr\u00e9sentation en rayon et la qualit\u00e9 du produit.<\/li>\n\n\n\n<li><strong>Structure en mat\u00e9riaux composites \u00e0 haute barri\u00e8re : <\/strong>Ces sachets d'avoine personnalis\u00e9s utilisent du PET12\/VMPET12\/PE100 sur le devant et le dos + du PET12\/PE100 sur le c\u00f4t\u00e9. Ils pr\u00e9sentent d'excellentes propri\u00e9t\u00e9s de barri\u00e8re \u00e0 l'oxyg\u00e8ne, d'\u00e9tanch\u00e9it\u00e9 \u00e0 l'humidit\u00e9 et de r\u00e9sistance \u00e0 la lumi\u00e8re, ce qui permet de prolonger efficacement la dur\u00e9e de conservation de l'avoine.<\/li>\n\n\n\n<li><strong>Des d\u00e9tails de conception humanis\u00e9s : <\/strong>Ces pochettes \u00e0 fond plat sont \u00e9quip\u00e9es de trous de suspension pour une pr\u00e9sentation pratique sur crochet, et leur conception \u00e0 d\u00e9chirement permet aux consommateurs de les ouvrir facilement et d'am\u00e9liorer l'exp\u00e9rience de l'utilisateur.<\/li>\n\n\n\n<li><strong>Remplissage par le bas, adapt\u00e9 \u00e0 une ligne automatique :<\/strong> La conception du remplissage par le bas de nos sachets de flocons d'avoine personnalis\u00e9s permet un processus d'emballage automatis\u00e9 \u00e0 grande vitesse, ce qui permet d'\u00e9conomiser de la main-d'\u0153uvre et d'am\u00e9liorer l'efficacit\u00e9.<\/li>\n\n\n\n<li><strong>Impression en h\u00e9liogravure double face :<\/strong> Nos pochettes \u00e0 fond plat peuvent \u00eatre imprim\u00e9es recto-verso en couleur de haute qualit\u00e9, avec une impression exquise et des motifs clairs, ce qui am\u00e9liore la communication visuelle de la marque.<\/li>\n\n\n\n<li><strong>Possibilit\u00e9 de personnaliser la taille et l'impression :<\/strong> Nos sachets de flocons d'avoine peuvent \u00eatre personnalis\u00e9s en termes de taille, de motif d'impression et de type de sac en fonction des exigences du produit, afin de cr\u00e9er une solution d'emballage unique pour la marque.<\/li>\n<\/ul>\n\n\n\n<div class=\"wp-block-columns is-layout-flex wp-container-core-columns-is-layout-9d6595d7 wp-block-columns-is-layout-flex\">\n<div class=\"wp-block-column is-layout-flow wp-block-column-is-layout-flow\">\n<figure class=\"wp-block-image size-full\"><img decoding=\"async\" width=\"750\" height=\"750\" src=\"https:\/\/www.stanleypackage.com\/wp-content\/uploads\/2025\/04\/Custom-Flat-Bottom-Stand-Up-Pouches-Wholesale-For-Oatmeal-6.webp\" alt=\"Pochettes \u00e0 fond plat sur mesure pour l&#039;avoine-6\" class=\"wp-image-1678\" srcset=\"https:\/\/www.stanleypackage.com\/wp-content\/uploads\/2025\/04\/Custom-Flat-Bottom-Stand-Up-Pouches-Wholesale-For-Oatmeal-6.webp 750w, https:\/\/www.stanleypackage.com\/wp-content\/uploads\/2025\/04\/Custom-Flat-Bottom-Stand-Up-Pouches-Wholesale-For-Oatmeal-6-300x300.webp 300w, https:\/\/www.stanleypackage.com\/wp-content\/uploads\/2025\/04\/Custom-Flat-Bottom-Stand-Up-Pouches-Wholesale-For-Oatmeal-6-150x150.webp 150w, https:\/\/www.stanleypackage.com\/wp-content\/uploads\/2025\/04\/Custom-Flat-Bottom-Stand-Up-Pouches-Wholesale-For-Oatmeal-6-600x600.webp 600w, https:\/\/www.stanleypackage.com\/wp-content\/uploads\/2025\/04\/Custom-Flat-Bottom-Stand-Up-Pouches-Wholesale-For-Oatmeal-6-100x100.webp 100w\" sizes=\"(max-width: 750px) 100vw, 750px\" \/><\/figure>\n<\/div>\n\n\n\n<div class=\"wp-block-column is-layout-flow wp-block-column-is-layout-flow\">\n<figure class=\"wp-block-image size-full\"><img decoding=\"async\" width=\"750\" height=\"750\" src=\"https:\/\/www.stanleypackage.com\/wp-content\/uploads\/2025\/04\/Custom-Flat-Bottom-Stand-Up-Pouches-Wholesale-For-Oatmeal-5.webp\" alt=\"Pochettes \u00e0 fond plat sur mesure pour l&#039;avoine en gros (Oatmeal-5)\" class=\"wp-image-1677\" srcset=\"https:\/\/www.stanleypackage.com\/wp-content\/uploads\/2025\/04\/Custom-Flat-Bottom-Stand-Up-Pouches-Wholesale-For-Oatmeal-5.webp 750w, https:\/\/www.stanleypackage.com\/wp-content\/uploads\/2025\/04\/Custom-Flat-Bottom-Stand-Up-Pouches-Wholesale-For-Oatmeal-5-300x300.webp 300w, https:\/\/www.stanleypackage.com\/wp-content\/uploads\/2025\/04\/Custom-Flat-Bottom-Stand-Up-Pouches-Wholesale-For-Oatmeal-5-150x150.webp 150w, https:\/\/www.stanleypackage.com\/wp-content\/uploads\/2025\/04\/Custom-Flat-Bottom-Stand-Up-Pouches-Wholesale-For-Oatmeal-5-600x600.webp 600w, https:\/\/www.stanleypackage.com\/wp-content\/uploads\/2025\/04\/Custom-Flat-Bottom-Stand-Up-Pouches-Wholesale-For-Oatmeal-5-100x100.webp 100w\" sizes=\"(max-width: 750px) 100vw, 750px\" \/><\/figure>\n<\/div>\n<\/div>\n<\/div>\n<\/div>","protected":false},"excerpt":{"rendered":"<p>Bienvenue aux sachets d'avoine personnalis\u00e9s. Ce sachet \u00e0 fond plat utilise une structure multicouche \u00e0 haute barri\u00e8re, avec d'excellentes performances en mati\u00e8re de protection contre l'humidit\u00e9 et de conservation de la fra\u00eecheur. Equip\u00e9 de trous de suspension et d'encoches de d\u00e9chirement, il est facile \u00e0 pr\u00e9senter et \u00e0 ouvrir, et la structure de remplissage du fond convient \u00e0 l'emballage automatis\u00e9.<\/p>\n<table style=\"border-collapse: collapse; width: 365.02pt;\" border=\"0\" width=\"365\" cellspacing=\"0\" cellpadding=\"0\">\n<tbody>\n<tr style=\"height: 16.00pt;\">\n<td class=\"et2\" style=\"height: 16.00pt; width: 97.50pt;\" width=\"97\" height=\"16\">Fabricant<\/td>\n<td class=\"et2\" style=\"width: 267.50pt;\" width=\"267\">Stanley<\/td>\n<\/tr>\n<tr style=\"height: 16.00pt;\">\n<td class=\"et2\" style=\"height: 16.00pt; width: 97.50pt;\" width=\"97\" height=\"16\">Types de pochettes<\/td>\n<td class=\"et2\" style=\"width: 267.50pt;\" width=\"267\">Pochette \u00e0 fond plat \u00e0 8 soudures lat\u00e9rales<\/td>\n<\/tr>\n<tr style=\"height: 31.00pt;\">\n<td class=\"et2\" style=\"height: 31.00pt; width: 97.50pt;\" width=\"97\" height=\"31\">Mat\u00e9riau<\/td>\n<td class=\"et2\" style=\"width: 267.50pt;\" width=\"267\">Devant et derri\u00e8re : PET12\/VMPET12\/PE100<br \/>C\u00f4t\u00e9s : PET12\/PE100<\/td>\n<\/tr>\n<tr style=\"height: 16.00pt;\">\n<td class=\"et2\" style=\"height: 16.00pt; width: 97.50pt;\" width=\"97\" height=\"16\">Dossier sp\u00e9cial<\/td>\n<td class=\"et2\" style=\"width: 267.50pt;\" width=\"267\">Trou de suspension, encoche de d\u00e9chirure, remplissage du fond<\/td>\n<\/tr>\n<tr style=\"height: 16.00pt;\">\n<td class=\"et2\" style=\"height: 16.00pt; width: 97.50pt;\" width=\"97\" height=\"16\">Manipulation de surface<\/td>\n<td class=\"et2\" style=\"width: 267.50pt;\" width=\"267\">Impression en h\u00e9liogravure<\/td>\n<\/tr>\n<tr style=\"height: 16.00pt;\">\n<td class=\"et2\" style=\"height: 16.00pt; width: 97.50pt;\" width=\"97\" height=\"16\">Couleur<\/td>\n<td class=\"et2\" style=\"width: 267.50pt;\" width=\"267\">Impression double face, jusqu'\u00e0 10 couleurs<\/td>\n<\/tr>\n<tr style=\"height: 16.00pt;\">\n<td class=\"et2\" style=\"height: 16.00pt; width: 97.50pt;\" width=\"97\" height=\"16\">Utilisation<\/td>\n<td class=\"et2\" style=\"width: 267.50pt;\" width=\"267\">Flocons d'avoine, Caf\u00e9, En-cas<\/td>\n<\/tr>\n<tr style=\"height: 16.00pt;\">\n<td class=\"et2\" style=\"height: 16.00pt; width: 97.50pt;\" width=\"97\" height=\"16\">MOQ<\/td>\n<td class=\"et2\" style=\"width: 267.50pt;\" width=\"267\">50 000 pi\u00e8ces<\/td>\n<\/tr>\n<tr style=\"height: 16.00pt;\">\n<td class=\"et2\" style=\"height: 16.00pt; width: 97.50pt;\" width=\"97\" height=\"16\">Commande personnalis\u00e9e<\/td>\n<td class=\"et2\" style=\"width: 267.50pt;\" width=\"267\">Acceptation de l'OEM et de l'ODM, prise en charge de l'\u00e9chantillonnage gratuit<\/td>\n<\/tr>\n<\/tbody>\n<\/table>","protected":false},"featured_media":1676,"comment_status":"closed","ping_status":"closed","template":"","meta":{"_acf_changed":false},"product_brand":[],"product_cat":[24],"product_tag":[],"class_list":{"0":"post-1672","1":"product","2":"type-product","3":"status-publish","4":"has-post-thumbnail","6":"product_cat-flat-bottom-pouch-manufacturer","7":"pa_food-packaging-oatmeal-pouch","8":"pa_food-packaging-coffee-packaging-pouch","9":"pa_food-packaging-snack-food-pouch","11":"first","12":"instock","13":"shipping-taxable","14":"product-type-simple"},"acf":[],"_links":{"self":[{"href":"https:\/\/www.stanleypackage.com\/fr\/wp-json\/wp\/v2\/product\/1672","targetHints":{"allow":["GET"]}}],"collection":[{"href":"https:\/\/www.stanleypackage.com\/fr\/wp-json\/wp\/v2\/product"}],"about":[{"href":"https:\/\/www.stanleypackage.com\/fr\/wp-json\/wp\/v2\/types\/product"}],"replies":[{"embeddable":true,"href":"https:\/\/www.stanleypackage.com\/fr\/wp-json\/wp\/v2\/comments?post=1672"}],"wp:featuredmedia":[{"embeddable":true,"href":"https:\/\/www.stanleypackage.com\/fr\/wp-json\/wp\/v2\/media\/1676"}],"wp:attachment":[{"href":"https:\/\/www.stanleypackage.com\/fr\/wp-json\/wp\/v2\/media?parent=1672"}],"wp:term":[{"taxonomy":"product_brand","embeddable":true,"href":"https:\/\/www.stanleypackage.com\/fr\/wp-json\/wp\/v2\/product_brand?post=1672"},{"taxonomy":"product_cat","embeddable":true,"href":"https:\/\/www.stanleypackage.com\/fr\/wp-json\/wp\/v2\/product_cat?post=1672"},{"taxonomy":"product_tag","embeddable":true,"href":"https:\/\/www.stanleypackage.com\/fr\/wp-json\/wp\/v2\/product_tag?post=1672"}],"curies":[{"name":"wp","href":"https:\/\/api.w.org\/{rel}","templated":true}]}}