{"id":1705,"date":"2025-04-15T07:45:16","date_gmt":"2025-04-15T07:45:16","guid":{"rendered":"https:\/\/www.stanleypackage.com\/?post_type=product&#038;p=1705"},"modified":"2025-04-15T08:00:00","modified_gmt":"2025-04-15T08:00:00","slug":"custom-flat-bottom-pouch-with-zipper","status":"publish","type":"product","link":"https:\/\/www.stanleypackage.com\/fr\/product\/custom-flat-bottom-pouch-with-zipper\/","title":{"rendered":"Pochette \u00e0 fond plat avec fermeture \u00e0 glissi\u00e8re, Pochettes d'avoine en vrac"},"content":{"rendered":"<div class=\"wp-block-columns is-layout-flex wp-container-core-columns-is-layout-9d6595d7 wp-block-columns-is-layout-flex\">\n<div class=\"wp-block-column is-layout-flow wp-block-column-is-layout-flow\">\n<h2 class=\"wp-block-heading\">Caract\u00e9ristiques de la pochette \u00e0 fond plat personnalis\u00e9e avec fermeture \u00e0 glissi\u00e8re<\/h2>\n\n\n\n<ul class=\"wp-block-list\">\n<li><strong>Structure de joint \u00e0 huit c\u00f4t\u00e9s, tridimensionnelle et nette : <\/strong>La structure \u00e0 huit c\u00f4t\u00e9s de cette pochette \u00e0 fond plat personnalis\u00e9e avec fermeture \u00e0 glissi\u00e8re augmente la stabilit\u00e9 et l'aspect visuel de la forme de la pochette, et la rend attrayante pour les rayons.<\/li>\n\n\n\n<li><strong>Fermeture \u00e0 glissi\u00e8re refermable :<\/strong> Ces sachets en gros sont \u00e9quip\u00e9s d'une fermeture \u00e0 glissi\u00e8re de haute qualit\u00e9, facile \u00e0 ouvrir et \u00e0 fermer et \u00e0 r\u00e9utiliser, ce qui augmente la dur\u00e9e de conservation du produit.<\/li>\n\n\n\n<li><strong>Mat\u00e9riau multicouche \u00e0 haute barri\u00e8re :<\/strong> Le recto et le verso de cette pochette \u00e0 fond plat personnalis\u00e9e avec fermeture \u00e9clair sont fabriqu\u00e9s en PET12\/VMPET12\/PE100, et le c\u00f4t\u00e9 est fabriqu\u00e9 en PET12\/PE100, qui r\u00e9siste \u00e0 l'humidit\u00e9, \u00e0 l'oxydation et \u00e0 la lumi\u00e8re pour prot\u00e9ger le go\u00fbt frais de l'avoine.<\/li>\n\n\n\n<li><strong>Conception de l'arrachage et du remplissage par le bas : <\/strong>La partie sup\u00e9rieure de ces sachets est facile \u00e0 ouvrir pour les consommateurs, et le remplissage par le bas convient aux lignes de production automatis\u00e9es, ce qui rend l'ensachage efficace et pratique.<\/li>\n\n\n\n<li><strong>Impression en h\u00e9liogravure jusqu'\u00e0 10 couleurs : <\/strong>Notre pochette \u00e0 fond plat avec fermeture \u00e0 glissi\u00e8re peut \u00eatre imprim\u00e9e en h\u00e9liogravure multicolore de haute pr\u00e9cision, avec des motifs fins et des couleurs vives, pour promouvoir l'image de marque.<\/li>\n\n\n\n<li><strong>S'adapter \u00e0 de multiples besoins personnalis\u00e9s :<\/strong> Les dimensions, l'impression et le type de fermeture \u00e9clair de nos pochettes en gros peuvent \u00eatre adapt\u00e9s \u00e0 la demande aux diff\u00e9rentes exigences de plusieurs marques et au positionnement sur le march\u00e9.<\/li>\n<\/ul>\n\n\n\n<div class=\"wp-block-columns is-layout-flex wp-container-core-columns-is-layout-9d6595d7 wp-block-columns-is-layout-flex\">\n<div class=\"wp-block-column is-layout-flow wp-block-column-is-layout-flow\">\n<figure class=\"wp-block-image size-full\"><img decoding=\"async\" width=\"750\" height=\"750\" src=\"https:\/\/www.stanleypackage.com\/wp-content\/uploads\/2025\/04\/Custom-Flat-Bottom-Pouch-with-Zipper-Oatmeal-Pouches-Bulk-7.webp\" alt=\"Pochette \u00e0 fond plat avec fermeture \u00e0 glissi\u00e8re, Pochettes d&#039;avoine en vrac-7\" class=\"wp-image-1715\" srcset=\"https:\/\/www.stanleypackage.com\/wp-content\/uploads\/2025\/04\/Custom-Flat-Bottom-Pouch-with-Zipper-Oatmeal-Pouches-Bulk-7.webp 750w, https:\/\/www.stanleypackage.com\/wp-content\/uploads\/2025\/04\/Custom-Flat-Bottom-Pouch-with-Zipper-Oatmeal-Pouches-Bulk-7-300x300.webp 300w, https:\/\/www.stanleypackage.com\/wp-content\/uploads\/2025\/04\/Custom-Flat-Bottom-Pouch-with-Zipper-Oatmeal-Pouches-Bulk-7-150x150.webp 150w, https:\/\/www.stanleypackage.com\/wp-content\/uploads\/2025\/04\/Custom-Flat-Bottom-Pouch-with-Zipper-Oatmeal-Pouches-Bulk-7-600x600.webp 600w, https:\/\/www.stanleypackage.com\/wp-content\/uploads\/2025\/04\/Custom-Flat-Bottom-Pouch-with-Zipper-Oatmeal-Pouches-Bulk-7-100x100.webp 100w\" sizes=\"(max-width: 750px) 100vw, 750px\" \/><\/figure>\n<\/div>\n\n\n\n<div class=\"wp-block-column is-layout-flow wp-block-column-is-layout-flow\">\n<figure class=\"wp-block-image size-full\"><img decoding=\"async\" width=\"750\" height=\"750\" src=\"https:\/\/www.stanleypackage.com\/wp-content\/uploads\/2025\/04\/Custom-Flat-Bottom-Pouch-with-Zipper-Oatmeal-Pouches-Bulk-1.webp\" alt=\"Pochette \u00e0 fond plat avec fermeture \u00e0 glissi\u00e8re, Pochette avoine en vrac-1\" class=\"wp-image-1709\" srcset=\"https:\/\/www.stanleypackage.com\/wp-content\/uploads\/2025\/04\/Custom-Flat-Bottom-Pouch-with-Zipper-Oatmeal-Pouches-Bulk-1.webp 750w, https:\/\/www.stanleypackage.com\/wp-content\/uploads\/2025\/04\/Custom-Flat-Bottom-Pouch-with-Zipper-Oatmeal-Pouches-Bulk-1-300x300.webp 300w, https:\/\/www.stanleypackage.com\/wp-content\/uploads\/2025\/04\/Custom-Flat-Bottom-Pouch-with-Zipper-Oatmeal-Pouches-Bulk-1-150x150.webp 150w, https:\/\/www.stanleypackage.com\/wp-content\/uploads\/2025\/04\/Custom-Flat-Bottom-Pouch-with-Zipper-Oatmeal-Pouches-Bulk-1-600x600.webp 600w, https:\/\/www.stanleypackage.com\/wp-content\/uploads\/2025\/04\/Custom-Flat-Bottom-Pouch-with-Zipper-Oatmeal-Pouches-Bulk-1-100x100.webp 100w\" sizes=\"(max-width: 750px) 100vw, 750px\" \/><\/figure>\n<\/div>\n<\/div>\n<\/div>\n<\/div>","protected":false},"excerpt":{"rendered":"<p>Nous vous invitons \u00e0 acheter en gros des sachets \u00e0 fond plat. Ce sachet \u00e0 fond plat avec fermeture \u00e9clair convient \u00e0 l'emballage de produits tels que l'avoine et les grains de caf\u00e9, et poss\u00e8de d'excellentes propri\u00e9t\u00e9s de conservation et de r\u00e9sistance \u00e0 l'humidit\u00e9. Le corps du sac est \u00e9quip\u00e9 d'une fermeture \u00e0 glissi\u00e8re, d'une d\u00e9chirure et d'un design de remplissage du fond pour aider la marque \u00e0 se d\u00e9marquer dans les rayons.<\/p>\n<table style=\"border-collapse: collapse; width: 365.02pt;\" border=\"0\" width=\"365\" cellspacing=\"0\" cellpadding=\"0\">\n<tbody>\n<tr style=\"height: 16.00pt;\">\n<td class=\"et2\" style=\"height: 16.00pt; width: 97.50pt;\" width=\"97\" height=\"16\">Fabricant<\/td>\n<td class=\"et2\" style=\"width: 267.50pt;\" width=\"267\">Stanley<\/td>\n<\/tr>\n<tr style=\"height: 16.00pt;\">\n<td class=\"et2\" style=\"height: 16.00pt; width: 97.50pt;\" width=\"97\" height=\"16\">Types de pochettes<\/td>\n<td class=\"et3\">Pochette \u00e0 fond plat \u00e0 8 soudures lat\u00e9rales<\/td>\n<\/tr>\n<tr style=\"height: 31.00pt;\">\n<td class=\"et2\" style=\"height: 31.00pt; width: 97.50pt;\" width=\"97\" height=\"31\">Mat\u00e9riau<\/td>\n<td class=\"et2\" style=\"width: 267.50pt;\" width=\"267\">Devant et derri\u00e8re : PET12\/VMPET12\/PE100<br \/>C\u00f4t\u00e9s : PET12\/PE100<\/td>\n<\/tr>\n<tr style=\"height: 16.00pt;\">\n<td class=\"et2\" style=\"height: 16.00pt; width: 97.50pt;\" width=\"97\" height=\"16\">Dossier sp\u00e9cial<\/td>\n<td class=\"et2\" style=\"width: 267.50pt;\" width=\"267\">Fermeture \u00e0 glissi\u00e8re, encoche de d\u00e9chirure, garniture inf\u00e9rieure<\/td>\n<\/tr>\n<tr style=\"height: 16.00pt;\">\n<td class=\"et2\" style=\"height: 16.00pt; width: 97.50pt;\" width=\"97\" height=\"16\">Manipulation de surface<\/td>\n<td class=\"et2\" style=\"width: 267.50pt;\" width=\"267\">Impression en h\u00e9liogravure<\/td>\n<\/tr>\n<tr style=\"height: 16.00pt;\">\n<td class=\"et2\" style=\"height: 16.00pt; width: 97.50pt;\" width=\"97\" height=\"16\">Couleur<\/td>\n<td class=\"et2\" style=\"width: 267.50pt;\" width=\"267\">Impression double face, jusqu'\u00e0 10 couleurs<\/td>\n<\/tr>\n<tr style=\"height: 16.00pt;\">\n<td class=\"et2\" style=\"height: 16.00pt; width: 97.50pt;\" width=\"97\" height=\"16\">Utilisation<\/td>\n<td class=\"et2\" style=\"width: 267.50pt;\" width=\"267\">Repas d'avoine, Caf\u00e9, En-cas<\/td>\n<\/tr>\n<tr style=\"height: 16.00pt;\">\n<td class=\"et2\" style=\"height: 16.00pt; width: 97.50pt;\" width=\"97\" height=\"16\">MOQ<\/td>\n<td class=\"et2\" style=\"width: 267.50pt;\" width=\"267\">50 000 pi\u00e8ces<\/td>\n<\/tr>\n<tr style=\"height: 16.00pt;\">\n<td class=\"et2\" style=\"height: 16.00pt; width: 97.50pt;\" width=\"97\" height=\"16\">Commande personnalis\u00e9e<\/td>\n<td class=\"et2\" style=\"width: 267.50pt;\" width=\"267\">Acceptation de l'OEM et de l'ODM, prise en charge de l'\u00e9chantillonnage gratuit<\/td>\n<\/tr>\n<\/tbody>\n<\/table>\n<p>&nbsp;<\/p>","protected":false},"featured_media":1710,"comment_status":"closed","ping_status":"closed","template":"","meta":{"_acf_changed":false},"product_brand":[],"product_cat":[24,18],"product_tag":[],"class_list":{"0":"post-1705","1":"product","2":"type-product","3":"status-publish","4":"has-post-thumbnail","6":"product_cat-flat-bottom-pouch-manufacturer","7":"product_cat-zipper-pouch-manufacturer","8":"pa_food-packaging-oatmeal-pouch","9":"pa_food-packaging-coffee-packaging-pouch","10":"pa_food-packaging-snack-food-pouch","12":"first","13":"instock","14":"shipping-taxable","15":"product-type-simple"},"acf":[],"_links":{"self":[{"href":"https:\/\/www.stanleypackage.com\/fr\/wp-json\/wp\/v2\/product\/1705","targetHints":{"allow":["GET"]}}],"collection":[{"href":"https:\/\/www.stanleypackage.com\/fr\/wp-json\/wp\/v2\/product"}],"about":[{"href":"https:\/\/www.stanleypackage.com\/fr\/wp-json\/wp\/v2\/types\/product"}],"replies":[{"embeddable":true,"href":"https:\/\/www.stanleypackage.com\/fr\/wp-json\/wp\/v2\/comments?post=1705"}],"wp:featuredmedia":[{"embeddable":true,"href":"https:\/\/www.stanleypackage.com\/fr\/wp-json\/wp\/v2\/media\/1710"}],"wp:attachment":[{"href":"https:\/\/www.stanleypackage.com\/fr\/wp-json\/wp\/v2\/media?parent=1705"}],"wp:term":[{"taxonomy":"product_brand","embeddable":true,"href":"https:\/\/www.stanleypackage.com\/fr\/wp-json\/wp\/v2\/product_brand?post=1705"},{"taxonomy":"product_cat","embeddable":true,"href":"https:\/\/www.stanleypackage.com\/fr\/wp-json\/wp\/v2\/product_cat?post=1705"},{"taxonomy":"product_tag","embeddable":true,"href":"https:\/\/www.stanleypackage.com\/fr\/wp-json\/wp\/v2\/product_tag?post=1705"}],"curies":[{"name":"wp","href":"https:\/\/api.w.org\/{rel}","templated":true}]}}